{"id":1016,"date":"2023-06-20T11:48:52","date_gmt":"2023-06-20T11:48:52","guid":{"rendered":"https:\/\/www.appyweb.es\/diccionario\/?page_id=1016"},"modified":"2024-03-21T12:27:31","modified_gmt":"2024-03-21T12:27:31","slug":"dashboard","status":"publish","type":"page","link":"https:\/\/www.appyweb.es\/diccionario\/dashboard\/","title":{"rendered":"Dashboard"},"content":{"rendered":"<h1 class=\"entry-title main_title\"><img loading=\"lazy\" decoding=\"async\" class=\"alignnone  wp-image-12009\" src=\"https:\/\/www.appyweb.es\/diccionario\/wp-content\/uploads\/2024\/03\/Dashboard-300x180.jpg\" alt=\"Dashboard\" width=\"1152\" height=\"691\" srcset=\"https:\/\/www.appyweb.es\/diccionario\/wp-content\/uploads\/2024\/03\/Dashboard-300x180.jpg 300w, https:\/\/www.appyweb.es\/diccionario\/wp-content\/uploads\/2024\/03\/Dashboard-768x461.jpg 768w, https:\/\/www.appyweb.es\/diccionario\/wp-content\/uploads\/2024\/03\/Dashboard.jpg 1000w\" sizes=\"auto, (max-width: 1152px) 100vw, 1152px\" \/><\/h1>\n<div class=\"entry-content\">\n<p>En espa\u00f1ol, dashboard significa \u201ctablero\u201d, pero se utiliza para definir la vista que tiene el usuario\u00a0<strong>de la interfaz de una herramienta de an\u00e1lisis<\/strong>. Tambi\u00e9n se le conoce bajo el nombre de \u201cinforme de progreso\u201d, ya que ofrece informaci\u00f3n muy detalla de los indicadores de rendimiento de una estrategia o campa\u00f1a.<\/p>\n<h2><span id=\"%F0%9F%93%8C_%C2%BFQue_es\" class=\"ez-toc-section\"><\/span>\u00bfQu\u00e9 es?<\/h2>\n<p>El Dashboard es la vista de pantalla donde se desarrollan representaciones gr\u00e1ficas de datos, generalmente muestra el rendimiento de las campa\u00f1as publicitarias de una empresa o de cualquier estrategia que necesita ser medida. Con ayuda de este instrumento se pueden\u00a0<strong>encontrar errores o tendencias que puedan desfavorecer a los objetivos<\/strong>\u00a0del negocio.<\/p>\n<p>Este tablero est\u00e1 disponible en la mayor\u00eda de las herramientas de anal\u00edtica web, as\u00ed como en la vista de resultados de las herramientas aplicadas al marketing digital en general, especialmente las que tienen que ver con el modelo de negocios o los\u00a0<a href=\"https:\/\/www.appyweb.es\/embudo-ventas-e-commerce\/\">resultados del inbound marketing<\/a>\u00a0donde se muestran las KPI\u2019s de cada etapa.<\/p>\n<h2><span id=\"%F0%9F%93%8C_%C2%BFPara_que_sirve\" class=\"ez-toc-section\"><\/span>\u00bfPara qu\u00e9 sirve?<\/h2>\n<p>El dashboard es la vista final de los resultados obtenidos por el algoritmo de an\u00e1lisis, por lo que permite\u00a0<strong>observar los detalles m\u00e1s importantes de los indicadores de rendimiento<\/strong>. Esto suele mostrarse en una p\u00e1gina web en una de las p\u00e1ginas principales de una aplicaci\u00f3n.<\/p>\n<p>Esta herramienta transforma datos de la realidad y los muestra en gr\u00e1ficos o estad\u00edsticos. Esta informaci\u00f3n de utilidad sirve de gu\u00eda en las acciones futuras, para transformar situaciones deficitarias en alternativas de acci\u00f3n.<\/p>\n<p>Normalmente, suele estar relacionado con una base de datos de la que obtienen la\u00a0<strong>informaci\u00f3n necesaria para procesarla y actualizar el informe constantemente<\/strong>. De esta forma, el panel puede mostrar diferentes puntos de vista, por ejemplo, el coste de producci\u00f3n y el promedio de las ventas.<\/p>\n<h2><span id=\"%F0%9F%93%8C_%C2%BFComo_usarlo\" class=\"ez-toc-section\"><\/span>\u00bfC\u00f3mo usarlo?<\/h2>\n<p>Normalmente, estas herramientas cuentan con instrucciones propias del instrumento de an\u00e1lisis utilizado. En la mayor\u00eda de los casos, el usuario tiene la oportunidad de\u00a0<strong>dise\u00f1ar su propio tablero incluyendo las estad\u00edsticas que le gustar\u00eda visualizar primero<\/strong>, de esta forma, es posible personalizarlo al m\u00e1ximo. Algunos de los consejos para organizar un panel de control efectivamente son los siguientes.<\/p>\n<ul>\n<li>Debe presentarse visualmente claro y fresco. A manera de ofrecer informaci\u00f3n entendible a primera vista.<\/li>\n<li>Elegir m\u00e9tricas que sean de utilidad para el proyecto a desarrollar.<\/li>\n<li>La informaci\u00f3n se debe presentar de forma que se favorezca la contextualizaci\u00f3n de datos y tener una visi\u00f3n clara de la realidad.<\/li>\n<li><strong>Cada tablero se presenta de manera particular para cada empresa<\/strong>. Esto quiere decir, que no son est\u00e1ndares aplicables a cualquier organizaci\u00f3n y as\u00ed obtener resultados positivos.<\/li>\n<\/ul>\n<h2><span id=\"%F0%9F%93%8C_%C2%BFQue_es_un_dashboard_en_Excel\" class=\"ez-toc-section\"><\/span>\u00bfQu\u00e9 es un dashboard en Excel?<\/h2>\n<p>Se trata de una nueva funcionalidad que se puede encontrar dentro de la herramienta de Excel, consiste en un reporte que puede mostrar informaci\u00f3n relevante sobre una empresa en una misma hoja. Usualmente,\u00a0<strong>este tablero se utiliza para mostrar datos espec\u00edficos sobre ventas<\/strong>. Existen tres formas de dise\u00f1ar un tablero de aplicaci\u00f3n son las siguientes.<\/p>\n<ul>\n<li>Hoja de datos.<\/li>\n<li>Hoja tablas din\u00e1micas.<\/li>\n<li>Hoja dashboard.<\/li>\n<\/ul>\n<p>Tambi\u00e9n es necesario combinar con otros elementos como la segmentaci\u00f3n de datos, las f\u00f3rmulas y los gr\u00e1ficos din\u00e1micos.<\/p>\n<p>&nbsp;<\/p>\n<h2><span id=\"%F0%9F%93%8C_Mas_informacion_sobre_Dashboard\" class=\"ez-toc-section\"><\/span>M\u00e1s informaci\u00f3n sobre Dashboard<\/h2>\n<ul>\n<li><a href=\"https:\/\/www.appyweb.es\/diccionario\/google-dashboard\/\">\u00bfQu\u00e9 es el Google Dashboard y para qu\u00e9 sirve?<\/a><\/li>\n<li><a href=\"https:\/\/www.techedgegroup.com\/es\/blog\/8-claves-construir-dashboard\" rel=\"nofollow noopener\" target=\"_blank\">8 claves para construir un Dashboard<\/a>.<\/li>\n<\/ul>\n<\/div>\n<p>&nbsp;<\/p>\n","protected":false},"excerpt":{"rendered":"<p>En espa\u00f1ol, dashboard significa \u201ctablero\u201d, pero se utiliza para definir la vista que tiene el usuario\u00a0de la interfaz de una herramienta de an\u00e1lisis. Tambi\u00e9n se le conoce bajo el nombre de \u201cinforme de progreso\u201d, ya que ofrece informaci\u00f3n muy detalla de los indicadores de rendimiento de una estrategia o campa\u00f1a. \u00bfQu\u00e9 es? El Dashboard es [&hellip;]<\/p>\n","protected":false},"author":1,"featured_media":12009,"parent":0,"menu_order":0,"comment_status":"closed","ping_status":"closed","template":"","meta":{"inline_featured_image":false,"footnotes":""},"class_list":["post-1016","page","type-page","status-publish","has-post-thumbnail","hentry"],"_links":{"self":[{"href":"https:\/\/www.appyweb.es\/diccionario\/wp-json\/wp\/v2\/pages\/1016","targetHints":{"allow":["GET"]}}],"collection":[{"href":"https:\/\/www.appyweb.es\/diccionario\/wp-json\/wp\/v2\/pages"}],"about":[{"href":"https:\/\/www.appyweb.es\/diccionario\/wp-json\/wp\/v2\/types\/page"}],"author":[{"embeddable":true,"href":"https:\/\/www.appyweb.es\/diccionario\/wp-json\/wp\/v2\/users\/1"}],"replies":[{"embeddable":true,"href":"https:\/\/www.appyweb.es\/diccionario\/wp-json\/wp\/v2\/comments?post=1016"}],"version-history":[{"count":5,"href":"https:\/\/www.appyweb.es\/diccionario\/wp-json\/wp\/v2\/pages\/1016\/revisions"}],"predecessor-version":[{"id":12012,"href":"https:\/\/www.appyweb.es\/diccionario\/wp-json\/wp\/v2\/pages\/1016\/revisions\/12012"}],"wp:featuredmedia":[{"embeddable":true,"href":"https:\/\/www.appyweb.es\/diccionario\/wp-json\/wp\/v2\/media\/12009"}],"wp:attachment":[{"href":"https:\/\/www.appyweb.es\/diccionario\/wp-json\/wp\/v2\/media?parent=1016"}],"curies":[{"name":"wp","href":"https:\/\/api.w.org\/{rel}","templated":true}]}}