{"id":1019,"date":"2023-06-20T11:50:04","date_gmt":"2023-06-20T11:50:04","guid":{"rendered":"https:\/\/www.appyweb.es\/diccionario\/?page_id=1019"},"modified":"2024-03-21T12:30:49","modified_gmt":"2024-03-21T12:30:49","slug":"data-driven-marketing","status":"publish","type":"page","link":"https:\/\/www.appyweb.es\/diccionario\/data-driven-marketing\/","title":{"rendered":"Data Driven Marketing"},"content":{"rendered":"<h1 class=\"entry-title main_title\"><img loading=\"lazy\" decoding=\"async\" class=\"alignnone  wp-image-12014\" src=\"https:\/\/www.appyweb.es\/diccionario\/wp-content\/uploads\/2024\/03\/DataDrivenMarketing-300x180.jpg\" alt=\"Data Driven Marketing\" width=\"1133\" height=\"680\" srcset=\"https:\/\/www.appyweb.es\/diccionario\/wp-content\/uploads\/2024\/03\/DataDrivenMarketing-300x180.jpg 300w, https:\/\/www.appyweb.es\/diccionario\/wp-content\/uploads\/2024\/03\/DataDrivenMarketing-768x461.jpg 768w, https:\/\/www.appyweb.es\/diccionario\/wp-content\/uploads\/2024\/03\/DataDrivenMarketing.jpg 1000w\" sizes=\"auto, (max-width: 1133px) 100vw, 1133px\" \/><\/h1>\n<div class=\"entry-content\">\n<p>El Data Driven Marketing tambi\u00e9n conocido como\u00a0<em>promoci\u00f3n basada en datos<\/em>\u00a0pone en pr\u00e1ctica estrategias que se basan en la informaci\u00f3n obtenida a trav\u00e9s de an\u00e1lisis de Big Data. Es una de las\u00a0<strong>tendencias de promoci\u00f3n m\u00e1s innovadora actualmente<\/strong>\u00a0ya que pone en pr\u00e1ctica t\u00e9cnicas inteligentes gracias a los datos m\u00e1s exactos.<\/p>\n<h2><span id=\"%F0%9F%93%8C_%C2%BFQue_es\" class=\"ez-toc-section\"><\/span>\u00bfQu\u00e9 es?<\/h2>\n<p>Se puede definir como un conjunto de estrategias que se basan en la informaci\u00f3n extra\u00edda de las interacciones con los consumidores, es decir, la empresa utiliza el\u00a0<strong>Data Driven Marketing para mejorar sus estrategias de comunicaci\u00f3n y contenidos con los clientes<\/strong>, especialmente para personalizar las t\u00e9cnicas, entender el comportamiento actual del usuario y las posibles tendencias a futuro.<\/p>\n<p>En pocas palabras el objetivo de esta t\u00e9cnica es mejorar la\u00a0<a href=\"https:\/\/www.appyweb.es\/embudo-ventas-e-commerce\/\">experiencia del cliente en el embudo de ventas<\/a>, analizando los datos recopilados anteriormente de sus interacciones, para luego organizarlos y aplicar las optimizaciones necesarias.<\/p>\n<h2><span id=\"%F0%9F%93%8C_La_importancia_del_Data_Driven_Marketing\" class=\"ez-toc-section\"><\/span>La importancia del Data Driven Marketing<\/h2>\n<p>Uno de los beneficios m\u00e1s importantes de las promociones basadas en datos es que al\u00a0<a href=\"https:\/\/www.appyweb.es\/conversion-web\/\">mejorar las estrategias de ventas<\/a>\u00a0los ingresos suelen incrementar de forma exponencial, aunque las empresas tambi\u00e9n pueden aprovechar otras ventajas como las siguientes.<\/p>\n<ul>\n<li><strong>Reduce los gastos de inversi\u00f3n y mejora la rentabilidad en ganancias<\/strong>, aumentando la eficacia de la empresa.<\/li>\n<li>Puede mejorar las posibilidades de captar clientes por canales m\u00e1s apropiados para la empresa y seg\u00fan las tendencias o preferencias de los consumidores.<\/li>\n<li>Permite conocer las necesidades del mercado real, as\u00ed se pueden orientar mejor los objetivos empresariales y su accionar estrat\u00e9gico.<\/li>\n<li>Se obtiene una mayor cantidad y variedad de datos, de forma que se pueden dirigir estrategias para distintas \u00e1reas, como la atenci\u00f3n al cliente, la publicidad, comunicaci\u00f3n e incluso los procesos de producci\u00f3n.<\/li>\n<\/ul>\n<h2><span id=\"%F0%9F%93%8C_%C2%BFQue_se_necesita_para_aplicar_el_Data_Driven_Marketing\" class=\"ez-toc-section\"><\/span>\u00bfQu\u00e9 se necesita para aplicar el Data Driven Marketing?<\/h2>\n<ul>\n<li><strong>Un equipo de profesionales<\/strong>: Los m\u00e1s apropiados para establecer estrategias de la promoci\u00f3n basada en datos son los profesionales en Business Analytics y Big Data, ya que conocen c\u00f3mo procesar la informaci\u00f3n y utilizar las herramientas apropiadas.<\/li>\n<li><strong>Cultura de cambios<\/strong>: A partir del an\u00e1lisis de datos es necesario hacer cambios generales y profundos en el negocio, es importante aplicar una cultura de cambio para aprovechar todas las t\u00e9cnicas a favor.<\/li>\n<li><strong>Integraci\u00f3n de escenarios<\/strong>: La publicidad participa en diversos canales y escenarios, por lo que es necesario integrar los datos para entender el viaje del cliente y verificar sus preferencias.<\/li>\n<\/ul>\n<p>&nbsp;<\/p>\n<h2><span id=\"%F0%9F%93%8C_Mas_informacion_sobre_Data_Driven_Marketing\" class=\"ez-toc-section\"><\/span>M\u00e1s informaci\u00f3n sobre Data Driven Marketing<\/h2>\n<ul>\n<li><a href=\"https:\/\/www.appyweb.es\/diccionario\/big-data\/\">\u00bfQu\u00e9 es el Big Data y para qu\u00e9 sirve?<\/a><\/li>\n<li><a href=\"https:\/\/www.salesforce.com\/mx\/products\/marketing-cloud\/todo-sobre-marketing\/data-driven-marketing\/\" rel=\"nofollow noopener\" target=\"_blank\">Data Driven Marketing: \u00bfqu\u00e9 es y c\u00f3mo aplicar?<\/a><\/li>\n<\/ul>\n<\/div>\n<p>&nbsp;<\/p>\n","protected":false},"excerpt":{"rendered":"<p>El Data Driven Marketing tambi\u00e9n conocido como\u00a0promoci\u00f3n basada en datos\u00a0pone en pr\u00e1ctica estrategias que se basan en la informaci\u00f3n obtenida a trav\u00e9s de an\u00e1lisis de Big Data. Es una de las\u00a0tendencias de promoci\u00f3n m\u00e1s innovadora actualmente\u00a0ya que pone en pr\u00e1ctica t\u00e9cnicas inteligentes gracias a los datos m\u00e1s exactos. \u00bfQu\u00e9 es? Se puede definir como un [&hellip;]<\/p>\n","protected":false},"author":1,"featured_media":12014,"parent":0,"menu_order":0,"comment_status":"closed","ping_status":"closed","template":"","meta":{"inline_featured_image":false,"footnotes":""},"class_list":["post-1019","page","type-page","status-publish","has-post-thumbnail","hentry"],"_links":{"self":[{"href":"https:\/\/www.appyweb.es\/diccionario\/wp-json\/wp\/v2\/pages\/1019","targetHints":{"allow":["GET"]}}],"collection":[{"href":"https:\/\/www.appyweb.es\/diccionario\/wp-json\/wp\/v2\/pages"}],"about":[{"href":"https:\/\/www.appyweb.es\/diccionario\/wp-json\/wp\/v2\/types\/page"}],"author":[{"embeddable":true,"href":"https:\/\/www.appyweb.es\/diccionario\/wp-json\/wp\/v2\/users\/1"}],"replies":[{"embeddable":true,"href":"https:\/\/www.appyweb.es\/diccionario\/wp-json\/wp\/v2\/comments?post=1019"}],"version-history":[{"count":5,"href":"https:\/\/www.appyweb.es\/diccionario\/wp-json\/wp\/v2\/pages\/1019\/revisions"}],"predecessor-version":[{"id":12016,"href":"https:\/\/www.appyweb.es\/diccionario\/wp-json\/wp\/v2\/pages\/1019\/revisions\/12016"}],"wp:featuredmedia":[{"embeddable":true,"href":"https:\/\/www.appyweb.es\/diccionario\/wp-json\/wp\/v2\/media\/12014"}],"wp:attachment":[{"href":"https:\/\/www.appyweb.es\/diccionario\/wp-json\/wp\/v2\/media?parent=1019"}],"curies":[{"name":"wp","href":"https:\/\/api.w.org\/{rel}","templated":true}]}}