{"id":1027,"date":"2023-06-20T11:53:21","date_gmt":"2023-06-20T11:53:21","guid":{"rendered":"https:\/\/www.appyweb.es\/diccionario\/?page_id=1027"},"modified":"2024-03-21T12:40:32","modified_gmt":"2024-03-21T12:40:32","slug":"data-warehouse","status":"publish","type":"page","link":"https:\/\/www.appyweb.es\/diccionario\/data-warehouse\/","title":{"rendered":"Data Warehouse"},"content":{"rendered":"<h1 class=\"entry-title main_title\"><img loading=\"lazy\" decoding=\"async\" class=\"alignnone wp-image-12026\" src=\"https:\/\/www.appyweb.es\/diccionario\/wp-content\/uploads\/2024\/03\/DataWarehouse-300x180.jpg\" alt=\"Data Warehouse\" width=\"1137\" height=\"682\" srcset=\"https:\/\/www.appyweb.es\/diccionario\/wp-content\/uploads\/2024\/03\/DataWarehouse-300x180.jpg 300w, https:\/\/www.appyweb.es\/diccionario\/wp-content\/uploads\/2024\/03\/DataWarehouse-768x461.jpg 768w, https:\/\/www.appyweb.es\/diccionario\/wp-content\/uploads\/2024\/03\/DataWarehouse.jpg 1000w\" sizes=\"auto, (max-width: 1137px) 100vw, 1137px\" \/><\/h1>\n<div class=\"entry-content\">\n<p>Hist\u00f3ricamente, se han gestionado informaciones y datos que sirven para la administraci\u00f3n o planificaci\u00f3n de futuros proyectos de las organizaciones empresariales. Para ello,\u00a0<strong>actualmente se utiliza el Data Warehouse<\/strong>, lo que se conoce en espa\u00f1ol como\u00a0<em>almac\u00e9n de datos.<\/em><\/p>\n<h2><span id=\"%F0%9F%93%8C_%C2%BFQue_es_un_Data_Warehouse\" class=\"ez-toc-section\"><\/span>\u00bfQu\u00e9 es un Data Warehouse?<\/h2>\n<p>Es un centro de almacenamiento de datos, estos est\u00e1n relacionados con la operatividad de una organizaci\u00f3n, as\u00ed como de todos sus sistemas y departamentos. Una de las\u00a0<strong>ventajas m\u00e1s notable acerca del Data Warehouse es su seguridad<\/strong>, las empresas suenan resguardar informaci\u00f3n en estos sistemas en la nube para evitar el filtrado de datos privados.<\/p>\n<p>Este sistema de almacenamiento tambi\u00e9n ofrece la posibilidad de que la informaci\u00f3n all\u00ed archivada sea f\u00e1cil de recuperar y gestionar, por lo tanto, es ideal para reguardar\u00a0<a href=\"https:\/\/www.appyweb.es\/diseno-web\/\">recursos como el dise\u00f1o web<\/a>. Esto tambi\u00e9n permite a la empresa tener un sistema independiente en caso de p\u00e9rdida de dispositivos f\u00edsicos de almacenamiento.<\/p>\n<h2><span id=\"%F0%9F%93%8C_Desarrollo_de_Data_Warehouse\" class=\"ez-toc-section\"><\/span>Desarrollo de Data Warehouse<\/h2>\n<p>Inicialmente, en este proceso de registro de datos no se presentaba cierta eficiencia y orden que permitiera la correlaci\u00f3n de entre los mismos, especialmente entre los datos estructurados y no estructurados, por lo que era dif\u00edcil\u00a0<a href=\"https:\/\/www.appyweb.es\/desarrollo-app\/\">resguardar los datos de desarrollo de apps<\/a>\u00a0de forma nativa. Pero, con el desarrollo de los Data Warehouse, ha sido posible esta organizaci\u00f3n y correlaci\u00f3n.<\/p>\n<p>Actualmente, se definen como\u00a0<strong>herramientas indispensables para la inteligencia empresarial<\/strong>, ya que se utiliza para realizar informes y an\u00e1lisis que pueden ser de ayuda para la toma de decisiones o el establecimiento de objetivos comerciales.<\/p>\n<h2><span id=\"%F0%9F%93%8C_Origen\" class=\"ez-toc-section\"><\/span>Origen<\/h2>\n<p>Esta conceptualizaci\u00f3n tiene su origen a finales de la d\u00e9cada de los 80, cuando un grupo de expertos desarrollaron procesos con organizaciones como IBM, con el objetivo de\u00a0<strong>estructurar una herramienta para el almacenamiento de informaci\u00f3n<\/strong>\u00a0de utilidad. Dentro de estos expertos desarrolladores de la herramienta de almac\u00e9n de datos, se pueden mencionar a Barry Devli y Paul Morphy. Pero la conceptualizaci\u00f3n de Data Warehouse fue establecida originalmente por William Inmon.<\/p>\n<h2><span id=\"%F0%9F%93%8C_Data_Warehouse_en_la_actualidad\" class=\"ez-toc-section\"><\/span>Data Warehouse en la actualidad<\/h2>\n<p>Desde sus inicios, este programa se alojaba en un servidor principal de la empresa. Actualmente, con la evoluci\u00f3n de Internet y sus aplicaciones,\u00a0<strong>estas informaciones y datos de relevancia se almacenan en la nube<\/strong>. Para esto utilizan sistemas o aplicaciones que no solamente permiten resguardar la informaci\u00f3n, sino que tambi\u00e9n ofrecen la posibilidad de gestionar, editar y extraer.<\/p>\n<p>Sin embargo, una de las desventajas que han surgido con la evoluci\u00f3n del almac\u00e9n de datos tiene que ver con sus altos costos, porque no se trata de un servicio est\u00e1tico sino que requiere de elevado costo de mantenimiento.<\/p>\n<p>&nbsp;<\/p>\n<h2><span id=\"%F0%9F%93%8C_Mas_informacion_sobre_Data_Warehouse\" class=\"ez-toc-section\"><\/span>M\u00e1s informaci\u00f3n sobre Data Warehouse<\/h2>\n<ul>\n<li><a href=\"https:\/\/www.appyweb.es\/diccionario\/business-intelligence-bi\/\">\u00bfQu\u00e9 es Business Intelligence (BI) y para qu\u00e9 sirve?<\/a><\/li>\n<li><a href=\"https:\/\/es.wikipedia.org\/wiki\/Almac%C3%A9n_de_datos#Dise%C3%B1o_de_un_almac%C3%A9n_de_datos\" rel=\"nofollow noopener\" target=\"_blank\">Dise\u00f1o de un almac\u00e9n de datos<\/a>.<\/li>\n<\/ul>\n<\/div>\n<p>&nbsp;<\/p>\n","protected":false},"excerpt":{"rendered":"<p>Hist\u00f3ricamente, se han gestionado informaciones y datos que sirven para la administraci\u00f3n o planificaci\u00f3n de futuros proyectos de las organizaciones empresariales. Para ello,\u00a0actualmente se utiliza el Data Warehouse, lo que se conoce en espa\u00f1ol como\u00a0almac\u00e9n de datos. \u00bfQu\u00e9 es un Data Warehouse? Es un centro de almacenamiento de datos, estos est\u00e1n relacionados con la operatividad [&hellip;]<\/p>\n","protected":false},"author":1,"featured_media":12026,"parent":0,"menu_order":0,"comment_status":"closed","ping_status":"closed","template":"","meta":{"inline_featured_image":false,"footnotes":""},"class_list":["post-1027","page","type-page","status-publish","has-post-thumbnail","hentry"],"_links":{"self":[{"href":"https:\/\/www.appyweb.es\/diccionario\/wp-json\/wp\/v2\/pages\/1027","targetHints":{"allow":["GET"]}}],"collection":[{"href":"https:\/\/www.appyweb.es\/diccionario\/wp-json\/wp\/v2\/pages"}],"about":[{"href":"https:\/\/www.appyweb.es\/diccionario\/wp-json\/wp\/v2\/types\/page"}],"author":[{"embeddable":true,"href":"https:\/\/www.appyweb.es\/diccionario\/wp-json\/wp\/v2\/users\/1"}],"replies":[{"embeddable":true,"href":"https:\/\/www.appyweb.es\/diccionario\/wp-json\/wp\/v2\/comments?post=1027"}],"version-history":[{"count":5,"href":"https:\/\/www.appyweb.es\/diccionario\/wp-json\/wp\/v2\/pages\/1027\/revisions"}],"predecessor-version":[{"id":12028,"href":"https:\/\/www.appyweb.es\/diccionario\/wp-json\/wp\/v2\/pages\/1027\/revisions\/12028"}],"wp:featuredmedia":[{"embeddable":true,"href":"https:\/\/www.appyweb.es\/diccionario\/wp-json\/wp\/v2\/media\/12026"}],"wp:attachment":[{"href":"https:\/\/www.appyweb.es\/diccionario\/wp-json\/wp\/v2\/media?parent=1027"}],"curies":[{"name":"wp","href":"https:\/\/api.w.org\/{rel}","templated":true}]}}