{"id":1037,"date":"2023-06-20T11:57:37","date_gmt":"2023-06-20T11:57:37","guid":{"rendered":"https:\/\/www.appyweb.es\/diccionario\/?page_id=1037"},"modified":"2024-03-21T13:59:09","modified_gmt":"2024-03-21T13:59:09","slug":"deduplicacion","status":"publish","type":"page","link":"https:\/\/www.appyweb.es\/diccionario\/deduplicacion\/","title":{"rendered":"Deduplicaci\u00f3n"},"content":{"rendered":"<h1 class=\"entry-title main_title\"><img loading=\"lazy\" decoding=\"async\" class=\"alignnone wp-image-12041\" src=\"https:\/\/www.appyweb.es\/diccionario\/wp-content\/uploads\/2024\/03\/Deduplicacion-300x180.jpg\" alt=\"Deduplicaci\u00f3n\" width=\"1133\" height=\"680\" srcset=\"https:\/\/www.appyweb.es\/diccionario\/wp-content\/uploads\/2024\/03\/Deduplicacion-300x180.jpg 300w, https:\/\/www.appyweb.es\/diccionario\/wp-content\/uploads\/2024\/03\/Deduplicacion-768x461.jpg 768w, https:\/\/www.appyweb.es\/diccionario\/wp-content\/uploads\/2024\/03\/Deduplicacion.jpg 1000w\" sizes=\"auto, (max-width: 1133px) 100vw, 1133px\" \/><\/h1>\n<div class=\"entry-content\">\n<p>Durante la recopilaci\u00f3n y almacenamiento de informaci\u00f3n para una base de datos, es posible que ocurran duplicaciones de archivos. Pero, para evitar que causen una sobrecarga innecesaria se ponen en pr\u00e1ctica\u00a0<strong>estrategias de deduplicaci\u00f3n para segmentar, clasificar o eliminar datos<\/strong>\u00a0duplicados.<\/p>\n<h2><span id=\"%F0%9F%93%8C_%C2%BFQue_es\" class=\"ez-toc-section\"><\/span>\u00bfQu\u00e9 es?<\/h2>\n<p>La deduplicaci\u00f3n es una t\u00e9cnica utilizada para\u00a0<strong>desechar datos reiterados que se encuentren almacenados<\/strong>, de forma que solo se guarde un solo archivo original.<\/p>\n<p>Por otro lado, el t\u00e9rmino tambi\u00e9n se utiliza para hacer referencia a las pr\u00e1cticas de\u00a0<em>compresi\u00f3n de datos<\/em>, consiste en t\u00e9cnicas para reducir el volumen de datos a tratar, esto se realiza a trav\u00e9s del descarte o eliminaci\u00f3n. Se trata de un factor clave que permite a\u00a0<a href=\"https:\/\/www.appyweb.es\/gestion-newsletters\/\">las empresas gestionar mejor sus bases de datos<\/a>, as\u00ed como para optimizar los recursos dispuestos para el almacenamiento.<\/p>\n<h2><span id=\"%F0%9F%93%8C_%C2%BFComo_funciona\" class=\"ez-toc-section\"><\/span>\u00bfC\u00f3mo funciona?<\/h2>\n<p>Para llevar a cabo esta pr\u00e1ctica es necesaria la utilizaci\u00f3n de un software, como EGON, que permite\u00a0<strong>analizar las copias de seguridad en busca de datos duplicados<\/strong>. Normalmente, estas herramientas permiten realizar una compresi\u00f3n inteligente, es decir, comparan y conservan la integridad de los datos \u00fanicos y eliminan solo aquellos que sean copias exactas. Durante esa comparaci\u00f3n tienen en cuenta los tipos de archivos, nombres, tama\u00f1o de almacenamiento, etc.<\/p>\n<p>Es una funcionalidad importante para empresas porque permite reducir costes en sistemas de almacenamiento, al mismo tiempo que\u00a0<strong>incrementa la efectividad de los an\u00e1lisis de database<\/strong>\u00a0para encontrar patrones o tendencias de mercado.<\/p>\n<h2><span id=\"%F0%9F%93%8C_Ventajas_de_la_Deduplicacion\" class=\"ez-toc-section\"><\/span>Ventajas de la Deduplicaci\u00f3n<\/h2>\n<ul>\n<li>Permite que las copias se seguridad sean m\u00e1s razonables, por lo que se guardan archivos que s\u00ed sean importantes y no solo todos los disponibles.<\/li>\n<li>Reduce el volumen de datos, lo que sirve para\u00a0<strong>aprovechar mejor el espacio disponible en herramientas de almacenamiento<\/strong>, especialmente los servicios en la nube que cobran por tama\u00f1o.<\/li>\n<li>Tambi\u00e9n reduce el uso de ancho de banda, ya que transmite solo datos originales y \u00fanicos.<\/li>\n<li>El proceso de back-up o copia de seguridad es m\u00e1s efectivo y valioso.<\/li>\n<li>Reduce el riego de generar datos corruptos o procesos fallidos durante el back-up.<\/li>\n<\/ul>\n<h2><span id=\"%F0%9F%93%8C_Tipos_de_Deduplicacion\" class=\"ez-toc-section\"><\/span>Tipos de Deduplicaci\u00f3n<\/h2>\n<p>La funci\u00f3n principal de esta pr\u00e1ctica es\u00a0<strong>optimizar la database de la aglomeraci\u00f3n de datos duplicados<\/strong>, seg\u00fan el sistema de deduplicaci\u00f3n que se contrate se presentar\u00e1 distintas soluciones, entre las m\u00e1s conocidas se encuentran las siguientes.<\/p>\n<ul>\n<li><strong>A nivel de archivo<\/strong>: Se encarga de comparar los documentos nuevos con los que ya han sido almacenados, pero la evaluaci\u00f3n para determinar si son duplicados o no se realiza de archivo en archivo.<\/li>\n<li><strong>Nivel de bloque<\/strong>: Esta opci\u00f3n permite organizar los datos en un sistema de bloques, de esta forma, se analiza la nueva informaci\u00f3n con los datos antiguos de forma segmentada.<\/li>\n<li><strong>Nivel de bytes<\/strong>: Es la m\u00e1s efectiva, compara byte a byte todos los archivos, por lo que el nivel de precisi\u00f3n es m\u00e1s alto.<\/li>\n<\/ul>\n<p>&nbsp;<\/p>\n<h2><span id=\"%F0%9F%93%8C_Mas_informacion_sobre_Deduplicacion\" class=\"ez-toc-section\"><\/span>M\u00e1s informaci\u00f3n sobre Deduplicaci\u00f3n<\/h2>\n<p>Es interesante como la tecnolog\u00eda de procesamiento de datos busca la presentaci\u00f3n de informaci\u00f3n \u201cen bruto\u201d o lo\u00a0 m\u00e1s original posible, la deduplicaci\u00f3n permite que parte de ese proceso sea a\u00fan m\u00e1s f\u00e1cil. Aqu\u00ed tienes m\u00e1s informaci\u00f3n para que aprendas m\u00e1s sobre el tema.<\/p>\n<ul>\n<li><a href=\"https:\/\/www.appyweb.es\/diccionario\/big-data\/\">\u00bfQu\u00e9 es el Big Data y para qu\u00e9 sirve?<\/a><\/li>\n<li><a href=\"https:\/\/searchdatacenter.techtarget.com\/es\/consejo\/Tecnologia-de-deduplicacion-de-datos-casos-que-justifican-la-deduplicacion\" rel=\"nofollow noopener\" target=\"_blank\">Tecnolog\u00eda de deduplicaci\u00f3n de datos: casos que justifican la deduplicaci\u00f3n<\/a>.<\/li>\n<\/ul>\n<\/div>\n<p>&nbsp;<\/p>\n","protected":false},"excerpt":{"rendered":"<p>Durante la recopilaci\u00f3n y almacenamiento de informaci\u00f3n para una base de datos, es posible que ocurran duplicaciones de archivos. Pero, para evitar que causen una sobrecarga innecesaria se ponen en pr\u00e1ctica\u00a0estrategias de deduplicaci\u00f3n para segmentar, clasificar o eliminar datos\u00a0duplicados. \u00bfQu\u00e9 es? La deduplicaci\u00f3n es una t\u00e9cnica utilizada para\u00a0desechar datos reiterados que se encuentren almacenados, de [&hellip;]<\/p>\n","protected":false},"author":1,"featured_media":12041,"parent":0,"menu_order":0,"comment_status":"closed","ping_status":"closed","template":"","meta":{"inline_featured_image":false,"footnotes":""},"class_list":["post-1037","page","type-page","status-publish","has-post-thumbnail","hentry"],"_links":{"self":[{"href":"https:\/\/www.appyweb.es\/diccionario\/wp-json\/wp\/v2\/pages\/1037","targetHints":{"allow":["GET"]}}],"collection":[{"href":"https:\/\/www.appyweb.es\/diccionario\/wp-json\/wp\/v2\/pages"}],"about":[{"href":"https:\/\/www.appyweb.es\/diccionario\/wp-json\/wp\/v2\/types\/page"}],"author":[{"embeddable":true,"href":"https:\/\/www.appyweb.es\/diccionario\/wp-json\/wp\/v2\/users\/1"}],"replies":[{"embeddable":true,"href":"https:\/\/www.appyweb.es\/diccionario\/wp-json\/wp\/v2\/comments?post=1037"}],"version-history":[{"count":5,"href":"https:\/\/www.appyweb.es\/diccionario\/wp-json\/wp\/v2\/pages\/1037\/revisions"}],"predecessor-version":[{"id":12043,"href":"https:\/\/www.appyweb.es\/diccionario\/wp-json\/wp\/v2\/pages\/1037\/revisions\/12043"}],"wp:featuredmedia":[{"embeddable":true,"href":"https:\/\/www.appyweb.es\/diccionario\/wp-json\/wp\/v2\/media\/12041"}],"wp:attachment":[{"href":"https:\/\/www.appyweb.es\/diccionario\/wp-json\/wp\/v2\/media?parent=1037"}],"curies":[{"name":"wp","href":"https:\/\/api.w.org\/{rel}","templated":true}]}}