{"id":1042,"date":"2023-06-20T11:59:48","date_gmt":"2023-06-20T11:59:48","guid":{"rendered":"https:\/\/www.appyweb.es\/diccionario\/?page_id=1042"},"modified":"2024-03-21T14:42:06","modified_gmt":"2024-03-21T14:42:06","slug":"degradado","status":"publish","type":"page","link":"https:\/\/www.appyweb.es\/diccionario\/degradado\/","title":{"rendered":"Degradado"},"content":{"rendered":"<h1 class=\"entry-title main_title\"><img loading=\"lazy\" decoding=\"async\" class=\"alignnone  wp-image-12062\" src=\"https:\/\/www.appyweb.es\/diccionario\/wp-content\/uploads\/2024\/03\/degradado-300x180.jpg\" alt=\"Degradado\" width=\"1123\" height=\"674\" srcset=\"https:\/\/www.appyweb.es\/diccionario\/wp-content\/uploads\/2024\/03\/degradado-300x180.jpg 300w, https:\/\/www.appyweb.es\/diccionario\/wp-content\/uploads\/2024\/03\/degradado-768x461.jpg 768w, https:\/\/www.appyweb.es\/diccionario\/wp-content\/uploads\/2024\/03\/degradado.jpg 1000w\" sizes=\"auto, (max-width: 1123px) 100vw, 1123px\" \/><\/h1>\n<div class=\"entry-content\">\n<p>El degradado es una\u00a0<strong>t\u00e9cnica de dise\u00f1o gr\u00e1fico que busca difusi\u00f3n de la tonalidad<\/strong>\u00a0de uno o varios colores.\u00a0Su objetivo es eliminar las l\u00edneas duras en el trabajo visual, esta estrategia de colores ha participado en una tendencia importante en el marketing digital, mira por qu\u00e9.<\/p>\n<h2><span id=\"%F0%9F%93%8C_%C2%BFQue_es\" class=\"ez-toc-section\"><\/span>\u00bfQu\u00e9 es?<\/h2>\n<p>Consiste en hacer desvanecer un color, mientras otro se transforma en un matiz m\u00e1s fuerte. As\u00ed sucesivamente con tantos colores como se requiera. Esta\u00a0<strong>transici\u00f3n crom\u00e1tica ofrece un resultado visual agradable e impactante<\/strong>, actualmente es utilizado en diferentes \u00e1reas, no solo para\u00a0<a href=\"https:\/\/www.appyweb.es\/diseno-grafico\/\">elaborar proyectos de dise\u00f1o gr\u00e1fico<\/a>, sino tambi\u00e9n en sectores como la moda, est\u00e9tica, decoraci\u00f3n y arte.<\/p>\n<p>Sin embargo, esta manera de trabajar se ha extendido hasta el mundo virtual para impregnar un estilo diferente a proyectos de marcas digitales.<\/p>\n<h2><span id=\"%F0%9F%93%8C_%C2%BFPara_que_sirve\" class=\"ez-toc-section\"><\/span>\u00bfPara qu\u00e9 sirve?<\/h2>\n<p>Tiene infinidad de aplicaciones en diversas \u00e1reas, tal es el caso del dise\u00f1o gr\u00e1fico, en el cu\u00e1l las\u00a0<strong>combinaciones y el desvanecimiento de los colores es parte fundamental del trabajo<\/strong>. Tambi\u00e9n ha evolucionado en \u00e1mbitos virtuales, como el uso de software inform\u00e1tico, tales como Photoshop o Adobe Illustrator, lo que permite una degradaci\u00f3n de colores de forma autom\u00e1tica, aplicando la combinaci\u00f3n CMYK o RGB a partir de p\u00edxeles.<\/p>\n<p>Con el tiempo, tambi\u00e9n se han desarrollado variaciones de la t\u00e9cnica, se clasifican en las siguientes.<\/p>\n<ul>\n<li><strong>Axial:<\/strong>\u00a0Tambi\u00e9n conocido como lineal, se lleva a cabo por medio de la interpolaci\u00f3n lineal.<\/li>\n<li><strong>Radial:<\/strong>\u00a0Comienza centr\u00e1ndose en un c\u00edrculo, el cual a medida que se va llegando a su borde, van mutando su color hasta llegar a otro completamente distinto.<\/li>\n<\/ul>\n<h2><span id=\"%F0%9F%93%8C_Tendencias_del_degradado_en_diseno_grafico\" class=\"ez-toc-section\"><\/span>Tendencias del degradado en dise\u00f1o gr\u00e1fico<\/h2>\n<p>Esta t\u00e9cnica empez\u00f3 a ganar popularidad entre los a\u00f1os 2016 y 2018 marcando\u00a0<strong>una nueva tendencia en las pr\u00e1cticas de dise\u00f1o gr\u00e1fico<\/strong>. Form\u00f3 parte de un movimiento conocido como Flat Design o dise\u00f1o plano, que invitaba a las marcas a producir trabajos visuales simples.<\/p>\n<p>Grandes empresas como Instagram incluso incorporaron la t\u00e9cnica de degradado\u00a0<a href=\"https:\/\/www.appyweb.es\/rediseno-web\/\">en el redise\u00f1o de sus logos<\/a>, en combinaci\u00f3n con un dibujo simple. Expertos en tendencias de dise\u00f1o como Hamish Symth indicaron que se trataba del resultado de la nostalgia del dise\u00f1o de los a\u00f1os 70 y 80. Pero incluso especialistas de psicolog\u00eda del consumidor como Stephen Palmer (Universidad de California) indicaron que el aspecto suave del ombr\u00e9 tambi\u00e9n explica un fen\u00f3meno que hace las personas se sientan seguras.<\/p>\n<h2><span id=\"%F0%9F%93%8C_Ejemplo\" class=\"ez-toc-section\"><\/span>Ejemplo<\/h2>\n<p>Existen muchas marcas que utilizan la t\u00e9cnica del degrad\u00e9 para su imagen, como el ya mencionado logo de Instagram tambi\u00e9n se pueden conseguir otras marcas que se unieron a la tendencia como Lorem Ipsum, Canva, Apple\u2026<\/p>\n<p>&nbsp;<\/p>\n<h2><span id=\"%F0%9F%93%8C_Mas_informacion_sobre_Degradado\" class=\"ez-toc-section\"><\/span>M\u00e1s informaci\u00f3n sobre Degradado<\/h2>\n<p>Es incre\u00edble como esta t\u00e9cnica tan simple haya tenido tanta exposici\u00f3n en tan poco tiempo, especialmente para promocionar marcas tan importantes como las ya mencionadas. Aqu\u00ed hay otros temas interesantes al respecto.<\/p>\n<ul>\n<li><a href=\"https:\/\/www.appyweb.es\/diccionario\/adobe-illustrator\/\">\u00bfQu\u00e9 es el Adobe Illustrator y para qu\u00e9 sirve?<\/a><\/li>\n<li><a href=\"https:\/\/feelingstudio.es\/aprende-degradados-photoshop-descubre-poder-los-colores\/\" rel=\"nofollow noopener\" target=\"_blank\">Aprende a hacer degradados en Photoshop y descubre el poder de los colores<\/a>.<\/li>\n<\/ul>\n<\/div>\n<p>&nbsp;<\/p>\n","protected":false},"excerpt":{"rendered":"<p>El degradado es una\u00a0t\u00e9cnica de dise\u00f1o gr\u00e1fico que busca difusi\u00f3n de la tonalidad\u00a0de uno o varios colores.\u00a0Su objetivo es eliminar las l\u00edneas duras en el trabajo visual, esta estrategia de colores ha participado en una tendencia importante en el marketing digital, mira por qu\u00e9. \u00bfQu\u00e9 es? Consiste en hacer desvanecer un color, mientras otro se [&hellip;]<\/p>\n","protected":false},"author":1,"featured_media":12062,"parent":0,"menu_order":0,"comment_status":"closed","ping_status":"closed","template":"","meta":{"inline_featured_image":false,"footnotes":""},"class_list":["post-1042","page","type-page","status-publish","has-post-thumbnail","hentry"],"_links":{"self":[{"href":"https:\/\/www.appyweb.es\/diccionario\/wp-json\/wp\/v2\/pages\/1042","targetHints":{"allow":["GET"]}}],"collection":[{"href":"https:\/\/www.appyweb.es\/diccionario\/wp-json\/wp\/v2\/pages"}],"about":[{"href":"https:\/\/www.appyweb.es\/diccionario\/wp-json\/wp\/v2\/types\/page"}],"author":[{"embeddable":true,"href":"https:\/\/www.appyweb.es\/diccionario\/wp-json\/wp\/v2\/users\/1"}],"replies":[{"embeddable":true,"href":"https:\/\/www.appyweb.es\/diccionario\/wp-json\/wp\/v2\/comments?post=1042"}],"version-history":[{"count":5,"href":"https:\/\/www.appyweb.es\/diccionario\/wp-json\/wp\/v2\/pages\/1042\/revisions"}],"predecessor-version":[{"id":12067,"href":"https:\/\/www.appyweb.es\/diccionario\/wp-json\/wp\/v2\/pages\/1042\/revisions\/12067"}],"wp:featuredmedia":[{"embeddable":true,"href":"https:\/\/www.appyweb.es\/diccionario\/wp-json\/wp\/v2\/media\/12062"}],"wp:attachment":[{"href":"https:\/\/www.appyweb.es\/diccionario\/wp-json\/wp\/v2\/media?parent=1042"}],"curies":[{"name":"wp","href":"https:\/\/api.w.org\/{rel}","templated":true}]}}