{"id":1050,"date":"2023-06-20T12:03:14","date_gmt":"2023-06-20T12:03:14","guid":{"rendered":"https:\/\/www.appyweb.es\/diccionario\/?page_id=1050"},"modified":"2024-03-21T14:55:47","modified_gmt":"2024-03-21T14:55:47","slug":"densidad-de-keywords","status":"publish","type":"page","link":"https:\/\/www.appyweb.es\/diccionario\/densidad-de-keywords\/","title":{"rendered":"Densidad de keywords"},"content":{"rendered":"<h1 class=\"entry-title main_title\"><img loading=\"lazy\" decoding=\"async\" class=\"alignnone wp-image-12074\" src=\"https:\/\/www.appyweb.es\/diccionario\/wp-content\/uploads\/2024\/03\/DensidadDeKeywords-300x180.jpg\" alt=\"Densidad de keywords\" width=\"977\" height=\"586\" srcset=\"https:\/\/www.appyweb.es\/diccionario\/wp-content\/uploads\/2024\/03\/DensidadDeKeywords-300x180.jpg 300w, https:\/\/www.appyweb.es\/diccionario\/wp-content\/uploads\/2024\/03\/DensidadDeKeywords-768x461.jpg 768w, https:\/\/www.appyweb.es\/diccionario\/wp-content\/uploads\/2024\/03\/DensidadDeKeywords.jpg 1000w\" sizes=\"auto, (max-width: 977px) 100vw, 977px\" \/><\/h1>\n<div class=\"entry-content\">\n<p>Para empezar a posicionar en los principales motores de b\u00fasqueda, las palabras claves son los mejores aliados para lograrlo, ya que el algoritmo de Google, se basa en ellos para organizar los resultados de b\u00fasqueda. Hay t\u00e9cnicas que permiten trabajar con las palabras claves. Sin embargo,\u00a0<strong>uno de los aspectos fundamentales es la densidad de keywords<\/strong>\u00a0que buscan impulsar la naturalidad en el texto.<\/p>\n<h2><span id=\"%F0%9F%93%8C_%C2%BFQue_es_la_densidad_de_Keywords\" class=\"ez-toc-section\"><\/span>\u00bfQu\u00e9 es la densidad de Keywords?<\/h2>\n<p>Las palabras claves son las mejores amigas de todo aquel que aspire a\u00a0<a href=\"https:\/\/www.appyweb.es\/posicionamiento-web\/\">un buen posicionamiento web<\/a>. Si se emplean adecuadamente, el algoritmo de Google har\u00e1 solo su trabajo. Uno de los factores m\u00e1s importantes para aprovecharlas al m\u00e1ximo es cuidar de la densidad de keywords.<\/p>\n<p>Para ser m\u00e1s espec\u00edficos, se trata del\u00a0<strong>porcentaje que indica la cantidad de veces que se muestra una palabra clave\u00a0<\/strong>en un texto, en relaci\u00f3n con el total de palabras. Debe representar entre el 3% y el 5% del texto en total dentro de una p\u00e1gina y deben de estar repartidas de forma proporcional en todo el contenido. De esta forma, la lectura ser\u00e1 m\u00e1s natural y m\u00e1s agradable a la vista de los usuarios.<\/p>\n<h2><span id=\"%F0%9F%93%8C_%C2%BFEs_importante_la_densidad_de_Keywords\" class=\"ez-toc-section\"><\/span>\u00bfEs importante la densidad de Keywords?<\/h2>\n<p>La cantidad de palabras claves que es utilizan las p\u00e1ginas web empez\u00f3 a tener relevancia con las primeras actualizaciones de los algoritmos de motores de b\u00fasqueda. Durante estas modificaciones el objetivo principal era\u00a0<strong>intentar reducir el spam o las t\u00e9cnicas exageradas para el posicionamiento<\/strong>.<\/p>\n<p>Anteriormente, motores de b\u00fasqueda como Google mostraban p\u00fablicamente los factores m\u00e1s importantes para posicionar, uno de ellos era la cantidad de palabras clave. Esto quiere decir que en aquel entonces los sitios web que repitieran las palabras claves mayor cantidad de veces eran mejor posicionados. Pero los propietarios se enfocaban en exagerar su utilizaci\u00f3n, sin siquiera tener en cuenta la naturalidad de la lectura.<\/p>\n<p>Con el cambio del algoritmo Google (cuando ocult\u00f3 sus factores de posicionamiento) empez\u00f3 a\u00a0<strong>penalizar a los sitios web que exageran en la densidad de keywords<\/strong>, regulando as\u00ed las pr\u00e1cticas de spam y contribuyendo al posicionamiento de sitios web de calidad. Dando paso a lo que se conoce hoy como\u00a0<a href=\"https:\/\/www.appyweb.es\/marketing-de-contenidos\/\">marketing de contenidos<\/a>\u00a0qu\u00e9 consiste en promocionar una marca a partir del valor de sus publicaciones.<\/p>\n<h2><span id=\"%F0%9F%93%8C_%C2%BFCuantas_palabras_claves_por_pagina\" class=\"ez-toc-section\"><\/span>\u00bfCu\u00e1ntas palabras claves por p\u00e1gina?<\/h2>\n<p>Como se mencion\u00f3 anteriormente,\u00a0<strong>la densidad se calcula seg\u00fan la cantidad de palabras en total<\/strong>. Por lo que no existe un n\u00famero espec\u00edfico que permita determinar un buen posicionamiento de p\u00e1gina. Sin embargo, existen algunas f\u00f3rmulas que pueden ayudar a encontrar el porcentaje m\u00e1s adecuado seg\u00fan la longitud y el tipo de texto, la m\u00e1s utilizada es \u00e9sta.<\/p>\n<ul>\n<li>Densidad = (N\u00famero de veces que aparece la palabra clave\/ N\u00famero total de palabras) * 100<\/li>\n<\/ul>\n<p>El resultado debe ser de entre 1% y 3%. Sin embargo, todo depender\u00e1 de la naturalidad con la que se utilicen, es decir, que se eviten ser introducidas en el texto de forma forzada y que vayan al ritmo de la lectura.<\/p>\n<h2><span id=\"%F0%9F%93%8C_Ejemplo_de_densidad_de_keywords\" class=\"ez-toc-section\"><\/span>Ejemplo de densidad de keywords<\/h2>\n<p>Para determinar si una p\u00e1gina cuenta con la cantidad de palabras clave apropiada se pueden utilizar herramientas de an\u00e1lisis como Moz o Ranks. En este ejemplo se puede ver un caso de esta \u00faltima herramienta donde se analizan las palabras clave \u201cmarketing, online, cosas, web y email\u201d. En la primera columna\u00a0<strong>se puede ver el n\u00famero de veces con el que se repiten<\/strong>\u00a0y en la cuarta columna se puede ver el porcentaje de su densidad.<\/p>\n<p>&nbsp;<\/p>\n<p>&nbsp;<\/p>\n<h2><span id=\"%F0%9F%93%8C_Mas_informacion_sobre_densidad_de_keywords\" class=\"ez-toc-section\"><\/span>M\u00e1s informaci\u00f3n sobre densidad de keywords<\/h2>\n<p>Las\u00a0<strong>palabras clave siempre tendr\u00e1n un papel indispensable para el posicionamiento<\/strong>, sin embargo, la cantidad de ellas no lo \u00fanico que se debe tener en cuenta para esto, tambi\u00e9n hay m\u00e1s informaci\u00f3n que se debe conocer, como lo siguiente.<\/p>\n<ul>\n<li><a href=\"https:\/\/www.appyweb.es\/diccionario\/keyword-research\/\">\u00bfQu\u00e9 es el Keyword research y para qu\u00e9 sirve?<\/a><\/li>\n<li><a href=\"https:\/\/www.ticbeat.com\/tecnologias\/5-cosas-que-han-cambiado-el-seo-en-los-ultimos-10-anos\/\" rel=\"nofollow noopener\" target=\"_blank\">5 cosas que han cambiado el SEO en los \u00faltimos 10 a\u00f1os<\/a><\/li>\n<\/ul>\n<\/div>\n<p>&nbsp;<\/p>\n","protected":false},"excerpt":{"rendered":"<p>Para empezar a posicionar en los principales motores de b\u00fasqueda, las palabras claves son los mejores aliados para lograrlo, ya que el algoritmo de Google, se basa en ellos para organizar los resultados de b\u00fasqueda. Hay t\u00e9cnicas que permiten trabajar con las palabras claves. Sin embargo,\u00a0uno de los aspectos fundamentales es la densidad de keywords\u00a0que [&hellip;]<\/p>\n","protected":false},"author":1,"featured_media":12074,"parent":0,"menu_order":0,"comment_status":"closed","ping_status":"closed","template":"","meta":{"inline_featured_image":false,"footnotes":""},"class_list":["post-1050","page","type-page","status-publish","has-post-thumbnail","hentry"],"_links":{"self":[{"href":"https:\/\/www.appyweb.es\/diccionario\/wp-json\/wp\/v2\/pages\/1050","targetHints":{"allow":["GET"]}}],"collection":[{"href":"https:\/\/www.appyweb.es\/diccionario\/wp-json\/wp\/v2\/pages"}],"about":[{"href":"https:\/\/www.appyweb.es\/diccionario\/wp-json\/wp\/v2\/types\/page"}],"author":[{"embeddable":true,"href":"https:\/\/www.appyweb.es\/diccionario\/wp-json\/wp\/v2\/users\/1"}],"replies":[{"embeddable":true,"href":"https:\/\/www.appyweb.es\/diccionario\/wp-json\/wp\/v2\/comments?post=1050"}],"version-history":[{"count":5,"href":"https:\/\/www.appyweb.es\/diccionario\/wp-json\/wp\/v2\/pages\/1050\/revisions"}],"predecessor-version":[{"id":12076,"href":"https:\/\/www.appyweb.es\/diccionario\/wp-json\/wp\/v2\/pages\/1050\/revisions\/12076"}],"wp:featuredmedia":[{"embeddable":true,"href":"https:\/\/www.appyweb.es\/diccionario\/wp-json\/wp\/v2\/media\/12074"}],"wp:attachment":[{"href":"https:\/\/www.appyweb.es\/diccionario\/wp-json\/wp\/v2\/media?parent=1050"}],"curies":[{"name":"wp","href":"https:\/\/api.w.org\/{rel}","templated":true}]}}