{"id":1057,"date":"2023-06-20T13:04:03","date_gmt":"2023-06-20T13:04:03","guid":{"rendered":"https:\/\/www.appyweb.es\/diccionario\/?page_id=1057"},"modified":"2024-03-21T15:09:23","modified_gmt":"2024-03-21T15:09:23","slug":"design-thinking","status":"publish","type":"page","link":"https:\/\/www.appyweb.es\/diccionario\/design-thinking\/","title":{"rendered":"Design Thinking"},"content":{"rendered":"<p><img loading=\"lazy\" decoding=\"async\" class=\"alignnone  wp-image-12092\" src=\"https:\/\/www.appyweb.es\/diccionario\/wp-content\/uploads\/2024\/03\/DesignThinking-300x180.jpg\" alt=\"Design Thinking\" width=\"972\" height=\"583\" srcset=\"https:\/\/www.appyweb.es\/diccionario\/wp-content\/uploads\/2024\/03\/DesignThinking-300x180.jpg 300w, https:\/\/www.appyweb.es\/diccionario\/wp-content\/uploads\/2024\/03\/DesignThinking-768x461.jpg 768w, https:\/\/www.appyweb.es\/diccionario\/wp-content\/uploads\/2024\/03\/DesignThinking.jpg 1000w\" sizes=\"auto, (max-width: 972px) 100vw, 972px\" \/><\/p>\n<div class=\"entry-content\">\n<p>Es una metodolog\u00eda de dise\u00f1o web que consiste en generar soluciones para problemas de navegaci\u00f3n o la experiencia del usuario en una p\u00e1gina. El Design Thinking permite establecer una serie de alternativas innovadoras\u00a0<strong>a trav\u00e9s de un proceso de pensamiento y creatividad<\/strong>.<\/p>\n<h2><span id=\"%F0%9F%93%8C_%C2%BFQue_es_Design_Thinking\" class=\"ez-toc-section\"><\/span>\u00bfQu\u00e9 es Design Thinking?<\/h2>\n<p>B\u00e1sicamente, se trata de\u00a0<strong>una metodolog\u00eda que busca mejorar la experiencia del usuario<\/strong>, tanto en el dise\u00f1o de los productos para la venta, como\u00a0<a href=\"https:\/\/www.appyweb.es\/diseno-web\/\">en el dise\u00f1o del sitio web<\/a>. Uno de sus objetivos es crear una serie de alternativas que despu\u00e9s ser\u00e1n evaluadas para determinar si ser\u00e1n efectivas a corto y largo plazo.<\/p>\n<p>Una de las razones de por qu\u00e9 esta pr\u00e1ctica est\u00e1 ganado tanta popularidad es debido a que\u00a0<strong>impulsa la creaci\u00f3n de soluciones innovadoras en poco tiempo<\/strong>. As\u00ed que suele ser muy utilizada en emprendimientos o empresas peque\u00f1as para probar hip\u00f3tesis a trav\u00e9s de una cultura creativa.<\/p>\n<h2><span id=\"%F0%9F%93%8C_Origen_del_Design_Thinking\" class=\"ez-toc-section\"><\/span>Origen del Design Thinking<\/h2>\n<p>Aunque durante los a\u00f1os 70 y 80 nacieron t\u00e9rminos de efectividad a trav\u00e9s de la creatividad y el dise\u00f1o, no fue\u00a0<strong>hasta los 90 que se empez\u00f3 a utilizar el t\u00e9rmino Design Thinking<\/strong>\u00a0para referirse a una metodolog\u00eda. Se populariz\u00f3 gracias a la consultora IDEO, donde utilizaron t\u00e9cnicas similares para la innovaci\u00f3n.<\/p>\n<p>Termin\u00f3 de posicionarse gracias a Apple, que la utiliz\u00f3 para dise\u00f1ar el rat\u00f3n de sus ordenadores, productos complementarios y hasta en sus primeros dise\u00f1os d iPhone.<\/p>\n<h2><span id=\"%F0%9F%93%8C_%C2%BFEs_importante_el_Design_Thinking\" class=\"ez-toc-section\"><\/span>\u00bfEs importante el Design Thinking?<\/h2>\n<p>Cuando se habla de marketing digital, esta metodolog\u00eda suele ser de mucha ayuda para mejorar la efectividad de un sitio web. El objetivo principal de estos recursos digitales suele ser\u00a0<a href=\"https:\/\/www.appyweb.es\/conversion-web\/\">la conversi\u00f3n de los usuarios<\/a>, si en la empresa presenta un problema con una baja tasa de conversi\u00f3n, puede ser indispensable la\u00a0<strong>implementaci\u00f3n de estrategias para satisfacer sus expectativas<\/strong>, necesidades y preferencias.<\/p>\n<p>A trav\u00e9s de esta metodolog\u00eda<strong>\u00a0se puede determinar cu\u00e1l es el verdadero problema\u00a0<\/strong>que evita la conversi\u00f3n, para luego entender cu\u00e1l es la mejor forma de solucionarlo. Por ejemplo, la mayor\u00eda de las veces una baja tasa de conversi\u00f3n es el resultado de una experiencia de navegaci\u00f3n demasiado larga, donde el usuario debe hacer clic muchas veces. En este caso, a trav\u00e9s de la metodolog\u00eda, puede ofrecer varias soluciones como puede ser reducir la cantidad de clics, ofrecer la posibilidad de suscripci\u00f3n al principio de la p\u00e1gina, crear propuestas de marketing m\u00e1s atractivas, entre otras opciones.<\/p>\n<p>Con ayuda de ciertas herramientas de an\u00e1lisis se puede determinar\u00a0<strong>cu\u00e1l de esas posibilidades puede ser la mejor soluci\u00f3n al instante<\/strong>, se debe tener en cuenta el tipo de usuario, el mercado al que se dirige el producto, otras caracter\u00edsticas.<\/p>\n<h2><span id=\"%F0%9F%93%8C_Etapas_del_Design_Thinking\" class=\"ez-toc-section\"><\/span>Etapas del Design Thinking<\/h2>\n<ul>\n<li><strong>Empatizar<\/strong>: Consiste en ponerse en los zapatos del usuario, es decir entender cu\u00e1les son sus necesidades y expectativas al navegar en un sitio web.<\/li>\n<li><strong>Definici\u00f3n<\/strong>: Es darle un nombre a las necesidades del usuario,\u00a0<strong>al mismo tiempo que se eval\u00faan las posibles razones del problema<\/strong>, en este esta etapa se utilizan herramientas de an\u00e1lisis.<\/li>\n<li><strong>Idear<\/strong>: Es empezar a pensar cu\u00e1les pueden ser las mejores soluciones para el problema.<\/li>\n<li><strong>Prototipar<\/strong>: Consiste en implementar las soluciones m\u00e1s r\u00e1pidas y efectivas, aunque no se trate de una soluci\u00f3n final, el objetivo es verificar si podr\u00eda funcionar a largo plazo.<\/li>\n<li><strong>Validar<\/strong>: Se ponen en pr\u00e1ctica las\u00a0<strong>soluciones m\u00e1s acertadas y se realiza una evaluaci\u00f3n emp\u00e1tica<\/strong>\u00a0y desapegada para entender si resuelve el problema, por ejemplo, utilizando encuestas.<\/li>\n<\/ul>\n<p>&nbsp;<\/p>\n<h2><span id=\"%F0%9F%93%8C_Mas_informacion_sobre_Design_Thinking\" class=\"ez-toc-section\"><\/span>M\u00e1s informaci\u00f3n sobre Design Thinking<\/h2>\n<p>Es interesante c\u00f3mo\u00a0<strong>ideas grandiosas pueden nacer de una metodolog\u00eda\u00a0 simple<\/strong>, sin embargo, existe otros temas que pueden ayudar en el proceso de innovaci\u00f3n, como los siguientes.<\/p>\n<ul>\n<li><a href=\"https:\/\/www.appyweb.es\/mejorar-ventas-tienda-online\/\">\u00bfC\u00f3mo mejorar las ventas de una tienda online? 10 trucos<\/a><\/li>\n<li><a href=\"https:\/\/www.ambito.com\/ambito-biz\/ambito-biz\/design-thinking-metodologias-agiles-la-innovacion-n5136731\" rel=\"nofollow noopener\" target=\"_blank\">Design Thinking: Metodolog\u00edas a\u0301giles para la innovaci\u00f3n<\/a><\/li>\n<\/ul>\n<\/div>\n<p>&nbsp;<\/p>\n","protected":false},"excerpt":{"rendered":"<p>Es una metodolog\u00eda de dise\u00f1o web que consiste en generar soluciones para problemas de navegaci\u00f3n o la experiencia del usuario en una p\u00e1gina. El Design Thinking permite establecer una serie de alternativas innovadoras\u00a0a trav\u00e9s de un proceso de pensamiento y creatividad. \u00bfQu\u00e9 es Design Thinking? B\u00e1sicamente, se trata de\u00a0una metodolog\u00eda que busca mejorar la experiencia [&hellip;]<\/p>\n","protected":false},"author":1,"featured_media":12092,"parent":0,"menu_order":0,"comment_status":"closed","ping_status":"closed","template":"","meta":{"inline_featured_image":false,"footnotes":""},"class_list":["post-1057","page","type-page","status-publish","has-post-thumbnail","hentry"],"_links":{"self":[{"href":"https:\/\/www.appyweb.es\/diccionario\/wp-json\/wp\/v2\/pages\/1057","targetHints":{"allow":["GET"]}}],"collection":[{"href":"https:\/\/www.appyweb.es\/diccionario\/wp-json\/wp\/v2\/pages"}],"about":[{"href":"https:\/\/www.appyweb.es\/diccionario\/wp-json\/wp\/v2\/types\/page"}],"author":[{"embeddable":true,"href":"https:\/\/www.appyweb.es\/diccionario\/wp-json\/wp\/v2\/users\/1"}],"replies":[{"embeddable":true,"href":"https:\/\/www.appyweb.es\/diccionario\/wp-json\/wp\/v2\/comments?post=1057"}],"version-history":[{"count":5,"href":"https:\/\/www.appyweb.es\/diccionario\/wp-json\/wp\/v2\/pages\/1057\/revisions"}],"predecessor-version":[{"id":12096,"href":"https:\/\/www.appyweb.es\/diccionario\/wp-json\/wp\/v2\/pages\/1057\/revisions\/12096"}],"wp:featuredmedia":[{"embeddable":true,"href":"https:\/\/www.appyweb.es\/diccionario\/wp-json\/wp\/v2\/media\/12092"}],"wp:attachment":[{"href":"https:\/\/www.appyweb.es\/diccionario\/wp-json\/wp\/v2\/media?parent=1057"}],"curies":[{"name":"wp","href":"https:\/\/api.w.org\/{rel}","templated":true}]}}