{"id":1062,"date":"2023-06-20T13:05:17","date_gmt":"2023-06-20T13:05:17","guid":{"rendered":"https:\/\/www.appyweb.es\/diccionario\/?page_id=1062"},"modified":"2024-03-22T09:54:45","modified_gmt":"2024-03-22T09:54:45","slug":"dropbox","status":"publish","type":"page","link":"https:\/\/www.appyweb.es\/diccionario\/dropbox\/","title":{"rendered":"Dropbox"},"content":{"rendered":"<h1 class=\"entry-title main_title\"><img loading=\"lazy\" decoding=\"async\" class=\"alignnone wp-image-12267\" src=\"https:\/\/www.appyweb.es\/diccionario\/wp-content\/uploads\/2024\/03\/DropBox-300x180.jpg\" alt=\"DropBox\" width=\"1135\" height=\"681\" srcset=\"https:\/\/www.appyweb.es\/diccionario\/wp-content\/uploads\/2024\/03\/DropBox-300x180.jpg 300w, https:\/\/www.appyweb.es\/diccionario\/wp-content\/uploads\/2024\/03\/DropBox-768x461.jpg 768w, https:\/\/www.appyweb.es\/diccionario\/wp-content\/uploads\/2024\/03\/DropBox.jpg 1000w\" sizes=\"auto, (max-width: 1135px) 100vw, 1135px\" \/><\/h1>\n<div class=\"entry-content\">\n<p>Cuando hablamos de\u00a0<em>Dropbox<\/em>, hablamos de\u00a0<strong>un servicio de almacenamiento o nube virtual<\/strong>. Se puede acceder a trav\u00e9s de una cuenta privada y as\u00ed guardar informaci\u00f3n multiplataforma de manera segura, ya que se encuentra encriptada y s\u00f3lo el usuario puede hacer uso de la misma.<\/p>\n<h2><span id=\"%F0%9F%93%8C_%C2%BFQue_es_Dropbox\" class=\"ez-toc-section\"><\/span>\u00bfQu\u00e9 es Dropbox?<\/h2>\n<p>Es una empresa que desarroll\u00f3 una aplicaci\u00f3n o software de almacenamiento. Se utiliza como almacenamiento externo al de un ordenador a trav\u00e9s de lo que se conoce como \u201cnube\u201d,\u00a0<strong>que es un espacio de almacenamiento en Internet<\/strong>. La idea principal de todo esto es que la informaci\u00f3n siempre est\u00e9 disponible para diferentes dispositivos, de forma que los datos nunca se perder\u00e1n.<\/p>\n<p>Teniendo una cuenta en\u00a0<strong>Dropbox se puede acceder a planes de almacenamiento y herramientas exclusivas<\/strong>. Los usuarios pueden tener una cuenta personal para guardar los datos de su PC o Smartphone, as\u00ed como una cuenta de empresa para gestionar datos grandes, como\u00a0<a href=\"https:\/\/www.appyweb.es\/gestion-blog-empresas\/\">guardar los art\u00edculos del blog<\/a>\u00a0de forma segura o la base de datos de clientes.<\/p>\n<p>Siempre que se tenga un ordenador o un equipo m\u00f3vil con acceso a Internet, la informaci\u00f3n siempre estar\u00e1 centralizada. Lo bueno de esto es que se puede incluir informaci\u00f3n en la nube desde cualquier parte del mundo.<\/p>\n<h2><span id=\"%F0%9F%93%8C_%C2%BFCual_es_el_coste_de_Dropbox\" class=\"ez-toc-section\"><\/span>\u00bfCu\u00e1l es el coste de Dropbox?<\/h2>\n<p>Inicialmente, el servicio ofrece un plan gratuito que le permite al usuario\u00a0<strong>acceder a una cuenta b\u00e1sica con capacidad de 2GB<\/strong>. Tambi\u00e9n existen otros dos planes, el Plus, con un coste de 9,99 euros al mes, con una capacidad de 2 TB. El otro es el plan Professional, para 16,58 euros al mes por un almacenamiento de 3 TB.<\/p>\n<h2><span id=\"%F0%9F%93%8C_%C2%BFComo_se_puede_utilizar_Dropbox\" class=\"ez-toc-section\"><\/span>\u00bfC\u00f3mo se puede utilizar Dropbox?<\/h2>\n<p>Lo primero que se debe hacer es crear una cuenta y luego elegir el plan de preferencia. Al mismo tiempo, se puede compartir informaci\u00f3n con otros usuarios de la plataforma, seleccionar los archivos almacenados y a\u00f1adirlos como favoritos para que el acceso a ellos sea m\u00e1s r\u00e1pido.<\/p>\n<h2><span id=\"%F0%9F%93%8C_%C2%BFCual_elegir_Google_Drive_o_Dropbox\" class=\"ez-toc-section\"><\/span>\u00bfCu\u00e1l elegir Google Drive o Dropbox?<\/h2>\n<p>En principio, Google Drive parecer\u00e1 la mejor opci\u00f3n, de hecho, sus 15 GB gratis para cada usuario con una cuenta de Google es suficiente para preferirlo. Esta capacidad de almacenamiento se reparte entre tres aplicaciones Gmail, Google Fotos y el mismo Drive.<\/p>\n<p>Asimismo, cuenta con ofertas muy jugosas, el usuario puede acceder a un plan llamado Fiber 1000 donde pueden hacer uso de 1 TB de almacenamiento. Pero, la verdad es que para las empresas que buscan extrema seguridad y confidencialidad, esta herramienta no es muy confiable.<\/p>\n<p>En el pasado se han visto muchos casos de vulnerabilidad que ha llevado al filtrado de datos de forma exponencial, incluso de proyectos de\u00a0<a href=\"https:\/\/www.appyweb.es\/desarrollo-app\/\">desarrollo web de grandes empresas<\/a>, as\u00ed como datos bancarios o acceso a smartphones.<\/p>\n<p>Por otro lado,\u00a0<strong>Dropbox se destaca por su nivel de seguridad<\/strong>, con este servicio no es necesario que preocuparse por el filtrado, ya que incluso si eso pasara, ning\u00fan dato quedar\u00e1 expuesto gracias a su sistema de encriptado.<\/p>\n<h2><span id=\"%F0%9F%93%8C_Mas_informacion_sobre_Dropbox\" class=\"ez-toc-section\"><\/span>M\u00e1s informaci\u00f3n sobre Dropbox<\/h2>\n<p>Esta herramienta es solo uno de los pilares fundamentales al trabajar de forma online, pero si quieres conocer otras opciones para guardar, compartir y preservar datos en la nube, aqu\u00ed tienes m\u00e1s opciones.<\/p>\n<ul>\n<li><a href=\"https:\/\/www.appyweb.es\/tips-herramientas-teletrabajar\/\">13 mejores tips y herramientas para teletrabajar<\/a><\/li>\n<li><a href=\"https:\/\/www.redeszone.net\/tutoriales\/seguridad\/mantener-seguridad-privacidad-dropbox-drive-onedrive\/\" rel=\"nofollow noopener\" target=\"_blank\">Mejora la seguridad y privacidad al usar Drive, Dropbox y OneDrive<\/a><\/li>\n<\/ul>\n<\/div>\n<p>&nbsp;<\/p>\n","protected":false},"excerpt":{"rendered":"<p>Cuando hablamos de\u00a0Dropbox, hablamos de\u00a0un servicio de almacenamiento o nube virtual. Se puede acceder a trav\u00e9s de una cuenta privada y as\u00ed guardar informaci\u00f3n multiplataforma de manera segura, ya que se encuentra encriptada y s\u00f3lo el usuario puede hacer uso de la misma. \u00bfQu\u00e9 es Dropbox? Es una empresa que desarroll\u00f3 una aplicaci\u00f3n o software [&hellip;]<\/p>\n","protected":false},"author":1,"featured_media":0,"parent":0,"menu_order":0,"comment_status":"closed","ping_status":"closed","template":"","meta":{"inline_featured_image":false,"footnotes":""},"class_list":["post-1062","page","type-page","status-publish","hentry"],"_links":{"self":[{"href":"https:\/\/www.appyweb.es\/diccionario\/wp-json\/wp\/v2\/pages\/1062","targetHints":{"allow":["GET"]}}],"collection":[{"href":"https:\/\/www.appyweb.es\/diccionario\/wp-json\/wp\/v2\/pages"}],"about":[{"href":"https:\/\/www.appyweb.es\/diccionario\/wp-json\/wp\/v2\/types\/page"}],"author":[{"embeddable":true,"href":"https:\/\/www.appyweb.es\/diccionario\/wp-json\/wp\/v2\/users\/1"}],"replies":[{"embeddable":true,"href":"https:\/\/www.appyweb.es\/diccionario\/wp-json\/wp\/v2\/comments?post=1062"}],"version-history":[{"count":5,"href":"https:\/\/www.appyweb.es\/diccionario\/wp-json\/wp\/v2\/pages\/1062\/revisions"}],"predecessor-version":[{"id":12269,"href":"https:\/\/www.appyweb.es\/diccionario\/wp-json\/wp\/v2\/pages\/1062\/revisions\/12269"}],"wp:attachment":[{"href":"https:\/\/www.appyweb.es\/diccionario\/wp-json\/wp\/v2\/media?parent=1062"}],"curies":[{"name":"wp","href":"https:\/\/api.w.org\/{rel}","templated":true}]}}