{"id":1075,"date":"2023-06-20T13:09:53","date_gmt":"2023-06-20T13:09:53","guid":{"rendered":"https:\/\/www.appyweb.es\/diccionario\/?page_id=1075"},"modified":"2024-03-21T14:37:28","modified_gmt":"2024-03-21T14:37:28","slug":"deep-linking","status":"publish","type":"page","link":"https:\/\/www.appyweb.es\/diccionario\/deep-linking\/","title":{"rendered":"Deep Linking"},"content":{"rendered":"<h1 class=\"entry-title main_title\"><img loading=\"lazy\" decoding=\"async\" class=\"alignnone wp-image-12053\" src=\"https:\/\/www.appyweb.es\/diccionario\/wp-content\/uploads\/2024\/03\/DeepLinking-300x180.jpg\" alt=\"Deep Linking\" width=\"1135\" height=\"681\" srcset=\"https:\/\/www.appyweb.es\/diccionario\/wp-content\/uploads\/2024\/03\/DeepLinking-300x180.jpg 300w, https:\/\/www.appyweb.es\/diccionario\/wp-content\/uploads\/2024\/03\/DeepLinking-768x461.jpg 768w, https:\/\/www.appyweb.es\/diccionario\/wp-content\/uploads\/2024\/03\/DeepLinking.jpg 1000w\" sizes=\"auto, (max-width: 1135px) 100vw, 1135px\" \/><\/h1>\n<div class=\"entry-content\">\n<p>Es el nombre que se le da a la pr\u00e1ctica de enlazar una URL hacia una parte espec\u00edfica de un sitio web.\u00a0<strong>El Deep Linking o enlazado profundo permite mejorar la navegaci\u00f3n del usuario<\/strong>, pero que puede ser negativo para algunas plataformas, especialmente medios digitales que venden publicidad en la portada de su sitio.<\/p>\n<h2><span id=\"%F0%9F%93%8C_%C2%BFQue_es_Deep_Linking\" class=\"ez-toc-section\"><\/span>\u00bfQu\u00e9 es Deep Linking?<\/h2>\n<p>Como se mencion\u00f3 anteriormente, el\u00a0<em>deep linking<\/em>\u00a0genera enlaces directamente hacia una parte en concreto de un sitio web. Esto puede aplicarse tanto en construcci\u00f3n de enlaces internos, como en externos. La forma en c\u00f3mo funciona es muy simple, por ejemplo, cuando\u00a0<a href=\"https:\/\/www.appyweb.es\/campanas-google-adwords\/\">un anunciante hace una campa\u00f1a en Google Ads<\/a>\u00a0y el link del anuncio dirige a un contenido espec\u00edfico, como la promoci\u00f3n de un producto y no necesariamente la p\u00e1gina principal.<\/p>\n<p>El objetivo de esta pr\u00e1ctica es\u00a0<strong>permitir que el usuario tenga una mejor experiencia de navegaci\u00f3n<\/strong>, ya que no ser\u00e1 necesario hacer muchos clics para llegar a la p\u00e1gina que realmente le interesa. Sin embargo, algunos la evitan porque tienen otros objetivos relacionados con otro tipo de contenido.<\/p>\n<p>Aun as\u00ed, los algoritmos est\u00e1n a favor de la experiencia del usuario, por lo que emplear estrategias de este tipo incluso puede ser favorecedor para posicionar org\u00e1nicamente.<\/p>\n<h2><span id=\"%F0%9F%93%8C_Tipos_de_deep_linking\" class=\"ez-toc-section\"><\/span>Tipos de deep linking<\/h2>\n<p>Existen dos formas b\u00e1sicas que generar estos enlaces, es necesario tener en cuenta las necesidades y preferencia de la audiencia para\u00a0<a href=\"https:\/\/www.appyweb.es\/link-building\/\">establecer el tipo de linkbuilding perfecto<\/a>\u00a0para el sitio web, son los siguientes.<\/p>\n<h3><span id=\"Enlaces_web\" class=\"ez-toc-section\"><\/span>Enlaces web<\/h3>\n<p>Es el m\u00e1s habitual, pero es necesario hacer una distinci\u00f3n porque actualmente el deep linking no hace ninguna diferencia en las plataformas web, es decir,\u00a0<strong>un enlace profundo es lo mismo que un enlace web<\/strong>. Por ejemplo, el link en el p\u00e1rrafo anterior podr\u00eda decirse que es profundo por que enlaza a una p\u00e1gina interna muy espec\u00edfica, distinta de \u00e9sta y de la p\u00e1gina principal.<\/p>\n<h3><span id=\"Enlaces_de_app\" class=\"ez-toc-section\"><\/span>Enlaces de app<\/h3>\n<p>Aqu\u00ed es cuando resaltan los enlaces profundos con mayor distinci\u00f3n, ya que estos vinculan a sitios espec\u00edficos dentro de una app, sin embargo, si el usuario no tiene instalada la aplicaci\u00f3n, el link no va a funcionar. Esto ha permitido que los buscadores y el<strong>\u00a0algoritmo de los market places evolucionen para indexar apps con enlaces profundos<\/strong>, de forma que no se posicionen enlaces de una app que el usuario no tenga instalada en su smartphone.<\/p>\n<h2><span id=\"%F0%9F%93%8C_%C2%BFComo_se_usa_el_deep_linking\" class=\"ez-toc-section\"><\/span>\u00bfC\u00f3mo se usa el deep linking?<\/h2>\n<p>Su aplicaci\u00f3n en la web se da de forma natural, por ejemplo, en un contenido que explica c\u00f3mo dan frutos las plantas de tomate, puede aparecer un link externo hacia una p\u00e1gina que explica la fotos\u00edntesis en plantas de tomate, esto es un enlace profundo. Pero cuando se trata de apps,\u00a0<strong>los enlaces pueden aparecer en post o redes sociales<\/strong>, pero solo estar\u00e1 disponible para quienes tengan esa app.<\/p>\n<p>Por eso tambi\u00e9n es importante la segmentaci\u00f3n de la audiencia al promocionar enlaces de una aplicaci\u00f3n, ya que si un post aparece ante un usuario que no tenga esta app, entonces ese enlace no se posicionar\u00e1 en buscadores. La idea es lograr que los usuarios pasen m\u00e1s tiempo en las plataformas pero tambi\u00e9n sea un enlace \u00fatil para el posicionamiento web.<\/p>\n<h2><span id=\"%F0%9F%93%8C_Ejemplos_de_Deep_Linking\" class=\"ez-toc-section\"><\/span>Ejemplos de Deep Linking<\/h2>\n<p>Cuando se trata de apps, es f\u00e1cil determinar esta estrategia, por ejemplo, algunos anuncios de retargeting de la marca de moda SHEIN en Internet redirigen a ofertas exclusivas en su app m\u00f3vil. Al hacer clic\u00a0<strong>solo aquellos usuarios con la app acceder\u00e1n al descuento<\/strong>\u00a0(este es el enlace profundo), pero si no cuentan con la app entonces el enlace redirigir\u00e1 a uno de descarga, que no es exactamente lo que estaba buscado el usuario desde el principio. Por tanto, tiene que seguir muchos pasos adicionales (descargar la app, crear una cuenta, etc.)<\/p>\n<p>&nbsp;<\/p>\n<h2><span id=\"%F0%9F%93%8C_Mas_informacion_sobre_Deep_Linking\" class=\"ez-toc-section\"><\/span>M\u00e1s informaci\u00f3n sobre Deep Linking<\/h2>\n<p>Ya sabes que si tienes una app m\u00f3vil esta pr\u00e1ctica puede ayudarte a conseguir m\u00e1s visualizaci\u00f3n, fortalece tu estrategia con esta informaci\u00f3n adicional.<\/p>\n<ul>\n<li><a href=\"https:\/\/www.appyweb.es\/10-ejemplos-linkbuilding-posicionar-web\/\">10 ejemplos de link building para posicionar tu web<\/a><\/li>\n<li><a href=\"https:\/\/es.wikipedia.org\/wiki\/Enlace_profundo#Tipos_de_funcionamiento\" rel=\"nofollow noopener\" target=\"_blank\">Tipos de funcionamiento de enlaces profundos en apps<\/a><\/li>\n<\/ul>\n<\/div>\n<p>&nbsp;<\/p>\n","protected":false},"excerpt":{"rendered":"<p>Es el nombre que se le da a la pr\u00e1ctica de enlazar una URL hacia una parte espec\u00edfica de un sitio web.\u00a0El Deep Linking o enlazado profundo permite mejorar la navegaci\u00f3n del usuario, pero que puede ser negativo para algunas plataformas, especialmente medios digitales que venden publicidad en la portada de su sitio. \u00bfQu\u00e9 es [&hellip;]<\/p>\n","protected":false},"author":1,"featured_media":12053,"parent":0,"menu_order":0,"comment_status":"closed","ping_status":"closed","template":"","meta":{"inline_featured_image":false,"footnotes":""},"class_list":["post-1075","page","type-page","status-publish","has-post-thumbnail","hentry"],"_links":{"self":[{"href":"https:\/\/www.appyweb.es\/diccionario\/wp-json\/wp\/v2\/pages\/1075","targetHints":{"allow":["GET"]}}],"collection":[{"href":"https:\/\/www.appyweb.es\/diccionario\/wp-json\/wp\/v2\/pages"}],"about":[{"href":"https:\/\/www.appyweb.es\/diccionario\/wp-json\/wp\/v2\/types\/page"}],"author":[{"embeddable":true,"href":"https:\/\/www.appyweb.es\/diccionario\/wp-json\/wp\/v2\/users\/1"}],"replies":[{"embeddable":true,"href":"https:\/\/www.appyweb.es\/diccionario\/wp-json\/wp\/v2\/comments?post=1075"}],"version-history":[{"count":5,"href":"https:\/\/www.appyweb.es\/diccionario\/wp-json\/wp\/v2\/pages\/1075\/revisions"}],"predecessor-version":[{"id":12061,"href":"https:\/\/www.appyweb.es\/diccionario\/wp-json\/wp\/v2\/pages\/1075\/revisions\/12061"}],"wp:featuredmedia":[{"embeddable":true,"href":"https:\/\/www.appyweb.es\/diccionario\/wp-json\/wp\/v2\/media\/12053"}],"wp:attachment":[{"href":"https:\/\/www.appyweb.es\/diccionario\/wp-json\/wp\/v2\/media?parent=1075"}],"curies":[{"name":"wp","href":"https:\/\/api.w.org\/{rel}","templated":true}]}}