{"id":1078,"date":"2023-06-20T13:11:07","date_gmt":"2023-06-20T13:11:07","guid":{"rendered":"https:\/\/www.appyweb.es\/diccionario\/?page_id=1078"},"modified":"2024-03-22T08:46:21","modified_gmt":"2024-03-22T08:46:21","slug":"dominio-caducado","status":"publish","type":"page","link":"https:\/\/www.appyweb.es\/diccionario\/dominio-caducado\/","title":{"rendered":"Dominio Caducado"},"content":{"rendered":"<h1 class=\"entry-title main_title\"><img loading=\"lazy\" decoding=\"async\" class=\"alignnone wp-image-12212\" src=\"https:\/\/www.appyweb.es\/diccionario\/wp-content\/uploads\/2024\/03\/DominioCaducado-300x180.jpg\" alt=\"Dominio Caducado\" width=\"1137\" height=\"682\" srcset=\"https:\/\/www.appyweb.es\/diccionario\/wp-content\/uploads\/2024\/03\/DominioCaducado-300x180.jpg 300w, https:\/\/www.appyweb.es\/diccionario\/wp-content\/uploads\/2024\/03\/DominioCaducado-768x461.jpg 768w, https:\/\/www.appyweb.es\/diccionario\/wp-content\/uploads\/2024\/03\/DominioCaducado.jpg 1000w\" sizes=\"auto, (max-width: 1137px) 100vw, 1137px\" \/><\/h1>\n<div class=\"entry-content\">\n<p>Aunque los dominios pasan a ser propiedad de una empresa al comprarlos, cuando se hace a trav\u00e9s de un servidor de Hosting es necesario cumplir con un contrato. All\u00ed la empresa se compromete a pagar el derecho a utilizar ese nombre en Internet, por lo menos anualmente.\u00a0<strong>Cuando la empresa deja de pagar pasa a ser un dominio caducado<\/strong>, funciona de la siguiente forma.<\/p>\n<h2><span id=\"%F0%9F%93%8C_%C2%BFQue_es_un_dominio_caducado\" class=\"ez-toc-section\"><\/span>\u00bfQu\u00e9 es un dominio caducado?<\/h2>\n<p>Para hacerlo simple,<strong>\u00a0es un nombre o direcci\u00f3n web en Internet<\/strong>\u00a0que ha sido expirado, es decir, que ha dejado de ser pagado por el propietario. Al momento en que esto sucede el nombre pasa a ser p\u00fablico nuevamente, por lo que el servicio de Hosting puede volver a venderlo a otro propietario. Sin embargo, esta vez redirigir\u00e1 s\u00f3lo al sitio del nuevo propietario, aun as\u00ed \u00e9ste puede realizar\u00a0<a href=\"https:\/\/www.appyweb.es\/rediseno-web\/\">un redise\u00f1o web para ajustar su proyecto<\/a>.<\/p>\n<p>Es importante saber que antes de que este servicio caduque existen plazos previos, en los que el servicio se comunicar\u00e1 con los propietarios y le har\u00e1 saber\u00a0<strong>las opciones disponibles para pagar nuevamente el contrato<\/strong>. Es necesario no dejar expirar el nombre de la empresa en Internet porque se pueden perder todas las estrategias de posicionamiento.<\/p>\n<h2><span id=\"%F0%9F%93%8C_%C2%BFEs_recomendable_usar_un_Dominio_Caducado\" class=\"ez-toc-section\"><\/span>\u00bfEs recomendable usar un Dominio Caducado?<\/h2>\n<p>Estos elementos suelen tener un precio m\u00e1s bajo que uno nuevo, por lo que puede ser muy atractivo para algunas empresas que desean empezar posicionarse. Sin embargo, existen dos variables que se deben tener en cuenta, la primera tiene que ver con sanciones legales, puede que\u00a0<strong>el nombre se encuentre dentro de una disputa legal<\/strong>\u00a0en la que ser\u00eda complicado demostrar que se trata de un nuevo propietario.<\/p>\n<p>La segunda variable tiene que ver con las estrategias SEO, es posible que el sitio anterior no haya cumplido con la normativa de los algoritmos para posicionar, es decir, utiliz\u00f3 estrategia Black Hat SEO y g\u00e9nero penalizaciones dif\u00edciles de revertir.<\/p>\n<p>Sin embargo, algunos expertos recomiendan utilizar un dominio caducado cuando cuenta con una estrategia bien posicionada. Para esto se puede\u00a0<a href=\"https:\/\/www.appyweb.es\/auditoria-seo\/\">realizar una auditor\u00eda SEO<\/a>\u00a0para verificar que vale la pena comprarlo o utilizarlo para un nuevo proyecto digital.<\/p>\n<h2><span id=\"%F0%9F%93%8C_%C2%BFComo_conseguir_un_Dominio_Caducado\" class=\"ez-toc-section\"><\/span>\u00bfC\u00f3mo conseguir un Dominio Caducado?<\/h2>\n<p>La forma m\u00e1s sencilla de conseguir uno de estos es en una subasta, en estas\u00a0<strong>su valor puede estar al 50% menos que al inicio<\/strong>. Esto sin duda es de una gran ayuda para los nuevos en el mundo del desarrollo de portales digitales y para los nuevos emprendedores de Internet.<\/p>\n<p>Estas subastas pueden ser anunciadas por el mismo servidor de Hosting, por ejemplo, GoDaddy cuenta con una p\u00e1gina especial donde compran y venden las direcciones que se han vencido, el precio puede ser de un m\u00ednimo de $5.<\/p>\n<h2><span id=\"%F0%9F%93%8C_%C2%BFComo_renovar_un_dominio_vencido\" class=\"ez-toc-section\"><\/span>\u00bfC\u00f3mo renovar un dominio vencido?<\/h2>\n<p>Cada servidor tendr\u00e1 su propio procedimiento, por ejemplo, en Google Domain es necesario seleccionar el nombre dentro de la cuenta, abrir el men\u00fa principal y despu\u00e9s dirigirse hacia la configuraci\u00f3n de registro. Al final de la p\u00e1gina\u00a0<strong>se ver\u00e1 un bot\u00f3n que indica la renovaci\u00f3n autom\u00e1tica<\/strong>, se selecciona el m\u00e9todo de pago m\u00e1s c\u00f3modo para el propietario y se aplicar\u00e1n los cargos a la cuenta de forma autom\u00e1tica unos d\u00edas antes del vencimiento, esto ocurre normalmente de forma anual.<\/p>\n<p>Sin embargo, algunos servicios indican el m\u00e9todo de pago y el plazo para ello seg\u00fan la terminaci\u00f3n de la direcci\u00f3n y otras caracter\u00edsticas.<\/p>\n<p>&nbsp;<\/p>\n<h2><span id=\"%F0%9F%93%8C_Mas_informacion_sobre_Dominio_Caducado\" class=\"ez-toc-section\"><\/span>M\u00e1s informaci\u00f3n sobre Dominio Caducado<\/h2>\n<p>Es un t\u00e9rmino que debe ser evaluado al momento de empezar tu estrategia en Internet, aqu\u00ed tienes m\u00e1s info para instruirte.<\/p>\n<ul>\n<li><a href=\"https:\/\/www.appyweb.es\/dominios-web-gratis-de-pago-pros-contras\/\">Pros y Contras: Dominios web gratis vs. dominios web de pago<\/a><\/li>\n<li><a href=\"https:\/\/www.redeszone.net\/tutoriales\/internet\/transferir-dominio-web\/\" rel=\"nofollow noopener\" target=\"_blank\">As\u00ed puedes trasladar tu dominio web a otro proveedor f\u00e1cilmente<\/a>.<\/li>\n<\/ul>\n<\/div>\n<p>&nbsp;<\/p>\n","protected":false},"excerpt":{"rendered":"<p>Aunque los dominios pasan a ser propiedad de una empresa al comprarlos, cuando se hace a trav\u00e9s de un servidor de Hosting es necesario cumplir con un contrato. All\u00ed la empresa se compromete a pagar el derecho a utilizar ese nombre en Internet, por lo menos anualmente.\u00a0Cuando la empresa deja de pagar pasa a ser [&hellip;]<\/p>\n","protected":false},"author":1,"featured_media":12212,"parent":0,"menu_order":0,"comment_status":"closed","ping_status":"closed","template":"","meta":{"inline_featured_image":false,"footnotes":""},"class_list":["post-1078","page","type-page","status-publish","has-post-thumbnail","hentry"],"_links":{"self":[{"href":"https:\/\/www.appyweb.es\/diccionario\/wp-json\/wp\/v2\/pages\/1078","targetHints":{"allow":["GET"]}}],"collection":[{"href":"https:\/\/www.appyweb.es\/diccionario\/wp-json\/wp\/v2\/pages"}],"about":[{"href":"https:\/\/www.appyweb.es\/diccionario\/wp-json\/wp\/v2\/types\/page"}],"author":[{"embeddable":true,"href":"https:\/\/www.appyweb.es\/diccionario\/wp-json\/wp\/v2\/users\/1"}],"replies":[{"embeddable":true,"href":"https:\/\/www.appyweb.es\/diccionario\/wp-json\/wp\/v2\/comments?post=1078"}],"version-history":[{"count":5,"href":"https:\/\/www.appyweb.es\/diccionario\/wp-json\/wp\/v2\/pages\/1078\/revisions"}],"predecessor-version":[{"id":12217,"href":"https:\/\/www.appyweb.es\/diccionario\/wp-json\/wp\/v2\/pages\/1078\/revisions\/12217"}],"wp:featuredmedia":[{"embeddable":true,"href":"https:\/\/www.appyweb.es\/diccionario\/wp-json\/wp\/v2\/media\/12212"}],"wp:attachment":[{"href":"https:\/\/www.appyweb.es\/diccionario\/wp-json\/wp\/v2\/media?parent=1078"}],"curies":[{"name":"wp","href":"https:\/\/api.w.org\/{rel}","templated":true}]}}