{"id":1082,"date":"2023-06-20T13:12:04","date_gmt":"2023-06-20T13:12:04","guid":{"rendered":"https:\/\/www.appyweb.es\/diccionario\/?page_id=1082"},"modified":"2024-03-22T09:09:42","modified_gmt":"2024-03-22T09:09:42","slug":"dominio-espejo","status":"publish","type":"page","link":"https:\/\/www.appyweb.es\/diccionario\/dominio-espejo\/","title":{"rendered":"Dominio espejo"},"content":{"rendered":"<div class=\"entry-content\">\n<p><img loading=\"lazy\" decoding=\"async\" class=\"alignnone wp-image-12225\" src=\"https:\/\/www.appyweb.es\/diccionario\/wp-content\/uploads\/2024\/03\/Dominioespejo-300x180.jpg\" alt=\"Dominio espejo\" width=\"1145\" height=\"687\" srcset=\"https:\/\/www.appyweb.es\/diccionario\/wp-content\/uploads\/2024\/03\/Dominioespejo-300x180.jpg 300w, https:\/\/www.appyweb.es\/diccionario\/wp-content\/uploads\/2024\/03\/Dominioespejo-768x461.jpg 768w, https:\/\/www.appyweb.es\/diccionario\/wp-content\/uploads\/2024\/03\/Dominioespejo.jpg 1000w\" sizes=\"auto, (max-width: 1145px) 100vw, 1145px\" \/><\/p>\n<p>Es un dominio diferente al oficial de una marca, este refleja exactamente el contenido que est\u00e1 disponible en el primero, normalmente, estos cuentan con el mismo servidor por lo que se puede decir que son sitios web hermanos, aunque se suele denominar como\u00a0<em>dominio espejo<\/em>.<\/p>\n<h2><span id=\"%F0%9F%93%8C_%C2%BFQue_es_un_dominio_espejo\" class=\"ez-toc-section\"><\/span>\u00bfQu\u00e9 es un dominio espejo?<\/h2>\n<p>Para ser m\u00e1s precisos, los dominios espejos son nombres de Internet que comparten la misma direcci\u00f3n IP, suele ser una t\u00e1ctica de\u00a0<a href=\"https:\/\/www.appyweb.es\/posicionamiento-web\/\">posicionamiento web para empresas<\/a>\u00a0que quieren<strong>\u00a0evitar que la competencia utilice las mismas palabras claves<\/strong>\u00a0en la direcci\u00f3n de su sitio.<\/p>\n<p>Es por eso que en ocasiones las empresas suelen comprar las direcciones relacionadas con el propio, por ejemplo, si una empresa ha registrado la marca \u201cmi-marca.com\u201d, es posible que tambi\u00e9n pueda adquirir otros como \u201cmimarca.com, mimarca.es, miamarca.com, marcami.com\u2026\u201d. Sin embargo, como todas estas han sido compradas en el mismo servidor comparten la misma direcci\u00f3n IP, por lo que se dirigir\u00e1n a un mismo sitio web.<\/p>\n<h2><span id=\"%F0%9F%93%8C_%C2%BFPor_que_utilizar_dominios_espejo\" class=\"ez-toc-section\"><\/span>\u00bfPor qu\u00e9 utilizar dominios espejo?<\/h2>\n<p>Al utilizar estas estrategias las empresas no solo pueden asegurarse de que la competencia no utilizar\u00e1 su misma t\u00e9cnica de posicionamiento, sino que tambi\u00e9n cuentan con un\u00a0<a href=\"https:\/\/www.appyweb.es\/marketing-de-atraccion\/\">gran valor para atraer usuarios<\/a>, ya que\u00a0<strong>facilitan a los internautas la b\u00fasqueda del sitio web<\/strong>. No importa desde que direcci\u00f3n accedan o incluso si escriben mal la direcci\u00f3n, siempre terminar\u00e1n en el mismo sitio.<\/p>\n<p>Sin embargo, tambi\u00e9n es importante resaltar que existen problemas al utilizar esta pr\u00e1ctica, ya que\u00a0<strong>los buscadores no saben diferenciar cu\u00e1l es el dominio original<\/strong>. Por ende, \u00e9l posicionar\u00e1 mejor al m\u00e1s viejo, m\u00e1s popular o simplemente el m\u00e1s usado por los internautas. En ocasiones, esto tambi\u00e9n suele generar una disputa en el algoritmo, por lo que decidir\u00e1n no posicionar a ninguno de los sitios.<\/p>\n<h2><span id=\"%F0%9F%93%8C_%C2%BFComo_utilizar_dominio_espejo_en_ser_penalizado\" class=\"ez-toc-section\"><\/span>\u00bfC\u00f3mo utilizar dominio espejo en ser penalizado?<\/h2>\n<p>Para evitar la situaci\u00f3n anterior, los propietarios pueden aplicar diferentes estrategias para seguir\u00a0<strong>aprovechando el tr\u00e1fico que obtienen de todas las direcciones asignadas<\/strong>, las m\u00e1s populares son las siguientes.<\/p>\n<ul>\n<li><strong>Con redireccionamientos 301<\/strong>: Es un comando que se induce en las p\u00e1ginas para evitar que sean rastreadas a trav\u00e9s de la URL, sin embargo, no es 100% efectiva.<\/li>\n<li><strong>Con etiquetas no index<\/strong>: En este caso, se puede indicar al algoritmo de Google que solo eval\u00fae la p\u00e1gina principal, as\u00ed se evitan penalizaciones para el posicionamiento.<\/li>\n<li><strong>Con etiquetas can\u00f3nicas<\/strong>: Es una de las mejores soluciones, con esto le da entender a Google que se trata de una p\u00e1gina duplicada, pero que no necesariamente afecta al posicionamiento.<\/li>\n<\/ul>\n<h2><span id=\"%F0%9F%93%8C_Ejemplo_de_dominio_espejo\" class=\"ez-toc-section\"><\/span>Ejemplo de dominio espejo<\/h2>\n<p>El efecto espejo se da en muchas ocasiones cuando una p\u00e1gina est\u00e1 disponible para diferentes pa\u00edses, por ejemplo, para la marca de ropa SHEIN se pueden acceder a direcciones disponibles para M\u00e9xico (shein.com.mx), Chile (cl.shein.com) y Estados Unidos (us.shein.com),\u00a0<strong>todas redirigen al mismo sitio<\/strong>, la diferencia radica en el idioma y en la forma de pago, esto se suele aplicar con distintas configuraciones.<\/p>\n<p>&nbsp;<\/p>\n<h2><span id=\"%F0%9F%93%8C_Mas_informacion_sobre_dominios_espejo\" class=\"ez-toc-section\"><\/span>M\u00e1s informaci\u00f3n sobre dominios espejo<\/h2>\n<p>Ya sabes que los dominios espejos pueden ser tanto beneficiosos como perjudiciales, si quieres saber m\u00e1s sobre ellos para utilizarlos correctamente aqu\u00ed tienes m\u00e1s informaci\u00f3n.<\/p>\n<ul>\n<li><a href=\"https:\/\/www.appyweb.es\/conoce-mas-la-redireccion-301\/\">\u00bfC\u00f3mo realizar una redirecci\u00f3n 301 en tu web?<\/a><\/li>\n<li><a href=\"https:\/\/help.dreamhost.com\/hc\/es\/articles\/215416417-Generalidades-del-reflejo-de-un-dominio\" rel=\"nofollow noopener\" target=\"_blank\">Generalidades del reflejo de un dominio<\/a><\/li>\n<\/ul>\n<\/div>\n<p>&nbsp;<\/p>\n","protected":false},"excerpt":{"rendered":"<p>Es un dominio diferente al oficial de una marca, este refleja exactamente el contenido que est\u00e1 disponible en el primero, normalmente, estos cuentan con el mismo servidor por lo que se puede decir que son sitios web hermanos, aunque se suele denominar como\u00a0dominio espejo. \u00bfQu\u00e9 es un dominio espejo? Para ser m\u00e1s precisos, los dominios [&hellip;]<\/p>\n","protected":false},"author":1,"featured_media":12225,"parent":0,"menu_order":0,"comment_status":"closed","ping_status":"closed","template":"","meta":{"inline_featured_image":false,"footnotes":""},"class_list":["post-1082","page","type-page","status-publish","has-post-thumbnail","hentry"],"_links":{"self":[{"href":"https:\/\/www.appyweb.es\/diccionario\/wp-json\/wp\/v2\/pages\/1082","targetHints":{"allow":["GET"]}}],"collection":[{"href":"https:\/\/www.appyweb.es\/diccionario\/wp-json\/wp\/v2\/pages"}],"about":[{"href":"https:\/\/www.appyweb.es\/diccionario\/wp-json\/wp\/v2\/types\/page"}],"author":[{"embeddable":true,"href":"https:\/\/www.appyweb.es\/diccionario\/wp-json\/wp\/v2\/users\/1"}],"replies":[{"embeddable":true,"href":"https:\/\/www.appyweb.es\/diccionario\/wp-json\/wp\/v2\/comments?post=1082"}],"version-history":[{"count":5,"href":"https:\/\/www.appyweb.es\/diccionario\/wp-json\/wp\/v2\/pages\/1082\/revisions"}],"predecessor-version":[{"id":12226,"href":"https:\/\/www.appyweb.es\/diccionario\/wp-json\/wp\/v2\/pages\/1082\/revisions\/12226"}],"wp:featuredmedia":[{"embeddable":true,"href":"https:\/\/www.appyweb.es\/diccionario\/wp-json\/wp\/v2\/media\/12225"}],"wp:attachment":[{"href":"https:\/\/www.appyweb.es\/diccionario\/wp-json\/wp\/v2\/media?parent=1082"}],"curies":[{"name":"wp","href":"https:\/\/api.w.org\/{rel}","templated":true}]}}