{"id":1086,"date":"2023-06-20T13:13:39","date_gmt":"2023-06-20T13:13:39","guid":{"rendered":"https:\/\/www.appyweb.es\/diccionario\/?page_id=1086"},"modified":"2024-03-22T08:29:16","modified_gmt":"2024-03-22T08:29:16","slug":"domain-rating","status":"publish","type":"page","link":"https:\/\/www.appyweb.es\/diccionario\/domain-rating\/","title":{"rendered":"Domain Rating"},"content":{"rendered":"<h1 class=\"entry-title main_title\"><img loading=\"lazy\" decoding=\"async\" class=\"alignnone wp-image-12208\" src=\"https:\/\/www.appyweb.es\/diccionario\/wp-content\/uploads\/2024\/03\/DomainRating-300x180.jpg\" alt=\"Domain Rating\" width=\"1113\" height=\"668\" srcset=\"https:\/\/www.appyweb.es\/diccionario\/wp-content\/uploads\/2024\/03\/DomainRating-300x180.jpg 300w, https:\/\/www.appyweb.es\/diccionario\/wp-content\/uploads\/2024\/03\/DomainRating-768x461.jpg 768w, https:\/\/www.appyweb.es\/diccionario\/wp-content\/uploads\/2024\/03\/DomainRating.jpg 1000w\" sizes=\"auto, (max-width: 1113px) 100vw, 1113px\" \/><\/h1>\n<div class=\"entry-content\">\n<p>Se trata de una de las herramientas de SEO de Ahrefs m\u00e1s eficaces.\u00a0<strong>La funci\u00f3n principal de Domain Rating es medir la autoridad de un dominio<\/strong>\u00a0con respecto al impacto que genera en la estrategia de construcci\u00f3n de enlaces en Internet.<\/p>\n<h2><span id=\"%F0%9F%93%8C_%C2%BFQue_es_Domain_Rating\" class=\"ez-toc-section\"><\/span>\u00bfQu\u00e9 es Domain Rating?<\/h2>\n<p>El Domain Rating es una herramienta que permite <strong>rastrear la fortaleza de un enlace que dirige a un sitio digital espec\u00edfico<\/strong>. Esto lo hace mediante un algoritmo, que va desde el n\u00famero 0 hasta el 100, donde este \u00faltimo es m\u00e1s alto de dicho rango. Ahrefs ha desarrollado esta estrategia para mostrar la fortaleza de un sitio web en su sector, dependiendo de algunos t\u00e9rminos como el tama\u00f1o y la calidad de su contenido.<\/p>\n<p>Tambi\u00e9n es conocido como DR simplemente, muchos sitios web lo utilizan para\u00a0<a href=\"https:\/\/www.appyweb.es\/link-building\/\">saber si su estrategia de link building est\u00e1 funcionando<\/a>. Usualmente,\u00a0<strong>la construcci\u00f3n de enlaces permite generar m\u00e1s autoridad en un sitio web<\/strong>, lo que puede hacer que esta m\u00e9trica se vea influenciada. Igualmente, un sitio web con un nivel de autoridad alto tambi\u00e9n suelen tomarse m\u00e1s en cuenta para el posicionamiento en buscadores.<\/p>\n<h2><span id=\"%F0%9F%93%8C_%C2%BFPor_que_se_emplea_Domain_Rating\" class=\"ez-toc-section\"><\/span>\u00bfPor qu\u00e9 se emplea Domain Rating?<\/h2>\n<p>Como se mencion\u00f3 anteriormente, el nivel de autoridad es una de las caracter\u00edsticas que tiene el buscador en cuenta al momento de posicionar, es por eso que los propietarios de sitios web est\u00e1n\u00a0<strong>m\u00e1s interesados en utilizar herramientas como Domain Authority Checker<\/strong>, para saber el rango en el que se encuentra su sitio web.<\/p>\n<p>Tambi\u00e9n es ideal para entender si la estrategia de construcci\u00f3n est\u00e1 funcionando, aunque para esto tambi\u00e9n se pueden utilizar otras\u00a0<a href=\"https:\/\/www.appyweb.es\/posicionamiento-web\/\">herramientas que miden el posicionamiento web<\/a>\u00a0del sitio.<\/p>\n<p>Asimismo, tambi\u00e9n suele utilizarse para evaluar un dominio, para saber si vale la pena utilizarlo para empezar a promocionar una marca. Es una estrategia que deben utilizar los emprendedores y las marcas peque\u00f1as cuando deciden empezar a competir en el marketing digital.<\/p>\n<h2><span id=\"%F0%9F%93%8C_%C2%BFComo_empezar_a_utilizar_Domain_Rating\" class=\"ez-toc-section\"><\/span>\u00bfC\u00f3mo empezar a utilizar Domain Rating?<\/h2>\n<p>Para empezar a utilizar esta ingeniosa herramienta solo es cuesti\u00f3n de seguir estos pasos.<\/p>\n<ol>\n<li>Acceder a la herramienta de Ahrefs.<\/li>\n<li>En el buscador se debe escribir el dominio a evaluar, despu\u00e9s hacer clic en buscar.<\/li>\n<li>En la parte posterior del dashboard aparecer\u00e1 un informe, aunque tambi\u00e9n se puede visualizar en la Vista General.<\/li>\n<li>Se trata de una m\u00e9trica que indica el n\u00famero que va de 0 a 100 evaluando el sitio web.<\/li>\n<li>Tambi\u00e9n cuenta con un gr\u00e1fico que\u00a0<strong>indica por colores si se trata de una buena o mala calificaci\u00f3n<\/strong>, esto lo hace utilizando los colores verde, amarillo, naranja y rojo.<\/li>\n<\/ol>\n<h2><span id=\"%F0%9F%93%8C_%C2%BFComo_se_calcula_el_Domain_Rating\" class=\"ez-toc-section\"><\/span>\u00bfC\u00f3mo se calcula el Domain Rating?<\/h2>\n<p>C\u00f3mo se mencion\u00f3 anteriormente, se trata de un algoritmo que realiza el c\u00e1lculo de forma autom\u00e1tica, sin embargo,\u00a0<strong>Ahrefs ha mencionado anteriormente c\u00f3mo realizan este procedimiento<\/strong>, utilizan las siguientes variables.<\/p>\n<ul>\n<li>La cantidad de sitios web de terceros que contienen al menos un enlace dofollow hacia dicho dominio.<\/li>\n<li>Tambi\u00e9n se eval\u00faa la autoridad de esos sitios web que est\u00e1n enlazando.<\/li>\n<li>Y por \u00faltimo, tienen en cuenta la cantidad de enlaces salientes de los sitios mencionados.<\/li>\n<\/ul>\n<p>Con esta f\u00f3rmula tambi\u00e9n eval\u00faan un ratio de 0 a 100 para clasificar a los sitios web.<\/p>\n<p>&nbsp;<\/p>\n<h2><span id=\"%F0%9F%93%8C_Mas_informacion_sobre_Domain_Rating\" class=\"ez-toc-section\"><\/span>M\u00e1s informaci\u00f3n sobre Domain Rating<\/h2>\n<p>Ahrefs es una herramienta que definitivamente necesitas para mejorar tu marketin \u00bfquieres saber m\u00e1s sobre ella? Aqu\u00ed tienes m\u00e1s informaci\u00f3n.<\/p>\n<ul>\n<li><a href=\"https:\/\/www.appyweb.es\/sube-posicones-google-ahrefs\/\">Sube posiciones en Google con la ayuda de Ahrefs<\/a><\/li>\n<li><a href=\"https:\/\/ahrefs.com\/blog\/es\/como-incrementar-autoridad-sitio-web\/\" rel=\"nofollow noopener\" target=\"_blank\">\u00bfC\u00f3mo aumentar la autoridad de un sitio web?<\/a><\/li>\n<\/ul>\n<\/div>\n<p>&nbsp;<\/p>\n","protected":false},"excerpt":{"rendered":"<p>Se trata de una de las herramientas de SEO de Ahrefs m\u00e1s eficaces.\u00a0La funci\u00f3n principal de Domain Rating es medir la autoridad de un dominio\u00a0con respecto al impacto que genera en la estrategia de construcci\u00f3n de enlaces en Internet. \u00bfQu\u00e9 es Domain Rating? El Domain Rating es una herramienta que permite rastrear la fortaleza de [&hellip;]<\/p>\n","protected":false},"author":1,"featured_media":12208,"parent":0,"menu_order":0,"comment_status":"closed","ping_status":"closed","template":"","meta":{"inline_featured_image":false,"footnotes":""},"class_list":["post-1086","page","type-page","status-publish","has-post-thumbnail","hentry"],"_links":{"self":[{"href":"https:\/\/www.appyweb.es\/diccionario\/wp-json\/wp\/v2\/pages\/1086","targetHints":{"allow":["GET"]}}],"collection":[{"href":"https:\/\/www.appyweb.es\/diccionario\/wp-json\/wp\/v2\/pages"}],"about":[{"href":"https:\/\/www.appyweb.es\/diccionario\/wp-json\/wp\/v2\/types\/page"}],"author":[{"embeddable":true,"href":"https:\/\/www.appyweb.es\/diccionario\/wp-json\/wp\/v2\/users\/1"}],"replies":[{"embeddable":true,"href":"https:\/\/www.appyweb.es\/diccionario\/wp-json\/wp\/v2\/comments?post=1086"}],"version-history":[{"count":7,"href":"https:\/\/www.appyweb.es\/diccionario\/wp-json\/wp\/v2\/pages\/1086\/revisions"}],"predecessor-version":[{"id":12210,"href":"https:\/\/www.appyweb.es\/diccionario\/wp-json\/wp\/v2\/pages\/1086\/revisions\/12210"}],"wp:featuredmedia":[{"embeddable":true,"href":"https:\/\/www.appyweb.es\/diccionario\/wp-json\/wp\/v2\/media\/12208"}],"wp:attachment":[{"href":"https:\/\/www.appyweb.es\/diccionario\/wp-json\/wp\/v2\/media?parent=1086"}],"curies":[{"name":"wp","href":"https:\/\/api.w.org\/{rel}","templated":true}]}}