{"id":109,"date":"2023-06-19T13:14:46","date_gmt":"2023-06-19T13:14:46","guid":{"rendered":"https:\/\/www.appyweb.es\/diccionario\/?page_id=109"},"modified":"2024-02-15T10:55:16","modified_gmt":"2024-02-15T10:55:16","slug":"analisis-competencia","status":"publish","type":"page","link":"https:\/\/www.appyweb.es\/diccionario\/analisis-competencia\/","title":{"rendered":"An\u00e1lisis de la competencia"},"content":{"rendered":"<p><img loading=\"lazy\" decoding=\"async\" class=\" wp-image-8240 aligncenter\" src=\"https:\/\/www.appyweb.es\/diccionario\/wp-content\/uploads\/2023\/08\/que-es-analisis-de-la-competencia-300x300.jpg\" alt=\"\" width=\"500\" height=\"500\" srcset=\"https:\/\/www.appyweb.es\/diccionario\/wp-content\/uploads\/2023\/08\/que-es-analisis-de-la-competencia-300x300.jpg 300w, https:\/\/www.appyweb.es\/diccionario\/wp-content\/uploads\/2023\/08\/que-es-analisis-de-la-competencia-1024x1024.jpg 1024w, https:\/\/www.appyweb.es\/diccionario\/wp-content\/uploads\/2023\/08\/que-es-analisis-de-la-competencia-150x150.jpg 150w, https:\/\/www.appyweb.es\/diccionario\/wp-content\/uploads\/2023\/08\/que-es-analisis-de-la-competencia-768x768.jpg 768w, https:\/\/www.appyweb.es\/diccionario\/wp-content\/uploads\/2023\/08\/que-es-analisis-de-la-competencia.jpg 1080w\" sizes=\"auto, (max-width: 500px) 100vw, 500px\" \/><\/p>\n<p>Es un an\u00e1lisis que se aplica a los competidores que se encuentran en el mismo sector, con el fin de observar sus debilidades y fortalezas, conocer qu\u00e9 estrategias aplican en el mercado.<br \/>\nEn caso de que sus t\u00e9cnicas tengan mejores resultados se pueden aplicar dentro de nuevas campa\u00f1as.<\/p>\n<p><strong>Conocer a la\u00a0competencia\u00a0puede permitir a una empresa superar sus estrategias<\/strong>.<br \/>\nSuele ser una t\u00e9cnica muy utilizada en marketing digital, para ofrecer mejores contenidos y as\u00ed dirigir el tr\u00e1fico\u00a0digital hacia su sitio.<\/p>\n<h2>\u00bfQu\u00e9 es el an\u00e1lisis de la competencia?<\/h2>\n<p>Como su nombre lo indica, es un estudio a trav\u00e9s del cual se observa c\u00f3mo es el desarrollo en cuanto a recursos, estrategias, productos, servicios, capacidades, fortalezas y debilidades que est\u00e1n en el entorno de las dem\u00e1s empresas. Se puede aplicar en un estudio profundo para conocer sus productos, clientes y empleados, as\u00ed como para <a href=\"https:\/\/www.appyweb.es\/seo-local\/\">estudiar solo sus estrategias de marketing digital.<\/a><\/p>\n<h2>\u00bfPara qu\u00e9 sirve el an\u00e1lisis de la competencia?<\/h2>\n<p>Su funci\u00f3n es ayudar a una empresa a mejorar la toma de decisiones, teniendo en cuenta lo que s\u00ed est\u00e1 funcionando en el mercado, solo que a\u00f1adiendo un toque m\u00e1s llamativo para diferenciarse de las otras empresas. Igualmente, su utilidad no es m\u00e1s que para saber qu\u00e9 hacen y qu\u00e9 no hacen las dem\u00e1s empresas, con el fin de actuar en consecuencia.<\/p>\n<h2>\u00bfC\u00f3mo realizar un an\u00e1lisis de la competencia?<\/h2>\n<p>1. Lo primero es identificar a los competidores, esto se puede realizar con una b\u00fasqueda de palabras clave en Google.<br \/>\n2. Seguidamente, se debe analizar y vigilar el sitio web de un competidor, incluso se puede <a href=\"https:\/\/www.appyweb.es\/auditoria-seo\/\">hacer una auditor\u00eda SEO<\/a> de ese dominio.<br \/>\n3. Observar las menciones que se realizan a los competidores en Internet, esto se puede hacer mediante un informe de <a href=\"https:\/\/www.appyweb.es\/diccionario\/ahrefs\/\">Ahrefs<\/a> o en las redes sociales.<br \/>\n4. Tener en cuenta las estrategias de marketing digital, se debe estudiar el blog de otras empresas, el ranking de posicionamiento, los anuncios en Facebook y Google Ads y las palabras claves que utilizan.<br \/>\n5. Verificar el precio de sus productos o servicios, de forma que se puedan ofrecer mejores ofertas.<br \/>\n6. Tambi\u00e9n <strong>es necesario hacer un estudio de su producto profesional<\/strong>, es decir, quienes trabajan con ellos y cu\u00e1les son las tecnolog\u00edas que utilizan.<br \/>\n7. Es importante realizar un estudio de fortalezas y debilidades o cualquier otro detalle importante.<br \/>\n<script type=\"application\/ld+json\">{\"@context\":\"https:\/\/schema.org\",\"@type\":\"FAQPage\",\"mainEntity\":[ \n{\"@type\":\"Question\",\"name\":\"\u00bfQu\u00e9 es el an\u00e1lisis de la competencia?\",\"acceptedAnswer\":{\"@type\":\"Answer\",\"text\":\"Como su nombre lo indica, es un estudio a trav\u00e9s del cual se observa c\u00f3mo es el desarrollo en cuanto a recursos, estrategias, productos, servicios, capacidades, fortalezas y debilidades que est\u00e1n en el entorno de las dem\u00e1s empresas. Se puede aplicar en un estudio profundo para conocer sus productos, clientes y empleados, as\u00ed como para estudiar solo sus estrategias de marketing digital.\n\"}},\n{\"@type\":\"Question\",\"name\":\"\u00bfPara qu\u00e9 sirve el an\u00e1lisis de la competencia?\",\"acceptedAnswer\":{\"@type\":\"Answer\",\"text\":\"Su funci\u00f3n es ayudar a una empresa a mejorar la toma de decisiones, teniendo en cuenta lo que s\u00ed est\u00e1 funcionando en el mercado, solo que a\u00f1adiendo un toque m\u00e1s llamativo para diferenciarse de las otras empresas. Igualmente, su utilidad no es m\u00e1s que para saber qu\u00e9 hacen y qu\u00e9 no hacen las dem\u00e1s empresas, con el fin de actuar en consecuencia.\"}},\n{\"@type\":\"Question\",\"name\":\"\u00bfC\u00f3mo realizar un an\u00e1lisis de la competencia?\",\"acceptedAnswer\":{\"@type\":\"Answer\",\"text\":\"Lo primero es identificar a los competidores, esto se puede realizar con una b\u00fasqueda de palabras clave en Google.\nSeguidamente, se debe analizar y vigilar el sitio web de un competidor, incluso se puede hacer una auditor\u00eda SEO de ese dominio.\nObservar las menciones que se realizan a los competidores en Internet, esto se puede hacer mediante un informe de Ahrefs o en las redes sociales.\nTener en cuenta las estrategias de marketing digital, se debe estudiar el blog de otras empresas, el ranking de posicionamiento, los anuncios en Facebook y Google Ads y las palabras claves que utilizan.\nVerificar el precio de sus productos o servicios, de forma que se puedan ofrecer mejores ofertas.\nTambi\u00e9n es necesario hacer un estudio de su producto profesional, es decir, quienes trabajan con ellos y cu\u00e1les son las tecnolog\u00edas que utilizan.\nEs importante realizar un estudio de fortalezas y debilidades o cualquier otro detalle importante.\"}}\n]}<\/script><\/p>\n<p><img decoding=\"async\" src=\"https:\/\/www.appyweb.es\/wp-content\/uploads\/2020\/08\/analisis-de-la-competencia.png\" \/><\/p>\n<h2><span id=\"%F0%9F%93%8CMas_informacion_sobre_analisis_de_competencia\" class=\"ez-toc-section\"><\/span>M\u00e1s informaci\u00f3n sobre an\u00e1lisis de competencia<\/h2>\n<ul>\n<li><a href=\"https:\/\/diseno20.appyweb.es\/estrategia-marketing-360\/\" rel=\"nofollow noopener\" target=\"_blank\">estrategias de marketing digital que tu negocio necesita implementar<\/a>.<\/li>\n<li><a href=\"https:\/\/www.iebschool.com\/blog\/herramientas-analisis-competencia-e-commerce\/\" rel=\"nofollow noopener\" target=\"_blank\">Top 18 herramientas de an\u00e1lisis de la competencia<\/a>.<\/li>\n<\/ul>\n","protected":false},"excerpt":{"rendered":"<p>Es un an\u00e1lisis que se aplica a los competidores que se encuentran en el mismo sector, con el fin de observar sus debilidades y fortalezas, conocer qu\u00e9 estrategias aplican en el mercado. En caso de que sus t\u00e9cnicas tengan mejores resultados se pueden aplicar dentro de nuevas campa\u00f1as. Conocer a la\u00a0competencia\u00a0puede permitir a una empresa [&hellip;]<\/p>\n","protected":false},"author":1,"featured_media":8240,"parent":0,"menu_order":0,"comment_status":"closed","ping_status":"closed","template":"","meta":{"inline_featured_image":false,"footnotes":""},"class_list":["post-109","page","type-page","status-publish","has-post-thumbnail","hentry"],"_links":{"self":[{"href":"https:\/\/www.appyweb.es\/diccionario\/wp-json\/wp\/v2\/pages\/109","targetHints":{"allow":["GET"]}}],"collection":[{"href":"https:\/\/www.appyweb.es\/diccionario\/wp-json\/wp\/v2\/pages"}],"about":[{"href":"https:\/\/www.appyweb.es\/diccionario\/wp-json\/wp\/v2\/types\/page"}],"author":[{"embeddable":true,"href":"https:\/\/www.appyweb.es\/diccionario\/wp-json\/wp\/v2\/users\/1"}],"replies":[{"embeddable":true,"href":"https:\/\/www.appyweb.es\/diccionario\/wp-json\/wp\/v2\/comments?post=109"}],"version-history":[{"count":13,"href":"https:\/\/www.appyweb.es\/diccionario\/wp-json\/wp\/v2\/pages\/109\/revisions"}],"predecessor-version":[{"id":11229,"href":"https:\/\/www.appyweb.es\/diccionario\/wp-json\/wp\/v2\/pages\/109\/revisions\/11229"}],"wp:featuredmedia":[{"embeddable":true,"href":"https:\/\/www.appyweb.es\/diccionario\/wp-json\/wp\/v2\/media\/8240"}],"wp:attachment":[{"href":"https:\/\/www.appyweb.es\/diccionario\/wp-json\/wp\/v2\/media?parent=109"}],"curies":[{"name":"wp","href":"https:\/\/api.w.org\/{rel}","templated":true}]}}