{"id":1109,"date":"2023-06-20T13:25:43","date_gmt":"2023-06-20T13:25:43","guid":{"rendered":"https:\/\/www.appyweb.es\/diccionario\/?page_id=1109"},"modified":"2024-03-21T16:06:33","modified_gmt":"2024-03-21T16:06:33","slug":"diseno-editorial","status":"publish","type":"page","link":"https:\/\/www.appyweb.es\/diccionario\/diseno-editorial\/","title":{"rendered":"Dise\u00f1o Editorial"},"content":{"rendered":"<h1 class=\"entry-title main_title\"><img loading=\"lazy\" decoding=\"async\" class=\"alignnone  wp-image-12142\" src=\"https:\/\/www.appyweb.es\/diccionario\/wp-content\/uploads\/2024\/03\/DisenoEditorial-300x180.jpg\" alt=\"Dise\u00f1o Editorial\" width=\"1142\" height=\"685\" srcset=\"https:\/\/www.appyweb.es\/diccionario\/wp-content\/uploads\/2024\/03\/DisenoEditorial-300x180.jpg 300w, https:\/\/www.appyweb.es\/diccionario\/wp-content\/uploads\/2024\/03\/DisenoEditorial-768x461.jpg 768w, https:\/\/www.appyweb.es\/diccionario\/wp-content\/uploads\/2024\/03\/DisenoEditorial.jpg 1000w\" sizes=\"auto, (max-width: 1142px) 100vw, 1142px\" \/><\/h1>\n<div class=\"entry-content\">\n<p>Se trata de una rama del dise\u00f1o gr\u00e1fico que consiste en crear, componer y maquetar publicaciones impresas y digitales, que tengan que ver con medios de comunicaci\u00f3n, como revistas peri\u00f3dicos o libros. El\u00a0<strong>dise\u00f1o editorial tambi\u00e9n se puede relacionar con el periodismo visual<\/strong>, ya que no solo se concentra en \u00e1reas de marketing.<\/p>\n<h2><span id=\"%F0%9F%93%8C_%C2%BFQue_es_un_Diseno_Editorial\" class=\"ez-toc-section\"><\/span>\u00bfQu\u00e9 es un Dise\u00f1o Editorial?<\/h2>\n<p>Como se mencion\u00f3 anteriormente, se trata de\u00a0<a href=\"https:\/\/www.appyweb.es\/diseno-grafico\/\">un tipo de dise\u00f1o gr\u00e1fico<\/a>\u00a0que bien puede orientarse a la promoci\u00f3n de un producto de forma visual, pero tambi\u00e9n se utiliza para\u00a0<strong>desarrollar proyectos de publicaciones editoriales para entretener, educar, informar o atraer<\/strong>.<\/p>\n<p>La maquetaci\u00f3n de este tipo de proyectos forma parte de la creatividad y el estilo del libro, peri\u00f3dico o revista que se piensa redise\u00f1ar, aunque naturalmente est\u00e1 basado en una rejilla base que puede servir como delimitaci\u00f3n para los m\u00e1rgenes, el texto y las im\u00e1genes. Al mismo tiempo, el proyecto puede dividirse en secciones y partes seg\u00fan el tipo de publicaci\u00f3n.<\/p>\n<h2><span id=\"%F0%9F%93%8C_Importancia_del_Diseno_Editorial\" class=\"ez-toc-section\"><\/span>Importancia del Dise\u00f1o Editorial<\/h2>\n<p>Aunque se trata de una pr\u00e1ctica visual orientada m\u00e1s all\u00e1 que s\u00f3lo el marketing, el dise\u00f1o editorial es de gran importancia para empresas de comunicaci\u00f3n y de los mismos medios de comunicaci\u00f3n. En este proceso no solo se busca que la publicaci\u00f3n sea agradable a la vista y de intereses de los usuarios finales, sino que tambi\u00e9n tiene como objetivo\u00a0<strong>componer coherentemente el tema, el estilo y la intenci\u00f3n de la publicaci\u00f3n<\/strong>.<\/p>\n<p>Igualmente, los expertos mencionan que el objetivo principal es comunicar y transmitir una idea, a trav\u00e9s de una presentaci\u00f3n y organizaci\u00f3n de textos con im\u00e1genes. Al mismo tiempo, se busca que el contenido sea expresado de una forma \u00fanica y original para atraer la atenci\u00f3n de los lectores.<\/p>\n<h2><span id=\"%F0%9F%93%8C_%C2%BFComo_hacer_un_buen_diseno_editorial\" class=\"ez-toc-section\"><\/span>\u00bfC\u00f3mo hacer un buen dise\u00f1o editorial?<\/h2>\n<p>Para realizar un trabajo de este tipo es importante seguir una serie de etapas de forma que el resultado final pueda cumplir con los objetivos de la publicaci\u00f3n, son las siguientes.<\/p>\n<ol>\n<li>Se empieza por definir el tema, es decir, definir la base de lo que se quiere comunicar.<\/li>\n<li>Seguidamente se establecen objetivos del dise\u00f1o realizar.<\/li>\n<li>Durante este proceso\u00a0<strong>tambi\u00e9n es importante investigar al usuario o lector final<\/strong>.<\/li>\n<li>Despu\u00e9s se procede a la investigaci\u00f3n del tema y se determinan los elementos m\u00e1s adecuados para las secciones.<\/li>\n<li>Seguidamente, se establecen una serie de bocetos para definir el concepto, composici\u00f3n y estructura del proyecto.<\/li>\n<li>Igualmente, se realiza una ret\u00edcula en caso de que la publicaci\u00f3n incluya varias p\u00e1ginas, de esta forma, puedan tener homogeneidad.<\/li>\n<\/ol>\n<h2><span id=\"%F0%9F%93%8C_Ejemplo_de_Diseno_Editorial\" class=\"ez-toc-section\"><\/span>Ejemplo de Dise\u00f1o Editorial<\/h2>\n<p>Normalmente esta pr\u00e1ctica se emplea en el desarrollo de dise\u00f1o para revistas, por lo tanto, cualquier publicaci\u00f3n de este tipo es un buen ejemplo. Aqu\u00ed puedes observar una imagen de una ret\u00edcula y editorial creativa.<\/p>\n<p>&nbsp;<\/p>\n<h2><span id=\"%F0%9F%93%8C_Mas_informacion_sobre_diseno_editorial\" class=\"ez-toc-section\"><\/span>M\u00e1s informaci\u00f3n sobre dise\u00f1o editorial<\/h2>\n<p>Echa un vistazo al primer link para que veas como funciona el dise\u00f1o editorial cuando se trata de libros digitales, por otro lado, tienes m\u00e1s informaci\u00f3n sobre pr\u00e1cticas modernas en el segundo link.<\/p>\n<ul>\n<li><a href=\"https:\/\/www.appyweb.es\/paginas-descargar-libros-gratis\/\">Las mejores p\u00e1ginas para descargar libros gratis<\/a><\/li>\n<li><a href=\"https:\/\/www.esneca.com\/blog\/diseno-editorial-moderno\/\" rel=\"nofollow noopener\" target=\"_blank\">Dise\u00f1o editorial moderno: concepto, caracter\u00edsticas y evoluci\u00f3n<\/a><\/li>\n<\/ul>\n<\/div>\n<p>&nbsp;<\/p>\n","protected":false},"excerpt":{"rendered":"<p>Se trata de una rama del dise\u00f1o gr\u00e1fico que consiste en crear, componer y maquetar publicaciones impresas y digitales, que tengan que ver con medios de comunicaci\u00f3n, como revistas peri\u00f3dicos o libros. El\u00a0dise\u00f1o editorial tambi\u00e9n se puede relacionar con el periodismo visual, ya que no solo se concentra en \u00e1reas de marketing. \u00bfQu\u00e9 es un [&hellip;]<\/p>\n","protected":false},"author":1,"featured_media":12142,"parent":0,"menu_order":0,"comment_status":"closed","ping_status":"closed","template":"","meta":{"inline_featured_image":false,"footnotes":""},"class_list":["post-1109","page","type-page","status-publish","has-post-thumbnail","hentry"],"_links":{"self":[{"href":"https:\/\/www.appyweb.es\/diccionario\/wp-json\/wp\/v2\/pages\/1109","targetHints":{"allow":["GET"]}}],"collection":[{"href":"https:\/\/www.appyweb.es\/diccionario\/wp-json\/wp\/v2\/pages"}],"about":[{"href":"https:\/\/www.appyweb.es\/diccionario\/wp-json\/wp\/v2\/types\/page"}],"author":[{"embeddable":true,"href":"https:\/\/www.appyweb.es\/diccionario\/wp-json\/wp\/v2\/users\/1"}],"replies":[{"embeddable":true,"href":"https:\/\/www.appyweb.es\/diccionario\/wp-json\/wp\/v2\/comments?post=1109"}],"version-history":[{"count":5,"href":"https:\/\/www.appyweb.es\/diccionario\/wp-json\/wp\/v2\/pages\/1109\/revisions"}],"predecessor-version":[{"id":12146,"href":"https:\/\/www.appyweb.es\/diccionario\/wp-json\/wp\/v2\/pages\/1109\/revisions\/12146"}],"wp:featuredmedia":[{"embeddable":true,"href":"https:\/\/www.appyweb.es\/diccionario\/wp-json\/wp\/v2\/media\/12142"}],"wp:attachment":[{"href":"https:\/\/www.appyweb.es\/diccionario\/wp-json\/wp\/v2\/media?parent=1109"}],"curies":[{"name":"wp","href":"https:\/\/api.w.org\/{rel}","templated":true}]}}