{"id":1119,"date":"2023-06-20T13:30:11","date_gmt":"2023-06-20T13:30:11","guid":{"rendered":"https:\/\/www.appyweb.es\/diccionario\/?page_id=1119"},"modified":"2024-03-21T16:20:42","modified_gmt":"2024-03-21T16:20:42","slug":"diseno-responsive","status":"publish","type":"page","link":"https:\/\/www.appyweb.es\/diccionario\/diseno-responsive\/","title":{"rendered":"Dise\u00f1o Responsive"},"content":{"rendered":"<h1 class=\"entry-title main_title\"><img loading=\"lazy\" decoding=\"async\" class=\"alignnone  wp-image-12160\" src=\"https:\/\/www.appyweb.es\/diccionario\/wp-content\/uploads\/2024\/03\/DisenoResponsive-300x180.jpg\" alt=\"Dise\u00f1o Responsive\" width=\"1140\" height=\"684\" srcset=\"https:\/\/www.appyweb.es\/diccionario\/wp-content\/uploads\/2024\/03\/DisenoResponsive-300x180.jpg 300w, https:\/\/www.appyweb.es\/diccionario\/wp-content\/uploads\/2024\/03\/DisenoResponsive-768x461.jpg 768w, https:\/\/www.appyweb.es\/diccionario\/wp-content\/uploads\/2024\/03\/DisenoResponsive.jpg 1000w\" sizes=\"auto, (max-width: 1140px) 100vw, 1140px\" \/><\/h1>\n<div class=\"entry-content\">\n<p>A la hora de crear o realizar un portal digital, hay que tener presente que puede ser utilizado tanto en ordenadores como en equipos m\u00f3viles o tabletas, a esto se le conoce como\u00a0<em>dise\u00f1o responsive<\/em>. Son proyectos donde usualmente\u00a0<strong>el dise\u00f1ador y el desarrollador se unen para que la adaptaci\u00f3n del sitio sea posible<\/strong>, utilizando diferentes t\u00e9cnicas y lenguajes.<\/p>\n<h2>\u00bfQu\u00e9 es el Dise\u00f1o Responsive?<\/h2>\n<p>La adaptaci\u00f3n responsiva es una parte de la estructuraci\u00f3n de un sitio web, su finalidad principal es lograr que\u00a0<strong>dicho sitio pueda estar visible de forma correcta a trav\u00e9s de diferentes pantallas<\/strong>\u00a0y dispositivos. Igualmente, no s\u00f3lo debe ser aplicado a la apariencia sino tambi\u00e9n a la usabilidad, es decir, que se pueda navegar con facilidad en todas las versiones.<\/p>\n<p>Asimismo esta pr\u00e1ctica tambi\u00e9n suele\u00a0<a href=\"https:\/\/www.appyweb.es\/diseno-web\/\">relacionarse con el dise\u00f1o web adaptativo<\/a>, ambos cuentan con la misma finalidad, sin embargo, existe una diferencia en sus metodolog\u00edas. En el primero,\u00a0<strong>se busca redimensionar el sitio seg\u00fan el tipo de usuario o dispositivo<\/strong>. Pero el adaptativo realiza diferentes versiones que estar\u00e1n disponibles seg\u00fan el tipo de dispositivo.<\/p>\n<h2>\u00bfPara qu\u00e9 sirve el Dise\u00f1o Responsive?<\/h2>\n<p>El objetivo principal del dise\u00f1o responsive es\u00a0<strong>mejorar la experiencia del usuario y la visualizaci\u00f3n de la plataforma<\/strong>, de forma que los contenidos y las im\u00e1genes sean fluidos, sin importar el tipo de pantalla o dispositivo que est\u00e1 utilizando. Igualmente, cuenta con muchas ventajas para el propietario, como reducir el tiempo de desarrollo, ya que no ser\u00e1 necesario desarrollar otras versiones en el futuro.<\/p>\n<p>Asimismo, tiene un\u00a0<a href=\"https:\/\/www.appyweb.es\/posicionamiento-web\/\">gran beneficio para el posicionamiento web<\/a>, ya que est\u00e1 demostrado que el algoritmo de Google prefiere\u00a0<strong>posicionar aquellas plataformas que cuentan con elementos responsivos<\/strong>. Igualmente, tambi\u00e9n es ventajoso para las estrategias SEO, ya que busca evitar el contenido duplicado, sino redimensionarlo.<\/p>\n<h2>\u00bfC\u00f3mo se implementa el Dise\u00f1o Responsive?<\/h2>\n<p>Actualmente, es muy com\u00fan acceder a estas configuraciones a trav\u00e9s de plataforma de gesti\u00f3n de sitios como WordPress, la cual tiene una larga lista de plantillas que\u00a0<strong>cuentan con elementos responsivos predefinidos<\/strong>. De esta forma, los propietarios pueden empezar a trabajar en sus plataformas sin tener que preocuparse por implementar una configuraci\u00f3n adaptable despu\u00e9s.<\/p>\n<p>Asimismo, t\u00e9cnicamente se implementa a trav\u00e9s de un c\u00f3digo CSS que cuenta con las especificaciones m\u00e1s importantes en cuanto\u00a0<strong>al estilo y la posici\u00f3n de los elementos en las p\u00e1ginas disponibles<\/strong>. Por otro lado, tambi\u00e9n existe una variaci\u00f3n conocida como Mobile First, que consiste en adaptar las plataformas web exclusivamente en dispositivos smartphone.<\/p>\n<h2>Ejemplo de Dise\u00f1o Responsive<\/h2>\n<p>Actualmente,\u00a0<strong>cualquier sitio web contiene un dise\u00f1o responsive<\/strong>, de forma que pueda ser visualizado c\u00f3modamente en cualquier tipo de pantalla, una de esas plataformas es Buzzfeed, un blog de entretenimiento con una estructura visual adaptativa. Incluso aplicaciones como Google Maps que se pueden visualizar desde el navegador y desde la aplicaci\u00f3n para m\u00f3viles inteligentes sin problemas.<\/p>\n<p>&nbsp;<\/p>\n<h2>M\u00e1s informaci\u00f3n sobre Dise\u00f1o Responsive<\/h2>\n<p>Actualmente, el dise\u00f1o responsive es el impulsor de nuevas tendencias de marketing y uso del m\u00f3vil, mira estos post para instruirte.<\/p>\n<ul>\n<li><a href=\"https:\/\/www.appyweb.es\/diccionario\/mobile-marketing\/\">\u00bfQu\u00e9 es el Mobile Marketing y para qu\u00e9 sirve?<\/a><\/li>\n<li><a href=\"https:\/\/www.hosteltur.com\/131775_diseno-responsive-o-web-independiente-para-movil.html\" rel=\"nofollow noopener\" target=\"_blank\">\u00bfDise\u00f1o responsive o web independiente para m\u00f3vil?<\/a><\/li>\n<\/ul>\n<\/div>\n<p>&nbsp;<\/p>\n","protected":false},"excerpt":{"rendered":"<p>A la hora de crear o realizar un portal digital, hay que tener presente que puede ser utilizado tanto en ordenadores como en equipos m\u00f3viles o tabletas, a esto se le conoce como\u00a0dise\u00f1o responsive. Son proyectos donde usualmente\u00a0el dise\u00f1ador y el desarrollador se unen para que la adaptaci\u00f3n del sitio sea posible, utilizando diferentes t\u00e9cnicas [&hellip;]<\/p>\n","protected":false},"author":1,"featured_media":12160,"parent":0,"menu_order":0,"comment_status":"closed","ping_status":"closed","template":"","meta":{"inline_featured_image":false,"footnotes":""},"class_list":["post-1119","page","type-page","status-publish","has-post-thumbnail","hentry"],"_links":{"self":[{"href":"https:\/\/www.appyweb.es\/diccionario\/wp-json\/wp\/v2\/pages\/1119","targetHints":{"allow":["GET"]}}],"collection":[{"href":"https:\/\/www.appyweb.es\/diccionario\/wp-json\/wp\/v2\/pages"}],"about":[{"href":"https:\/\/www.appyweb.es\/diccionario\/wp-json\/wp\/v2\/types\/page"}],"author":[{"embeddable":true,"href":"https:\/\/www.appyweb.es\/diccionario\/wp-json\/wp\/v2\/users\/1"}],"replies":[{"embeddable":true,"href":"https:\/\/www.appyweb.es\/diccionario\/wp-json\/wp\/v2\/comments?post=1119"}],"version-history":[{"count":5,"href":"https:\/\/www.appyweb.es\/diccionario\/wp-json\/wp\/v2\/pages\/1119\/revisions"}],"predecessor-version":[{"id":12162,"href":"https:\/\/www.appyweb.es\/diccionario\/wp-json\/wp\/v2\/pages\/1119\/revisions\/12162"}],"wp:featuredmedia":[{"embeddable":true,"href":"https:\/\/www.appyweb.es\/diccionario\/wp-json\/wp\/v2\/media\/12160"}],"wp:attachment":[{"href":"https:\/\/www.appyweb.es\/diccionario\/wp-json\/wp\/v2\/media?parent=1119"}],"curies":[{"name":"wp","href":"https:\/\/api.w.org\/{rel}","templated":true}]}}