{"id":112,"date":"2023-06-19T13:16:32","date_gmt":"2023-06-19T13:16:32","guid":{"rendered":"https:\/\/www.appyweb.es\/diccionario\/?page_id=112"},"modified":"2024-03-20T10:28:10","modified_gmt":"2024-03-20T10:28:10","slug":"analisis-heuristico","status":"publish","type":"page","link":"https:\/\/www.appyweb.es\/diccionario\/analisis-heuristico\/","title":{"rendered":"An\u00e1lisis Heur\u00edstico"},"content":{"rendered":"<p><img loading=\"lazy\" decoding=\"async\" class=\" wp-image-8244 aligncenter\" src=\"https:\/\/www.appyweb.es\/diccionario\/wp-content\/uploads\/2023\/08\/que-es-analisis-heuristico-300x200.jpg\" alt=\"\" width=\"889\" height=\"592\" srcset=\"https:\/\/www.appyweb.es\/diccionario\/wp-content\/uploads\/2023\/08\/que-es-analisis-heuristico-300x200.jpg 300w, https:\/\/www.appyweb.es\/diccionario\/wp-content\/uploads\/2023\/08\/que-es-analisis-heuristico-1024x683.jpg 1024w, https:\/\/www.appyweb.es\/diccionario\/wp-content\/uploads\/2023\/08\/que-es-analisis-heuristico-768x512.jpg 768w, https:\/\/www.appyweb.es\/diccionario\/wp-content\/uploads\/2023\/08\/que-es-analisis-heuristico.jpg 1080w\" sizes=\"auto, (max-width: 889px) 100vw, 889px\" \/><\/p>\n<p>Para hacer que un sitio web cumpla con las expectativas de los usuarios (y de los buscadores) es necesario hacer estudios, sobre todo de usabilidad.<br \/>\nEl m\u00e1s recomendado es el an\u00e1lisis heur\u00edstico, se encarga de\u00a0<strong>comprobar el funcionamiento de diferentes aspectos en un sitio web<\/strong>.<br \/>\nCon ayuda de un experto, se pueden determinar cu\u00e1les necesitan mejoras y as\u00ed ofrecer una mejor experiencia de navegaci\u00f3n.<\/p>\n<h2>\u00bfQu\u00e9 es el an\u00e1lisis heur\u00edstico?<\/h2>\n<p>Es una t\u00e9cnica de an\u00e1lisis de usabilidad de un sitio digital, comprendido por varios tipos de test.<br \/>\nCada uno de ellos est\u00e1 dise\u00f1ado para evaluar diferentes \u00e1reas de los portales digitales. Por ejemplo, la p\u00e1gina de inicio, el cat\u00e1logo de productos o el formulario de compras.<\/p>\n<p>Uno de los dise\u00f1os de test m\u00e1s utilizado es el de Jakob Nielsen, es uno de los hombres m\u00e1s reconocidos por su promoci\u00f3n del concepto de usabilidad de la p\u00e1gina.<br \/>\nEste test consiste en un cuestionario elaborado para evaluar 10 aspectos principales de la p\u00e1gina.<\/p>\n<p>El cuestionario permite evaluar el funcionamiento y verificar la calidad, ayudando a aumentar la buena experiencia del usuario, por lo que se debe tener en cuenta al <a href=\"https:\/\/www.appyweb.es\/diseno-web\/\">realizar el dise\u00f1o web.<\/a> Los criterios que se suelen evaluar son los siguientes:<\/p>\n<p>-Identidad e informaci\u00f3n de la p\u00e1gina.<br \/>\n-Lenguaje y redacci\u00f3n del contenido.<br \/>\n-Rotulado.<br \/>\n-Estructura y navegaci\u00f3n.<br \/>\n-Lay-out de la p\u00e1gina.<br \/>\n-B\u00fasqueda.<br \/>\n-Elementos Multimedia.<br \/>\n-Ayuda.<br \/>\n-Accesibilidad.<br \/>\n-Control y retroalimentaci\u00f3n.<\/p>\n<h2>Origen del an\u00e1lisis heur\u00edstico<\/h2>\n<p>El origen de esta pr\u00e1ctica <strong>naci\u00f3 con los principios de usabilidad de Jakob Nielsen<\/strong> en 1990.<br \/>\nAunque se toman en cuentan tambi\u00e9n, las 8 reglas de oro utilizadas en el dise\u00f1o de interfaces de Ben Schneiderman en 1986.<\/p>\n<h2>\u00bfPara qu\u00e9 sirve el an\u00e1lisis heur\u00edstico?<\/h2>\n<p><strong>Su principal funci\u00f3n es analizar la identidad del sitio, el lenguaje o la redacci\u00f3n y el contenido.<\/strong><br \/>\nLa importancia de esto es para incrementar el tr\u00e1fico de usuarios, principalmente con ayuda de un buen posicionamiento web.<br \/>\nAl realizar una buena <a href=\"https:\/\/www.appyweb.es\/diccionario\/experiencia-de-usuario-ux\/\">optimizaci\u00f3n del UX<\/a> (experiencia del usuario), es m\u00e1s probable que el sitio se posicione como uno de los primeros resultados en buscadores.<\/p>\n<p>Tambi\u00e9n se tienen otros factores en cuenta para el an\u00e1lisis, tales como la estructura, la apariencia de la p\u00e1gina, facilidad de b\u00fasqueda y navegaci\u00f3n dentro del sitio, la interacci\u00f3n y el feedback.<br \/>\nPor otro lado, se debe tener en cuenta que este estudio <strong>se realiza con la finalidad de mejorar el contenido y el m\u00e9todo de interacci\u00f3n del usuario dentro de la p\u00e1gina.<\/strong><\/p>\n<h2>Ejemplo de an\u00e1lisis heur\u00edstico<\/h2>\n<p>Aqu\u00ed hay un ejemplo de un estudio gen\u00e9rico de usabilidad, es importante reconocer que para hacer este tipo de informe se pueden utilizar plantillas predise\u00f1adas.<br \/>\nMuchas responden a las caracter\u00edsticas expuestas anteriormente, con la posibilidad de a\u00f1adir comentarios.<br \/>\n<script type=\"application\/ld+json\">{\"@context\":\"https:\/\/schema.org\",\"@type\":\"FAQPage\",\"mainEntity\":[ \n{\"@type\":\"Question\",\"name\":\"\u00bfQu\u00e9 es el an\u00e1lisis heur\u00edstico?\",\"acceptedAnswer\":{\"@type\":\"Answer\",\"text\":\"Es una t\u00e9cnica de an\u00e1lisis de usabilidad de un sitio digital, comprendido por varios tipos de test.\nCada uno de ellos est\u00e1 dise\u00f1ado para evaluar diferentes \u00e1reas de los portales digitales. Por ejemplo, la p\u00e1gina de inicio, el cat\u00e1logo de productos o el formulario de compras.<\/p>\n<p>Uno de los dise\u00f1os de test m\u00e1s utilizado es el de Jakob Nielsen, es uno de los hombres m\u00e1s reconocidos por su promoci\u00f3n del concepto de usabilidad de la p\u00e1gina.\nEste test consiste en un cuestionario elaborado para evaluar 10 aspectos principales de la p\u00e1gina.<\/p>\n<p>El cuestionario permite evaluar el funcionamiento y verificar la calidad, ayudando a aumentar la buena experiencia del usuario, por lo que se debe tener en cuenta al realizar el dise\u00f1o web. Los criterios que se suelen evaluar son los siguientes:<\/p>\n<p>Identidad e informaci\u00f3n de la p\u00e1gina.\nLenguaje y redacci\u00f3n del contenido.\nRotulado.\nEstructura y navegaci\u00f3n.\nLay-out de la p\u00e1gina.\nB\u00fasqueda.\nElementos Multimedia.\nAyuda.\nAccesibilidad.\nControl y retroalimentaci\u00f3n.\"}},\n{\"@type\":\"Question\",\"name\":\"Origen del an\u00e1lisis heur\u00edstico\",\"acceptedAnswer\":{\"@type\":\"Answer\",\"text\":\"El origen de esta pr\u00e1ctica naci\u00f3 con los principios de usabilidad de Jakob Nielsen en 1990.\nAunque se toman en cuentan tambi\u00e9n, las 8 reglas de oro utilizadas en el dise\u00f1o de interfaces de Ben Schneiderman en 1986.\"}},\n{\"@type\":\"Question\",\"name\":\"\u00bfPara qu\u00e9 sirve el an\u00e1lisis heur\u00edstico?\",\"acceptedAnswer\":{\"@type\":\"Answer\",\"text\":\"Su principal funci\u00f3n es analizar la identidad del sitio, el lenguaje o la redacci\u00f3n y el contenido.\nLa importancia de esto es para incrementar el tr\u00e1fico de usuarios, principalmente con ayuda de un buen posicionamiento web.\nAl realizar una buena optimizaci\u00f3n del UX (experiencia del usuario), es m\u00e1s probable que el sitio se posicione como uno de los primeros resultados en buscadores.<\/p>\n<p>Tambi\u00e9n se tienen otros factores en cuenta para el an\u00e1lisis, t ales como la estructura, la apariencia de la p\u00e1gina, facilidad de b\u00fasqueda y navegaci\u00f3n dentro del sitio, la interacci\u00f3n y el feedback.\nPor otro lado, se debe tener en cuenta que este estudio se realiza con la finalidad de mejorar el contenido y el m\u00e9todo de interacci\u00f3n del usuario dentro de la p\u00e1gina.\"}},\n{\"@type\":\"Question\",\"name\":\"Ejemplo de an\u00e1lisis heur\u00edstico\",\"acceptedAnswer\":{\"@type\":\"Answer\",\"text\":\"Aqu\u00ed hay un ejemplo de un estudio gen\u00e9rico de usabilidad, es importante reconocer que para hacer este tipo de informe se pueden utilizar plantillas predise\u00f1adas.\nMuchas responden a las caracter\u00edsticas expuestas anteriormente, con la posibilidad de a\u00f1adir comentarios.\"}}\n]}<\/script><\/p>\n<p><img decoding=\"async\" src=\"https:\/\/www.appyweb.es\/wp-content\/uploads\/2020\/08\/analisis-heuristico.png\" \/><\/p>\n<h2><span id=\"%F0%9F%93%8CMas_informacion_sobre_analisis_heuristico\" class=\"ez-toc-section\"><\/span>M\u00e1s informaci\u00f3n sobre an\u00e1lisis heur\u00edstico<\/h2>\n<ul>\n<li><a href=\"https:\/\/www.appyweb.es\/analiza-pagina-web-crecer-negocio-online\/\">Analiza tu web para hacer crecer tu negocio online<\/a>.<\/li>\n<li><a href=\"https:\/\/pdfslide.net\/documents\/las-8-reglas-de-oro-para-el-diseno-de-interfaces-de-ben-shneiderman.html\" rel=\"nofollow noopener\" target=\"_blank\">8 reglas de oro para el dise\u00f1o de interfaces de Ben Schneiderman<\/a>.<\/li>\n<\/ul>\n<p>&nbsp;<\/p>\n","protected":false},"excerpt":{"rendered":"<p>Para hacer que un sitio web cumpla con las expectativas de los usuarios (y de los buscadores) es necesario hacer estudios, sobre todo de usabilidad. El m\u00e1s recomendado es el an\u00e1lisis heur\u00edstico, se encarga de\u00a0comprobar el funcionamiento de diferentes aspectos en un sitio web. Con ayuda de un experto, se pueden determinar cu\u00e1les necesitan mejoras [&hellip;]<\/p>\n","protected":false},"author":1,"featured_media":8244,"parent":0,"menu_order":0,"comment_status":"closed","ping_status":"closed","template":"","meta":{"inline_featured_image":false,"footnotes":""},"class_list":["post-112","page","type-page","status-publish","has-post-thumbnail","hentry"],"_links":{"self":[{"href":"https:\/\/www.appyweb.es\/diccionario\/wp-json\/wp\/v2\/pages\/112","targetHints":{"allow":["GET"]}}],"collection":[{"href":"https:\/\/www.appyweb.es\/diccionario\/wp-json\/wp\/v2\/pages"}],"about":[{"href":"https:\/\/www.appyweb.es\/diccionario\/wp-json\/wp\/v2\/types\/page"}],"author":[{"embeddable":true,"href":"https:\/\/www.appyweb.es\/diccionario\/wp-json\/wp\/v2\/users\/1"}],"replies":[{"embeddable":true,"href":"https:\/\/www.appyweb.es\/diccionario\/wp-json\/wp\/v2\/comments?post=112"}],"version-history":[{"count":13,"href":"https:\/\/www.appyweb.es\/diccionario\/wp-json\/wp\/v2\/pages\/112\/revisions"}],"predecessor-version":[{"id":11521,"href":"https:\/\/www.appyweb.es\/diccionario\/wp-json\/wp\/v2\/pages\/112\/revisions\/11521"}],"wp:featuredmedia":[{"embeddable":true,"href":"https:\/\/www.appyweb.es\/diccionario\/wp-json\/wp\/v2\/media\/8244"}],"wp:attachment":[{"href":"https:\/\/www.appyweb.es\/diccionario\/wp-json\/wp\/v2\/media?parent=112"}],"curies":[{"name":"wp","href":"https:\/\/api.w.org\/{rel}","templated":true}]}}