{"id":1122,"date":"2023-06-20T13:31:23","date_gmt":"2023-06-20T13:31:23","guid":{"rendered":"https:\/\/www.appyweb.es\/diccionario\/?page_id=1122"},"modified":"2024-03-21T16:25:46","modified_gmt":"2024-03-21T16:25:46","slug":"diseno-web-2","status":"publish","type":"page","link":"https:\/\/www.appyweb.es\/diccionario\/diseno-web-2\/","title":{"rendered":"Dise\u00f1o Web"},"content":{"rendered":"<h1 class=\"entry-title main_title\"><img loading=\"lazy\" decoding=\"async\" class=\"alignnone wp-image-12164\" src=\"https:\/\/www.appyweb.es\/diccionario\/wp-content\/uploads\/2024\/03\/DisenoWeb-300x180.jpg\" alt=\"Dise\u00f1o Web\" width=\"1137\" height=\"682\" srcset=\"https:\/\/www.appyweb.es\/diccionario\/wp-content\/uploads\/2024\/03\/DisenoWeb-300x180.jpg 300w, https:\/\/www.appyweb.es\/diccionario\/wp-content\/uploads\/2024\/03\/DisenoWeb-768x461.jpg 768w, https:\/\/www.appyweb.es\/diccionario\/wp-content\/uploads\/2024\/03\/DisenoWeb.jpg 1000w\" sizes=\"auto, (max-width: 1137px) 100vw, 1137px\" \/><\/h1>\n<div class=\"entry-content\">\n<p>Se trata de una metodolog\u00eda que consiste en la planificaci\u00f3n, desarrollo y mantenimiento de sitios online. Al mismo tiempo, el\u00a0<strong>dise\u00f1o web incorpora aspectos de otras pr\u00e1cticas como el desarrollo gr\u00e1fico de interfaz<\/strong>, la experiencia de usuario, interactividad, usabilidad, navegabilidad y arquitectura.<\/p>\n<h2>\u00bfQu\u00e9 es un Dise\u00f1o Web?<\/h2>\n<p>El\u00a0<a href=\"https:\/\/www.appyweb.es\/diseno-web\/\">dise\u00f1o web es la implementaci\u00f3n de muchos aspectos t\u00e9cnicos<\/a>\u00a0y art\u00edsticos para el desarrollo de una plataforma digital. Aparte de los elementos mencionados arriba, tambi\u00e9n es importante indicar que esta metodolog\u00eda involucra una armon\u00eda entre el contenido, la imagen, los enlaces y otros elementos como audio y v\u00eddeo.<\/p>\n<p>Todo esto se hace\u00a0<strong>a favor de la optimizaci\u00f3n para los motores de b\u00fasqueda<\/strong>, de forma que el proyecto final pueda posicionarse correctamente en la p\u00e1gina de resultados. Sin embargo, el trabajo se debe implementar tanto dentro como fuera de la p\u00e1gina. Para esto los desarrolladores implementan lenguajes HTML, CSS y otros recursos inform\u00e1ticos.<\/p>\n<h2>\u00bfPara qu\u00e9 sirve el Dise\u00f1o Web?<\/h2>\n<p>Como finalidad principal, es lograr\u00a0<strong>que los sitios puedan tener un aspecto m\u00e1s profesional y llamativo<\/strong>, sobre todo cuando se tratan de proyectos de marcas. A trav\u00e9s del dise\u00f1o web se pueden transmitir emociones al usuario, como la confianza, de forma que se sienta seguro y al mismo tiempo atra\u00eddo durante la navegaci\u00f3n en el mismo.<\/p>\n<p>Igualmente, los dise\u00f1adores deben preocuparse por realizar optimizaciones SEO para su correcto funcionamiento, como\u00a0<a href=\"https:\/\/www.appyweb.es\/optimizacion-velocidad-web\/\">mejorar la velocidad de carga<\/a>, la utilizaci\u00f3n de sistemas automatizados y personalizados, entre otros requisitos.<\/p>\n<p>Tambi\u00e9n se puede mencionar una variaci\u00f3n que consiste en elementos responsivos, la finalidad de \u00e9ste es adaptar al sitio a diferentes pantallas y dispositivos. Lo que tambi\u00e9n es muy \u00fatil, no solo para la experiencia del usuario, sino tambi\u00e9n para el posicionamiento, ya que\u00a0<strong>los buscadores le dan prioridad a las plataformas que cuentan con esta configuraci\u00f3n<\/strong>.<\/p>\n<h2>Caracter\u00edsticas del dise\u00f1o web<\/h2>\n<ul>\n<li>La cantidad del contenido es primordial, ya que debe adaptarse a las exigencias del posicionamiento.<\/li>\n<li>Tambi\u00e9n debe incluir llamadas a la acci\u00f3n, esto se define con los objetivos finales del sitio, si es para la venta, obtener informaci\u00f3n o para atenci\u00f3n al cliente.<\/li>\n<li><strong>La navegabilidad debe ser sencilla e intuitiva<\/strong>, los usuarios deben saber exactamente qu\u00e9 hacer para disfrutar de la plataforma.<\/li>\n<li>La velocidad de carga de sitio tambi\u00e9n es una caracter\u00edstica importante, ya que est\u00e1 demostrado que en un lapso de 3 a 5 segundos puede perderse la atenci\u00f3n del usuario.<\/li>\n<li>La plataforma\u00a0<strong>tambi\u00e9n debe contar con elementos responsivos o adaptables<\/strong>, es decir, que pueda estar disponible para diferentes dispositivos.<\/li>\n<\/ul>\n<h2>Ejemplo de Dise\u00f1o Web<\/h2>\n<p>Al igual que en el dise\u00f1o gr\u00e1fico, tambi\u00e9n\u00a0<strong>existen diferentes tendencias para las plataformas digitales<\/strong>, aunque actualmente se utilizan las plantillas dise\u00f1adas por sistemas de CMS o sistemas de gesti\u00f3n de contenidos, similares a WordPress. Para que tengas una idea de c\u00f3mo se edita o se desarrolla una p\u00e1gina mira la siguiente plantilla, \u00e9sta disponible en el cat\u00e1logo de WordPress. De esta forma, las im\u00e1genes y el texto pueden ser editadas por el propietario cada vez que lo desee.<\/p>\n<p>&nbsp;<\/p>\n<h2>M\u00e1s informaci\u00f3n sobre Dise\u00f1o Web<\/h2>\n<p>El dise\u00f1o web es sin duda una actividad que debe ser llevada a cabo por profesionales, pero si quieres aprender c\u00f3mo funciona aqu\u00ed tienes m\u00e1s informaci\u00f3n.<\/p>\n<ul>\n<li><a href=\"https:\/\/www.appyweb.es\/5-mitos-diseno-web-ignorar\/\">5 mitos sobre el dise\u00f1o web que debes ignorar<\/a><\/li>\n<li><a href=\"https:\/\/www.que.es\/estilo-de-vida\/ventajas-confianza-agencia-diseno-web.html\" rel=\"nofollow noopener\" target=\"_blank\">Las ventajas de depositar tu confianza en una agencia de dise\u00f1o web<\/a><\/li>\n<\/ul>\n<\/div>\n<p>&nbsp;<\/p>\n","protected":false},"excerpt":{"rendered":"<p>Se trata de una metodolog\u00eda que consiste en la planificaci\u00f3n, desarrollo y mantenimiento de sitios online. Al mismo tiempo, el\u00a0dise\u00f1o web incorpora aspectos de otras pr\u00e1cticas como el desarrollo gr\u00e1fico de interfaz, la experiencia de usuario, interactividad, usabilidad, navegabilidad y arquitectura. \u00bfQu\u00e9 es un Dise\u00f1o Web? El\u00a0dise\u00f1o web es la implementaci\u00f3n de muchos aspectos t\u00e9cnicos\u00a0y [&hellip;]<\/p>\n","protected":false},"author":1,"featured_media":12164,"parent":0,"menu_order":0,"comment_status":"closed","ping_status":"closed","template":"","meta":{"inline_featured_image":false,"footnotes":""},"class_list":["post-1122","page","type-page","status-publish","has-post-thumbnail","hentry"],"_links":{"self":[{"href":"https:\/\/www.appyweb.es\/diccionario\/wp-json\/wp\/v2\/pages\/1122","targetHints":{"allow":["GET"]}}],"collection":[{"href":"https:\/\/www.appyweb.es\/diccionario\/wp-json\/wp\/v2\/pages"}],"about":[{"href":"https:\/\/www.appyweb.es\/diccionario\/wp-json\/wp\/v2\/types\/page"}],"author":[{"embeddable":true,"href":"https:\/\/www.appyweb.es\/diccionario\/wp-json\/wp\/v2\/users\/1"}],"replies":[{"embeddable":true,"href":"https:\/\/www.appyweb.es\/diccionario\/wp-json\/wp\/v2\/comments?post=1122"}],"version-history":[{"count":6,"href":"https:\/\/www.appyweb.es\/diccionario\/wp-json\/wp\/v2\/pages\/1122\/revisions"}],"predecessor-version":[{"id":12168,"href":"https:\/\/www.appyweb.es\/diccionario\/wp-json\/wp\/v2\/pages\/1122\/revisions\/12168"}],"wp:featuredmedia":[{"embeddable":true,"href":"https:\/\/www.appyweb.es\/diccionario\/wp-json\/wp\/v2\/media\/12164"}],"wp:attachment":[{"href":"https:\/\/www.appyweb.es\/diccionario\/wp-json\/wp\/v2\/media?parent=1122"}],"curies":[{"name":"wp","href":"https:\/\/api.w.org\/{rel}","templated":true}]}}