{"id":1132,"date":"2023-06-20T13:35:23","date_gmt":"2023-06-20T13:35:23","guid":{"rendered":"https:\/\/www.appyweb.es\/diccionario\/?page_id=1132"},"modified":"2024-03-21T16:36:02","modified_gmt":"2024-03-21T16:36:02","slug":"dns","status":"publish","type":"page","link":"https:\/\/www.appyweb.es\/diccionario\/dns\/","title":{"rendered":"DNS"},"content":{"rendered":"<h1 class=\"entry-title main_title\"><img loading=\"lazy\" decoding=\"async\" class=\"alignnone wp-image-12176\" src=\"https:\/\/www.appyweb.es\/diccionario\/wp-content\/uploads\/2024\/03\/dns-300x180.jpg\" alt=\"DNS\" width=\"1137\" height=\"682\" srcset=\"https:\/\/www.appyweb.es\/diccionario\/wp-content\/uploads\/2024\/03\/dns-300x180.jpg 300w, https:\/\/www.appyweb.es\/diccionario\/wp-content\/uploads\/2024\/03\/dns-768x461.jpg 768w, https:\/\/www.appyweb.es\/diccionario\/wp-content\/uploads\/2024\/03\/dns.jpg 1000w\" sizes=\"auto, (max-width: 1137px) 100vw, 1137px\" \/><\/h1>\n<div class=\"entry-content\">\n<p>As\u00ed como el ser humano, todos los portales digitales tienen un ADN interno, una parte de este es su direcci\u00f3n IP. En este sentido,\u00a0<strong>el DNS es un sistema que interpreta el nombre de esa direcci\u00f3n<\/strong>\u00a0para que el usuario se ponga en contacto con el sitio que quiere visitar sin problemas.<\/p>\n<h2>\u00bfQu\u00e9 es DNS?<\/h2>\n<p>Cuando hablamos de DNS (sistema de nombres de dominio), nos estamos refiriendo al c\u00f3digo del servidor, forma parte de\u00a0<a href=\"https:\/\/www.appyweb.es\/diseno-web\/\">unas de las configuraciones del dise\u00f1o web<\/a>. Si vemos un ejemplo como la direcci\u00f3n: www.ejemplo.com, esto lleva en s\u00ed una direcci\u00f3n IP, la cual puede ser un conjunto de n\u00fameros como estos 123.456.78.90.<\/p>\n<p>Los motores de b\u00fasqueda est\u00e1n capacitados en\u00a0<strong>decodificar este n\u00famero y transformarlo en un nombre de p\u00e1gina<\/strong>\u00a0que ha sido indicado. Para el usuario es mucho m\u00e1s f\u00e1cil recordar un nombre en espec\u00edfico, que un mont\u00f3n de n\u00fameros.<\/p>\n<h2>\u00bfC\u00f3mo funciona el DNS?<\/h2>\n<p>Cuando los usuarios quieren buscar un portal digital, se dirigen el motor de b\u00fasqueda de su preferencia. Estando all\u00ed, escriben dicha p\u00e1gina. Lo que hace el motor de b\u00fasqueda, es\u00a0<strong>indagar en el servidor y en la direcci\u00f3n IP de la p\u00e1gina<\/strong>\u00a0que se est\u00e1 buscando, poni\u00e9ndose en contacto con el servidor del proveedor de Internet.<\/p>\n<p>Antes de hacer todo esto, el sistema tambi\u00e9n suele buscar el nombre en la memoria cach\u00e9 del dispositivo, de forma que el usuario tenga acceso de forma m\u00e1s r\u00e1pida esto puede\u00a0<a href=\"https:\/\/www.appyweb.es\/optimizacion-velocidad-web\/\">contribuir a la optimizaci\u00f3n de la velocidad de carga<\/a>. De no encontrar la informaci\u00f3n, el sistema se dirige a la base de datos distribuida.<\/p>\n<p>Esto genera un gran problema para los servidores, ya que puede tardar mucho tiempo hasta encontrar el nombre exacto. Es por eso que lo buscadores o navegadores, tienen\u00a0<strong>un espacio en el cual guardan este tipo de consultas de forma temporal<\/strong>\u00a0(la memoria cach\u00e9). Para que se pueda redirigir a la p\u00e1gina de una forma mucho m\u00e1s r\u00e1pida.<\/p>\n<h2>\u00bfC\u00f3mo saber cu\u00e1l es el DNS de tu red?<\/h2>\n<p>Es un procedimiento que se lleva a cabo a trav\u00e9s del sistema del ordenador, abre el panel de control en \u201cRedes\u201d en el encabezado \u201cInternet y redes\u201d. Seguidamente, abre la configuraci\u00f3n\u00a0<em>avanzada<\/em>\u00a0en el bot\u00f3n que se encuentra en la esquina inferior derecha.<\/p>\n<p>Vas a ver un recuadro con varias pesta\u00f1as, una de ellas indica las\u00a0<em>direcciones<\/em>, haz clic en ella. En la descripci\u00f3n ver\u00e1s una serie de n\u00fameros, es la direcci\u00f3n del nombre,\u00a0<strong>esta secci\u00f3n indicar\u00e1 servidores DNS<\/strong>. El primero es el principal, ya que tambi\u00e9n puede acceder a otros de forma secundaria.<\/p>\n<h2>Ejemplo<\/h2>\n<p>Para dar un ejemplo de este sistema, primero debes saber que hay muchos servidores. Uno de ellos es\u00a0<em>Google Public DNS<\/em>. Pero el m\u00e1s utilizado es el de dominio gratuito de\u00a0<em>Cloudflare<\/em>\u00a0con el servicio 1.1.1.1.<\/p>\n<p>&nbsp;<\/p>\n<h2>M\u00e1s informaci\u00f3n sobre DNS<\/h2>\n<p>Antes de empezar a dise\u00f1ar tu sitio web en necesario que\u00a0<strong>conozcas muchos conceptos aparte del DNS<\/strong>, a continuaci\u00f3n tienes los enlaces que pueden servirte para obtener m\u00e1s informaci\u00f3n<\/p>\n<ul>\n<li><a href=\"https:\/\/www.appyweb.es\/diccionario\/dominios-globales\/\">\u00bfQu\u00e9 es el Dominios Globales y para qu\u00e9 sirve?<\/a><\/li>\n<li><a href=\"https:\/\/es.wikipedia.org\/wiki\/Sistema_de_nombres_de_dominio#Entendiendo_las_partes_de_un_nombre_de_dominio\" rel=\"nofollow noopener\" target=\"_blank\">Entendiendo las partes de un nombre de dominio<\/a><\/li>\n<\/ul>\n<\/div>\n<p>&nbsp;<\/p>\n","protected":false},"excerpt":{"rendered":"<p>As\u00ed como el ser humano, todos los portales digitales tienen un ADN interno, una parte de este es su direcci\u00f3n IP. En este sentido,\u00a0el DNS es un sistema que interpreta el nombre de esa direcci\u00f3n\u00a0para que el usuario se ponga en contacto con el sitio que quiere visitar sin problemas. \u00bfQu\u00e9 es DNS? Cuando hablamos [&hellip;]<\/p>\n","protected":false},"author":1,"featured_media":12176,"parent":0,"menu_order":0,"comment_status":"closed","ping_status":"closed","template":"","meta":{"inline_featured_image":false,"footnotes":""},"class_list":["post-1132","page","type-page","status-publish","has-post-thumbnail","hentry"],"_links":{"self":[{"href":"https:\/\/www.appyweb.es\/diccionario\/wp-json\/wp\/v2\/pages\/1132","targetHints":{"allow":["GET"]}}],"collection":[{"href":"https:\/\/www.appyweb.es\/diccionario\/wp-json\/wp\/v2\/pages"}],"about":[{"href":"https:\/\/www.appyweb.es\/diccionario\/wp-json\/wp\/v2\/types\/page"}],"author":[{"embeddable":true,"href":"https:\/\/www.appyweb.es\/diccionario\/wp-json\/wp\/v2\/users\/1"}],"replies":[{"embeddable":true,"href":"https:\/\/www.appyweb.es\/diccionario\/wp-json\/wp\/v2\/comments?post=1132"}],"version-history":[{"count":5,"href":"https:\/\/www.appyweb.es\/diccionario\/wp-json\/wp\/v2\/pages\/1132\/revisions"}],"predecessor-version":[{"id":12178,"href":"https:\/\/www.appyweb.es\/diccionario\/wp-json\/wp\/v2\/pages\/1132\/revisions\/12178"}],"wp:featuredmedia":[{"embeddable":true,"href":"https:\/\/www.appyweb.es\/diccionario\/wp-json\/wp\/v2\/media\/12176"}],"wp:attachment":[{"href":"https:\/\/www.appyweb.es\/diccionario\/wp-json\/wp\/v2\/media?parent=1132"}],"curies":[{"name":"wp","href":"https:\/\/api.w.org\/{rel}","templated":true}]}}