{"id":1142,"date":"2023-06-20T13:39:47","date_gmt":"2023-06-20T13:39:47","guid":{"rendered":"https:\/\/www.appyweb.es\/diccionario\/?page_id=1142"},"modified":"2024-03-22T08:53:53","modified_gmt":"2024-03-22T08:53:53","slug":"dominio-nivel-superior-generico-gtld","status":"publish","type":"page","link":"https:\/\/www.appyweb.es\/diccionario\/dominio-nivel-superior-generico-gtld\/","title":{"rendered":"Dominio de nivel superior gen\u00e9rico (gTLD)"},"content":{"rendered":"<h1 class=\"entry-title main_title\"><img loading=\"lazy\" decoding=\"async\" class=\"alignnone  wp-image-12218\" src=\"https:\/\/www.appyweb.es\/diccionario\/wp-content\/uploads\/2024\/03\/DominiodenivelsuperiorgenericogTLD-300x180.jpg\" alt=\"Dominio de nivel superior gen\u00e9rico (gTLD)\" width=\"1133\" height=\"680\" srcset=\"https:\/\/www.appyweb.es\/diccionario\/wp-content\/uploads\/2024\/03\/DominiodenivelsuperiorgenericogTLD-300x180.jpg 300w, https:\/\/www.appyweb.es\/diccionario\/wp-content\/uploads\/2024\/03\/DominiodenivelsuperiorgenericogTLD-768x461.jpg 768w, https:\/\/www.appyweb.es\/diccionario\/wp-content\/uploads\/2024\/03\/DominiodenivelsuperiorgenericogTLD.jpg 1000w\" sizes=\"auto, (max-width: 1133px) 100vw, 1133px\" \/><\/h1>\n<div class=\"entry-content\">\n<p>Los dominios son los nombres que se asignan a una direcci\u00f3n web, en este caso,\u00a0<strong>un dominio de nivel superior gen\u00e9rico suele estar formado por un c\u00f3digo de tres letras<\/strong>, esto es para diferenciarse de otros tipos de direcci\u00f3n, sigue leyendo y con\u00f3celo a fondo.<\/p>\n<h2><span id=\"%F0%9F%93%8C_%C2%BFQue_es_Dominio_de_nivel_superior_generico_gTLD\" class=\"ez-toc-section\"><\/span>\u00bfQu\u00e9 es Dominio de nivel superior gen\u00e9rico (gTLD)?<\/h2>\n<p>Para entender c\u00f3mo funciona el gTLD es necesario tener en cuenta que existen diferentes grupos, estos son asignados por la\u00a0<em>Internet Assigned Number Authority<\/em>\u00a0o IANA, que determina\u00a0<strong>cu\u00e1l ser\u00e1 su uso en el sistema de nombres de dominio<\/strong>. Estos suelen estar a la vista del usuario, es el sufijo que se encuentra al final del nombre seguido del punto. En ocasiones, el tipo de nombre tambi\u00e9n\u00a0<a href=\"https:\/\/www.appyweb.es\/posicionamiento-web\/\">definir\u00e1 el posicionamiento web del sitio<\/a>, se clasifican en los siguientes.<\/p>\n<ul>\n<li><strong>Infraestructura<\/strong>: Suelen distinguirse por el sufijo \u201c.arpa\u201d.<\/li>\n<li><strong>Geogr\u00e1ficos<\/strong>: Se reconocen porque el nombre indica la localizaci\u00f3n de la p\u00e1gina, \u201c.es, .cl, .us\u201d.<\/li>\n<li><strong>Internacionalizados<\/strong>: Contiene caracteres del abecedario latino.<\/li>\n<li><strong>Gen\u00e9ricos<\/strong>: Se asignan seg\u00fan el prop\u00f3sito del sitio, por ejemplo, si es gubernamental se utiliza \u201c.gob\u201d, o si es para una organizaci\u00f3n \u201c.org\u201d, etc. Pero los m\u00e1s comunes son \u201c.com y .net\u201d.<\/li>\n<\/ul>\n<h2><span id=\"%F0%9F%93%8C_%C2%BFPara_que_sirve_Dominio_de_nivel_superior_generico_gTLD\" class=\"ez-toc-section\"><\/span>\u00bfPara qu\u00e9 sirve Dominio de nivel superior gen\u00e9rico (gTLD)?<\/h2>\n<p>Su funci\u00f3n principal es para identificar los sitios web en Internet, especialmente esas plataformas que no se identifican con ninguno de los niveles mencionados, de forma que se asigna un dominio de nivel superior gen\u00e9rico para su correcto posicionamiento.<\/p>\n<p>Es importante destacar que el nombre tambi\u00e9n ser\u00e1 determinante para su posici\u00f3n en buscadores, ya que\u00a0<strong>los usuarios pueden distinguir el nombre que est\u00e1n buscando y diferenciarlo de sitios<\/strong>\u00a0de empresas, gubernamentales o de un pa\u00eds en espec\u00edfico. Por eso muchos\u00a0<a href=\"https:\/\/www.appyweb.es\/auditoria-seo\/\">expertos recomiendan hacer una auditor\u00eda SEO<\/a>\u00a0antes de comprar el nombre para Internet, de forma que se investigue la respuesta comercial que tendr\u00e1 (en caso de que sea para una empresa)<\/p>\n<h2><span id=\"%F0%9F%93%8C_Tipos_de_dominios_de_nivel_superior_generico_gTLD\" class=\"ez-toc-section\"><\/span>Tipos de dominios de nivel superior gen\u00e9rico (gTLD)<\/h2>\n<p>Ya que estos nombres no pertenecen a ning\u00fan pa\u00eds, como los de tipo geogr\u00e1fico,\u00a0<strong>estos suelen estar regulados directamente por la ICANN<\/strong>\u00a0(Corporaci\u00f3n de Internet para la Asignaci\u00f3n de Nombres y N\u00fameros. Estos a su vez se sub-clasifican de la siguiente forma.<\/p>\n<ul>\n<li><strong>Sin restricciones<\/strong>: Se pueden utilizar indiscriminadamente y est\u00e1n disponibles para cualquiera (.com, .net y .org)<\/li>\n<li><strong>Con restricci\u00f3n<\/strong>: Suelen estar dirigidos a un colectivo de nombres identificados con .name, .pro y .biz.<\/li>\n<li><strong>Patrocinados<\/strong>: Contienen un sufijo que puede ser de f\u00e1cil identificaci\u00f3n, tambi\u00e9n se asignan seg\u00fan el prop\u00f3sito, como .edu, .gob, .int\u2026<\/li>\n<\/ul>\n<h2><span id=\"%F0%9F%93%8C_Ejemplos_de_gTLD\" class=\"ez-toc-section\"><\/span>Ejemplos de gTLD<\/h2>\n<p>Para dar un ejemplo de lo que es un gTLD, solo hay que ver la direcci\u00f3n de un sitio en el navegador. Si el enlace es similar a este \u201cwww.ejemplo.com\u201d, \u201cwww\u201d ser\u00e1 el sub dominio, \u201cejemplo\u201d ser\u00e1 el nombre de la p\u00e1gina y\u00a0<strong>\u201c.com\u201d es el nombre de nivel superior gen\u00e9rico<\/strong>.<\/p>\n<p>&nbsp;<\/p>\n<h2><span id=\"%F0%9F%93%8C_Mas_informacion_sobre_Dominios_de_nivel_superior_generico_gTLD\" class=\"ez-toc-section\"><\/span>M\u00e1s informaci\u00f3n sobre Dominios de nivel superior gen\u00e9rico (gTLD)<\/h2>\n<p>Antes de comprar el nombre para tu sitio web debes tener en cuenta varios aspectos, aqu\u00ed tienes m\u00e1s informaci\u00f3n adicional.<\/p>\n<ul>\n<li><a href=\"https:\/\/www.appyweb.es\/diccionario\/orientacion-geografica-dominio-los-buscadores\/\">Orientaci\u00f3n geogr\u00e1fica de un dominio en los buscadores<\/a><\/li>\n<li><a href=\"https:\/\/es.wikipedia.org\/wiki\/Dominio_de_nivel_superior_gen%C3%A9rico#Lista_de_dominios_gTLD\" rel=\"nofollow noopener\" target=\"_blank\">Lista de dominios gTLD<\/a><\/li>\n<\/ul>\n<\/div>\n<p>&nbsp;<\/p>\n","protected":false},"excerpt":{"rendered":"<p>Los dominios son los nombres que se asignan a una direcci\u00f3n web, en este caso,\u00a0un dominio de nivel superior gen\u00e9rico suele estar formado por un c\u00f3digo de tres letras, esto es para diferenciarse de otros tipos de direcci\u00f3n, sigue leyendo y con\u00f3celo a fondo. \u00bfQu\u00e9 es Dominio de nivel superior gen\u00e9rico (gTLD)? Para entender c\u00f3mo [&hellip;]<\/p>\n","protected":false},"author":1,"featured_media":12218,"parent":0,"menu_order":0,"comment_status":"closed","ping_status":"closed","template":"","meta":{"inline_featured_image":false,"footnotes":""},"class_list":["post-1142","page","type-page","status-publish","has-post-thumbnail","hentry"],"_links":{"self":[{"href":"https:\/\/www.appyweb.es\/diccionario\/wp-json\/wp\/v2\/pages\/1142","targetHints":{"allow":["GET"]}}],"collection":[{"href":"https:\/\/www.appyweb.es\/diccionario\/wp-json\/wp\/v2\/pages"}],"about":[{"href":"https:\/\/www.appyweb.es\/diccionario\/wp-json\/wp\/v2\/types\/page"}],"author":[{"embeddable":true,"href":"https:\/\/www.appyweb.es\/diccionario\/wp-json\/wp\/v2\/users\/1"}],"replies":[{"embeddable":true,"href":"https:\/\/www.appyweb.es\/diccionario\/wp-json\/wp\/v2\/comments?post=1142"}],"version-history":[{"count":5,"href":"https:\/\/www.appyweb.es\/diccionario\/wp-json\/wp\/v2\/pages\/1142\/revisions"}],"predecessor-version":[{"id":12219,"href":"https:\/\/www.appyweb.es\/diccionario\/wp-json\/wp\/v2\/pages\/1142\/revisions\/12219"}],"wp:featuredmedia":[{"embeddable":true,"href":"https:\/\/www.appyweb.es\/diccionario\/wp-json\/wp\/v2\/media\/12218"}],"wp:attachment":[{"href":"https:\/\/www.appyweb.es\/diccionario\/wp-json\/wp\/v2\/media?parent=1142"}],"curies":[{"name":"wp","href":"https:\/\/api.w.org\/{rel}","templated":true}]}}