{"id":1150,"date":"2023-06-20T13:42:46","date_gmt":"2023-06-20T13:42:46","guid":{"rendered":"https:\/\/www.appyweb.es\/diccionario\/?page_id=1150"},"modified":"2024-03-22T09:23:45","modified_gmt":"2024-03-22T09:23:45","slug":"dominios-country-code-top-level-domain-cctld","status":"publish","type":"page","link":"https:\/\/www.appyweb.es\/diccionario\/dominios-country-code-top-level-domain-cctld\/","title":{"rendered":"Dominios Country Code Top Level Domain (ccTLD)"},"content":{"rendered":"<h1 class=\"entry-title main_title\"><img loading=\"lazy\" decoding=\"async\" class=\"alignnone wp-image-12235\" src=\"https:\/\/www.appyweb.es\/diccionario\/wp-content\/uploads\/2024\/03\/ccTLD-300x180.jpg\" alt=\"ccTLD\" width=\"1150\" height=\"690\" srcset=\"https:\/\/www.appyweb.es\/diccionario\/wp-content\/uploads\/2024\/03\/ccTLD-300x180.jpg 300w, https:\/\/www.appyweb.es\/diccionario\/wp-content\/uploads\/2024\/03\/ccTLD-768x461.jpg 768w, https:\/\/www.appyweb.es\/diccionario\/wp-content\/uploads\/2024\/03\/ccTLD.jpg 1000w\" sizes=\"auto, (max-width: 1150px) 100vw, 1150px\" \/><\/h1>\n<div class=\"entry-content\">\n<p>La direcci\u00f3n que se asignan a los nombres de los sitios web\u00a0<strong>puede segmentarse seg\u00fan su localizaci\u00f3n<\/strong>, es un c\u00f3digo al que se le llama\u00a0<em>Country Code Top Level Domain<\/em>\u00a0o ccTLD, que en su traducci\u00f3n al espa\u00f1ol significa \u201cdominio de nivel superior de c\u00f3digo de pa\u00eds\u201d o geogr\u00e1fico.<\/p>\n<h2>\u00bfQu\u00e9 es ccTLD?<\/h2>\n<p>Los Country Code Top Level Domain (ccTLD) se utilizan para diferenciar la localizaci\u00f3n de un sitio, estos se caracterizan por que cuentan dos letras asignadas para cada pa\u00eds, seg\u00fan los gestores de su ccTLD. Esto determina que el<strong>\u00a0sitio web se regir\u00e1 por las normas de uso y concesi\u00f3n que establezca el Estado<\/strong>\u00a0donde se posiciona, que pueden tener o no relaci\u00f3n con las legislaciones del ICANN (Corporaci\u00f3n de Internet para la Asignaci\u00f3n de Nombres y N\u00fameros).<\/p>\n<p>Dependiendo del pa\u00eds en el que se encuentre una compa\u00f1\u00eda o usuario, puede adquirir un tipo de nombre. Puesto que\u00a0<strong>existen alrededor de 300 tipos diferentes de dominio ccTLD<\/strong>. Un ejemplo de esto es Espa\u00f1a que utiliza el dominio (.es). La principal raz\u00f3n por la que cada pa\u00eds tiene un tipo de nombre, es porque permiten categorizar a un espacio geogr\u00e1fico, seg\u00fan el est\u00e1ndar internacional de normalizaci\u00f3n ISO 3166-1.<\/p>\n<p>Tambi\u00e9n es necesario mencionar que esta clasificaci\u00f3n puede hacer una\u00a0<a href=\"https:\/\/www.appyweb.es\/posicionamiento-web\/\">diferencia en el posicionamiento web de esos sitios<\/a>, ya que tendr\u00e1 m\u00e1s relevancia en las b\u00fasquedas de los usuarios que se encuentren en ese territorio.<\/p>\n<h2>Origen del Country Code Top Level Domain<\/h2>\n<p>Los dominios fueron creados en 1980, cuando se instaur\u00f3 el sistema de nombres y n\u00fameros, que posteriormente se dividi\u00f3 en dos partes. El primero que solo inclu\u00eda a los de\u00a0<strong>zonas territoriales en funci\u00f3n de dos d\u00edgitos llamados ccTLD<\/strong>.<\/p>\n<p>El segundo grupo corresponde a los gTLD, que son c\u00f3digos de tres d\u00edgitos, que representan a organizaciones o empresas tales como: .com .org .net, etc. Tambi\u00e9n existe un tercer grupo que corresponde a los promocionales o comerciales, pero no se utilizan con frecuencia.<\/p>\n<h2>ccTLD ejemplos<\/h2>\n<p>Para que un gobierno, organizaci\u00f3n o persona pueda tener un dominio en Internet,\u00a0<strong>es necesario que se lleve a cabo un registro desde la zona donde se ubica<\/strong>. Seguidamente el Internet Assigned Numbers Authority (IANA), le asigna un c\u00f3digo de acuerdo al uso que se requiera, dentro o fuera del territorio. Sin embargo, cuando se trata de gTLD se pueden utilizar de forma general e indiscriminadamente.<\/p>\n<p>Cuando se habla de su\u00a0<a href=\"https:\/\/www.appyweb.es\/marketing-de-atraccion\/\">utilizaci\u00f3n en marketing de atracci\u00f3n<\/a>, es necesario mencionar que los asignados por territorio suelen tener una mejor respuesta\u00a0<strong>para los usuarios que residen en dicho territorio<\/strong>, de forma que tendr\u00e1n una gran ventaja por al segmentar la audiencia, algo que sucede pocas veces con las direcciones \u201c.com\u201d.<\/p>\n<p>Algunos ejemplos de dominios seg\u00fan su nivel geogr\u00e1fico son:<\/p>\n<ul>\n<li>Espa\u00f1a (.es)<\/li>\n<li>Austria (. At)<\/li>\n<li>Isla Norfolk (.nf)<\/li>\n<li>Suecia (.se)<\/li>\n<\/ul>\n<h2>Lista de dominios geogr\u00e1ficos<\/h2>\n<p>Usualmente, los servidores y proveedores de nombres o direcciones web suelen ofrecer las terminaciones m\u00e1s apropiadas seg\u00fan el comprador. Pero, no est\u00e1 de m\u00e1s\u00a0<strong>conocer una lista de dominios ccTLD<\/strong>\u00a0para reconocer cu\u00e1les son los m\u00e1s ajustados a los objetivos del sitio web. Esta lista se divide en varias secciones son las siguientes:<\/p>\n<ul>\n<li><em>Activos<\/em>: Los que se est\u00e1n utilizando en la actualidad y son reconocidos por los Estados.<\/li>\n<li><em>Asignados pero sin uso<\/em>: Normalmente son reemplazados por otros m\u00e1s conocidos, por ejemplo, para Gran Breta\u00f1a est\u00e1 disponible \u201c.gb\u201d, pero se utiliza m\u00e1s \u201c.uk\u201d.<\/li>\n<li><em>Reservados y no asignados<\/em>: Son apartados por los Estados,\u00a0<strong>pero no son asignados debido a disputas territoriales<\/strong>.<\/li>\n<li><em>Eliminados y retirados<\/em>: No se utilizan porque el territorio ha sido disuelto, ha cambiado de nombre oficial o fueron absorbidos por otros territorios.<\/li>\n<\/ul>\n<p>&nbsp;<\/p>\n<h2>M\u00e1s informaci\u00f3n sobre Country Code Top Level Domain o ccTLD<\/h2>\n<p>Si quieres verificar cu\u00e1les son los dominios geogr\u00e1ficos disponibles en tu territorio mira las listas disponibles en Wikipedia, y m\u00e1s informaci\u00f3n sobre estrategias de uso.<\/p>\n<ul>\n<li><a href=\"https:\/\/www.appyweb.es\/diccionario\/dominios-globales\/\">\u00bfQu\u00e9 son los Dominios Globales y para qu\u00e9 sirven?<\/a><\/li>\n<li><a href=\"https:\/\/es.wikipedia.org\/wiki\/Dominio_de_nivel_superior_geogr%C3%A1fico#Lista_de_dominios_de_nivel_superior_geogr%C3%A1fico\" rel=\"nofollow noopener\" target=\"_blank\">Lista de dominios de nivel superior geogr\u00e1fico<\/a><\/li>\n<\/ul>\n<\/div>\n<p>&nbsp;<\/p>\n","protected":false},"excerpt":{"rendered":"<p>La direcci\u00f3n que se asignan a los nombres de los sitios web\u00a0puede segmentarse seg\u00fan su localizaci\u00f3n, es un c\u00f3digo al que se le llama\u00a0Country Code Top Level Domain\u00a0o ccTLD, que en su traducci\u00f3n al espa\u00f1ol significa \u201cdominio de nivel superior de c\u00f3digo de pa\u00eds\u201d o geogr\u00e1fico. \u00bfQu\u00e9 es ccTLD? Los Country Code Top Level Domain [&hellip;]<\/p>\n","protected":false},"author":1,"featured_media":12235,"parent":0,"menu_order":0,"comment_status":"closed","ping_status":"closed","template":"","meta":{"inline_featured_image":false,"footnotes":""},"class_list":["post-1150","page","type-page","status-publish","has-post-thumbnail","hentry"],"_links":{"self":[{"href":"https:\/\/www.appyweb.es\/diccionario\/wp-json\/wp\/v2\/pages\/1150","targetHints":{"allow":["GET"]}}],"collection":[{"href":"https:\/\/www.appyweb.es\/diccionario\/wp-json\/wp\/v2\/pages"}],"about":[{"href":"https:\/\/www.appyweb.es\/diccionario\/wp-json\/wp\/v2\/types\/page"}],"author":[{"embeddable":true,"href":"https:\/\/www.appyweb.es\/diccionario\/wp-json\/wp\/v2\/users\/1"}],"replies":[{"embeddable":true,"href":"https:\/\/www.appyweb.es\/diccionario\/wp-json\/wp\/v2\/comments?post=1150"}],"version-history":[{"count":5,"href":"https:\/\/www.appyweb.es\/diccionario\/wp-json\/wp\/v2\/pages\/1150\/revisions"}],"predecessor-version":[{"id":12238,"href":"https:\/\/www.appyweb.es\/diccionario\/wp-json\/wp\/v2\/pages\/1150\/revisions\/12238"}],"wp:featuredmedia":[{"embeddable":true,"href":"https:\/\/www.appyweb.es\/diccionario\/wp-json\/wp\/v2\/media\/12235"}],"wp:attachment":[{"href":"https:\/\/www.appyweb.es\/diccionario\/wp-json\/wp\/v2\/media?parent=1150"}],"curies":[{"name":"wp","href":"https:\/\/api.w.org\/{rel}","templated":true}]}}