{"id":1153,"date":"2023-06-20T13:43:56","date_gmt":"2023-06-20T13:43:56","guid":{"rendered":"https:\/\/www.appyweb.es\/diccionario\/?page_id=1153"},"modified":"2024-03-22T09:28:58","modified_gmt":"2024-03-22T09:28:58","slug":"dominios-de-enlace","status":"publish","type":"page","link":"https:\/\/www.appyweb.es\/diccionario\/dominios-de-enlace\/","title":{"rendered":"Dominios de enlace"},"content":{"rendered":"<h1 class=\"entry-title main_title\"><img loading=\"lazy\" decoding=\"async\" class=\"alignnone wp-image-12242\" src=\"https:\/\/www.appyweb.es\/diccionario\/wp-content\/uploads\/2024\/03\/Dominiosdeenlace-300x180.jpg\" alt=\"Dominios de enlace\" width=\"1137\" height=\"682\" srcset=\"https:\/\/www.appyweb.es\/diccionario\/wp-content\/uploads\/2024\/03\/Dominiosdeenlace-300x180.jpg 300w, https:\/\/www.appyweb.es\/diccionario\/wp-content\/uploads\/2024\/03\/Dominiosdeenlace-768x461.jpg 768w, https:\/\/www.appyweb.es\/diccionario\/wp-content\/uploads\/2024\/03\/Dominiosdeenlace.jpg 1000w\" sizes=\"auto, (max-width: 1137px) 100vw, 1137px\" \/><\/h1>\n<div class=\"entry-content\">\n<p>Cuando un sitio web apunta a otro sitio a trav\u00e9s de un link, se le conoce como\u00a0<em>dominio de enlace<\/em>. Es un t\u00e9rmino que\u00a0<strong>se utiliza con frecuencia al realizar una estrategia de construcci\u00f3n de links<\/strong>\u00a0o link building.<\/p>\n<h2><span id=\"%F0%9F%93%8C_%C2%BFQue_es\" class=\"ez-toc-section\"><\/span>\u00bfQu\u00e9 es?<\/h2>\n<p>Los expertos en marketing definen a los dominios de enlace como un nombre que apunta hacia un sitio web,\u00a0<strong>que sirve como puente de hacia otro sitio web<\/strong>. Este t\u00e9rmino se utiliza especialmente\u00a0<a href=\"https:\/\/www.appyweb.es\/link-building\/\">en las estrategias de link building<\/a>, consiste en una serie de t\u00e9cnicas de enlazado para aumentar la autoridad del sitio.<\/p>\n<p>Tradicionalmente, se identifican por ser de color azul y subrayados, tambi\u00e9n son conocidos como hiperv\u00ednculos o URL. Sin embargo, se utiliza el t\u00e9rmino\u00a0<em>dominio de enlace<\/em>\u00a0cuando se quiere hacer referencia a\u00a0<strong>cu\u00e1l es la relevancia de ese sitio web en cuanto a su autoridad<\/strong>\u00a0y popularidad en Internet.<\/p>\n<p>Igualmente, tambi\u00e9n se utiliza para hacer referencia a las direcciones que se escriben en un contenido que incluye el nombre completo del sitio web, por ejemplo, \u201d puede visitar este sitio web www.ejemplo.com para obtener m\u00e1s informaci\u00f3n\u201d.<\/p>\n<p>Los dominios de enlace son utilizados en todo Internet, sitios web como blog, revistas online o en redes sociales, al hacer clic en ellos direccionan a un nuevo sitio,\u00a0<strong>son \u00fatiles para ver m\u00e1s contenido de acuerdo a lo que est\u00e9 buscando el usuario<\/strong>.<\/p>\n<h2><span id=\"%F0%9F%93%8C_%C2%BFPara_que_sirven_los_dominios_de_enlace\" class=\"ez-toc-section\"><\/span>\u00bfPara qu\u00e9 sirven los dominios de enlace?<\/h2>\n<p>Los dominios de enlace tienen dos utilidades importantes. La primera es ayudar a\u00a0<a href=\"https:\/\/www.appyweb.es\/posicionamiento-web\/\">aumentar el tr\u00e1fico de visitas<\/a>\u00a0desde otros sitios web. Esto se realiza teniendo en cuenta las estrategias de construcci\u00f3n de links. Hay que tener en cuenta que este enlazado externo\u00a0<strong>puede ser muy positivo cuando provienen de sitios web de autoridad<\/strong>, ya que suelen tener un mejor posicionamiento.<\/p>\n<p>La segunda utilidad consiste en\u00a0<strong>proporcionar un mejor rendimiento en la b\u00fasqueda de los sitios web<\/strong>, logrando as\u00ed un tr\u00e1fico de visitas homog\u00e9neo. Cuando se adquiere link juice (autoridad) por parte de esos links los algoritmos suelen proporcionar una mejor posici\u00f3n en la p\u00e1gina de resultado de b\u00fasqueda, simplemente por compartir relevancia con esos sitios de alto nivel.<\/p>\n<h2><span id=\"%F0%9F%93%8C_Ejemplos_de_dominios_de_enlace\" class=\"ez-toc-section\"><\/span>Ejemplos de dominios de enlace<\/h2>\n<p>Normalmente estos suelen utilizarse\u00a0<strong>dentro de un ecosistema que comparten temas en com\u00fan<\/strong>, por ejemplo, Appyweb es un sitio que tiene que ver con marketing digital, dise\u00f1o web y posicionamiento. Si tuvi\u00e9ramos un enlazado en un sitio como Human Level, que es uno de los m\u00e1s reconocidos y mejor posicionados en el sector, ser\u00eda de gran ayuda para nuestro posicionamiento.<\/p>\n<p>Igualmente, nosotros tambi\u00e9n podemos utilizar un link para conectar a otro sitio web, por ejemplo, en la secci\u00f3n de abajo en\u00a0<em>m\u00e1s informaci\u00f3n<\/em>\u00a0puedes encontrar un enlazado hacia el Diario de Valderrueda (www.diariodevalderrueda.es), eso es un dominio de enlace.<\/p>\n<p>&nbsp;<\/p>\n<h2><span id=\"%F0%9F%93%8C_Mas_informacion_sobre_dominios_de_enlace\" class=\"ez-toc-section\"><\/span>M\u00e1s informaci\u00f3n sobre dominios de enlace<\/h2>\n<p>Aprender a utilizar los dominios de enlace para posicionar mejor tu sitio web requiere de algunas estrategias, para ayudarte con esto aqu\u00ed tienes informaci\u00f3n adicional.<\/p>\n<ul>\n<li><a href=\"https:\/\/www.diariodevalderrueda.es\/texto-diario\/mostrar\/1954888\/linkbuilding-tecnica-mejorar-posicionamiento-online\" rel=\"nofollow noopener\" target=\"_blank\">Linkbuilding, una t\u00e9cnica para mejorar el posicionamiento<\/a><\/li>\n<li><a href=\"https:\/\/www.appyweb.es\/10-ejemplos-linkbuilding-posicionar-web\/\">10 Ejemplos de Link Building Para Posicionar tu Web<\/a><\/li>\n<\/ul>\n<\/div>\n<p>&nbsp;<\/p>\n","protected":false},"excerpt":{"rendered":"<p>Cuando un sitio web apunta a otro sitio a trav\u00e9s de un link, se le conoce como\u00a0dominio de enlace. Es un t\u00e9rmino que\u00a0se utiliza con frecuencia al realizar una estrategia de construcci\u00f3n de links\u00a0o link building. \u00bfQu\u00e9 es? Los expertos en marketing definen a los dominios de enlace como un nombre que apunta hacia un [&hellip;]<\/p>\n","protected":false},"author":1,"featured_media":12242,"parent":0,"menu_order":0,"comment_status":"closed","ping_status":"closed","template":"","meta":{"inline_featured_image":false,"footnotes":""},"class_list":["post-1153","page","type-page","status-publish","has-post-thumbnail","hentry"],"_links":{"self":[{"href":"https:\/\/www.appyweb.es\/diccionario\/wp-json\/wp\/v2\/pages\/1153","targetHints":{"allow":["GET"]}}],"collection":[{"href":"https:\/\/www.appyweb.es\/diccionario\/wp-json\/wp\/v2\/pages"}],"about":[{"href":"https:\/\/www.appyweb.es\/diccionario\/wp-json\/wp\/v2\/types\/page"}],"author":[{"embeddable":true,"href":"https:\/\/www.appyweb.es\/diccionario\/wp-json\/wp\/v2\/users\/1"}],"replies":[{"embeddable":true,"href":"https:\/\/www.appyweb.es\/diccionario\/wp-json\/wp\/v2\/comments?post=1153"}],"version-history":[{"count":5,"href":"https:\/\/www.appyweb.es\/diccionario\/wp-json\/wp\/v2\/pages\/1153\/revisions"}],"predecessor-version":[{"id":12244,"href":"https:\/\/www.appyweb.es\/diccionario\/wp-json\/wp\/v2\/pages\/1153\/revisions\/12244"}],"wp:featuredmedia":[{"embeddable":true,"href":"https:\/\/www.appyweb.es\/diccionario\/wp-json\/wp\/v2\/media\/12242"}],"wp:attachment":[{"href":"https:\/\/www.appyweb.es\/diccionario\/wp-json\/wp\/v2\/media?parent=1153"}],"curies":[{"name":"wp","href":"https:\/\/api.w.org\/{rel}","templated":true}]}}