{"id":1156,"date":"2023-06-20T13:45:57","date_gmt":"2023-06-20T13:45:57","guid":{"rendered":"https:\/\/www.appyweb.es\/diccionario\/?page_id=1156"},"modified":"2024-03-22T09:34:49","modified_gmt":"2024-03-22T09:34:49","slug":"dominios-globales","status":"publish","type":"page","link":"https:\/\/www.appyweb.es\/diccionario\/dominios-globales\/","title":{"rendered":"Dominios Globales"},"content":{"rendered":"<h1 class=\"entry-title main_title\"><img loading=\"lazy\" decoding=\"async\" class=\"alignnone wp-image-12245\" src=\"https:\/\/www.appyweb.es\/diccionario\/wp-content\/uploads\/2024\/03\/DominiosGlobales-300x180.jpg\" alt=\"Dominios Globales\" width=\"1143\" height=\"686\" srcset=\"https:\/\/www.appyweb.es\/diccionario\/wp-content\/uploads\/2024\/03\/DominiosGlobales-300x180.jpg 300w, https:\/\/www.appyweb.es\/diccionario\/wp-content\/uploads\/2024\/03\/DominiosGlobales-768x461.jpg 768w, https:\/\/www.appyweb.es\/diccionario\/wp-content\/uploads\/2024\/03\/DominiosGlobales.jpg 1000w\" sizes=\"auto, (max-width: 1143px) 100vw, 1143px\" \/><\/h1>\n<div class=\"entry-content\">\n<p>Los\u00a0<strong>dominios de nivel superior globales son aquellos que se pueden posicionar en todo el mundo<\/strong>, es decir, si tienes un sitio web con uno de estos es posible que puedas aparecer en b\u00fasquedas realizadas hasta en la Patagonia. Son diferentes a los de geolocalizaci\u00f3n y los promocionados, asimismo, tambi\u00e9n son los m\u00e1s utilizados.<\/p>\n<h2>\u00bfCu\u00e1les son los dominios Globales?<\/h2>\n<p>Estos son los m\u00e1s populares y suelen ser otorgados por\u00a0<em>Internet Corporation for Assigned Names and Numbers<\/em>\u00a0(ICANN), ya que no tienen una secci\u00f3n territorial asignada. De esta forma, Son diferentes a los de geolocalizaci\u00f3n, que est\u00e1n dados por solo dos siglas y van dirigidos especialmente a una regi\u00f3n o un pa\u00eds en espec\u00edfico.<\/p>\n<p>Estos \u00faltimos son utilizados para\u00a0<a href=\"https:\/\/www.appyweb.es\/posicionamiento-web\/\">alcanzar un posicionamiento web local<\/a>, es decir, al alcance de los usuarios de un pa\u00eds en espec\u00edfico. Pero,\u00a0<strong>con los globalizados puedes generar posiciones en cualquier parte del mundo<\/strong>. Estos se pueden reconocer f\u00e1cilmente, ya que tienen estas terminales.<\/p>\n<ol>\n<li>.com<\/li>\n<li>.net<\/li>\n<li>.org<\/li>\n<\/ol>\n<p>A diferencia de los siguientes, que pertenecen a un tipo de geolocalizaci\u00f3n.<\/p>\n<ol>\n<li>.es<\/li>\n<li>.ar<\/li>\n<li>.uk<\/li>\n<li>.us<\/li>\n<\/ol>\n<h2>\u00bfPara qu\u00e9 sirven los Dominios Globales?<\/h2>\n<p>La funci\u00f3n principal de los dominios globales es justamente expandir una marca por el mundo, cuando una empresa decide utilizar uno de estos tambi\u00e9n le indica a los algoritmos de los buscadores, como Google,\u00a0<strong>que pueden aparecer en cualquier parte del mundo<\/strong>. Sin embargo, es importante tener en cuenta que los buscadores est\u00e1n cada vez m\u00e1s a favor de la segmentaci\u00f3n, especialmente porque puede ofrecer mejores resultados a los usuarios.<\/p>\n<p>Es por eso que incluso si un sitio web tiene una direcci\u00f3n globalizada es posible que no tenga prioridad en b\u00fasquedas locales, por ejemplo, a trav\u00e9s del buscador de Google Maps. Aun as\u00ed,\u00a0<a href=\"https:\/\/www.appyweb.es\/auditoria-seo\/\">los expertos SEO indican<\/a>\u00a0que estos tipos de nombre pueden escalar hacia los primeros lugares en regiones del mismo idioma.<\/p>\n<p>Por ejemplo, un sitio llamado \u201cwww.floresdecolores.com\u201d puede estar en los primeros lugares a la vez en Espa\u00f1a, M\u00e9xico, Chile, etc., por que comparten el mismo idioma. Si es en ingl\u00e9s, \u201cwww.flowersofcolors.com\u201d estar\u00eda posicionado para Estados Unidos, Gran Breta\u00f1a, Australia, etc.<\/p>\n<h2>\u00bfQu\u00e9 es la extensi\u00f3n global?<\/h2>\n<p>Una de las extensiones que se clasifican en este tipo de direcci\u00f3n es \u201c.global\u201d, es\u00a0<strong>utilizada para posicionar en cualquier parte del mundo<\/strong>\u00a0sin importar la localizaci\u00f3n o el idioma. Aunque no suele ser muy popular, es utilizado para evitar segmentar el sitio web bajo extensiones como .edu (educativos), .gob (gubernamental) o .biz (negocio).<\/p>\n<p>Sin embargo, este tipo de extensi\u00f3n no permite algunos caracteres, por ejemplo, la utilizaci\u00f3n de guiones (-) al principio ni al final del nombre.<\/p>\n<h2>\u00bfCu\u00e1l es el mejor dominio?<\/h2>\n<p>Actualmente, los expertos recomiendan utilizar una extensi\u00f3n geolocalizada, ya que esto permite que el sitio crezca en un sector segmentado por regi\u00f3n. Igualmente, los SEOs mencionan que\u00a0<strong>de esta forma es m\u00e1s f\u00e1cil conseguir los primeros lugares<\/strong>. Sin embargo, si est\u00e1s en proceso de expandir tu marca, junto a una estrategia de posicionamiento muy agresiva, entonces los dominios globales son una buena elecci\u00f3n. Pero, antes de elegir uno, ten en cuenta estas recomendaciones.<\/p>\n<ul>\n<li>Busca un nombre visual, que sea f\u00e1cil de recordar.<\/li>\n<li>La direcci\u00f3n debe ser clara y \u00fanica, no utilices extensiones compartidas como \u201c.com.es\u201d.<\/li>\n<li>Intenta que el nombre del sitio sea corto y limpio.<\/li>\n<li><strong>Piensa en el branding al momento de elegir la extensi\u00f3n<\/strong>.<\/li>\n<li>Ten en cuenta el tipo de audiencia al que te diriges.<\/li>\n<li>Considera tu objetivo a largo plazo.<\/li>\n<\/ul>\n<p>&nbsp;<\/p>\n<h2>M\u00e1s informaci\u00f3n sobre dominios globales<\/h2>\n<p>Aparte de las recomendaciones del apartado anterior, necesitas informarte bien sobre tu pr\u00f3xima inversi\u00f3n en direcciones globales, en los siguientes enlaces encontrar\u00e1s informaci\u00f3n interesante que te ayudar\u00e1 en el proceso.<\/p>\n<ul>\n<li><a href=\"https:\/\/www.appyweb.es\/diccionario\/orientacion-geografica-dominio-los-buscadores\/\">\u00bfQu\u00e9 es la Orientaci\u00f3n geogr\u00e1fica de un dominio en los buscadores?<\/a><\/li>\n<li><a href=\"https:\/\/www.elconfidencialdigital.com\/articulo\/negocio\/registra-dominio-adecuado-empresa\/20191220124530136197.html\" rel=\"nofollow noopener\" target=\"_blank\">Registra el Dominio adecuado para tu empresa<\/a><\/li>\n<\/ul>\n<\/div>\n<p>&nbsp;<\/p>\n","protected":false},"excerpt":{"rendered":"<p>Los\u00a0dominios de nivel superior globales son aquellos que se pueden posicionar en todo el mundo, es decir, si tienes un sitio web con uno de estos es posible que puedas aparecer en b\u00fasquedas realizadas hasta en la Patagonia. Son diferentes a los de geolocalizaci\u00f3n y los promocionados, asimismo, tambi\u00e9n son los m\u00e1s utilizados. \u00bfCu\u00e1les son [&hellip;]<\/p>\n","protected":false},"author":1,"featured_media":12245,"parent":0,"menu_order":0,"comment_status":"closed","ping_status":"closed","template":"","meta":{"inline_featured_image":false,"footnotes":""},"class_list":["post-1156","page","type-page","status-publish","has-post-thumbnail","hentry"],"_links":{"self":[{"href":"https:\/\/www.appyweb.es\/diccionario\/wp-json\/wp\/v2\/pages\/1156","targetHints":{"allow":["GET"]}}],"collection":[{"href":"https:\/\/www.appyweb.es\/diccionario\/wp-json\/wp\/v2\/pages"}],"about":[{"href":"https:\/\/www.appyweb.es\/diccionario\/wp-json\/wp\/v2\/types\/page"}],"author":[{"embeddable":true,"href":"https:\/\/www.appyweb.es\/diccionario\/wp-json\/wp\/v2\/users\/1"}],"replies":[{"embeddable":true,"href":"https:\/\/www.appyweb.es\/diccionario\/wp-json\/wp\/v2\/comments?post=1156"}],"version-history":[{"count":6,"href":"https:\/\/www.appyweb.es\/diccionario\/wp-json\/wp\/v2\/pages\/1156\/revisions"}],"predecessor-version":[{"id":12247,"href":"https:\/\/www.appyweb.es\/diccionario\/wp-json\/wp\/v2\/pages\/1156\/revisions\/12247"}],"wp:featuredmedia":[{"embeddable":true,"href":"https:\/\/www.appyweb.es\/diccionario\/wp-json\/wp\/v2\/media\/12245"}],"wp:attachment":[{"href":"https:\/\/www.appyweb.es\/diccionario\/wp-json\/wp\/v2\/media?parent=1156"}],"curies":[{"name":"wp","href":"https:\/\/api.w.org\/{rel}","templated":true}]}}