{"id":116,"date":"2023-06-19T13:19:24","date_gmt":"2023-06-19T13:19:24","guid":{"rendered":"https:\/\/www.appyweb.es\/diccionario\/?page_id=116"},"modified":"2024-02-15T11:44:11","modified_gmt":"2024-02-15T11:44:11","slug":"analisis-seo","status":"publish","type":"page","link":"https:\/\/www.appyweb.es\/diccionario\/analisis-seo\/","title":{"rendered":"Analista SEO"},"content":{"rendered":"<p><img loading=\"lazy\" decoding=\"async\" class=\" wp-image-8264 aligncenter\" src=\"https:\/\/www.appyweb.es\/diccionario\/wp-content\/uploads\/2023\/08\/que-es-un-analista-SEO-300x200.jpg\" alt=\"\" width=\"872\" height=\"582\" srcset=\"https:\/\/www.appyweb.es\/diccionario\/wp-content\/uploads\/2023\/08\/que-es-un-analista-SEO-300x200.jpg 300w, https:\/\/www.appyweb.es\/diccionario\/wp-content\/uploads\/2023\/08\/que-es-un-analista-SEO-1024x683.jpg 1024w, https:\/\/www.appyweb.es\/diccionario\/wp-content\/uploads\/2023\/08\/que-es-un-analista-SEO-768x512.jpg 768w, https:\/\/www.appyweb.es\/diccionario\/wp-content\/uploads\/2023\/08\/que-es-un-analista-SEO.jpg 1080w\" sizes=\"auto, (max-width: 872px) 100vw, 872px\" \/><\/p>\n<p>Toda plataforma virtual necesita un analista SEO, pues se encarga de\u00a0<strong>generar las mejores estrategias para alcanzar el mejor posicionamiento<\/strong>\u00a0en los principales buscadores.<br \/>\nSe trata de un profesional que no puede faltar en las estrategias de marketing digital, ya que las organizaciones necesitar\u00e1n crear, dar seguimiento y mejorar sus estrategias de optimizaci\u00f3n.<\/p>\n<h2>\u00bfQu\u00e9 es un analista SEO?<\/h2>\n<p>Es un experto que conoce a profundidad el funcionamiento de los algoritmos de los buscadores, los entiende y sabe c\u00f3mo complacerlos.<br \/>\nAl hacerlo, es posible mejorar sustancialmente <a href=\"https:\/\/www.appyweb.es\/posicionamiento-web\/\">el posicionamiento web de un sitio<\/a>, es por esto que es indispensable dentro de las estrategias de marketing digital org\u00e1nico.<\/p>\n<p>Tiene conocimientos en cuanto a palabras clave, construcci\u00f3n de enlaces, optimizaci\u00f3n en p\u00e1gina y fuera de p\u00e1gina, as\u00ed como en el an\u00e1lisis de todas esas estrategias.<br \/>\nAl contratar a este experto se espera que realice una auditor\u00eda de todos esos elementos, con el fin de optimizar o eliminar esas estrategias y encontrar mejores soluciones.<\/p>\n<h2>Origen del analista SEO<\/h2>\n<p>Este tipo de profesional naci\u00f3 junto al t\u00e9rmino an\u00e1lisis SEO, que empez\u00f3 a utilizarse por primera vez en 1997.<br \/>\nLos propietarios de sitios web se dieron cuenta de la importancia de las palabras clave y el nivel de visibilidad que obten\u00edan en buscadores.<br \/>\nEsta filosof\u00eda empez\u00f3 a tener m\u00e1s fuerza con la aparici\u00f3n de Google en 1998, cuando empez\u00f3 la competencia por las SERP\u2019s y el posicionamiento web.<\/p>\n<h2>\u00bfPara qu\u00e9 sirve un analista SEO?<\/h2>\n<p><strong>Tiene como fin principal optimizar las estrategias org\u00e1nicas de un sitio web, con el objetivo de aumentar las visitas desde sitios de b\u00fasqueda como Google o similares.<\/strong><br \/>\nPor ello plantean dise\u00f1os, estrategias y campa\u00f1as para as\u00ed conseguir una mejor calidad de la p\u00e1gina. Para eso emplea distintas herramientas de an\u00e1lisis como Ahrefs, Google Analytics, Open Link Profiler, entre otros.<\/p>\n<p>Durante las auditor\u00edas de elementos de optimizaci\u00f3n debe estudiar la efectividad de las palabras clave, optimizar los t\u00edtulos, meta-descripciones, URL, im\u00e1genes, contenidos y m\u00e1s.<\/p>\n<h2>Funciones del analista SEO<\/h2>\n<p>* \u00a0Verificar el volumen de b\u00fasquedas de las palabras clave de un sitio web.<br \/>\n* \u00a0Comprender el proceso de compra que realizan los usuarios, despu\u00e9s proponer estrategias para optimizarlo.<br \/>\n* \u00a0Utilizar un sistema o mapa de sitio para mejorar la indexaci\u00f3n para los motores de b\u00fasqueda.<br \/>\n* \u00a0Tener en cuenta los errores de programaci\u00f3n.<br \/>\n* \u00a0Estudiar los enlaces externos, verificar que cuenten con un buen nivel de calidad para posicionar.<br \/>\n* \u00a0Analizar el nivel de la audiencia, las conversiones y todos los resultados de las estrategias org\u00e1nicas.<br \/>\n<script type=\"application\/ld+json\">{\"@context\":\"https:\/\/schema.org\",\"@type\":\"FAQPage\",\"mainEntity\":[ \n{\"@type\":\"Question\",\"name\":\"\u00bfQu\u00e9 es un analista SEO?\",\"acceptedAnswer\":{\"@type\":\"Answer\",\"text\":\"Es un experto que conoce a profundidad el funcionamiento de los algoritmos de los buscadores, los entiende y sabe c\u00f3mo complacerlos.\nAl hacerlo, es posible mejorar sustancialmente el posicionamiento web de un sitio, es por esto que es indispensable dentro de las estrategias de marketing digital org\u00e1nico.<\/p>\n<p>Tiene conocimientos en cuanto a palabras clave, construcci\u00f3n de enlaces, optimizaci\u00f3n en p\u00e1gina y fuera de p\u00e1gina, as\u00ed como en el an\u00e1lisis de todas esas estrategias.\nAl contratar a este experto se espera que realice una auditor\u00eda de todos esos elementos, con el fin de optimizar o eliminar esas estrategias y encontrar mejores soluciones.\"}},\n{\"@type\":\"Question\",\"name\":\"Origen del analista SEO\",\"acceptedAnswer\":{\"@type\":\"Answer\",\"text\":\"Este tipo de profesional naci\u00f3 junto al t\u00e9rmino an\u00e1lisis SEO, que empez\u00f3 a utilizarse por primera vez en 1997.\nLos propietarios de sitios web se dieron cuenta de la importancia de las palabras clave y el nivel de visibilidad que obten\u00edan en buscadores.\nEsta filosof\u00eda empez\u00f3 a tener m\u00e1s fuerza con la aparici\u00f3n de Google en 1998, cuando empez\u00f3 la competencia por las SERP\u2019s y el posicionamiento web.\n\"}},\n{\"@type\":\"Question\",\"name\":\"\u00bfPara qu\u00e9 sirve un analista SEO?\",\"acceptedAnswer\":{\"@type\":\"Answer\",\"text\":\"Tiene como fin principal optimizar las estrategias org\u00e1nicas de un sitio web, con el objetivo de aumentar las visitas desde sitios de b\u00fasqueda como Google o similares.\nPor ello plantean dise\u00f1os, estrategias y campa\u00f1as para as\u00ed conseguir una mejor calidad de la p\u00e1gina. Para eso emplea distintas herramientas de an\u00e1lisis como Ahrefs, Google Analytics, Open Link Profiler, entre otros.<\/p>\n<p>Durante las auditor\u00edas de elementos de optimizaci\u00f3n debe estudiar la efectividad de las palabras clave, optimizar los t\u00edtulos, meta-descripciones, URL, im\u00e1genes, contenidos y m\u00e1s.\"}},\n{\"@type\":\"Question\",\"name\":\"Funciones del analista SEO\",\"acceptedAnswer\":{\"@type\":\"Answer\",\"text\":\"Verificar el volumen de b\u00fasquedas de las palabras clave de un sitio web.\nComprender el proceso de compra que realizan los usuarios, despu\u00e9s proponer estrategias para optimizarlo.\nUtilizar un sitemap o mapa de sitio para mejorar la indexaci\u00f3n para los motores de b\u00fasqueda.\nTener en cuenta los errores de programaci\u00f3n.\nEstudiar los enlaces externos, verificar que cuenten con un buen nivel de calidad para posicionar.\nAnalizar el nivel de la audiencia, las conversiones y todos los resultados de las estrategias org\u00e1nicas.\"}}\n]}<\/script><\/p>\n<ul>\n<li><a href=\"https:\/\/diseno20.appyweb.es\/redaccion-textos-seo\/\" rel=\"nofollow noopener\" target=\"_blank\">Factores del SEO ON PAGE<\/a>.<\/li>\n<li><a href=\"https:\/\/tecnohotelnews.com\/2020\/07\/20\/google-sem-seo-primera-posicion\/\" rel=\"nofollow noopener\" target=\"_blank\">Google da m\u00e1s visibilidad a la primera posici\u00f3n de SEM y SEO<\/a><\/li>\n<\/ul>\n","protected":false},"excerpt":{"rendered":"<p>Toda plataforma virtual necesita un analista SEO, pues se encarga de\u00a0generar las mejores estrategias para alcanzar el mejor posicionamiento\u00a0en los principales buscadores. Se trata de un profesional que no puede faltar en las estrategias de marketing digital, ya que las organizaciones necesitar\u00e1n crear, dar seguimiento y mejorar sus estrategias de optimizaci\u00f3n. \u00bfQu\u00e9 es un analista [&hellip;]<\/p>\n","protected":false},"author":1,"featured_media":8264,"parent":0,"menu_order":0,"comment_status":"closed","ping_status":"closed","template":"","meta":{"inline_featured_image":false,"footnotes":""},"class_list":["post-116","page","type-page","status-publish","has-post-thumbnail","hentry"],"_links":{"self":[{"href":"https:\/\/www.appyweb.es\/diccionario\/wp-json\/wp\/v2\/pages\/116","targetHints":{"allow":["GET"]}}],"collection":[{"href":"https:\/\/www.appyweb.es\/diccionario\/wp-json\/wp\/v2\/pages"}],"about":[{"href":"https:\/\/www.appyweb.es\/diccionario\/wp-json\/wp\/v2\/types\/page"}],"author":[{"embeddable":true,"href":"https:\/\/www.appyweb.es\/diccionario\/wp-json\/wp\/v2\/users\/1"}],"replies":[{"embeddable":true,"href":"https:\/\/www.appyweb.es\/diccionario\/wp-json\/wp\/v2\/comments?post=116"}],"version-history":[{"count":12,"href":"https:\/\/www.appyweb.es\/diccionario\/wp-json\/wp\/v2\/pages\/116\/revisions"}],"predecessor-version":[{"id":11231,"href":"https:\/\/www.appyweb.es\/diccionario\/wp-json\/wp\/v2\/pages\/116\/revisions\/11231"}],"wp:featuredmedia":[{"embeddable":true,"href":"https:\/\/www.appyweb.es\/diccionario\/wp-json\/wp\/v2\/media\/8264"}],"wp:attachment":[{"href":"https:\/\/www.appyweb.es\/diccionario\/wp-json\/wp\/v2\/media?parent=116"}],"curies":[{"name":"wp","href":"https:\/\/api.w.org\/{rel}","templated":true}]}}