{"id":1175,"date":"2023-06-20T13:51:54","date_gmt":"2023-06-20T13:51:54","guid":{"rendered":"https:\/\/www.appyweb.es\/diccionario\/?page_id=1175"},"modified":"2024-03-22T11:09:57","modified_gmt":"2024-03-22T11:09:57","slug":"drupal","status":"publish","type":"page","link":"https:\/\/www.appyweb.es\/diccionario\/drupal\/","title":{"rendered":"Drupal"},"content":{"rendered":"<h1 class=\"entry-title main_title\"><img loading=\"lazy\" decoding=\"async\" class=\"alignnone  wp-image-12281\" src=\"https:\/\/www.appyweb.es\/diccionario\/wp-content\/uploads\/2024\/03\/Drupal-300x180.jpg\" alt=\"Drupal\" width=\"1120\" height=\"672\" srcset=\"https:\/\/www.appyweb.es\/diccionario\/wp-content\/uploads\/2024\/03\/Drupal-300x180.jpg 300w, https:\/\/www.appyweb.es\/diccionario\/wp-content\/uploads\/2024\/03\/Drupal-768x461.jpg 768w, https:\/\/www.appyweb.es\/diccionario\/wp-content\/uploads\/2024\/03\/Drupal.jpg 1000w\" sizes=\"auto, (max-width: 1120px) 100vw, 1120px\" \/><\/h1>\n<div class=\"entry-content\">\n<p>En el mundo del desarrollo y creaci\u00f3n de sitios digitales se pueden utilizar muchas herramientas, plataformas, t\u00e9cnicas, entre otras. Estas ayudan y facilitan altamente el desarrollo de una p\u00e1gina web, como es el caso de los CMS o gestores de contenidos, Drupal es uno de ellos.<\/p>\n<h2><span id=\"%F0%9F%93%8C_%C2%BFQue_es_Drupal\" class=\"ez-toc-section\"><\/span>\u00bfQu\u00e9 es Drupal?<\/h2>\n<p>Drupal es una plataforma que se puede utilizar para\u00a0<a href=\"https:\/\/www.appyweb.es\/diseno-web\/\">desarrollar un sitio web desde cero<\/a>. B\u00e1sicamente se trata de un CMS, cuyas siglas en ingl\u00e9s significan\u00a0<em>gestor de contenidos<\/em>. De esta forma,\u00a0<strong>permite la creaci\u00f3n de contenido nuevo como un blog, un sitio digital o un foro<\/strong>, funciona de forma similar a WordPress.<\/p>\n<p>Tambi\u00e9n es necesario mencionar que es un software escrito en PHP, lo que lo hace un programa totalmente libre, esto quiere decir, que cualquier persona lo puede utilizar, cambiar o modificar sin tener que pagar ni un s\u00f3lo euro. Aparte, cuenta con una comunidad de respaldo que siempre est\u00e1 dispuesta a ofrecer accesorias de forma gratuita.<\/p>\n<h2><span id=\"%F0%9F%93%8C_%C2%BFPara_que_sirve_Drupal\" class=\"ez-toc-section\"><\/span>\u00bfPara qu\u00e9 sirve Drupal?<\/h2>\n<p>Como cualquier otro CMS,\u00a0<strong>permite la creaci\u00f3n de sitios online<\/strong>. De hecho, gracias a su editor de contenidos, hace mucho m\u00e1s f\u00e1cil la creaci\u00f3n de p\u00e1ginas complejas,\u00a0<a href=\"https:\/\/www.appyweb.es\/diseno-tienda-online\/\">como el dise\u00f1o de tiendas online y landing pages<\/a>. Ayuda a modificar toda la estructura on page y off page de forma f\u00e1cil y r\u00e1pida, ya que cuenta con un buscador de mejoramiento de dise\u00f1o.<\/p>\n<p>Drupal fue pensada para ser utilizada tanto para empresas como para personas naturales, actualmente es uno de los mejores referentes para el emprendimiento online. Es utilizado para dise\u00f1ar el framework de sitios de entretenimiento como The Oscars, as\u00ed como otros de alto contenido informativo con Fox News y NBC.<\/p>\n<h2><span id=\"%F0%9F%93%8C_%C2%BFComo_funciona_Drupal\" class=\"ez-toc-section\"><\/span>\u00bfC\u00f3mo funciona Drupal?<\/h2>\n<p>Esta plataforma se basa en un sistema din\u00e1mico, es decir, que no almacena sus contenidos en archivos est\u00e1ticos dentro del servidor con un sistema de archivos, sino que todo el contenido textual de las p\u00e1ginas\u00a0<strong>se almacena en una base de datos que pueden tambi\u00e9n editarse en la nube<\/strong>, pero no solo el contenido textual sino cualquier otra configuraci\u00f3n.<\/p>\n<p>Gracias a la flexibilidad y adaptabilidad del software, es muy utilizado para construir y gestionar diferentes comunidades en Internet, tambi\u00e9n es popular porque cuenta con una gran cantidad de m\u00f3dulos disponibles que permiten dise\u00f1ar cualquier tipo de sitio web.<\/p>\n<h2><span id=\"%F0%9F%93%8C_Ventajas_y_desventajas_de_Drupal\" class=\"ez-toc-section\"><\/span>Ventajas y desventajas de Drupal<\/h2>\n<p>El beneficio m\u00e1s importante de este gestor es que\u00a0<strong>es muy completo y cuenta con una gran cantidad de funcionalidades<\/strong>, otras ventajas destacables son las siguientes.<\/p>\n<h3><span id=\"Ventajas\" class=\"ez-toc-section\"><\/span>Ventajas<\/h3>\n<ul>\n<li>Debido que cuenta con una gran cantidad de funciones,\u00a0<strong>no es necesario instalar extensiones o m\u00f3dulos adicionales<\/strong>.<\/li>\n<li>Puede adaptarse a una gran cantidad de formatos.<\/li>\n<li>Cuenta con un panel de control de gran capacidad de administraci\u00f3n para los usuarios.<\/li>\n<li>La edici\u00f3n gr\u00e1fica es muy sencilla de utilizar y se puede crear cualquier tipo de p\u00e1ginas sin salir del editor.<\/li>\n<li>El contenido es estructurado.<\/li>\n<\/ul>\n<h3><span id=\"Desventajas\" class=\"ez-toc-section\"><\/span>Desventajas<\/h3>\n<ul>\n<li>Su instalaci\u00f3n es un poco complicada compar\u00e1ndolo con WordPress.<\/li>\n<li>Es un sistema moderno, por lo que no es una buena opci\u00f3n para los negocios que apenas est\u00e1n migrando a lo digital.<\/li>\n<li>Aunque cuenta con una comunidad como soporte de ayuda, en realidad no es tan grande como en otros tipos de software.<\/li>\n<\/ul>\n<p>&nbsp;<\/p>\n<h2><span id=\"%F0%9F%93%8C_Mas_informacion_sobre_Drupal\" class=\"ez-toc-section\"><\/span>M\u00e1s informaci\u00f3n sobre Drupal<\/h2>\n<p>\u00bfA\u00fan no te qued\u00f3 claro qu\u00e9 es y para qu\u00e9 sirve Drupal? Aqu\u00ed tienes otros conceptos que te ayudar\u00e1n a entenderlo.<\/p>\n<ul>\n<li><a href=\"https:\/\/www.appyweb.es\/diccionario\/cms\/\">\u00bfQu\u00e9 es CMS y para qu\u00e9 sirve?<\/a><\/li>\n<li><a href=\"https:\/\/es.wikipedia.org\/wiki\/Drupal#Conceptos_generales_de_Drupal\" rel=\"nofollow noopener\" target=\"_blank\">Conceptos generales de Drupal<\/a><\/li>\n<\/ul>\n<\/div>\n<p>&nbsp;<\/p>\n","protected":false},"excerpt":{"rendered":"<p>En el mundo del desarrollo y creaci\u00f3n de sitios digitales se pueden utilizar muchas herramientas, plataformas, t\u00e9cnicas, entre otras. Estas ayudan y facilitan altamente el desarrollo de una p\u00e1gina web, como es el caso de los CMS o gestores de contenidos, Drupal es uno de ellos. \u00bfQu\u00e9 es Drupal? Drupal es una plataforma que se [&hellip;]<\/p>\n","protected":false},"author":1,"featured_media":12281,"parent":0,"menu_order":0,"comment_status":"closed","ping_status":"closed","template":"","meta":{"inline_featured_image":false,"footnotes":""},"class_list":["post-1175","page","type-page","status-publish","has-post-thumbnail","hentry"],"_links":{"self":[{"href":"https:\/\/www.appyweb.es\/diccionario\/wp-json\/wp\/v2\/pages\/1175","targetHints":{"allow":["GET"]}}],"collection":[{"href":"https:\/\/www.appyweb.es\/diccionario\/wp-json\/wp\/v2\/pages"}],"about":[{"href":"https:\/\/www.appyweb.es\/diccionario\/wp-json\/wp\/v2\/types\/page"}],"author":[{"embeddable":true,"href":"https:\/\/www.appyweb.es\/diccionario\/wp-json\/wp\/v2\/users\/1"}],"replies":[{"embeddable":true,"href":"https:\/\/www.appyweb.es\/diccionario\/wp-json\/wp\/v2\/comments?post=1175"}],"version-history":[{"count":5,"href":"https:\/\/www.appyweb.es\/diccionario\/wp-json\/wp\/v2\/pages\/1175\/revisions"}],"predecessor-version":[{"id":12283,"href":"https:\/\/www.appyweb.es\/diccionario\/wp-json\/wp\/v2\/pages\/1175\/revisions\/12283"}],"wp:featuredmedia":[{"embeddable":true,"href":"https:\/\/www.appyweb.es\/diccionario\/wp-json\/wp\/v2\/media\/12281"}],"wp:attachment":[{"href":"https:\/\/www.appyweb.es\/diccionario\/wp-json\/wp\/v2\/media?parent=1175"}],"curies":[{"name":"wp","href":"https:\/\/api.w.org\/{rel}","templated":true}]}}