{"id":1178,"date":"2023-06-20T13:53:19","date_gmt":"2023-06-20T13:53:19","guid":{"rendered":"https:\/\/www.appyweb.es\/diccionario\/?page_id=1178"},"modified":"2024-03-22T11:14:45","modified_gmt":"2024-03-22T11:14:45","slug":"dsp","status":"publish","type":"page","link":"https:\/\/www.appyweb.es\/diccionario\/dsp\/","title":{"rendered":"Dsp"},"content":{"rendered":"<h1 class=\"entry-title main_title\"><img loading=\"lazy\" decoding=\"async\" class=\"alignnone  wp-image-12284\" src=\"https:\/\/www.appyweb.es\/diccionario\/wp-content\/uploads\/2024\/03\/dsp-300x180.jpg\" alt=\"DSP\" width=\"1148\" height=\"689\" srcset=\"https:\/\/www.appyweb.es\/diccionario\/wp-content\/uploads\/2024\/03\/dsp-300x180.jpg 300w, https:\/\/www.appyweb.es\/diccionario\/wp-content\/uploads\/2024\/03\/dsp-768x461.jpg 768w, https:\/\/www.appyweb.es\/diccionario\/wp-content\/uploads\/2024\/03\/dsp.jpg 1000w\" sizes=\"auto, (max-width: 1148px) 100vw, 1148px\" \/><\/h1>\n<div class=\"entry-content\">\n<p>El Dsp se conoce como una plataforma, que atraviesa la\u00a0<strong>demanda para la adquisici\u00f3n de publicidad<\/strong>, ya sea en distintas pantallas, display o v\u00eddeos. En este proceso,\u00a0ocurren distintos intercambios de las publicidades a\u00f1adidas y ponen contacto al comprador y vendedor.<\/p>\n<h2><span id=\"%F0%9F%93%8C_%C2%BFQue_es_un_DSP\" class=\"ez-toc-section\"><\/span>\u00bfQu\u00e9 es un DSP?<\/h2>\n<p>El DSP es la abreviatura de\u00a0<em>Demand Side Platform<\/em>, es necesario diferenciarlo del t\u00e9rmino Digital Signal Procesor que se utiliza en inform\u00e1tica para hacer referencia al Procesador de Se\u00f1ales Digitales. En este sentido, es una plataforma en la que\u00a0<strong>se puede acceder a demandas publicitarias en cualquier p\u00e1gina<\/strong>, utilizado como medio ordenadores o tel\u00e9fonos inteligentes.<\/p>\n<p>Funciona de\u00a0<a href=\"https:\/\/www.appyweb.es\/campanas-google-adwords\/\">forma similar a Google Ads<\/a>, ya que pone a la orden lo que se conoce como Ad Exchange que permite\u00a0<strong>poner en contacto a compradores y vendedores de publicidad<\/strong>. As\u00ed, se puede decir que es una forma m\u00e1s actual de realizar acuerdos publicitarios, ya que con este sistema es posible automatizar un algoritmo para localizar nichos de mercado y hacer publicidad.<\/p>\n<h2><span id=\"%F0%9F%93%8C_%C2%BFPara_que_sirve_un_DSP\" class=\"ez-toc-section\"><\/span>\u00bfPara qu\u00e9 sirve un DSP?<\/h2>\n<p>Como se mencion\u00f3 anteriormente, la finalidad principal de un DSP es poner\u00a0<strong>en contacto a los compradores y vendedores de anuncios<\/strong>, utilizando un algoritmo avanzado que les permite encontrar las mejores ofertas seg\u00fan el nicho al que se dirigen.<\/p>\n<p>De esta forma, es posible alcanzar a un p\u00fablico de mayor calidad para\u00a0<a href=\"https:\/\/www.appyweb.es\/conversion-web\/\">incrementar la conversi\u00f3n web<\/a>, lo que es una gran ventaja frente a otros m\u00e9todos tradicionales de anuncio, d\u00f3nde es necesario realizar este proceso bas\u00e1ndose en la cantidad de visualizaciones y no en la calidad de los usuarios.<\/p>\n<p>Igualmente, es posible realizar un cruce de datos del perfil del consumidor m\u00e1s adecuado para la empresa anunciante, de forma que se puedan\u00a0<strong>realizar subastas y optimizaciones de las campa\u00f1as en tiempo real<\/strong>. Esto tambi\u00e9n es muy beneficioso para ambas partes, ya se pueden maximizar los resultados de la inversi\u00f3n.<\/p>\n<h2><span id=\"%F0%9F%93%8C_%C2%BFComo_funciona_un_DSP\" class=\"ez-toc-section\"><\/span>\u00bfC\u00f3mo funciona un DSP?<\/h2>\n<p>Se trata de una plataforma o sitio web que utiliza tecnolog\u00eda program\u00e1tica para\u00a0<strong>generar una demanda de representaciones publicitarias para compradores<\/strong>, es decir, los anunciantes. Cuando se habla de plataformas que genera una demanda para los vendedores, tambi\u00e9n conocidos como\u00a0<em>publishers<\/em>, entonces pasar\u00eda a llamarse Sell Side Plataform (SSP).<\/p>\n<p>De esta forma, el sitio web concentra\u00a0<strong>una gran cantidad de datos acerca de usuarios y subastas<\/strong>, con ayuda de su algoritmo permite que los anunciantes puedan competir por un espacio publicitario en Internet. Todo este proceso se realiza en tiempo real, por lo que la localizaci\u00f3n y la compra de las campa\u00f1as se realizan cuesti\u00f3n de milisegundos.<\/p>\n<p>Asimismo, este proceso funciona con un sistema de pago de coste por 1000 impresiones, en el sistema se mostrar\u00e1 la cantidad de visualizaciones que puede emitir el anuncio, por cada 1000 visualizaciones emitir\u00e1 un precio final. Sin embargo, tambi\u00e9n se tienen en cuenta otros factores como la respuesta de los usuarios, el hist\u00f3rico de conversiones, el contenido del sitio y la seguridad de la URL.<\/p>\n<h2><span id=\"%F0%9F%93%8C_Ejemplos_y_plataformas_de_DSP\" class=\"ez-toc-section\"><\/span>Ejemplos y plataformas de DSP<\/h2>\n<p>Aunque en la actualidad existe una gran variedad de este tipo de empresas es necesario tener en cuenta las mejores, son las que incluyen su propia tecnolog\u00eda, las m\u00e1s utilizadas son las siguientes.<\/p>\n<ul>\n<li><strong>DoubleClick<\/strong>: Es la plataforma que\u00a0<strong>utiliza Google para vender anuncios de forma masiva<\/strong>, a trav\u00e9s de \u00e9sta puede dar a acceder a un inventario internacional en cualquier tipo de pantalla y formato.<\/li>\n<li><strong>DataXu<\/strong>: Es el competidor directo del anterior, destaca porque cuenta con una alta seguridad cibern\u00e9tica y garantiza hasta un 97% menos de fraudes en los contratos de campa\u00f1a.<\/li>\n<\/ul>\n<p>&nbsp;<\/p>\n<h2><span id=\"%F0%9F%93%8C_Mas_informacion_sobre_DSP\" class=\"ez-toc-section\"><\/span>M\u00e1s informaci\u00f3n sobre DSP<\/h2>\n<p>El t\u00e9rmino DSP tambi\u00e9n se utiliza con mucha frecuencia en lo que se conoce como compra o venta program\u00e1tica, mira c\u00f3mo se desarrollan estos conceptos y su impacto en la forma de hacer publicidad en Europa.<\/p>\n<ul>\n<li><a href=\"https:\/\/www.appyweb.es\/diccionario\/compra-programatica\/\">\u00bfQu\u00e9 es la Compra program\u00e1tica y para qu\u00e9 sirve?<\/a><\/li>\n<li><a href=\"https:\/\/www.america-retail.com\/marketing-digital\/marketing-digital-la-publicidad-programatica-crece-a-un-ritmo-exponencial-en-europa\/\" rel=\"nofollow noopener\" target=\"_blank\">La publicidad program\u00e1tica crece a un ritmo exponencial en Europa<\/a><\/li>\n<\/ul>\n<\/div>\n<p>&nbsp;<\/p>\n","protected":false},"excerpt":{"rendered":"<p>El Dsp se conoce como una plataforma, que atraviesa la\u00a0demanda para la adquisici\u00f3n de publicidad, ya sea en distintas pantallas, display o v\u00eddeos. En este proceso,\u00a0ocurren distintos intercambios de las publicidades a\u00f1adidas y ponen contacto al comprador y vendedor. \u00bfQu\u00e9 es un DSP? El DSP es la abreviatura de\u00a0Demand Side Platform, es necesario diferenciarlo del [&hellip;]<\/p>\n","protected":false},"author":1,"featured_media":12284,"parent":0,"menu_order":0,"comment_status":"closed","ping_status":"closed","template":"","meta":{"inline_featured_image":false,"footnotes":""},"class_list":["post-1178","page","type-page","status-publish","has-post-thumbnail","hentry"],"_links":{"self":[{"href":"https:\/\/www.appyweb.es\/diccionario\/wp-json\/wp\/v2\/pages\/1178","targetHints":{"allow":["GET"]}}],"collection":[{"href":"https:\/\/www.appyweb.es\/diccionario\/wp-json\/wp\/v2\/pages"}],"about":[{"href":"https:\/\/www.appyweb.es\/diccionario\/wp-json\/wp\/v2\/types\/page"}],"author":[{"embeddable":true,"href":"https:\/\/www.appyweb.es\/diccionario\/wp-json\/wp\/v2\/users\/1"}],"replies":[{"embeddable":true,"href":"https:\/\/www.appyweb.es\/diccionario\/wp-json\/wp\/v2\/comments?post=1178"}],"version-history":[{"count":5,"href":"https:\/\/www.appyweb.es\/diccionario\/wp-json\/wp\/v2\/pages\/1178\/revisions"}],"predecessor-version":[{"id":12286,"href":"https:\/\/www.appyweb.es\/diccionario\/wp-json\/wp\/v2\/pages\/1178\/revisions\/12286"}],"wp:featuredmedia":[{"embeddable":true,"href":"https:\/\/www.appyweb.es\/diccionario\/wp-json\/wp\/v2\/media\/12284"}],"wp:attachment":[{"href":"https:\/\/www.appyweb.es\/diccionario\/wp-json\/wp\/v2\/media?parent=1178"}],"curies":[{"name":"wp","href":"https:\/\/api.w.org\/{rel}","templated":true}]}}