{"id":1187,"date":"2023-06-20T14:14:22","date_gmt":"2023-06-20T14:14:22","guid":{"rendered":"https:\/\/www.appyweb.es\/diccionario\/?page_id=1187"},"modified":"2024-03-25T08:22:10","modified_gmt":"2024-03-25T08:22:10","slug":"ebay","status":"publish","type":"page","link":"https:\/\/www.appyweb.es\/diccionario\/ebay\/","title":{"rendered":"Ebay"},"content":{"rendered":"<h1><img loading=\"lazy\" decoding=\"async\" class=\"alignnone wp-image-12359\" src=\"https:\/\/www.appyweb.es\/diccionario\/wp-content\/uploads\/2024\/03\/Ebay-300x180.jpg\" alt=\"Ebay\" width=\"1142\" height=\"685\" srcset=\"https:\/\/www.appyweb.es\/diccionario\/wp-content\/uploads\/2024\/03\/Ebay-300x180.jpg 300w, https:\/\/www.appyweb.es\/diccionario\/wp-content\/uploads\/2024\/03\/Ebay-768x461.jpg 768w, https:\/\/www.appyweb.es\/diccionario\/wp-content\/uploads\/2024\/03\/Ebay.jpg 1000w\" sizes=\"auto, (max-width: 1142px) 100vw, 1142px\" \/><\/h1>\n<div class=\"entry-content\">\n<p>La forma de hacer compras ha cambiado mucho desde la aparici\u00f3n de los primeros e-Commerce, como eBay. Es uno de los\u00a0<strong>m\u00e1s utilizados para comprar y vender entre negocios y consumidores<\/strong>, es la competencia m\u00e1s directa de Amazon en Estados Unidos.<\/p>\n<h2><span id=\"%F0%9F%93%8C_%C2%BFQue_es_eBay\" class=\"ez-toc-section\"><\/span>\u00bfQu\u00e9 es eBay?<\/h2>\n<p>Ebay es una h\u00edper tienda online donde se puede comprar y vender cualquier producto, como electr\u00f3nica, cuidado personal, juguetes, utensilios de cocina, etc. El\u00a0<a href=\"https:\/\/www.appyweb.es\/diseno-tienda-online\/\">dise\u00f1o de esta tienda online<\/a>\u00a0cuenta con una plataforma que\u00a0<strong>permite al usuario vender sus productos sin tener un almac\u00e9n o tienda en f\u00edsico<\/strong>.<\/p>\n<p>El vendedor solo debe publicar una foto del producto con las especificaciones netas y listo. A partir de all\u00ed, solo debe esperar que alguien se interese en \u00e9l o aplicar estrategias de marketing de atracci\u00f3n. Es por eso que es una de las plataformas m\u00e1s utilizadas para hacer dropshipping o comercio de afiliaci\u00f3n.<\/p>\n<h2><span id=\"%F0%9F%93%8C_%C2%BFPara_que_sirve_eBay\" class=\"ez-toc-section\"><\/span>\u00bfPara qu\u00e9 sirve eBay?<\/h2>\n<p>Principalmente, es \u00fatil para que los usuarios realicen compras o ventas sin tener que salir de casa,\u00a0<strong>el cat\u00e1logo de eBay es uno de los m\u00e1s completos en Internet<\/strong>, por lo que se pueden realizar compras de todo tipo, incluso desde su aplicaci\u00f3n m\u00f3vil. Asimismo, tambi\u00e9n ofrece un sistema de subastas que los compradores pueden aprovechar para obtener productos a los mejores precios.<\/p>\n<p>Esto tambi\u00e9n le sirve a todas las empresas que ya poseen una tienda f\u00edsica y tienen la idea de expandirse al mundo digital. De esta manera, es mayor el n\u00famero de usuarios que ven sus productos, por ende, se pueden traducir en mayores ventas y m\u00e1s ganancias. Si se\u00a0<a href=\"https:\/\/www.appyweb.es\/marketing-de-atraccion\/\">aplican estrategias de marketing de atracci\u00f3n<\/a>\u00a0se pueden generar a\u00fan m\u00e1s ganancias.<\/p>\n<h2><span id=\"%F0%9F%93%8C_%C2%BFComo_comprar_en_eBay\" class=\"ez-toc-section\"><\/span>\u00bfC\u00f3mo comprar en eBay?<\/h2>\n<p>Esta multi-tienda online tambi\u00e9n es reconocida por su facilidad de uso, como Amazon o Mercado Libre requiere la utilizaci\u00f3n de una cuenta personal. Una vez creada, el consumidor puede\u00a0<strong>seleccionar el producto que desea desde el men\u00fa de cat\u00e1logos<\/strong>. Es importante mencionar que \u00e9sta tambi\u00e9n cuenta con un programa de afiliaci\u00f3n y referidos, por lo que se pueden acceder a ofertas desde otros sitios web. Ahora, estos son los pasos para comprar.<\/p>\n<ol>\n<li>Una vez seleccionado el producto, el usuario debe \u201ca\u00f1adirlo al carrito\u201d.<\/li>\n<li>Desde all\u00ed\u00a0<strong>procede con el sistema de pago y confirmaci\u00f3n<\/strong>. Esta tienda online permite la utilizaci\u00f3n de PayPal, tarjetas de cr\u00e9dito o transferencias bancarias, dependiendo de las exigencias del vendedor.<\/li>\n<li>Se realiza la transacci\u00f3n y se confirman los datos en la p\u00e1gina.<\/li>\n<li>Seguidamente, el vendedor sugiere un sistema de env\u00edo, que puede ser gratuito o de pago.<\/li>\n<li>Y listo, el comprador puede esperar a recibir su paquete para valorar la compra.<\/li>\n<\/ol>\n<h2><span id=\"%F0%9F%93%8C_Ejemplo_de_Ebay\" class=\"ez-toc-section\"><\/span>Ejemplo de Ebay<\/h2>\n<p>Para dar un ejemplo claro de lo que es Ebay,\u00a0<strong>solo debemos entrar a su sitio web<\/strong>. All\u00ed nos daremos cuenta de la gran variedad de productos que se ofrecen, desde libros hasta coches.<\/p>\n<p>Tambi\u00e9n podemos ver c\u00f3mo aplica los m\u00e9todos de registro, compra \/ venta y subasta. Siendo as\u00ed una de las tiendas online m\u00e1s grandes y f\u00e1ciles de utilizar en el mundo.<\/p>\n<p>&nbsp;<\/p>\n<h2><span id=\"%F0%9F%93%8C_Mas_informacion_de_eBay\" class=\"ez-toc-section\"><\/span>M\u00e1s informaci\u00f3n de eBay<\/h2>\n<p>Como puedes ver, esta tienda es apenas una de las m\u00e1s representativas del comercio online, si quieres m\u00e1s informaci\u00f3n al respecto aqu\u00ed tienes un concepto de para qu\u00e9 sirve un e-Commerce. Tambi\u00e9n tienes un enlace para que te familiarices con el sistema de pago PayPal en esta plataforma.<\/p>\n<ul>\n<li><a href=\"https:\/\/www.appyweb.es\/diccionario\/comercio-electronico\/\">\u00bfQu\u00e9 es el Comercio electr\u00f3nico y para qu\u00e9 sirve?<\/a><\/li>\n<li><a href=\"https:\/\/www.paypal.com\/es\/webapps\/mpp\/pay-on-ebay\" rel=\"nofollow noopener\" target=\"_blank\">Vender y comprar en eBay con PayPal<\/a><\/li>\n<\/ul>\n<\/div>\n<p>&nbsp;<\/p>\n","protected":false},"excerpt":{"rendered":"<p>La forma de hacer compras ha cambiado mucho desde la aparici\u00f3n de los primeros e-Commerce, como eBay. Es uno de los\u00a0m\u00e1s utilizados para comprar y vender entre negocios y consumidores, es la competencia m\u00e1s directa de Amazon en Estados Unidos. \u00bfQu\u00e9 es eBay? Ebay es una h\u00edper tienda online donde se puede comprar y vender [&hellip;]<\/p>\n","protected":false},"author":1,"featured_media":12359,"parent":0,"menu_order":0,"comment_status":"closed","ping_status":"closed","template":"","meta":{"inline_featured_image":false,"footnotes":""},"class_list":["post-1187","page","type-page","status-publish","has-post-thumbnail","hentry"],"_links":{"self":[{"href":"https:\/\/www.appyweb.es\/diccionario\/wp-json\/wp\/v2\/pages\/1187","targetHints":{"allow":["GET"]}}],"collection":[{"href":"https:\/\/www.appyweb.es\/diccionario\/wp-json\/wp\/v2\/pages"}],"about":[{"href":"https:\/\/www.appyweb.es\/diccionario\/wp-json\/wp\/v2\/types\/page"}],"author":[{"embeddable":true,"href":"https:\/\/www.appyweb.es\/diccionario\/wp-json\/wp\/v2\/users\/1"}],"replies":[{"embeddable":true,"href":"https:\/\/www.appyweb.es\/diccionario\/wp-json\/wp\/v2\/comments?post=1187"}],"version-history":[{"count":6,"href":"https:\/\/www.appyweb.es\/diccionario\/wp-json\/wp\/v2\/pages\/1187\/revisions"}],"predecessor-version":[{"id":12360,"href":"https:\/\/www.appyweb.es\/diccionario\/wp-json\/wp\/v2\/pages\/1187\/revisions\/12360"}],"wp:featuredmedia":[{"embeddable":true,"href":"https:\/\/www.appyweb.es\/diccionario\/wp-json\/wp\/v2\/media\/12359"}],"wp:attachment":[{"href":"https:\/\/www.appyweb.es\/diccionario\/wp-json\/wp\/v2\/media?parent=1187"}],"curies":[{"name":"wp","href":"https:\/\/api.w.org\/{rel}","templated":true}]}}