{"id":1190,"date":"2023-06-20T14:12:35","date_gmt":"2023-06-20T14:12:35","guid":{"rendered":"https:\/\/www.appyweb.es\/diccionario\/?page_id=1190"},"modified":"2024-03-22T11:41:11","modified_gmt":"2024-03-22T11:41:11","slug":"e-commerce","status":"publish","type":"page","link":"https:\/\/www.appyweb.es\/diccionario\/e-commerce\/","title":{"rendered":"E-commerce"},"content":{"rendered":"<h1 class=\"entry-title main_title\"><img loading=\"lazy\" decoding=\"async\" class=\"alignnone  wp-image-12302\" src=\"https:\/\/www.appyweb.es\/diccionario\/wp-content\/uploads\/2024\/03\/E-commerce-300x180.jpg\" alt=\"E-commerce\" width=\"1132\" height=\"679\" srcset=\"https:\/\/www.appyweb.es\/diccionario\/wp-content\/uploads\/2024\/03\/E-commerce-300x180.jpg 300w, https:\/\/www.appyweb.es\/diccionario\/wp-content\/uploads\/2024\/03\/E-commerce-768x461.jpg 768w, https:\/\/www.appyweb.es\/diccionario\/wp-content\/uploads\/2024\/03\/E-commerce.jpg 1000w\" sizes=\"auto, (max-width: 1132px) 100vw, 1132px\" \/><\/h1>\n<div class=\"entry-content\">\n<p>Para impulsar y emprender\u00a0un negocio online, es importante contar con los mejores medios y herramientas para obtener buenos resultados. Y para obtener dichos resultados, un\u00a0<strong>e-Commerce\u00a0<\/strong><strong>es un medio el cual ha ido dejando mucho de qu\u00e9 hablar<\/strong>\u00a0en los \u00faltimos a\u00f1os. Debido a su total efectividad con respecto a las ventas y promocionar un producto de manera muy efectiva.<\/p>\n<h2><span id=\"%F0%9F%93%8C_%C2%BFQue_es_el_e-Commerce\" class=\"ez-toc-section\"><\/span>\u00bfQu\u00e9 es el e-Commerce?<\/h2>\n<p>La definici\u00f3n de esta palabra se puede determinar como el proceso en el cual\u00a0<strong>se realizan ventas y compras por Internet<\/strong>. Tambi\u00e9n se utiliza para hacer referencia a un \u201ccomercio online\u201d, por lo que cualquier sitio que est\u00e9 condicionado para hacer compras o ventas digitales puede ser llamado e-Commerce.<\/p>\n<p>De esta forma, es una herramienta que permite mayor facilidad para los compradores, ya que no tienen que salir de casa para adquirir productos y servicios. Con ayuda de estrategias de marketing digital se puede\u00a0<a href=\"https:\/\/www.appyweb.es\/diseno-tienda-online\/\">desarrollar un comercio online m\u00e1s efectivo<\/a>, ajustado tanto a las expectativas de los algoritmos en Internet, como a los usuarios.<\/p>\n<h2><span id=\"%F0%9F%93%8C_%C2%BFPara_que_sirve_el_e-Commerce\" class=\"ez-toc-section\"><\/span>\u00bfPara qu\u00e9 sirve el e-Commerce?<\/h2>\n<p>Sirve para facilitar el proceso de compra y venta, estos sistemas suelen estar constituidos por un cat\u00e1logo de productos, con sus respectivas fotos y precios. Los usuarios\u00a0<strong>pueden iniciar una transacci\u00f3n registrando una cuenta personal<\/strong>, que ser\u00e1 utilizada como medio para confirmar la compra y establecer a cuerdos de env\u00edo.<\/p>\n<p>Esta metodolog\u00eda puede ser aplicada en distintos nichos de mercado, es por eso que la mayor\u00eda de las empresas tienen p\u00fablicos seleccionados. Una de las razones de esto es\u00a0<a href=\"https:\/\/www.appyweb.es\/posicionamiento-web\/\">para facilitar el posicionamiento web<\/a>, ya que los motores de b\u00fasqueda como\u00a0<strong>Google le dan prioridad a las tiendas online segmentadas<\/strong>. Estas pueden clasificarse siguiendo estos patrones.<\/p>\n<ul>\n<li>Las transacciones se pueden\u00a0<strong>realizar entre peque\u00f1as, medianas y grandes empresas<\/strong>, vendedores informales y emprendedores. Se le conoce como\u00a0<em>B2B<\/em>\u00a0(Business to business o negocio a negocio en espa\u00f1ol)<\/li>\n<\/ul>\n<ul>\n<li>Las marcas que se encargan de vender a los clientes directamente, se le llama\u00a0<em>B2C<\/em>\u00a0(Business to consumer o negocio a consumidor)<\/li>\n<\/ul>\n<ul>\n<li>No se pueden dejar por fuera aquellas empresas que\u00a0<strong>sirven como intermediarias para la venta<\/strong>, es decir el vendedor publica su producto y la persona interesada puede meterse en el sitio para adquirirlo. Conocidas como\u00a0<em>C2C<\/em>\u00a0(Consumer to consumer o consumidor a consumidor)<\/li>\n<\/ul>\n<h2><span id=\"%F0%9F%93%8C_%C2%BFQue_ventajas_y_desventajas_hay_con_este_modelo\" class=\"ez-toc-section\"><\/span>\u00bfQu\u00e9 ventajas y desventajas hay con este modelo?<\/h2>\n<p>Aunque actualmente la mayor\u00eda de las empresas cuentan con presencia en Internet,\u00a0<strong>algunas no est\u00e1n al tanto de la metodolog\u00eda e-Commerce<\/strong>, que va m\u00e1s all\u00e1 de solo una p\u00e1gina de empresa. Sus beneficios y contras m\u00e1s directas son los siguientes.<\/p>\n<h3><span id=\"Ventajas\" class=\"ez-toc-section\"><\/span>Ventajas<\/h3>\n<ul>\n<li>Aumenta la cantidad de clientes, ya que\u00a0<strong>se puede llegar a cualquier persona alrededor del mundo<\/strong>.<\/li>\n<li>No es necesario tener un local en f\u00edsico para poder efectuar las ventas.<\/li>\n<li>Permite el crecimiento m\u00e1s r\u00e1pido de la empresa, ya que el n\u00famero de personas que pueden comprar es muy amplio.<\/li>\n<\/ul>\n<h3><span id=\"Desventajas\" class=\"ez-toc-section\"><\/span>Desventajas<\/h3>\n<ul>\n<li>La falta de confianza del consumidor todav\u00eda impide que el comercio electr\u00f3nico sea preferido.<\/li>\n<li>La seguridad en los datos de las transacciones sigue siendo vulnerable.<\/li>\n<li>Muchas personas no quieren esperar por el env\u00edo, por lo que prefieren retirar su compra de inmediato en una tienda f\u00edsica.<\/li>\n<\/ul>\n<h2><span id=\"%F0%9F%93%8C_Ejemplo_de_e-Commerce\" class=\"ez-toc-section\"><\/span>Ejemplo de e-Commerce<\/h2>\n<p>Amazon es el mayor representante de las tiendas online, entre los tipos que se reconocen puede incluirse en la clasificaci\u00f3n B2C, aunque tambi\u00e9n pueden existir transacciones de tipo C2C.\u00a0<strong>Otros ejemplos son eBay o Mercado Libre<\/strong>. Pero no solo las grandes tiendas por departamento forman parte de este concepto, las marcas tambi\u00e9n cuentan con sus propios sitios e-Commerce, como Nike, Puma, Tesla, etc.<\/p>\n<p>&nbsp;<\/p>\n<h2><span id=\"%F0%9F%93%8C_Mas_informacion_sobre_e-Commerce\" class=\"ez-toc-section\"><\/span>M\u00e1s informaci\u00f3n sobre e-Commerce<\/h2>\n<p>Sabes que un comercio online es la mejor forma de sacar adelante tu negocio, para ayudarte con eso \u00e9chale un vistazo a estos enlaces, son algunos consejos y tips para mejorar tu estrategia.<\/p>\n<ul>\n<li><a href=\"https:\/\/www.appyweb.es\/7-consejos-para-mejorar-en-tu-estrategia-ecommerce\/\">7 consejos para mejorar tu estrategia eCommerce<\/a><\/li>\n<li><a href=\"https:\/\/www.america-retail.com\/ecommerce\/ecommerce-una-plataforma-para-potenciar-tu-canal-online\/\" rel=\"nofollow noopener\" target=\"_blank\">Ecommerce: Una plataforma para potenciar tu canal online<\/a><\/li>\n<\/ul>\n<\/div>\n<p>&nbsp;<\/p>\n","protected":false},"excerpt":{"rendered":"<p>Para impulsar y emprender\u00a0un negocio online, es importante contar con los mejores medios y herramientas para obtener buenos resultados. Y para obtener dichos resultados, un\u00a0e-Commerce\u00a0es un medio el cual ha ido dejando mucho de qu\u00e9 hablar\u00a0en los \u00faltimos a\u00f1os. Debido a su total efectividad con respecto a las ventas y promocionar un producto de manera [&hellip;]<\/p>\n","protected":false},"author":1,"featured_media":12302,"parent":0,"menu_order":0,"comment_status":"closed","ping_status":"closed","template":"","meta":{"inline_featured_image":false,"footnotes":""},"class_list":["post-1190","page","type-page","status-publish","has-post-thumbnail","hentry"],"_links":{"self":[{"href":"https:\/\/www.appyweb.es\/diccionario\/wp-json\/wp\/v2\/pages\/1190","targetHints":{"allow":["GET"]}}],"collection":[{"href":"https:\/\/www.appyweb.es\/diccionario\/wp-json\/wp\/v2\/pages"}],"about":[{"href":"https:\/\/www.appyweb.es\/diccionario\/wp-json\/wp\/v2\/types\/page"}],"author":[{"embeddable":true,"href":"https:\/\/www.appyweb.es\/diccionario\/wp-json\/wp\/v2\/users\/1"}],"replies":[{"embeddable":true,"href":"https:\/\/www.appyweb.es\/diccionario\/wp-json\/wp\/v2\/comments?post=1190"}],"version-history":[{"count":7,"href":"https:\/\/www.appyweb.es\/diccionario\/wp-json\/wp\/v2\/pages\/1190\/revisions"}],"predecessor-version":[{"id":12304,"href":"https:\/\/www.appyweb.es\/diccionario\/wp-json\/wp\/v2\/pages\/1190\/revisions\/12304"}],"wp:featuredmedia":[{"embeddable":true,"href":"https:\/\/www.appyweb.es\/diccionario\/wp-json\/wp\/v2\/media\/12302"}],"wp:attachment":[{"href":"https:\/\/www.appyweb.es\/diccionario\/wp-json\/wp\/v2\/media?parent=1190"}],"curies":[{"name":"wp","href":"https:\/\/api.w.org\/{rel}","templated":true}]}}