{"id":120,"date":"2023-06-19T13:20:51","date_gmt":"2023-06-19T13:20:51","guid":{"rendered":"https:\/\/www.appyweb.es\/diccionario\/?page_id=120"},"modified":"2024-02-16T09:11:12","modified_gmt":"2024-02-16T09:11:12","slug":"analitica-predictiva","status":"publish","type":"page","link":"https:\/\/www.appyweb.es\/diccionario\/analitica-predictiva\/","title":{"rendered":"Anal\u00edtica Predictiva"},"content":{"rendered":"<p><img loading=\"lazy\" decoding=\"async\" class=\"wp-image-11143 \" src=\"https:\/\/www.appyweb.es\/diccionario\/wp-content\/uploads\/2024\/02\/8918702_4020769_11zon-300x200.jpg\" alt=\"Definici\u00f3n de Analista Predicativa en el Diccionario Online\" width=\"880\" height=\"586\" srcset=\"https:\/\/www.appyweb.es\/diccionario\/wp-content\/uploads\/2024\/02\/8918702_4020769_11zon-300x200.jpg 300w, https:\/\/www.appyweb.es\/diccionario\/wp-content\/uploads\/2024\/02\/8918702_4020769_11zon-1024x683.jpg 1024w, https:\/\/www.appyweb.es\/diccionario\/wp-content\/uploads\/2024\/02\/8918702_4020769_11zon-768x512.jpg 768w, https:\/\/www.appyweb.es\/diccionario\/wp-content\/uploads\/2024\/02\/8918702_4020769_11zon-1536x1024.jpg 1536w, https:\/\/www.appyweb.es\/diccionario\/wp-content\/uploads\/2024\/02\/8918702_4020769_11zon.jpg 1782w\" sizes=\"auto, (max-width: 880px) 100vw, 880px\" \/><\/p>\n<p>Las empresas son capaces de estudiar a sus consumidores con muchas t\u00e9cnicas diferentes.<br \/>\nDe esta forma, se podr\u00e1 hacer\u00a0<strong>o realizar un sondeo con el cual se obtendr\u00e1n datos interesantes,<\/strong>\u00a0para las nuevas campa\u00f1as publicitarias o los productos a vender.<br \/>\nLa anal\u00edtica predictiva es una de esas pr\u00e1cticas, pero \u00bfC\u00f3mo funciona?<\/p>\n<h2>\u00bfQu\u00e9 es la anal\u00edtica predictiva?<\/h2>\n<p>No se trata procedimiento para leer el futuro, pero puede llegar a hacer predicciones tan acertadas que puede cambiar el rumbo de todo un mercado.<br \/>\nConsiste en utilizar herramientas tecnol\u00f3gicas y algoritmos para estudiar tendencias, datos de usuarios, estrategias de marketing y m\u00e1s, con la finalidad de sugerir escenarios favorables del mercado para el futuro.<\/p>\n<p>Por medio de este proceso, se llega al uso de datos estad\u00edsticos y t\u00e9cnicas, para identificar la perspectiva de resultados a futuro basado en datos aut\u00e9nticos.<br \/>\nEl objetivo es llegar a saber lo que ha sucedido, para administrar la mejor evaluaci\u00f3n de lo que suceder\u00e1 en el futuro.<\/p>\n<p>Las organizaciones recurren a esto para lograr una ventaja competitiva, entender el comportamiento de los consumidores en un corto, mediano y largo plazo, as\u00ed como para<a href=\"https:\/\/www.appyweb.es\/diccionario\/embudo\/\"> optimizar el embudo de ventas<\/a>, resolver problemas comerciales y descubrir nuevas oportunidades de negocio.<\/p>\n<p>Igualmente, este m\u00e9todo tiene muchos usos, por ejemplo, para la detecci\u00f3n de fraude, la optimizaci\u00f3n de campa\u00f1as de marketing, mejorar las operaciones y hacer una reducci\u00f3n de riesgo.<\/p>\n<h2>\u00bfPara qu\u00e9 sirve la anal\u00edtica predictiva?<\/h2>\n<p><strong>Los modelos predictivos gestionan resultados \u00fatiles en el desarrollo, los cuales se pueden utilizar para pronosticar valores de fuentes diferentes o nuevas.<\/strong><br \/>\nEste modelo act\u00faa como forma de predicci\u00f3n, ante una probabilidad de representar una variable dentro del mercado.<\/p>\n<p>Se aplica sobre todo para saber cu\u00e1l o cu\u00e1les pueden ser las futuras necesidades de los consumidores, en relaci\u00f3n con un sector determinado.<br \/>\nEn cuanto a las marcas, pueden saber qu\u00e9 servicios o productos ofrecer y as\u00ed generar m\u00e1s clientela.<\/p>\n<p>Asimismo, uno de los objetivos m\u00e1s comunes de esta pr\u00e1ctica es determinar el impacto de nuevos tecnolog\u00edas en el futuro, de forma que se puedan implementar de inmediato en las estrategias comerciales.<br \/>\nLos datos a estudiar tambi\u00e9n pueden ser de mucha ayuda para comprender el crecimiento del mercado a largo plazo y el impacto de la competencia.<\/p>\n<h2>Ejemplo de anal\u00edtica predictiva<\/h2>\n<p>El ejemplo m\u00e1s notable, es el del buscador Bing. En el 2014, el gigante Microsoft dio a conocer la nueva funci\u00f3n de \u00e9ste, llamada Bing Predicts.<br \/>\nSe trata de un servicio que predice cualquier tipo de situaci\u00f3n a futuro, como los resultados de la competici\u00f3n del programa American Idol o las carreras del Senado de EEUU.<\/p>\n<p>Este algoritmo utiliza tendencias y datos de redes sociales para los informes, est\u00e1 disponible para cualquier usuario online.<br \/>\n<script type=\"application\/ld+json\">{\"@context\":\"https:\/\/schema.org\",\"@type\":\"FAQPage\",\"mainEntity\":[ \n{\"@type\":\"Question\",\"name\":\"\u00bfQu\u00e9 es la anal\u00edtica predictiva?\",\"acceptedAnswer\":{\"@type\":\"Answer\",\"text\":\"No se trata procedimiento para leer el futuro, pero puede llegar a hacer predicciones tan acertadas que puede cambiar el rumbo de todo un mercado.\nConsiste en utilizar herramientas tecnol\u00f3gicas y algoritmos para estudiar tendencias, datos de usuarios, estrategias de marketing y m\u00e1s, con la finalidad de sugerir escenarios favorables del mercado para el futuro.<\/p>\n<p>Por medio de este proceso, se llega al uso de datos estad\u00edsticos y t\u00e9cnicas, para identificar la perspectiva de resultados a futuro basado en datos aut\u00e9nticos.\nEl objetivo es llegar a saber lo que ha sucedido, para administrar la mejor evaluaci\u00f3n de lo que suceder\u00e1 en el futuro.<\/p>\n<p>Las organizaciones recurren a esto para lograr una ventaja competitiva, entender el comportamiento de los consumidores en un corto, mediano y largo plazo, as\u00ed como para optimizar el embudo de ventas, resolver problemas comerciales y descubrir nuevas oportunidades de negocio.<\/p>\n<p>Igualmente, este m\u00e9todo tiene muchos usos, por ejemplo, para la detecci\u00f3n de fraude, la optimizaci\u00f3n de campa\u00f1as de marketing, mejorar las operaciones y hacer una reducci\u00f3n de riesgo.\"}},\n{\"@type\":\"Question\",\"name\":\"\u00bfPara qu\u00e9 sirve la anal\u00edtica predictiva?\",\"acceptedAnswer\":{\"@type\":\"Answer\",\"text\":\"Los modelos predictivos gestionan resultados \u00fatiles en el desarrollo, los cuales se pueden utilizar para pronosticar valores de fuentes diferentes o nuevas.\nEste modelo act\u00faa como forma de predicci\u00f3n, ante una probabilidad de representar una variable dentro del mercado.<\/p>\n<p>Se aplica sobre todo para saber cu\u00e1l o cu\u00e1les pueden ser las futuras necesidades de los consumidores, en relaci\u00f3n con un sector determinado.\nEn cuanto a las marcas, pueden saber qu\u00e9 servicios o productos ofrecer y as\u00ed generar m\u00e1s clientela.<\/p>\n<p>Asimismo, uno de los objetivos m\u00e1s comunes de esta pr\u00e1ctica es determinar el impacto de nuevos tecnolog\u00edas en el futuro, de forma que se puedan implementar de inmediato en las estrategias comerciales.\nLos datos a estudiar tambi\u00e9n pueden ser de mucha ayuda para comprender el crecimiento del mercado a largo plazo y el impacto de la competencia.\n\"}},\n{\"@type\":\"Question\",\"name\":\"Ejemplo de anal\u00edtica predictiva\",\"acceptedAnswer\":{\"@type\":\"Answer\",\"text\":\"El ejemplo m\u00e1s notable, es el del buscador Bing. En el 2014, el gigante Microsoft dio a conocer la nueva funci\u00f3n de \u00e9ste, llamada Bing Predicts.\nSe trata de un servicio que predice cualquier tipo de situaci\u00f3n a futuro, como los resultados de la competici\u00f3n del programa American Idol o las carreras del Senado de EEUU.<\/p>\n<p>Este algoritmo utiliza tendencias y datos de redes sociales para los informes, est\u00e1 disponible para cualquier usuario online.\"}}\n]}<\/script><\/p>\n","protected":false},"excerpt":{"rendered":"<p>Las empresas son capaces de estudiar a sus consumidores con muchas t\u00e9cnicas diferentes. De esta forma, se podr\u00e1 hacer\u00a0o realizar un sondeo con el cual se obtendr\u00e1n datos interesantes,\u00a0para las nuevas campa\u00f1as publicitarias o los productos a vender. La anal\u00edtica predictiva es una de esas pr\u00e1cticas, pero \u00bfC\u00f3mo funciona? \u00bfQu\u00e9 es la anal\u00edtica predictiva? No [&hellip;]<\/p>\n","protected":false},"author":1,"featured_media":11143,"parent":0,"menu_order":0,"comment_status":"closed","ping_status":"closed","template":"","meta":{"inline_featured_image":false,"footnotes":""},"class_list":["post-120","page","type-page","status-publish","has-post-thumbnail","hentry"],"_links":{"self":[{"href":"https:\/\/www.appyweb.es\/diccionario\/wp-json\/wp\/v2\/pages\/120","targetHints":{"allow":["GET"]}}],"collection":[{"href":"https:\/\/www.appyweb.es\/diccionario\/wp-json\/wp\/v2\/pages"}],"about":[{"href":"https:\/\/www.appyweb.es\/diccionario\/wp-json\/wp\/v2\/types\/page"}],"author":[{"embeddable":true,"href":"https:\/\/www.appyweb.es\/diccionario\/wp-json\/wp\/v2\/users\/1"}],"replies":[{"embeddable":true,"href":"https:\/\/www.appyweb.es\/diccionario\/wp-json\/wp\/v2\/comments?post=120"}],"version-history":[{"count":8,"href":"https:\/\/www.appyweb.es\/diccionario\/wp-json\/wp\/v2\/pages\/120\/revisions"}],"predecessor-version":[{"id":11232,"href":"https:\/\/www.appyweb.es\/diccionario\/wp-json\/wp\/v2\/pages\/120\/revisions\/11232"}],"wp:featuredmedia":[{"embeddable":true,"href":"https:\/\/www.appyweb.es\/diccionario\/wp-json\/wp\/v2\/media\/11143"}],"wp:attachment":[{"href":"https:\/\/www.appyweb.es\/diccionario\/wp-json\/wp\/v2\/media?parent=120"}],"curies":[{"name":"wp","href":"https:\/\/api.w.org\/{rel}","templated":true}]}}