{"id":1203,"date":"2023-06-20T14:20:32","date_gmt":"2023-06-20T14:20:32","guid":{"rendered":"https:\/\/www.appyweb.es\/diccionario\/?page_id=1203"},"modified":"2024-03-25T08:53:51","modified_gmt":"2024-03-25T08:53:51","slug":"edgerank","status":"publish","type":"page","link":"https:\/\/www.appyweb.es\/diccionario\/edgerank\/","title":{"rendered":"Edgerank"},"content":{"rendered":"<h1><img loading=\"lazy\" decoding=\"async\" class=\"alignnone  wp-image-12398\" src=\"https:\/\/www.appyweb.es\/diccionario\/wp-content\/uploads\/2024\/03\/Edgerank-300x180.jpg\" alt=\"Edgerank\" width=\"1168\" height=\"701\" srcset=\"https:\/\/www.appyweb.es\/diccionario\/wp-content\/uploads\/2024\/03\/Edgerank-300x180.jpg 300w, https:\/\/www.appyweb.es\/diccionario\/wp-content\/uploads\/2024\/03\/Edgerank-768x461.jpg 768w, https:\/\/www.appyweb.es\/diccionario\/wp-content\/uploads\/2024\/03\/Edgerank.jpg 1000w\" sizes=\"auto, (max-width: 1168px) 100vw, 1168px\" \/><\/h1>\n<p>Aunque parezca que Facebook organiza las publicaciones de muro al azar, en realidad tiene que ver con el funcionamiento de un algoritmo. <strong>Edgerank es el nombre que se le daba a la ecuaci\u00f3n que analizaba el feed<\/strong>, pero \u00e9ste dejo de llamarse se esta forma con su actualizaci\u00f3n del 2011.<\/p>\n<h2>\u00bfQu\u00e9 es?<\/h2>\n<p>Como se mencion\u00f3 arriba, es el nombre del algoritmo que utiliza en <strong>Facebook para determinar el orden del contenido en el muro o news feed<\/strong>. Este utiliza ecuaciones org\u00e1nicas, <a href=\"https:\/\/www.appyweb.es\/campanas-facebook-ads\/\">a diferencia de Facebook Ads<\/a>, recopila informaci\u00f3n de inter\u00e9s del usuario, teniendo en cuenta las p\u00e1ginas que sigue o los amigos con los que m\u00e1s interact\u00faa.<\/p>\n<p>Sin embargo, dej\u00f3 de llamarse de esa forma en el 2011 debido a que, al igual que Google con PageRank, ya no mostraba los factores que influenciaban en la aparici\u00f3n de los contenidos en el feed. Actualmente, <strong>Facebook utiliza una versi\u00f3n mejorada de \u00e9ste que emplea aprendizaje autom\u00e1tico<\/strong> para mostrar contenido m\u00e1s acorde a lo que le interesa el usuario. Pero, los expertos a\u00fan insisten en llamarlo de esa forma por costumbre.<\/p>\n<h2>\u00bfC\u00f3mo funciona EdgeRank?<\/h2>\n<p>Este algoritmo <a href=\"https:\/\/www.appyweb.es\/posicionamiento-web\/\">determina el posicionamiento de las publicaciones<\/a>, de acuerdo a una serie de par\u00e1metros. Entre los cuales destacan:<\/p>\n<ul>\n<li><strong>Afinidad:<\/strong> Va a depender de la interacci\u00f3n que se haya tenido con determinado usuario o p\u00e1gina. Por lo cual a medida que la interacci\u00f3n aumenta, sucede lo mismo con las publicaciones que se pueden encontrar.<\/li>\n<li><strong>Peso:<\/strong> Esto se refiere a la cantidad de \u201cme gusta\u201d o comentarios, que pueda tener determinada publicaci\u00f3n. Ya que se relaciona que a <strong>mayor cantidad de reacciones mayor inter\u00e9s existe <\/strong>por determinada informaci\u00f3n.<\/li>\n<li><strong>Paso del tiempo:<\/strong> Mientras menos tiempo de antig\u00fcedad tenga la publicaci\u00f3n, mayor relevancia tendr\u00e1 en el feed.<\/li>\n<\/ul>\n<h2>EdgeRank de Instagram<\/h2>\n<p>La mayor\u00eda de los algoritmos de redes sociales se denominan como EdgeRank, utilizando el t\u00e9rmino como sin\u00f3nimo, sucede lo mismo en el caso de Instagram. Desde que esta red social fue adquirida por Facebook Inc., <strong>han incorporado nuevas actualizaciones a su algoritmo<\/strong>, que son ligeramente diferentes a las de la app de Facebook.<\/p>\n<p>En este caso, tiene en cuenta factores como la hora de publicaci\u00f3n, el n\u00famero de caracteres en el pie de foto, la cantidad de comentarios y \u00abme gusta\u00bb, el tipo de publicaci\u00f3n (v\u00eddeo, carrusel, imagen&#8230;)<\/p>\n<h2>EdgeRank de Facebook en 2020<\/h2>\n<p>Actualmente, es imposible saber <strong>cu\u00e1les son los par\u00e1metros que utiliza en algoritmo en 2020<\/strong> para posicionar los contenidos. Al igual que en Google, muchas empresas utilizaban esta informaci\u00f3n para manipular el algoritmo, por lo que ahora no est\u00e1n disponibles.<\/p>\n<p>Pero, no todo debe someterse a la suerte, hay algunas sugerencias que recomiendan los expertos en posicionamiento org\u00e1nico en redes sociales, como las siguientes.<\/p>\n<ul>\n<li>Tendr\u00e1n prioridad las <strong>publicaciones que tengan interacciones con amigos<\/strong>, es decir, si un usuario le dio like o coment\u00f3 en un post, es m\u00e1s probable que \u00e9ste aparezca en el feed de sus amigos.<\/li>\n<li>La localizaci\u00f3n es importante, si se trata de una empresa o p\u00e1gina localizada cerca del usuario, tambi\u00e9n tendr\u00e1 oportunidad.<\/li>\n<li>Los <strong>post con m\u00e1s compartidos tambi\u00e9n tienen prioridad<\/strong>, especialmente frente a los likes.<\/li>\n<li>Los comentarios tambi\u00e9n son importantes, pero m\u00e1s si existe una interacci\u00f3n el propietario.<\/li>\n<\/ul>\n<p><script type=\"application\/ld+json\">{\"@context\":\"https:\/\/schema.org\",\"@type\":\"FAQPage\",\"mainEntity\":[ \n{\"@type\":\"Question\",\"name\":\"\ud83d\udccc \u00bfQu\u00e9 es?\",\"acceptedAnswer\":{\"@type\":\"Answer\",\"text\":\"<\/p>\n<p>Como se mencion\u00f3 arriba, es el nombre del algoritmo que utiliza en <strong>Facebook para determinar el orden del contenido en el muro o news feed<\/strong>. Este utiliza ecuaciones org\u00e1nicas, <a href='https:\/\/www.appyweb.es\/campanas-facebook-ads\/'>a diferencia de Facebook Ads<\/a>, recopila informaci\u00f3n de inter\u00e9s del usuario, teniendo en cuenta las p\u00e1ginas que sigue o los amigos con los que m\u00e1s interact\u00faa.<\/p>\n<p>Sin embargo, dej\u00f3 de llamarse de esa forma en el 2011 debido a que, al igual que Google con PageRank, ya no mostraba los factores que influenciaban en la aparici\u00f3n de los contenidos en el feed. Actualmente, <strong>Facebook utiliza una versi\u00f3n mejorada de \u00e9ste que emplea aprendizaje autom\u00e1tico<\/strong> para mostrar contenido m\u00e1s acorde a lo que le interesa el usuario. Pero, los expertos a\u00fan insisten en llamarlo de esa forma por costumbre.<\/p>\n<p>\"}},\n{\"@type\":\"Question\",\"name\":\"\ud83d\udccc \u00bfC\u00f3mo funciona EdgeRank?\",\"acceptedAnswer\":{\"@type\":\"Answer\",\"text\":\"<\/p>\n<p>Este algoritmo <a href='https:\/\/www.appyweb.es\/posicionamiento-web\/'>determina el posicionamiento de las publicaciones<\/a>, de acuerdo a una serie de par\u00e1metros. Entre los cuales destacan:<\/p>\n<\/p>\n<\/p>\n<ul>\n<\/p>\n<\/p>\n<li><strong>Afinidad:<\/strong> Va a depender de la interacci\u00f3n que se haya tenido con determinado usuario o p\u00e1gina. Por lo cual a medida que la interacci\u00f3n aumenta, sucede lo mismo con las publicaciones que se pueden encontrar.<\/li>\n<\/p>\n<\/p>\n<\/p>\n<\/p>\n<\/p>\n<\/p>\n<\/p>\n<\/p>\n<\/p>\n<\/p>\n<\/p>\n<\/p>\n<\/p>\n<\/p>\n<\/p>\n<li><strong>Peso:<\/strong> Esto se refiere a la cantidad de \u201cme gusta\u201d o comentarios, que pueda tener determinada publicaci\u00f3n. Ya que se relaciona que a <strong>mayor cantidad de reacciones mayor inter\u00e9s existe <\/strong>por determinada informaci\u00f3n.<\/li>\n<\/p>\n<\/p>\n<\/p>\n<\/p>\n<\/p>\n<\/p>\n<\/p>\n<\/p>\n<\/p>\n<\/p>\n<\/p>\n<\/p>\n<\/p>\n<\/p>\n<\/p>\n<li><strong>Paso del tiempo:<\/strong> Mientras menos tiempo de antig\u00fcedad tenga la publicaci\u00f3n, mayor relevancia tendr\u00e1 en el feed.<\/li>\n<\/p>\n<\/p>\n<\/p>\n<\/p>\n<\/p>\n<\/p>\n<\/p>\n<\/p>\n<\/p>\n<\/p>\n<\/p>\n<\/p>\n<\/p>\n<\/ul>\n<\/p>\n<\/p>\n<\/p>\n<\/p>\n<\/p>\n<\/p>\n<\/p>\n<\/p>\n<\/p>\n<\/p>\n<\/p>\n<\/p>\n<\/p>\n<p>\"}},\n{\"@type\":\"Question\",\"name\":\"\ud83d\udccc EdgeRank de Instagram\",\"acceptedAnswer\":{\"@type\":\"Answer\",\"text\":\"<\/p>\n<p>La mayor\u00eda de los algoritmos de redes sociales se denominan como EdgeRank, utilizando el t\u00e9rmino como sin\u00f3nimo, sucede lo mismo en el caso de Instagram. Desde que esta red social fue adquirida por Facebook Inc., <strong>han incorporado nuevas actualizaciones a su algoritmo<\/strong>, que son ligeramente diferentes a las de la app de Facebook.<\/p>\n<p>En este caso, tiene en cuenta factores como la hora de publicaci\u00f3n, el n\u00famero de caracteres en el pie de foto, la cantidad de comentarios y 'me gusta', el tipo de publicaci\u00f3n (v\u00eddeo, carrusel, imagen...)<\/p>\n<p>\"}},\n{\"@type\":\"Question\",\"name\":\"\ud83d\udccc EdgeRank de Facebook en 2020\",\"acceptedAnswer\":{\"@type\":\"Answer\",\"text\":\"<\/p>\n<p>Actualmente, es imposible saber <strong>cu\u00e1les son los par\u00e1metros que utiliza en algoritmo en 2020<\/strong> para posicionar los contenidos. Al igual que en Google, muchas empresas utilizaban esta informaci\u00f3n para manipular el algoritmo, por lo que ahora no est\u00e1n disponibles.<\/p>\n<p>Pero, no todo debe someterse a la suerte, hay algunas sugerencias que recomiendan los expertos en posicionamiento org\u00e1nico en redes sociales, como las siguientes.<\/p>\n<\/p>\n<\/p>\n<ul>\n<\/p>\n<\/p>\n<li>Tendr\u00e1n prioridad las <strong>publicaciones que tengan interacciones con amigos<\/strong>, es decir, si un usuario le dio like o coment\u00f3 en un post, es m\u00e1s probable que \u00e9ste aparezca en el feed de sus amigos.<\/li>\n<\/p>\n<\/p>\n<\/p>\n<\/p>\n<\/p>\n<\/p>\n<\/p>\n<\/p>\n<\/p>\n<\/p>\n<\/p>\n<\/p>\n<\/p>\n<\/p>\n<\/p>\n<li>La localizaci\u00f3n es importante, si se trata de una empresa o p\u00e1gina localizada cerca del usuario, tambi\u00e9n tendr\u00e1 oportunidad.<\/li>\n<\/p>\n<\/p>\n<\/p>\n<\/p>\n<\/p>\n<\/p>\n<\/p>\n<\/p>\n<\/p>\n<\/p>\n<\/p>\n<\/p>\n<\/p>\n<\/p>\n<\/p>\n<li>Los <strong>post con m\u00e1s compartidos tambi\u00e9n tienen prioridad<\/strong>, especialmente frente a los likes.<\/li>\n<\/p>\n<\/p>\n<\/p>\n<\/p>\n<\/p>\n<\/p>\n<\/p>\n<\/p>\n<\/p>\n<\/p>\n<\/p>\n<\/p>\n<\/p>\n<\/p>\n<\/p>\n<li>Los comentarios tambi\u00e9n son importantes, pero m\u00e1s si existe una interacci\u00f3n el propietario.<\/li>\n<\/p>\n<\/p>\n<\/p>\n<\/p>\n<\/p>\n<\/p>\n<\/p>\n<\/p>\n<\/p>\n<\/p>\n<\/p>\n<\/p>\n<\/p>\n<\/ul>\n<\/p>\n<\/p>\n<\/p>\n<\/p>\n<\/p>\n<\/p>\n<\/p>\n<\/p>\n<\/p>\n<\/p>\n<\/p>\n<\/p>\n<\/p>\n<p>\"}}\n]}<\/script><\/p>\n<h2>M\u00e1s informaci\u00f3n sobre EdgeRank<\/h2>\n<p>La red social m\u00e1s utilizada actualmente es Facebook, por lo que si la utilizas en tus estrategias de marketing social, es indispensable que sepas m\u00e1s sobre su algoritmo, aqu\u00ed tienes m\u00e1s informaci\u00f3n.<\/p>\n<ul>\n<li><a href=\"https:\/\/www.appyweb.es\/conoce-mas-cambio-algoritmo-facebook\/\"> Conoce m\u00e1s sobre el cambio de algoritmo de Facebook<\/a><\/li>\n<li><a href=\"https:\/\/www.estrategiaynegocios.net\/marketing\/1028860-330\/edge-rank-as%C3%AD-decide-facebook-qu%C3%A9-mostrarte\" rel=\"nofollow noopener\" target=\"_blank\">Edge Rank: as\u00ed decide Facebook qu\u00e9 mostrarte<\/a><\/li>\n<\/ul>\n<p>&nbsp;<\/p>\n","protected":false},"excerpt":{"rendered":"<p>Aunque parezca que Facebook organiza las publicaciones de muro al azar, en realidad tiene que ver con el funcionamiento de un algoritmo. Edgerank es el nombre que se le daba a la ecuaci\u00f3n que analizaba el feed, pero \u00e9ste dejo de llamarse se esta forma con su actualizaci\u00f3n del 2011. \u00bfQu\u00e9 es? Como se mencion\u00f3 [&hellip;]<\/p>\n","protected":false},"author":1,"featured_media":12398,"parent":0,"menu_order":0,"comment_status":"closed","ping_status":"closed","template":"","meta":{"inline_featured_image":false,"footnotes":""},"class_list":["post-1203","page","type-page","status-publish","has-post-thumbnail","hentry"],"_links":{"self":[{"href":"https:\/\/www.appyweb.es\/diccionario\/wp-json\/wp\/v2\/pages\/1203","targetHints":{"allow":["GET"]}}],"collection":[{"href":"https:\/\/www.appyweb.es\/diccionario\/wp-json\/wp\/v2\/pages"}],"about":[{"href":"https:\/\/www.appyweb.es\/diccionario\/wp-json\/wp\/v2\/types\/page"}],"author":[{"embeddable":true,"href":"https:\/\/www.appyweb.es\/diccionario\/wp-json\/wp\/v2\/users\/1"}],"replies":[{"embeddable":true,"href":"https:\/\/www.appyweb.es\/diccionario\/wp-json\/wp\/v2\/comments?post=1203"}],"version-history":[{"count":7,"href":"https:\/\/www.appyweb.es\/diccionario\/wp-json\/wp\/v2\/pages\/1203\/revisions"}],"predecessor-version":[{"id":12399,"href":"https:\/\/www.appyweb.es\/diccionario\/wp-json\/wp\/v2\/pages\/1203\/revisions\/12399"}],"wp:featuredmedia":[{"embeddable":true,"href":"https:\/\/www.appyweb.es\/diccionario\/wp-json\/wp\/v2\/media\/12398"}],"wp:attachment":[{"href":"https:\/\/www.appyweb.es\/diccionario\/wp-json\/wp\/v2\/media?parent=1203"}],"curies":[{"name":"wp","href":"https:\/\/api.w.org\/{rel}","templated":true}]}}