{"id":1218,"date":"2023-06-20T14:31:56","date_gmt":"2023-06-20T14:31:56","guid":{"rendered":"https:\/\/www.appyweb.es\/diccionario\/?page_id=1218"},"modified":"2024-03-27T14:27:05","modified_gmt":"2024-03-27T14:27:05","slug":"elogia","status":"publish","type":"page","link":"https:\/\/www.appyweb.es\/diccionario\/elogia\/","title":{"rendered":"Elogia"},"content":{"rendered":"<h1 class=\"entry-title main_title\"><img loading=\"lazy\" decoding=\"async\" class=\"alignnone wp-image-12493\" src=\"https:\/\/www.appyweb.es\/diccionario\/wp-content\/uploads\/2024\/03\/Elogia-300x180.jpg\" alt=\"Elogia\" width=\"980\" height=\"588\" srcset=\"https:\/\/www.appyweb.es\/diccionario\/wp-content\/uploads\/2024\/03\/Elogia-300x180.jpg 300w, https:\/\/www.appyweb.es\/diccionario\/wp-content\/uploads\/2024\/03\/Elogia-768x461.jpg 768w, https:\/\/www.appyweb.es\/diccionario\/wp-content\/uploads\/2024\/03\/Elogia.jpg 1000w\" sizes=\"auto, (max-width: 980px) 100vw, 980px\" \/><\/h1>\n<p>Se trata de una agencia de marketing digital que se especializa en servicios para ecommerce, aunque <strong>Elogia tambi\u00e9n cuenta con servicios en estrategias SEO,<\/strong> anuncios de pago, social media, entre otros.<\/p>\n<h2>\u00bfQu\u00e9 es?<\/h2>\n<p>Elogia es una empresa que <strong>tiene muy buen renombre en el sector del marketing digital<\/strong>, se encuentra en el mercado espa\u00f1ol desde 1999 y desde entonces han ayudado a cientos de clientes obtener millones de euros en facturaci\u00f3n, a partir de sus recursos y estrategias digitales.<\/p>\n<p>Entre sus servicios encuentran la prestaci\u00f3n de servicios inteligentes y la <a href=\"https:\/\/www.appyweb.es\/marketing-de-atraccion\/\">implementaci\u00f3n de estrategias como el inbound marketing<\/a>. Sin embargo, la misma empresa ha se\u00f1alado que se dedican a cumplir cualquier objetivo que tenga que ver con el proyecto ecommerce de sus clientes, como puede ser la creaci\u00f3n de campa\u00f1as, ofrecer soluciones de marketing, la medici\u00f3n de esos proyectos, implementar servicios de marketing intelligence, entre otros.<\/p>\n<h2>\u00bfCu\u00e1les son los servicios de Elogia?<\/h2>\n<p>M\u00e1s espec\u00edficamente, Elogia segmenta sus servicios en siete secciones, todas incluyen estrategias como la <a href=\"https:\/\/www.appyweb.es\/auditoria-seo\/\">auditor\u00eda SEO y posicionamiento web<\/a>, son las siguientes.<\/p>\n<ul>\n<li><strong>Corporate LAB<\/strong>: consiste en crear y evaluar modelos de negocio teniendo en cuenta las necesidades de la empresa cliente y sus posibilidades dentro del mercado.<\/li>\n<li><strong>Market Intelligence<\/strong>: Es una estrategia que consiste en extraer datos y analizarlos para mejorar las estrategias de marketing y negocios del cliente, incluye anal\u00edtica web, business intelligence Y monitorizaci\u00f3n.<\/li>\n<li><strong>Social media<\/strong>: Consiste en la creaci\u00f3n de una comunidad en diferentes redes sociales, <strong>de la mano de profesionales que han trabajado con m\u00e1s de 500 perfiles<\/strong>. Incluye la creaci\u00f3n de contenido, la gesti\u00f3n de la comunidad y el an\u00e1lisis de los resultados de las estrategias sociales.<\/li>\n<li><strong>Marketing relacional<\/strong>: Es la implementaci\u00f3n de estrategias automatizadas, como email marketing para generar relaciones duraderas con los clientes.<\/li>\n<li><strong>Paid Media<\/strong>: Consiste en la implementaci\u00f3n de estrategias de anuncio de pago, como son la compra program\u00e1tica y los anuncios en redes sociales.<\/li>\n<li><strong>Inbound marketing<\/strong>: Es la planificaci\u00f3n de estrategias para atraer y fidelizar clientes, en estas t\u00e9cnicas se utilizan una metodolog\u00eda que involucra las estrategias mencionadas anteriormente.<\/li>\n<li><strong>CRO<\/strong>: Son las iniciales para la optimizaci\u00f3n de la tasa de conversi\u00f3n, consiste en analizar el comportamiento de los usuarios y aumentar el rendimiento del sitio web.<\/li>\n<\/ul>\n<h2>\u00bfC\u00f3mo es el equipo de Elogia?<\/h2>\n<p>Actualmente, la empresa cuenta con m\u00e1s de 80 profesionales en diferentes \u00e1reas de marketing digital. Asimismo, no solo se encuentran disponibles en territorio espa\u00f1ol, <strong>m\u00e1s espec\u00edficamente en las ciudades de Barcelona y Madrid<\/strong>, tambi\u00e9n ha logrado expandirse a Latinoam\u00e9rica ofreciendo sus servicios en Ciudad de M\u00e9xico.<\/p>\n<p>La empresa asegura que todo su personal cuenta con habilidades en posicionamiento web, interpretaci\u00f3n de datos, an\u00e1lisis web, innovaci\u00f3n para negocio digitales, entre otras \u00e1reas.<\/p>\n<h2>Opiniones sobre Elogia<\/h2>\n<p>Debido a su trayectoria en Espa\u00f1a, es una de las empresas m\u00e1s importantes para las tiendas online, las opiniones hablan a trav\u00e9s de sus casos de \u00e9xito d\u00f3nde han trabajado con grandes marcas como Peugeot, Carrefour, Caser Seguros, Grupo Munreco, Fira Barcelona, Burger King M\u00e9xico, Volvo, Coca-Cola&#8230;<\/p>\n<p>En el caso de Peugeot, la marca asegura que con las <strong>estrategias implementadas a trav\u00e9s de la agencia generaron 38,000 seguidores<\/strong>, un 200% de incremento de conversiones generadas a trav\u00e9s del tr\u00e1fico social y un 41% m\u00e1s de interacciones.<\/p>\n<p><script type=\"application\/ld+json\">{\"@context\":\"https:\/\/schema.org\",\"@type\":\"FAQPage\",\"mainEntity\":[ \n{\"@type\":\"Question\",\"name\":\"\ud83d\udccc \u00bfQu\u00e9 es?\",\"acceptedAnswer\":{\"@type\":\"Answer\",\"text\":\"<\/p>\n<p>Elogia es una empresa que <strong>tiene muy buen renombre en el sector del marketing digital<\/strong>, se encuentra en el mercado espa\u00f1ol desde 1999 y desde entonces han ayudado a cientos de clientes obtener millones de euros en facturaci\u00f3n, a partir de sus recursos y estrategias digitales.<\/p>\n<p>Entre sus servicios encuentran la prestaci\u00f3n de servicios inteligentes y la <a href='https:\/\/www.appyweb.es\/marketing-de-atraccion\/'>implementaci\u00f3n de estrategias como el inbound marketing<\/a>. Sin embargo, la misma empresa ha se\u00f1alado que se dedican a cumplir cualquier objetivo que tenga que ver con el proyecto ecommerce de sus clientes, como puede ser la creaci\u00f3n de campa\u00f1as, ofrecer soluciones de marketing, la medici\u00f3n de esos proyectos, implementar servicios de marketing intelligence, entre otros.<\/p>\n<p>\"}},\n{\"@type\":\"Question\",\"name\":\"\ud83d\udccc\u00bfCu\u00e1les son los servicios de Elogia?\",\"acceptedAnswer\":{\"@type\":\"Answer\",\"text\":\"<\/p>\n<p>M\u00e1s espec\u00edficamente, Elogia segmenta sus servicios en siete secciones, todas incluyen estrategias como la <a href='https:\/\/www.appyweb.es\/auditoria-seo\/'>auditor\u00eda SEO y posicionamiento web<\/a>, son las siguientes.<\/p>\n<\/p>\n<\/p>\n<\/p>\n<\/p>\n<ul>\n<\/p>\n<\/p>\n<\/p>\n<\/p>\n<li><strong>Corporate LAB<\/strong>: consiste en crear y evaluar modelos de negocio teniendo en cuenta las necesidades de la empresa cliente y sus posibilidades dentro del mercado.<\/li>\n<\/p>\n<\/p>\n<\/p>\n<\/p>\n<\/p>\n<\/p>\n<\/p>\n<\/p>\n<\/p>\n<\/p>\n<\/p>\n<\/p>\n<\/p>\n<\/p>\n<\/p>\n<\/p>\n<\/p>\n<\/p>\n<\/p>\n<\/p>\n<\/p>\n<\/p>\n<\/p>\n<\/p>\n<\/p>\n<\/p>\n<\/p>\n<\/p>\n<\/p>\n<\/p>\n<\/p>\n<\/p>\n<\/p>\n<\/p>\n<\/p>\n<li><strong>Market Intelligence<\/strong>: Es una estrategia que consiste en extraer datos y analizarlos para mejorar las estrategias de marketing y negocios del cliente, incluye anal\u00edtica web, business intelligence Y monitorizaci\u00f3n.<\/li>\n<\/p>\n<\/p>\n<\/p>\n<\/p>\n<\/p>\n<\/p>\n<\/p>\n<\/p>\n<\/p>\n<\/p>\n<\/p>\n<\/p>\n<\/p>\n<\/p>\n<\/p>\n<\/p>\n<\/p>\n<\/p>\n<\/p>\n<\/p>\n<\/p>\n<\/p>\n<\/p>\n<\/p>\n<\/p>\n<\/p>\n<\/p>\n<\/p>\n<\/p>\n<\/p>\n<\/p>\n<\/p>\n<\/p>\n<\/p>\n<\/p>\n<li><strong>Social media<\/strong>: Consiste en la creaci\u00f3n de una comunidad en diferentes redes sociales, <strong>de la mano de profesionales que han trabajado con m\u00e1s de 500 perfiles<\/strong>. Incluye la creaci\u00f3n de contenido, la gesti\u00f3n de la comunidad y el an\u00e1lisis de los resultados de las estrategias sociales.<\/li>\n<\/p>\n<\/p>\n<\/p>\n<\/p>\n<\/p>\n<\/p>\n<\/p>\n<\/p>\n<\/p>\n<\/p>\n<\/p>\n<\/p>\n<\/p>\n<\/p>\n<\/p>\n<\/p>\n<\/p>\n<\/p>\n<\/p>\n<\/p>\n<\/p>\n<\/p>\n<\/p>\n<\/p>\n<\/p>\n<\/p>\n<\/p>\n<\/p>\n<\/p>\n<\/p>\n<\/p>\n<\/p>\n<\/p>\n<\/p>\n<\/p>\n<li><strong>Marketing relacional<\/strong>: Es la implementaci\u00f3n de estrategias automatizadas, como email marketing para generar relaciones duraderas con los clientes.<\/li>\n<\/p>\n<\/p>\n<\/p>\n<\/p>\n<\/p>\n<\/p>\n<\/p>\n<\/p>\n<\/p>\n<\/p>\n<\/p>\n<\/p>\n<\/p>\n<\/p>\n<\/p>\n<\/p>\n<\/p>\n<\/p>\n<\/p>\n<\/p>\n<\/p>\n<\/p>\n<\/p>\n<\/p>\n<\/p>\n<\/p>\n<\/p>\n<\/p>\n<\/p>\n<\/p>\n<\/p>\n<\/p>\n<\/p>\n<\/p>\n<\/p>\n<li><strong>Paid Media<\/strong>: Consiste en la implementaci\u00f3n de estrategias de anuncio de pago, como son la compra program\u00e1tica y los anuncios en redes sociales.<\/li>\n<\/p>\n<\/p>\n<\/p>\n<\/p>\n<\/p>\n<\/p>\n<\/p>\n<\/p>\n<\/p>\n<\/p>\n<\/p>\n<\/p>\n<\/p>\n<\/p>\n<\/p>\n<\/p>\n<\/p>\n<\/p>\n<\/p>\n<\/p>\n<\/p>\n<\/p>\n<\/p>\n<\/p>\n<\/p>\n<\/p>\n<\/p>\n<\/p>\n<\/p>\n<\/p>\n<\/p>\n<\/p>\n<\/p>\n<\/p>\n<\/p>\n<li><strong>Inbound marketing<\/strong>: Es la planificaci\u00f3n de estrategias para atraer y fidelizar clientes, en estas t\u00e9cnicas se utilizan una metodolog\u00eda que involucra las estrategias mencionadas anteriormente.<\/li>\n<\/p>\n<\/p>\n<\/p>\n<\/p>\n<\/p>\n<\/p>\n<\/p>\n<\/p>\n<\/p>\n<\/p>\n<\/p>\n<\/p>\n<\/p>\n<\/p>\n<\/p>\n<\/p>\n<\/p>\n<\/p>\n<\/p>\n<\/p>\n<\/p>\n<\/p>\n<\/p>\n<\/p>\n<\/p>\n<\/p>\n<\/p>\n<\/p>\n<\/p>\n<\/p>\n<\/p>\n<\/p>\n<\/p>\n<\/p>\n<\/p>\n<li><strong>CRO<\/strong>: Son las iniciales para la optimizaci\u00f3n de la tasa de conversi\u00f3n, consiste en analizar el comportamiento de los usuarios y aumentar el rendimiento del sitio web.<\/li>\n<\/p>\n<\/p>\n<\/p>\n<\/p>\n<\/p>\n<\/p>\n<\/p>\n<\/p>\n<\/p>\n<\/p>\n<\/p>\n<\/p>\n<\/p>\n<\/p>\n<\/p>\n<\/p>\n<\/p>\n<\/p>\n<\/p>\n<\/p>\n<\/p>\n<\/p>\n<\/p>\n<\/p>\n<\/p>\n<\/p>\n<\/p>\n<\/p>\n<\/p>\n<\/p>\n<\/p>\n<\/ul>\n<\/p>\n<\/p>\n<\/p>\n<\/p>\n<\/p>\n<\/p>\n<\/p>\n<\/p>\n<\/p>\n<\/p>\n<\/p>\n<\/p>\n<\/p>\n<\/p>\n<\/p>\n<\/p>\n<\/p>\n<\/p>\n<\/p>\n<\/p>\n<\/p>\n<\/p>\n<\/p>\n<\/p>\n<\/p>\n<\/p>\n<\/p>\n<\/p>\n<\/p>\n<\/p>\n<\/p>\n<p>\"}},\n{\"@type\":\"Question\",\"name\":\"\ud83d\udccc\u00bfC\u00f3mo es el equipo de Elogia?\",\"acceptedAnswer\":{\"@type\":\"Answer\",\"text\":\"<\/p>\n<p>Actualmente, la empresa cuenta con m\u00e1s de 80 profesionales en diferentes \u00e1reas de marketing digital. Asimismo, no solo se encuentran disponibles en territorio espa\u00f1ol, <strong>m\u00e1s espec\u00edficamente en las ciudades de Barcelona y Madrid<\/strong>, tambi\u00e9n ha logrado expandirse a Latinoam\u00e9rica ofreciendo sus servicios en Ciudad de M\u00e9xico.<\/p>\n<p>La empresa asegura que todo su personal cuenta con habilidades en posicionamiento web, interpretaci\u00f3n de datos, an\u00e1lisis web, innovaci\u00f3n para negocio digitales, entre otras \u00e1reas.<\/p>\n<p>\"}},\n{\"@type\":\"Question\",\"name\":\"\ud83d\udccc Opiniones sobre Elogia\",\"acceptedAnswer\":{\"@type\":\"Answer\",\"text\":\"<\/p>\n<p>Debido a su trayectoria en Espa\u00f1a, es una de las empresas m\u00e1s importantes para las tiendas online, las opiniones hablan a trav\u00e9s de sus casos de \u00e9xito d\u00f3nde han trabajado con grandes marcas como Peugeot, Carrefour, Caser Seguros, Grupo Munreco, Fira Barcelona, Burger King M\u00e9xico, Volvo, Coca-Cola...<\/p>\n<p>En el caso de Peugeot, la marca asegura que con las <strong>estrategias implementadas a trav\u00e9s de la agencia generaron 38,000 seguidores<\/strong>, un 200% de incremento de conversiones generadas a trav\u00e9s del tr\u00e1fico social y un 41% m\u00e1s de interacciones.<\/p>\n<p>\"}}\n]}<\/script><\/p>\n<h2>M\u00e1s informaci\u00f3n sobre Elogia<\/h2>\n<p>Una agencia digital puede ser el mejor puente entre el marketing tradicional y digital, as\u00ed que si no has tomado la decisi\u00f3n de promocionarte en el mundo digital mira esta lista de beneficios para contratar una agencia.<\/p>\n<ul>\n<li><a href=\"https:\/\/www.appyweb.es\/beneficios-agencia-de-marketing-online\/\">Beneficios al contratar un experto en marketing online<\/a><\/li>\n<li><a href=\"https:\/\/www.marketingdirecto.com\/?p=587833\" rel=\"nofollow noopener\" target=\"_blank\">La agencia Elogia gana el \u00abFacebook Ads Pitch 2020\u00bb y representar\u00e1 a Espa\u00f1a en Dubl\u00edn<\/a><\/li>\n<\/ul>\n<p>&nbsp;<\/p>\n","protected":false},"excerpt":{"rendered":"<p>Se trata de una agencia de marketing digital que se especializa en servicios para ecommerce, aunque Elogia tambi\u00e9n cuenta con servicios en estrategias SEO, anuncios de pago, social media, entre otros. \u00bfQu\u00e9 es? Elogia es una empresa que tiene muy buen renombre en el sector del marketing digital, se encuentra en el mercado espa\u00f1ol desde [&hellip;]<\/p>\n","protected":false},"author":1,"featured_media":12493,"parent":0,"menu_order":0,"comment_status":"closed","ping_status":"closed","template":"","meta":{"inline_featured_image":false,"footnotes":""},"class_list":["post-1218","page","type-page","status-publish","has-post-thumbnail","hentry"],"_links":{"self":[{"href":"https:\/\/www.appyweb.es\/diccionario\/wp-json\/wp\/v2\/pages\/1218","targetHints":{"allow":["GET"]}}],"collection":[{"href":"https:\/\/www.appyweb.es\/diccionario\/wp-json\/wp\/v2\/pages"}],"about":[{"href":"https:\/\/www.appyweb.es\/diccionario\/wp-json\/wp\/v2\/types\/page"}],"author":[{"embeddable":true,"href":"https:\/\/www.appyweb.es\/diccionario\/wp-json\/wp\/v2\/users\/1"}],"replies":[{"embeddable":true,"href":"https:\/\/www.appyweb.es\/diccionario\/wp-json\/wp\/v2\/comments?post=1218"}],"version-history":[{"count":8,"href":"https:\/\/www.appyweb.es\/diccionario\/wp-json\/wp\/v2\/pages\/1218\/revisions"}],"predecessor-version":[{"id":12496,"href":"https:\/\/www.appyweb.es\/diccionario\/wp-json\/wp\/v2\/pages\/1218\/revisions\/12496"}],"wp:featuredmedia":[{"embeddable":true,"href":"https:\/\/www.appyweb.es\/diccionario\/wp-json\/wp\/v2\/media\/12493"}],"wp:attachment":[{"href":"https:\/\/www.appyweb.es\/diccionario\/wp-json\/wp\/v2\/media?parent=1218"}],"curies":[{"name":"wp","href":"https:\/\/api.w.org\/{rel}","templated":true}]}}