{"id":1223,"date":"2023-06-20T14:33:51","date_gmt":"2023-06-20T14:33:51","guid":{"rendered":"https:\/\/www.appyweb.es\/diccionario\/?page_id=1223"},"modified":"2024-03-27T14:32:00","modified_gmt":"2024-03-27T14:32:00","slug":"email-marketing","status":"publish","type":"page","link":"https:\/\/www.appyweb.es\/diccionario\/email-marketing\/","title":{"rendered":"Email Marketing"},"content":{"rendered":"<h1><img loading=\"lazy\" decoding=\"async\" class=\"alignnone  wp-image-12502\" src=\"https:\/\/www.appyweb.es\/diccionario\/wp-content\/uploads\/2024\/03\/EmailMarketing-300x180.jpg\" alt=\"Email Marketing\" width=\"983\" height=\"590\" srcset=\"https:\/\/www.appyweb.es\/diccionario\/wp-content\/uploads\/2024\/03\/EmailMarketing-300x180.jpg 300w, https:\/\/www.appyweb.es\/diccionario\/wp-content\/uploads\/2024\/03\/EmailMarketing-768x461.jpg 768w, https:\/\/www.appyweb.es\/diccionario\/wp-content\/uploads\/2024\/03\/EmailMarketing.jpg 1000w\" sizes=\"auto, (max-width: 983px) 100vw, 983px\" \/><\/h1>\n<p>El email marketing es una estrategia digital que cuenta con mucha trayectoria, algunos opinan que, con la aparici\u00f3n de las redes sociales y otros sistemas de promoci\u00f3n en Internet, ya no es tan efectiva como antes. Sin embargo, la estrategia de env\u00edo sigue siendo la <strong>m\u00e1s importante en cuanto a generaci\u00f3n de conversiones se refiere<\/strong>.<\/p>\n<h2>\u00bfQu\u00e9 es el email marketing?<\/h2>\n<p>Es una estrategia que combina medios de comunicaci\u00f3n de email o env\u00edos para cumplir con diferentes objetivos, que bien puede ser directamente a la comunicaci\u00f3n, promoci\u00f3n, difusi\u00f3n de mensajes, invitaciones a eventos, entre otras. El <a href=\"https:\/\/www.appyweb.es\/email-marketing-para-empresas\/\">email marketing para empresas<\/a> es considerada <strong>una de las m\u00e1s importantes cuando se habla de marketing de automatizaci\u00f3n<\/strong>, ya que los env\u00edos pueden ser programados y generar un sinf\u00edn de respuestas.<\/p>\n<p>Es una herramienta muy poderosa cuando el objetivo de la empresa es generar m\u00e1s conversiones, es decir, convertir a los usuarios en clientes. Para esto se utilizan herramientas como el env\u00edo de newsletters, donde los usuarios pueden suscribirse a trav\u00e9s de un sitio web para obtener m\u00e1s informaci\u00f3n sobre un tema o art\u00edculos de forma peri\u00f3dica.<\/p>\n<h2>\u00bfPara qu\u00e9 sirve?<\/h2>\n<p>Permite que las empresas desarrollen v\u00ednculos con los clientes o potenciales clientes, ya que permite mantenerlos actualizados sobre los productos que ofrecen. De manera tal que si van a realizar una compra, ellos sean la principal opci\u00f3n. Es por eso que esta estrategia cumple con un <a href=\"https:\/\/www.appyweb.es\/embudo-ventas-e-commerce\/\">papel importante en el embudo de ventas<\/a>, sobre todo en la conversaci\u00f3n y para ayudar a los usuarios a tomar decisiones de compras.<\/p>\n<p>Es una v\u00eda de comunicaci\u00f3n r\u00e1pida y eficiente, una buena forma de enviar publicidad, al mismo tiempo que se complementa con estrategia de marketing de contenidos.<\/p>\n<h2>\u00bfEs realmente importante su uso?<\/h2>\n<p>En este aspecto, los n\u00fameros le dan toda la raz\u00f3n a su uso, ya que con este m\u00e9todo se ha demostrado que se puede g<strong>enerar tres veces m\u00e1s conversiones que a trav\u00e9s de otros como las redes sociales<\/strong>, por lo cual es un recurso valioso a tener en cuenta.<\/p>\n<p>Igualmente, la importancia de su uso radica en que es un m\u00e9todo de comunicaci\u00f3n m\u00e1s directo con el usuario, al igual que los mensajes de texto o SMS, los correos electr\u00f3nicos suelen ser revisados de forma inmediata. Aparte, los usuarios suelen tener un nivel de confianza mayor con las empresas que utilizan este tipo de medio de comunicaci\u00f3n.<\/p>\n<h2>Requisitos legales para hacer email marketing<\/h2>\n<p>Cuando Internet empez\u00f3 a popularizarse para uso comercial, los servidores de correo electr\u00f3nico empezaron a presenciar un fen\u00f3meno conocido como <em>spam<\/em>. Las empresas sol\u00edan enviar de forma indiscriminada mensajes con promociones u ofertas, utilizando incluso base de datos de contacto distribuidas ilegalmente.<\/p>\n<p>Pero, entre los a\u00f1os 2016 y 2018 la Uni\u00f3n Europea aprob\u00f3 un <em>reglamento general de protecci\u00f3n de datos<\/em>, que indica que ninguna empresa que realice env\u00edos desde o para el territorio europeo, puede incluir a <strong>personas que no hayan concedido su permiso anteriormente<\/strong>. Esto con la finalidad de reducir la compra y venta de base de datos de forma legal y la distribuci\u00f3n de spam.<\/p>\n<p><script type=\"application\/ld+json\">{\"@context\":\"https:\/\/schema.org\",\"@type\":\"FAQPage\",\"mainEntity\":[ \n{\"@type\":\"Question\",\"name\":\"\ud83d\udccc\u00bfQu\u00e9 es el email marketing?\",\"acceptedAnswer\":{\"@type\":\"Answer\",\"text\":\"<\/p>\n<p>Es una estrategia que combina medios de comunicaci\u00f3n de email o env\u00edos para cumplir con diferentes objetivos, que bien puede ser directamente a la comunicaci\u00f3n, promoci\u00f3n, difusi\u00f3n de mensajes, invitaciones a eventos, entre otras. El <a href='https:\/\/www.appyweb.es\/email-marketing-para-empresas\/'>email marketing para empresas<\/a> es considerada <strong>una de las m\u00e1s importantes cuando se habla de marketing de automatizaci\u00f3n<\/strong>, ya que los env\u00edos pueden ser programados y generar un sinf\u00edn de respuestas.<\/p>\n<p>Es una herramienta muy poderosa cuando el objetivo de la empresa es generar m\u00e1s conversiones, es decir, convertir a los usuarios en clientes. Para esto se utilizan herramientas como el env\u00edo de newsletters, donde los usuarios pueden suscribirse a trav\u00e9s de un sitio web para obtener m\u00e1s informaci\u00f3n sobre un tema o art\u00edculos de forma peri\u00f3dica.<\/p>\n<p>\"}},\n{\"@type\":\"Question\",\"name\":\"\ud83d\udccc \u00bfPara qu\u00e9 sirve?\",\"acceptedAnswer\":{\"@type\":\"Answer\",\"text\":\"<\/p>\n<p>Permite que las empresas desarrollen v\u00ednculos con los clientes o potenciales clientes, ya que permite mantenerlos actualizados sobre los productos que ofrecen. De manera tal que si van a realizar una compra, ellos sean la principal opci\u00f3n. Es por eso que esta estrategia cumple con un <a href='https:\/\/www.appyweb.es\/embudo-ventas-e-commerce\/'>papel importante en el embudo de ventas<\/a>, sobre todo en la conversaci\u00f3n y para ayudar a los usuarios a tomar decisiones de compras.<\/p>\n<p>Es una v\u00eda de comunicaci\u00f3n r\u00e1pida y eficiente, una buena forma de enviar publicidad, al mismo tiempo que se complementa con estrategia de marketing de contenidos.<\/p>\n<p>\"}},\n{\"@type\":\"Question\",\"name\":\"\ud83d\udccc \u00bfEs realmente importante su uso?\",\"acceptedAnswer\":{\"@type\":\"Answer\",\"text\":\"<\/p>\n<p>En este aspecto, los n\u00fameros le dan toda la raz\u00f3n a su uso, ya que con este m\u00e9todo se ha demostrado que se puede g<strong>enerar tres veces m\u00e1s conversiones que a trav\u00e9s de otros como las redes sociales<\/strong>, por lo cual es un recurso valioso a tener en cuenta.<\/p>\n<p>Igualmente, la importancia de su uso radica en que es un m\u00e9todo de comunicaci\u00f3n m\u00e1s directo con el usuario, al igual que los mensajes de texto o SMS, los correos electr\u00f3nicos suelen ser revisados de forma inmediata. Aparte, los usuarios suelen tener un nivel de confianza mayor con las empresas que utilizan este tipo de medio de comunicaci\u00f3n.<\/p>\n<p>\"}},\n{\"@type\":\"Question\",\"name\":\"\ud83d\udcccRequisitos legales para hacer email marketing\",\"acceptedAnswer\":{\"@type\":\"Answer\",\"text\":\"<\/p>\n<p>Cuando Internet empez\u00f3 a popularizarse para uso comercial, los servidores de correo electr\u00f3nico empezaron a presenciar un fen\u00f3meno conocido como <em>spam<\/em>. Las empresas sol\u00edan enviar de forma indiscriminada mensajes con promociones u ofertas, utilizando incluso base de datos de contacto distribuidas ilegalmente.<\/p>\n<p>Pero, entre los a\u00f1os 2016 y 2018 la Uni\u00f3n Europea aprob\u00f3 un <em>reglamento general de protecci\u00f3n de datos<\/em>, que indica que ninguna empresa que realice env\u00edos desde o para el territorio europeo, puede incluir a <strong>personas que no hayan concedido su permiso anteriormente<\/strong>. Esto con la finalidad de reducir la compra y venta de base de datos de forma legal y la distribuci\u00f3n de spam.<\/p>\n<p>\"}}\n]}<\/script><\/p>\n<h2>M\u00e1s informaci\u00f3n sobre email marketing<\/h2>\n<p>\u00bfHas utilizado email marketing anteriormente? Entonces ya sabes cu\u00e1les son sus resultados, en este sentido, a continuaci\u00f3n puedes observar m\u00e1s informaci\u00f3n para perfeccionar tus estrategias.<\/p>\n<ul>\n<li><a href=\"https:\/\/www.appyweb.es\/practicas-email-marketing-triunfar\/\">4 excelentes pr\u00e1cticas para email marketing que te har\u00e1n triunfar<\/a><\/li>\n<li><a href=\"https:\/\/www.redes-sociales.com\/beneficios-del-email-marketing-y-por-que-debes-usarlos\/\" rel=\"nofollow noopener\" target=\"_blank\">Beneficios del email marketing y por qu\u00e9 debes usarlos<\/a><\/li>\n<\/ul>\n<p>&nbsp;<\/p>\n","protected":false},"excerpt":{"rendered":"<p>El email marketing es una estrategia digital que cuenta con mucha trayectoria, algunos opinan que, con la aparici\u00f3n de las redes sociales y otros sistemas de promoci\u00f3n en Internet, ya no es tan efectiva como antes. Sin embargo, la estrategia de env\u00edo sigue siendo la m\u00e1s importante en cuanto a generaci\u00f3n de conversiones se refiere. [&hellip;]<\/p>\n","protected":false},"author":1,"featured_media":0,"parent":0,"menu_order":0,"comment_status":"closed","ping_status":"closed","template":"","meta":{"inline_featured_image":false,"footnotes":""},"class_list":["post-1223","page","type-page","status-publish","hentry"],"_links":{"self":[{"href":"https:\/\/www.appyweb.es\/diccionario\/wp-json\/wp\/v2\/pages\/1223","targetHints":{"allow":["GET"]}}],"collection":[{"href":"https:\/\/www.appyweb.es\/diccionario\/wp-json\/wp\/v2\/pages"}],"about":[{"href":"https:\/\/www.appyweb.es\/diccionario\/wp-json\/wp\/v2\/types\/page"}],"author":[{"embeddable":true,"href":"https:\/\/www.appyweb.es\/diccionario\/wp-json\/wp\/v2\/users\/1"}],"replies":[{"embeddable":true,"href":"https:\/\/www.appyweb.es\/diccionario\/wp-json\/wp\/v2\/comments?post=1223"}],"version-history":[{"count":8,"href":"https:\/\/www.appyweb.es\/diccionario\/wp-json\/wp\/v2\/pages\/1223\/revisions"}],"predecessor-version":[{"id":12503,"href":"https:\/\/www.appyweb.es\/diccionario\/wp-json\/wp\/v2\/pages\/1223\/revisions\/12503"}],"wp:attachment":[{"href":"https:\/\/www.appyweb.es\/diccionario\/wp-json\/wp\/v2\/media?parent=1223"}],"curies":[{"name":"wp","href":"https:\/\/api.w.org\/{rel}","templated":true}]}}