{"id":1242,"date":"2023-06-20T14:47:10","date_gmt":"2023-06-20T14:47:10","guid":{"rendered":"https:\/\/www.appyweb.es\/diccionario\/?page_id=1242"},"modified":"2024-03-27T15:08:17","modified_gmt":"2024-03-27T15:08:17","slug":"embudo","status":"publish","type":"page","link":"https:\/\/www.appyweb.es\/diccionario\/embudo\/","title":{"rendered":"Embudo"},"content":{"rendered":"<h1 class=\"entry-title main_title\"><img loading=\"lazy\" decoding=\"async\" class=\"alignnone wp-image-12532\" src=\"https:\/\/www.appyweb.es\/diccionario\/wp-content\/uploads\/2024\/03\/Embudo-300x180.jpg\" alt=\"Embudo\" width=\"985\" height=\"591\" srcset=\"https:\/\/www.appyweb.es\/diccionario\/wp-content\/uploads\/2024\/03\/Embudo-300x180.jpg 300w, https:\/\/www.appyweb.es\/diccionario\/wp-content\/uploads\/2024\/03\/Embudo-768x461.jpg 768w, https:\/\/www.appyweb.es\/diccionario\/wp-content\/uploads\/2024\/03\/Embudo.jpg 1000w\" sizes=\"auto, (max-width: 985px) 100vw, 985px\" \/><\/h1>\n<p>Actualmente, el\u00a0 marketing digital cuenta con varias metodolog\u00edas, una de las m\u00e1s utilizadas actualmente es el\u00a0<em>embudo de ventas<\/em>. Consiste en una met\u00e1fora que compara la forma de un embudo <strong>con las etapas de venta en Internet<\/strong>.<\/p>\n<h2>\u00bfQu\u00e9 es embudo en marketing?<\/h2>\n<p>Es una figura que representa el proceso <strong>donde se determinan las fases de una venta online<\/strong>, en este se clasifican las oportunidades m\u00e1s potenciales de venta y se identifican a los usuarios m\u00e1s preparados para la compra. Este proceso tambi\u00e9n se le conoce como <a href=\"https:\/\/www.appyweb.es\/marketing-de-atraccion\/\">inbound marketing o marketing de atracci\u00f3n<\/a>.<\/p>\n<p>Originalmente, consta de cuatro fases que se ordenan de forma vertical haciendo alusi\u00f3n a una pir\u00e1mide invertida, donde la parte superior es m\u00e1s ancha y la parte inferior m\u00e1s angosta. En la parte superior se indica la estrategia de <em>atracci\u00f3n<\/em>, en la siguiente la estrategia de <em>conversi\u00f3n<\/em>, finalmente la <em>venta<\/em> y por \u00faltimo la <em>fidelizaci\u00f3n<\/em>.<\/p>\n<h2>\u00bfPara qu\u00e9 sirve el embudo?<\/h2>\n<p>El embudo funciona para crear una estrategia s\u00f3lida donde se establezcan una serie de t\u00e9cnicas en cada etapa, donde <strong>la empresa deber\u00e1 llevar de la mano al usuario hasta la venta<\/strong> sin aplicar t\u00e9cnicas invasivas. Es por esto que <a href=\"https:\/\/www.appyweb.es\/marketing-de-contenidos\/\">el marketing de contenidos forma parte importante<\/a> de esta metodolog\u00eda, ya que se busca evitar mostrar anuncios o promociones que no sean efectivas en el momento indicado.<\/p>\n<p>Otro beneficio de esta metodolog\u00eda es clasificar a los usuarios de calidad de aquellos que no tienen la intenci\u00f3n de compra, de esta forma, se ajustan los esfuerzos en aquellos que <strong>s\u00ed demuestran un inter\u00e9s por los productos en un sitio web<\/strong>. Esto depende de la rapidez con la que avanzan los usuarios en el funnel o embudo.<\/p>\n<h2>Ventajas del embudo de ventas<\/h2>\n<ul>\n<li>Permite que el abordaje de los clientes sea m\u00e1s segmentado y personalizado, lo que incrementa las posibilidades de compra.<\/li>\n<li>Introduce <strong>t\u00e9cnicas poco invasivas que pueden incrementar el inter\u00e9s<\/strong> y la confianza del usuario en la marca.<\/li>\n<li>Todas las etapas incluyen t\u00e9cnicas de an\u00e1lisis, por lo que se pueden ajustar las estrategias de cada una seg\u00fan los resultados anteriores.<\/li>\n<li>Permite implementar t\u00e9cnicas de automatizaci\u00f3n, como puede ser el uso de sistemas de CRM o gesti\u00f3n de relaci\u00f3n con el cliente, as\u00ed como email marketing.<\/li>\n<li>Crea estrategias de fidelizaci\u00f3n que permiten atraer al cliente nuevamente en el futuro.<\/li>\n<\/ul>\n<h2>C\u00f3mo hacer un embudo de marketing<\/h2>\n<p>Consiste en establecer una serie de t\u00e9cnicas en cada etapa, pero antes de proceder a identificar cada una de estas es necesario realizar un estudio de mercado, donde se definir\u00e1 cu\u00e1l es el nicho comercial al que la empresa se va a dirigir en Internet y establecer un perfil de consumidor.<\/p>\n<p>Seguidamente, se deben establecer <strong>estrategias de posicionamiento SEO que formar\u00e1n parte de la primera etapa de atracci\u00f3n<\/strong>, en ella se busca generar un alto nivel de tr\u00e1fico a trav\u00e9s de un buen posicionamiento en buscadores. En la segunda etapa de la conversi\u00f3n, se pueden establecer estrategias como la suscripci\u00f3n a una newsletter o la descarga de un e-book, con la finalidad de obtener los datos m\u00e1s importantes del usuario.<\/p>\n<p>Para la venta, se establecen estrategias de env\u00edos con promociones u ofertas personalizadas, con el email marketing tambi\u00e9n <strong>se puede tener conocimiento de los intereses del usuario<\/strong> a trav\u00e9s del env\u00edo de contenidos de calidad con las newsletters.<\/p>\n<p>Finalmente, se procede a la fidelizaci\u00f3n, que consiste en ofrecer m\u00e1s productos con descuentos despu\u00e9s de una primera compra o garantizar al usuario alg\u00fan beneficio.<\/p>\n<h2>M\u00e1s informaci\u00f3n sobre Embudo<\/h2>\n<p>La verdad es que esta metodolog\u00eda es todo un modelo de negocio, puede ayudarte a establecer un proceso de marketing en conjunto que te permitir\u00e1 obtener resultados de calidad no solo en cantidad. Aqu\u00ed tienes m\u00e1s informaci\u00f3n para utilizar el funnel en el futuro.<\/p>\n<ul>\n<li><a href=\"https:\/\/www.appyweb.es\/aumento-ingresos-internet-funnel-ventas\/\">Aumenta tus ingresos en internet gracias al funnel de ventas<\/a><\/li>\n<li><a href=\"https:\/\/www.empresaactual.com\/el-embudo-de-ventas-en-el-centro-de-la-estrategia-digital\/\" rel=\"nofollow noopener\" target=\"_blank\"> El embudo de ventas en el centro de la estrategia digital<\/a><\/li>\n<\/ul>\n<p>&nbsp;<\/p>\n","protected":false},"excerpt":{"rendered":"<p>Actualmente, el\u00a0 marketing digital cuenta con varias metodolog\u00edas, una de las m\u00e1s utilizadas actualmente es el\u00a0embudo de ventas. Consiste en una met\u00e1fora que compara la forma de un embudo con las etapas de venta en Internet. \u00bfQu\u00e9 es embudo en marketing? Es una figura que representa el proceso donde se determinan las fases de una [&hellip;]<\/p>\n","protected":false},"author":1,"featured_media":12532,"parent":0,"menu_order":0,"comment_status":"closed","ping_status":"closed","template":"","meta":{"inline_featured_image":false,"footnotes":""},"class_list":["post-1242","page","type-page","status-publish","has-post-thumbnail","hentry"],"_links":{"self":[{"href":"https:\/\/www.appyweb.es\/diccionario\/wp-json\/wp\/v2\/pages\/1242","targetHints":{"allow":["GET"]}}],"collection":[{"href":"https:\/\/www.appyweb.es\/diccionario\/wp-json\/wp\/v2\/pages"}],"about":[{"href":"https:\/\/www.appyweb.es\/diccionario\/wp-json\/wp\/v2\/types\/page"}],"author":[{"embeddable":true,"href":"https:\/\/www.appyweb.es\/diccionario\/wp-json\/wp\/v2\/users\/1"}],"replies":[{"embeddable":true,"href":"https:\/\/www.appyweb.es\/diccionario\/wp-json\/wp\/v2\/comments?post=1242"}],"version-history":[{"count":9,"href":"https:\/\/www.appyweb.es\/diccionario\/wp-json\/wp\/v2\/pages\/1242\/revisions"}],"predecessor-version":[{"id":12535,"href":"https:\/\/www.appyweb.es\/diccionario\/wp-json\/wp\/v2\/pages\/1242\/revisions\/12535"}],"wp:featuredmedia":[{"embeddable":true,"href":"https:\/\/www.appyweb.es\/diccionario\/wp-json\/wp\/v2\/media\/12532"}],"wp:attachment":[{"href":"https:\/\/www.appyweb.es\/diccionario\/wp-json\/wp\/v2\/media?parent=1242"}],"curies":[{"name":"wp","href":"https:\/\/api.w.org\/{rel}","templated":true}]}}