{"id":127,"date":"2023-06-19T13:24:40","date_gmt":"2023-06-19T13:24:40","guid":{"rendered":"https:\/\/www.appyweb.es\/diccionario\/?page_id=127"},"modified":"2024-02-16T10:14:07","modified_gmt":"2024-02-16T10:14:07","slug":"analytics-marketing","status":"publish","type":"page","link":"https:\/\/www.appyweb.es\/diccionario\/analytics-marketing\/","title":{"rendered":"Analytics Marketing"},"content":{"rendered":"<h1 class=\"entry-title main_title\"><img loading=\"lazy\" decoding=\"async\" class=\" wp-image-8278 aligncenter\" src=\"https:\/\/www.appyweb.es\/diccionario\/wp-content\/uploads\/2023\/08\/analytics-marketing-significado-300x244.jpg\" alt=\"\" width=\"874\" height=\"711\" srcset=\"https:\/\/www.appyweb.es\/diccionario\/wp-content\/uploads\/2023\/08\/analytics-marketing-significado-300x244.jpg 300w, https:\/\/www.appyweb.es\/diccionario\/wp-content\/uploads\/2023\/08\/analytics-marketing-significado-1024x832.jpg 1024w, https:\/\/www.appyweb.es\/diccionario\/wp-content\/uploads\/2023\/08\/analytics-marketing-significado-768x624.jpg 768w, https:\/\/www.appyweb.es\/diccionario\/wp-content\/uploads\/2023\/08\/analytics-marketing-significado.jpg 1080w\" sizes=\"auto, (max-width: 874px) 100vw, 874px\" \/><\/h1>\n<p>Se trata de una de las pr\u00e1cticas m\u00e1s importantes en la gesti\u00f3n de un sitio web, en\u00a0<strong>analytics marketing se busca observar y analizar una serie de m\u00e9tricas<\/strong>\u00a0relacionadas con la promoci\u00f3n de un negocio en Internet. B\u00e1sicamente, re\u00fane datos sobre la interacci\u00f3n con los usuarios y la forma c\u00f3mo se posiciona el sitio en buscadores, con la finalidad de mejorar las estrategias de promoci\u00f3n.<\/p>\n<h2>\u00bfQu\u00e9 es analytics marketing?<\/h2>\n<p>Es un nuevo concepto de an\u00e1lisis que nace de la uni\u00f3n entre el an\u00e1lisis de la p\u00e1gina y el marketing digital.<br \/>\nUn profesional en esta \u00e1rea se encargar\u00e1 de<a href=\"https:\/\/www.appyweb.es\/auditoria-seo\/\"> analizar toda la actividad promocional <\/a>que realiza una empresa en Internet.<\/p>\n<p><strong>Se basa en estudiar los datos del sitio digital de la empresa, las estrategias utilizadas y la reacci\u00f3n de los consumidores.<\/strong><br \/>\nCon todos esos datos recopilados se realiza una evaluaci\u00f3n para plantear nuevos m\u00e9todos y estrategias de promoci\u00f3n.<\/p>\n<p>Es esencial llevar a cabo este estudio para aprovechar toda la informaci\u00f3n que se puede encontrar en Internet.<br \/>\nCon el fin de crear estrategias que abarquen las necesidades y expectativas de los usuarios, ajust\u00e1ndolas a las nuevas tendencias y tecnolog\u00edas para atraerlos.<\/p>\n<h2>Origen del analytics marketing<\/h2>\n<p>Nace de la uni\u00f3n del an\u00e1lisis de los datos en la p\u00e1gina y la mercadotecnia, teniendo en consideraci\u00f3n las opiniones de todos los usuarios y gestionando una principal estrategia, que se basa en la relaci\u00f3n entre usuario y marca.<\/p>\n<h2>Importancia del analytics marketing<\/h2>\n<p>La funci\u00f3n principal de esta pr\u00e1ctica es tener un mejor rendimiento comercial, por una menor inversi\u00f3n.<br \/>\nAprendiendo a gestionar el concepto que el usuario espera del producto y lo que actualmente funciona en el mercado, se pueden generar muy buenos resultados en torno<a href=\"https:\/\/www.appyweb.es\/design-thinking\/\"> a la conversi\u00f3n de usuarios a clientes<\/a>.<\/p>\n<p>Con los resultados obtenidos, se pueden utilizar ciertas \u00e1reas del sitio web para aumentar el posicionamiento de los resultados de b\u00fasqueda de Google.<br \/>\nAl mismo tiempo tambi\u00e9n se debe mejorar <a href=\"https:\/\/www.appyweb.es\/diseno-ux\/\">la experiencia de navegaci\u00f3n,<\/a> de forma que el usuario se sienta complacido y entendido por la empresa.<\/p>\n<p>Es ideal para aquellos negocios que se encuentran en la b\u00fasqueda de nuevos m\u00e9todos y estrategias de contacto con sus consumidores y usuarios.<br \/>\nPara esto, pueden aprovechar la gran cantidad de datos e informaci\u00f3n que ofrecen las herramientas an\u00e1lisis, como las caracter\u00edsticas de las audiencias y las opiniones sobre su producto.<\/p>\n<p>De esta forma, implementan nuevos m\u00e9todos de acercamiento con el consumidor y mejoran la plataforma digital, con el fin de hacer que el sitio sea m\u00e1s interactivo para sus consumidores.<\/p>\n<h2>T\u00e9cnicas y procesos del analytics marketing<\/h2>\n<p>Es importante utilizar una serie de herramientas de medici\u00f3n b\u00e1sicas, <strong>la m\u00e1s utilizada en este aspecto es Google Analytics<\/strong>.<br \/>\nSe debe aprender a interpretar los paneles principales de estas herramientas para hacer un an\u00e1lisis correcto.<br \/>\nUna de las m\u00e9tricas a evaluar el retorno de la inversi\u00f3n, de forma que la empresa puede saber si perdi\u00f3 o gan\u00f3 dinero durante la campa\u00f1a.<br \/>\nTambi\u00e9n se puede aplicar un poco de an\u00e1lisis predictivo para adelantarse a las tendencias de publicidad en el futuro.<br \/>\nAsimismo, tambi\u00e9n es importante involucrar herramienta de an\u00e1lisis de CRM con la finalidad de saber el valor de los usuarios convertidos.<br \/>\n<script type=\"application\/ld+json\">{\"@context\":\"https:\/\/schema.org\",\"@type\":\"FAQPage\",\"mainEntity\":[ \n{\"@type\":\"Question\",\"name\":\"\u00bfQu\u00e9 es analytics marketing?\",\"acceptedAnswer\":{\"@type\":\"Answer\",\"text\":\"Es un nuevo concepto de an\u00e1lisis que nace de la uni\u00f3n entre el an\u00e1lisis de la p\u00e1gina y el marketing digital.\nUn profesional en esta \u00e1rea se encargar\u00e1 de analizar toda la actividad promocional que realiza una empresa en Internet.<\/p>\n<p>Se basa en estudiar los datos del sitio digital de la empresa, las estrategias utilizadas y la reacci\u00f3n de los consumidores.\nCon todos esos datos recopilados se realiza una evaluaci\u00f3n para plantear nuevos m\u00e9todos y estrategias de promoci\u00f3n.<\/p>\n<p>Es esencial llevar a cabo este estudio para aprovechar toda la informaci\u00f3n que se puede encontrar en Internet.\nCon el fin de crear estrategias que abarquen las necesidades y expectativas de los usuarios, ajust\u00e1ndolas a las nuevas tendencias y tecnolog\u00edas para atraerlos.\"}},\n{\"@type\":\"Question\",\"name\":\"Origen del analytics marketing\",\"acceptedAnswer\":{\"@type\":\"Answer\",\"text\":\"Nace de la uni\u00f3n del an\u00e1lisis de los datos en la p\u00e1gina y la mercadotecnia, teniendo en consideraci\u00f3n las opiniones de todos los usuarios y gestionando una principal estrategia, que se basa en la relaci\u00f3n entre usuario y marca.\"}},\n{\"@type\":\"Question\",\"name\":\"Importancia del analytics marketing\",\"acceptedAnswer\":{\"@type\":\"Answer\",\"text\":\"La funci\u00f3n principal de esta pr\u00e1ctica es tener un mejor rendimiento comercial, por una menor inversi\u00f3n.\nAprendiendo a gestionar el concepto que el usuario espera del producto y lo que actualmente funciona en el mercado, se pueden generar muy buenos resultados en torno a la conversi\u00f3n de usuarios a clientes.<\/p>\n<p>Con los resultados obtenidos, se pueden utilizar ciertas \u00e1reas del sitio web para aumentar el posicionamiento de los resultados de b\u00fasqueda de Google.\nAl mismo tiempo tambi\u00e9n se debe mejorar la experiencia de navegaci\u00f3n, de forma que el usuario se sienta complacido y entendido por la empresa.<\/p>\n<p>Es ideal para aquellos negocios que se encuentran en la b\u00fasqueda de nuevos m\u00e9todos y estrategias de contacto con sus consumidores y usuarios.\nPara esto, pueden aprovechar la gran cantidad de datos e informaci\u00f3n que ofrecen las herramientas an\u00e1lisis, como las caracter\u00edsticas de las audiencias y las opiniones sobre su producto.<\/p>\n<p>De esta forma, implementan nuevos m\u00e9todos de acercamiento con el consumidor y mejoran la plataforma digital, con el fin de hacer que el sitio sea m\u00e1s interactivo para sus consumidores.\"}},\n{\"@type\":\"Question\",\"name\":\"T\u00e9cnicas y procesos del analytics marketing\",\"acceptedAnswer\":{\"@type\":\"Answer\",\"text\":\"Es importante utilizar una serie de herramientas de medici\u00f3n b\u00e1sicas, la m\u00e1s utilizada en este aspecto es Google Analytics.\nSe debe aprender a interpretar los paneles principales de estas herramientas para hacer un an\u00e1lisis correcto.\nUna de las m\u00e9tricas a evaluar el retorno de la inversi\u00f3n, de forma que la empresa puede saber si perdi\u00f3 o gan\u00f3 dinero durante la campa\u00f1a.\nTambi\u00e9n se puede aplicar un poco de an\u00e1lisis predictivo para adelantarse a las tendencias de publicidad en el futuro.\nAsimismo, tambi\u00e9n es importante involucrar herramienta de an\u00e1lisis de CRM con la finalidad de saber el valor de los usuarios convertidos.\"}}\n]}<\/script><\/p>\n<h2><span id=\"%F0%9F%93%8CMas_informacion_sobre_analytics_marketing\" class=\"ez-toc-section\"><\/span>M\u00e1s informaci\u00f3n sobre analytics marketing<\/h2>\n<ul>\n<li><a href=\"https:\/\/es.wikipedia.org\/wiki\/Google_Analytics#Tecnolog%C3%ADa\" rel=\"nofollow noopener\" target=\"_blank\">Tecnolog\u00eda de Google Analytics<\/a>.<\/li>\n<\/ul>\n<p>&nbsp;<\/p>\n","protected":false},"excerpt":{"rendered":"<p>Se trata de una de las pr\u00e1cticas m\u00e1s importantes en la gesti\u00f3n de un sitio web, en\u00a0analytics marketing se busca observar y analizar una serie de m\u00e9tricas\u00a0relacionadas con la promoci\u00f3n de un negocio en Internet. B\u00e1sicamente, re\u00fane datos sobre la interacci\u00f3n con los usuarios y la forma c\u00f3mo se posiciona el sitio en buscadores, con [&hellip;]<\/p>\n","protected":false},"author":1,"featured_media":8278,"parent":0,"menu_order":0,"comment_status":"closed","ping_status":"closed","template":"","meta":{"inline_featured_image":false,"footnotes":""},"class_list":["post-127","page","type-page","status-publish","has-post-thumbnail","hentry"],"_links":{"self":[{"href":"https:\/\/www.appyweb.es\/diccionario\/wp-json\/wp\/v2\/pages\/127","targetHints":{"allow":["GET"]}}],"collection":[{"href":"https:\/\/www.appyweb.es\/diccionario\/wp-json\/wp\/v2\/pages"}],"about":[{"href":"https:\/\/www.appyweb.es\/diccionario\/wp-json\/wp\/v2\/types\/page"}],"author":[{"embeddable":true,"href":"https:\/\/www.appyweb.es\/diccionario\/wp-json\/wp\/v2\/users\/1"}],"replies":[{"embeddable":true,"href":"https:\/\/www.appyweb.es\/diccionario\/wp-json\/wp\/v2\/comments?post=127"}],"version-history":[{"count":10,"href":"https:\/\/www.appyweb.es\/diccionario\/wp-json\/wp\/v2\/pages\/127\/revisions"}],"predecessor-version":[{"id":11234,"href":"https:\/\/www.appyweb.es\/diccionario\/wp-json\/wp\/v2\/pages\/127\/revisions\/11234"}],"wp:featuredmedia":[{"embeddable":true,"href":"https:\/\/www.appyweb.es\/diccionario\/wp-json\/wp\/v2\/media\/8278"}],"wp:attachment":[{"href":"https:\/\/www.appyweb.es\/diccionario\/wp-json\/wp\/v2\/media?parent=127"}],"curies":[{"name":"wp","href":"https:\/\/api.w.org\/{rel}","templated":true}]}}