{"id":131,"date":"2023-06-19T13:26:21","date_gmt":"2023-06-19T13:26:21","guid":{"rendered":"https:\/\/www.appyweb.es\/diccionario\/?page_id=131"},"modified":"2024-03-20T10:45:10","modified_gmt":"2024-03-20T10:45:10","slug":"anchor-text","status":"publish","type":"page","link":"https:\/\/www.appyweb.es\/diccionario\/anchor-text\/","title":{"rendered":"Anchor Text"},"content":{"rendered":"<h1 class=\"entry-title main_title\"><img loading=\"lazy\" decoding=\"async\" class=\" wp-image-8284 aligncenter\" src=\"https:\/\/www.appyweb.es\/diccionario\/wp-content\/uploads\/2023\/08\/anchor-text-significado-300x200.jpg\" alt=\"\" width=\"886\" height=\"591\" srcset=\"https:\/\/www.appyweb.es\/diccionario\/wp-content\/uploads\/2023\/08\/anchor-text-significado-300x200.jpg 300w, https:\/\/www.appyweb.es\/diccionario\/wp-content\/uploads\/2023\/08\/anchor-text-significado-1024x683.jpg 1024w, https:\/\/www.appyweb.es\/diccionario\/wp-content\/uploads\/2023\/08\/anchor-text-significado-768x512.jpg 768w, https:\/\/www.appyweb.es\/diccionario\/wp-content\/uploads\/2023\/08\/anchor-text-significado.jpg 1080w\" sizes=\"auto, (max-width: 886px) 100vw, 886px\" \/><\/h1>\n<p>Se trata de uno de los elementos que forman parte de la estructura de una estrategia de atracci\u00f3n, en conjunto con buenos botones de CTA o llamada a la acci\u00f3n, pueden\u00a0<strong>generar la mejor t\u00e9cnica para atraer nuevos suscriptores o clientes<\/strong>.\u00a0\u00bfQuieres saber\u00a0qu\u00e9 es un anchor text? Aqu\u00ed vas a encontrar lo que necesitas, te explicamos\u00a0qu\u00e9 es y para qu\u00e9 se utiliza.<\/p>\n<h2>\u00bfQu\u00e9 es un anchor text?<\/h2>\n<p>En espa\u00f1ol se traduce como <em>texto ancla <\/em>o AT, es esa frase ese que se utiliza para enlazar una p\u00e1gina.<br \/>\nSu funci\u00f3n principal es la de <strong>mostrar una peque\u00f1a descripci\u00f3n de lo que hay en ese enlace<\/strong>, por eso se suelen utilizar palabras clave o keywords para redactarlo.<br \/>\nIgualmente, es uno de los <a href=\"https:\/\/diseno20.appyweb.es\/link-building\/\" rel=\"nofollow noopener\" target=\"_blank\">principales elementos del link building<\/a>, ya que el ancla debe estar relacionado tanto con el sitio web donde se encuentra, como con la p\u00e1gina que enlaza, que bien puede ser un enlace interno o externo.<\/p>\n<h2>\u00bfPara qu\u00e9 sirve un anchor text?<\/h2>\n<p>Aparte de conectar una p\u00e1gina web a otra, su funci\u00f3n principal es <a href=\"https:\/\/www.appyweb.es\/diccionario\/link-juice\/\">generar un buen equilibrio del link juice<\/a>, es decir, del nivel de autoridad de un sitio web. Esto se logra con una buena combinaci\u00f3n entre el texto, las palabras clave utilizadas y el enlace comprometido. El principal beneficio de este equilibrio es <strong>lograr una buena evaluaci\u00f3n por parte de los buscadores como Google<\/strong>, as\u00ed se genera una buena posici\u00f3n en la p\u00e1gina de resultados de b\u00fasqueda.<\/p>\n<p>En el c\u00f3digo HTML se debe escribir de la siguiente forma, en caso de que el ancla sea <em>diccionario de marketing<\/em> y el enlace sea <em>appyweb.es<\/em>.<\/p>\n<pre><a href=\"https:\/\/www.appyweb.es\/diccionario\/\">diccionario de marketing<\/a><\/pre>\n<h2>Tipos de anchor text<\/h2>\n<ul>\n<li><strong>Branded<\/strong>: Es cuando usa el nombre del dominio.<\/li>\n<li><strong>Compound<\/strong>: Se combinan palabras relacionadas con la keyword.<\/li>\n<li><strong>Money keyword:<\/strong> Se utiliza una <a href=\"https:\/\/diseno20.appyweb.es\/campanas-google-adwords\/\" rel=\"nofollow noopener\" target=\"_blank\">palabra clave monetizada en anuncios<\/a>.<\/li>\n<li><strong>Im\u00e1genes:<\/strong> Son los enlaces se insertan en im\u00e1genes.<\/li>\n<li><strong>Naked link:<\/strong> Estos enlaces usan su propia URL como ancla para enlazar contenidos.<\/li>\n<li><strong>No optimizados:<\/strong> No ofrecen informaci\u00f3n exacta con las frases que se enlazan, pero s\u00ed aportan informaci\u00f3n que rodea al enlace.<\/li>\n<li><strong>Enlaces de frase:<\/strong> Estos enlaces utilizan frases largas y descriptivos por lo que al usuario se le facilita entender el enlace.<\/li>\n<li><strong>T\u00edtulo de p\u00e1gina:<\/strong> Se usa el t\u00edtulo como ancla.<\/li>\n<\/ul>\n<h2>\u00bfC\u00f3mo se escribe un anchor text?<\/h2>\n<p>En el pasado se utilizaba una gran cantidad de palabras clave en esta descripci\u00f3n, principalmente para llamar la atenci\u00f3n de los buscadores.<br \/>\nSin embargo, mientras m\u00e1s ha evolucionado el algoritmo, tambi\u00e9n se ha entendido que la densidad de palabras clave exagerada es muy inc\u00f3moda para la lectura del usuario.<\/p>\n<p>Es por eso que <strong>la mejor forma de escribir un texto ancla es hacerlo de forma natural<\/strong>, una de las mejores t\u00e9cnicas es utilizando keywords de cola larga, que cuentan con palabras clave dentro de una frase.<br \/>\nUtilizando el ejemplo anterior del c\u00f3digo HTML, en lugar de escribir \u201cdiccionario de marketing\u201d en el AT para enlazar a Appyweb, se podr\u00eda utilizar una frase as\u00ed \u201ctambi\u00e9n se puede encontrar este t\u00e9rmino en el diccionario de marketing\u201d.<\/p>\n<h3>Ejemplo de anchor text<\/h3>\n<p>Todos los enlaces que se muestran en este post cuentan con frases o palabras clave enlazadas, ese es un claro ejemplo del texto ancla. Pero para ser m\u00e1s gr\u00e1ficos aqu\u00ed hay una imagen que lo muestra mejor.<\/p>\n<p><img loading=\"lazy\" decoding=\"async\" class=\"alignnone wp-image-8283\" src=\"https:\/\/www.appyweb.es\/diccionario\/wp-content\/uploads\/2023\/08\/anchor-text-300x156.png\" alt=\"\" width=\"448\" height=\"233\" srcset=\"https:\/\/www.appyweb.es\/diccionario\/wp-content\/uploads\/2023\/08\/anchor-text-300x156.png 300w, https:\/\/www.appyweb.es\/diccionario\/wp-content\/uploads\/2023\/08\/anchor-text.png 629w\" sizes=\"auto, (max-width: 448px) 100vw, 448px\" \/><\/p>\n<p><script type=\"application\/ld+json\">{\"@context\":\"https:\/\/schema.org\",\"@type\":\"FAQPage\",\"mainEntity\":[<br \/>\n{\"@type\":\"Question\",\"name\":\"\u00bfQu\u00e9 es un anchor text?\",\"acceptedAnswer\":{\"@type\":\"Answer\",\"text\":\"<\/p>\n<\/p>\n<\/p>\n<p><span data-mce-type=\"bookmark\" style=\"display: inline-block; width: 0px; overflow: hidden; line-height: 0;\" class=\"mce_SELRES_start\"><\/span><\/p>\n<\/p>\n<\/p>\n<li><a href=\"https:\/\/es.wikipedia.org\/wiki\/Hiperenlace#Comportamiento_de_los_enlaces_en_los_navegadores_web\">Comportamiento de los enlaces en los navegadores web<\/a>.<\/li>\n<\/ul>\n<\/p>\n<p>&nbsp;<\/p>\n<\/p>\n<p>\n<\/script><\/p>\n","protected":false},"excerpt":{"rendered":"<p>Se trata de uno de los elementos que forman parte de la estructura de una estrategia de atracci\u00f3n, en conjunto con buenos botones de CTA o llamada a la acci\u00f3n, pueden\u00a0generar la mejor t\u00e9cnica para atraer nuevos suscriptores o clientes.\u00a0\u00bfQuieres saber\u00a0qu\u00e9 es un anchor text? Aqu\u00ed vas a encontrar lo que necesitas, te explicamos\u00a0qu\u00e9 es [&hellip;]<\/p>\n","protected":false},"author":1,"featured_media":8284,"parent":0,"menu_order":0,"comment_status":"closed","ping_status":"closed","template":"","meta":{"inline_featured_image":false,"footnotes":""},"class_list":["post-131","page","type-page","status-publish","has-post-thumbnail","hentry"],"_links":{"self":[{"href":"https:\/\/www.appyweb.es\/diccionario\/wp-json\/wp\/v2\/pages\/131","targetHints":{"allow":["GET"]}}],"collection":[{"href":"https:\/\/www.appyweb.es\/diccionario\/wp-json\/wp\/v2\/pages"}],"about":[{"href":"https:\/\/www.appyweb.es\/diccionario\/wp-json\/wp\/v2\/types\/page"}],"author":[{"embeddable":true,"href":"https:\/\/www.appyweb.es\/diccionario\/wp-json\/wp\/v2\/users\/1"}],"replies":[{"embeddable":true,"href":"https:\/\/www.appyweb.es\/diccionario\/wp-json\/wp\/v2\/comments?post=131"}],"version-history":[{"count":12,"href":"https:\/\/www.appyweb.es\/diccionario\/wp-json\/wp\/v2\/pages\/131\/revisions"}],"predecessor-version":[{"id":11524,"href":"https:\/\/www.appyweb.es\/diccionario\/wp-json\/wp\/v2\/pages\/131\/revisions\/11524"}],"wp:featuredmedia":[{"embeddable":true,"href":"https:\/\/www.appyweb.es\/diccionario\/wp-json\/wp\/v2\/media\/8284"}],"wp:attachment":[{"href":"https:\/\/www.appyweb.es\/diccionario\/wp-json\/wp\/v2\/media?parent=131"}],"curies":[{"name":"wp","href":"https:\/\/api.w.org\/{rel}","templated":true}]}}