{"id":1346,"date":"2023-06-21T07:31:15","date_gmt":"2023-06-21T07:31:15","guid":{"rendered":"https:\/\/www.appyweb.es\/diccionario\/?page_id=1346"},"modified":"2024-03-28T08:22:50","modified_gmt":"2024-03-28T08:22:50","slug":"enlace-nofollow","status":"publish","type":"page","link":"https:\/\/www.appyweb.es\/diccionario\/enlace-nofollow\/","title":{"rendered":"Enlace NoFollow"},"content":{"rendered":"<h1><img loading=\"lazy\" decoding=\"async\" class=\"alignnone  wp-image-12580\" src=\"https:\/\/www.appyweb.es\/diccionario\/wp-content\/uploads\/2024\/03\/EnlaceNoFollow-300x180.jpg\" alt=\"Enlace NoFollow\" width=\"968\" height=\"581\" srcset=\"https:\/\/www.appyweb.es\/diccionario\/wp-content\/uploads\/2024\/03\/EnlaceNoFollow-300x180.jpg 300w, https:\/\/www.appyweb.es\/diccionario\/wp-content\/uploads\/2024\/03\/EnlaceNoFollow-768x461.jpg 768w, https:\/\/www.appyweb.es\/diccionario\/wp-content\/uploads\/2024\/03\/EnlaceNoFollow.jpg 1000w\" sizes=\"auto, (max-width: 968px) 100vw, 968px\" \/><\/h1>\n<p>Se trata de una clasificaci\u00f3n de hiperv\u00ednculos, los <strong>enlaces no follow contienen una etiqueta que se inserta en el c\u00f3digo HTML<\/strong> para indicar al algoritmo de Google que no debe indexarlo. Son utilizados para bloquear links que no aportan nada para el posicionamiento.<\/p>\n<h2>\u00bfQu\u00e9 es un enlace nofollow?<\/h2>\n<p>Como se mencion\u00f3 anteriormente, es una etiqueta que indica a algoritmos de los buscadores que un link no debe ser seguido o evaluado, de forma que este <strong>no extraiga autoridad del sitio web destino<\/strong>. Esto quiere decir, que no ser\u00e1 posicionado ni tomado en cuenta al momento de hacer la evaluaci\u00f3n para posicionar en la p\u00e1gina de resultados.<\/p>\n<p>Puede ser una <a href=\"https:\/\/www.appyweb.es\/posicionamiento-web\/\">herramienta muy \u00fatil para el posicionamiento web<\/a> ya que existen algunos hiperv\u00ednculos de muy baja calidad que pueden limitar las estrategias de optimizaci\u00f3n.<\/p>\n<h2>\u00bfPara qu\u00e9 sirven?<\/h2>\n<p>Al no ser seguidos o \u201cbloqueados\u00bb por el buscador, no permite que aumente el ranking de una p\u00e1gina. Sin embargo, permiten que <strong>no se altere el ranking que ya tenga la p\u00e1gina que est\u00e1 publicando dicho enlace<\/strong>, por lo tanto, cuentan con una gran <a href=\"https:\/\/www.appyweb.es\/link-building\/\">relevancia para las estrategias de link building<\/a> o construcci\u00f3n de links.<\/p>\n<p>Estos tambi\u00e9n suelen ser utilizados en conjunto con los hiperv\u00ednculos dofollow para indicar cu\u00e1les s\u00ed pueden ser indexados y cu\u00e1les no. De esta forma, se busca mantener un nivel de link juice aceptable, \u00e9ste t\u00e9rmino se utiliza para <strong>denominar el nivel de autoridad que se comparten entre todos los v\u00ednculos<\/strong> que dirigen hacia el sitio web y lo que pr\u00e1cticamente determinar\u00e1 su relevancia en los buscadores.<\/p>\n<h2>\u00bfC\u00f3mo implementar enlaces nofollow?<\/h2>\n<p>Para denominar que un link no sea seguido es necesario <strong>implementar una etiqueta dentro del c\u00f3digo HTML,<\/strong> tambi\u00e9n se le conoce como <em>rel=\u00bbnofolow\u00bb<\/em> y se introduce despu\u00e9s de dicha direcci\u00f3n o URL. Por ejemplo.<\/p>\n<ul>\n<li><em>&lt;a href=\u201dhttp:\/\/www.tuweb.com\u201c rel=\u201dnofollow\u201d&gt;<\/em><\/li>\n<\/ul>\n<h2>\u00bfC\u00f3mo saber cu\u00e1ndo un enlace es no follow?<\/h2>\n<p>Durante la optimizaci\u00f3n de linkbuilding es posible que el sitio <strong>deje de recibir cierto nivel de tr\u00e1fico a trav\u00e9s de esos hiperv\u00ednculos<\/strong>, por lo tanto, en ocasiones es necesario retirar la etiqueta, ya que es posible que haya sido introducida por error. Identificar esto se puede hacer de forma manual verificando el c\u00f3digo HTML de cada hiperv\u00ednculo, pero debido a que es una tarea complicada, se pueden utilizar algunas herramientas.<\/p>\n<p>Una de las m\u00e1s utilizadas es Chrome Nofollow Extension, analiza todos los v\u00ednculos de un sitio web y determina si cuentan con etiquetas que bloquean o limitan la indexaci\u00f3n de los buscadores.<\/p>\n<p><script type=\"application\/ld+json\">{\"@context\":\"https:\/\/schema.org\",\"@type\":\"FAQPage\",\"mainEntity\":[ \n{\"@type\":\"Question\",\"name\":\"\u00bfQu\u00e9 es un enlace nofollow?\",\"acceptedAnswer\":{\"@type\":\"Answer\",\"text\":\"<\/p>\n<p>Como se mencion\u00f3 anteriormente, es una etiqueta que indica a algoritmos de los buscadores que un link no debe ser seguido o evaluado, de forma que este <strong>no extraiga autoridad del sitio web destino<\/strong>. Esto quiere decir, que no ser\u00e1 posicionado ni tomado en cuenta al momento de hacer la evaluaci\u00f3n para posicionar en la p\u00e1gina de resultados.<\/p>\n<p>Puede ser una <a href='https:\/\/www.appyweb.es\/posicionamiento-web\/'>herramienta muy \u00fatil para el posicionamiento web<\/a> ya que existen algunos hiperv\u00ednculos de muy baja calidad que pueden limitar las estrategias de optimizaci\u00f3n.<\/p>\n<p>\"}},\n{\"@type\":\"Question\",\"name\":\"\u00bfPara qu\u00e9 sirven?\",\"acceptedAnswer\":{\"@type\":\"Answer\",\"text\":\"<\/p>\n<p>Al no ser seguidos o \u201cbloqueados' por el buscador, no permite que aumente el ranking de una p\u00e1gina. Sin embargo, permiten que <strong>no se altere el ranking que ya tenga la p\u00e1gina que est\u00e1 publicando dicho enlace<\/strong>, por lo tanto, cuentan con una gran <a href='https:\/\/www.appyweb.es\/link-building\/'>relevancia para las estrategias de link building<\/a> o construcci\u00f3n de links.<\/p>\n<p>Estos tambi\u00e9n suelen ser utilizados en conjunto con los hiperv\u00ednculos dofollow para indicar cu\u00e1les s\u00ed pueden ser indexados y cu\u00e1les no. De esta forma, se busca mantener un nivel de link juice aceptable, \u00e9ste t\u00e9rmino se utiliza para <strong>denominar el nivel de autoridad que se comparten entre todos los v\u00ednculos<\/strong> que dirigen hacia el sitio web y lo que pr\u00e1cticamente determinar\u00e1 su relevancia en los buscadores.<\/p>\n<p>\"}},\n{\"@type\":\"Question\",\"name\":\"\u00bfC\u00f3mo implementar enlaces nofollow?\",\"acceptedAnswer\":{\"@type\":\"Answer\",\"text\":\"<\/p>\n<p>Para denominar que un link no sea seguido es necesario <strong>implementar una etiqueta dentro del c\u00f3digo HTML,<\/strong> tambi\u00e9n se le conoce como <em>rel='nofolow'<\/em> y se introduce despu\u00e9s de dicha direcci\u00f3n o URL. Por ejemplo.<\/p>\n<\/p>\n<\/p>\n<ul>\n<\/p>\n<\/p>\n<li><em><a href=\u201dhttp:\/\/www.tuweb.com\u201c rel=\u201dnofollow\u201d><\/em><\/li>\n<\/p>\n<\/ul>\n<\/p>\n<p>\"}},\n{\"@type\":\"Question\",\"name\":\"\u00bfC\u00f3mo saber cu\u00e1ndo un enlace es no follow?\",\"acceptedAnswer\":{\"@type\":\"Answer\",\"text\":\"<\/p>\n<p>Durante la optimizaci\u00f3n de linkbuilding es posible que el sitio <strong>deje de recibir cierto nivel de tr\u00e1fico a trav\u00e9s de esos hiperv\u00ednculos<\/strong>, por lo tanto, en ocasiones es necesario retirar la etiqueta, ya que es posible que haya sido introducida por error. Identificar esto se puede hacer de forma manual verificando el c\u00f3digo HTML de cada hiperv\u00ednculo, pero debido a que es una tarea complicada, se pueden utilizar algunas herramientas.<\/p>\n<p>Una de las m\u00e1s utilizadas es Chrome Nofollow Extension, analiza todos los v\u00ednculos de un sitio web y determina si cuentan con etiquetas que bloquean o limitan la indexaci\u00f3n de los buscadores.<\/p>\n<p>\"}}\n]}<\/script><\/p>\n<h2>M\u00e1s informaci\u00f3n sobre enlaces nofollow<\/h2>\n<p>Es interesante c\u00f3mo una simple etiqueta puede ayudarte a compartir mejor el link juice de tus estrategias, a continuaci\u00f3n, ent\u00e9rate c\u00f3mo funcionan los dofollow y c\u00f3mo Google ha cambiado su indexaci\u00f3n.<\/p>\n<ul>\n<li><a href=\"https:\/\/www.appyweb.es\/diccionario\/enlace-dofollow\/\">\u00bfQu\u00e9 es el Enlace dofollow y para qu\u00e9 sirve?<\/a><\/li>\n<li><a href=\"https:\/\/marketing4ecommerce.net\/los-enlaces-nofollow-influiran-en-tu-posicionamiento-en-google\/\" rel=\"nofollow noopener\" target=\"_blank\">As\u00ed ha cambiado la forma en la que Google trata los enlaces nofollow<\/a><\/li>\n<\/ul>\n<p>&nbsp;<\/p>\n","protected":false},"excerpt":{"rendered":"<p>Se trata de una clasificaci\u00f3n de hiperv\u00ednculos, los enlaces no follow contienen una etiqueta que se inserta en el c\u00f3digo HTML para indicar al algoritmo de Google que no debe indexarlo. Son utilizados para bloquear links que no aportan nada para el posicionamiento. \u00bfQu\u00e9 es un enlace nofollow? Como se mencion\u00f3 anteriormente, es una etiqueta [&hellip;]<\/p>\n","protected":false},"author":1,"featured_media":12580,"parent":0,"menu_order":0,"comment_status":"closed","ping_status":"closed","template":"","meta":{"inline_featured_image":false,"footnotes":""},"class_list":["post-1346","page","type-page","status-publish","has-post-thumbnail","hentry"],"_links":{"self":[{"href":"https:\/\/www.appyweb.es\/diccionario\/wp-json\/wp\/v2\/pages\/1346","targetHints":{"allow":["GET"]}}],"collection":[{"href":"https:\/\/www.appyweb.es\/diccionario\/wp-json\/wp\/v2\/pages"}],"about":[{"href":"https:\/\/www.appyweb.es\/diccionario\/wp-json\/wp\/v2\/types\/page"}],"author":[{"embeddable":true,"href":"https:\/\/www.appyweb.es\/diccionario\/wp-json\/wp\/v2\/users\/1"}],"replies":[{"embeddable":true,"href":"https:\/\/www.appyweb.es\/diccionario\/wp-json\/wp\/v2\/comments?post=1346"}],"version-history":[{"count":7,"href":"https:\/\/www.appyweb.es\/diccionario\/wp-json\/wp\/v2\/pages\/1346\/revisions"}],"predecessor-version":[{"id":12581,"href":"https:\/\/www.appyweb.es\/diccionario\/wp-json\/wp\/v2\/pages\/1346\/revisions\/12581"}],"wp:featuredmedia":[{"embeddable":true,"href":"https:\/\/www.appyweb.es\/diccionario\/wp-json\/wp\/v2\/media\/12580"}],"wp:attachment":[{"href":"https:\/\/www.appyweb.es\/diccionario\/wp-json\/wp\/v2\/media?parent=1346"}],"curies":[{"name":"wp","href":"https:\/\/api.w.org\/{rel}","templated":true}]}}