{"id":1356,"date":"2023-06-21T07:36:40","date_gmt":"2023-06-21T07:36:40","guid":{"rendered":"https:\/\/www.appyweb.es\/diccionario\/?page_id=1356"},"modified":"2024-03-28T08:28:18","modified_gmt":"2024-03-28T08:28:18","slug":"enlace-target-blank","status":"publish","type":"page","link":"https:\/\/www.appyweb.es\/diccionario\/enlace-target-blank\/","title":{"rendered":"Enlace Target Blank"},"content":{"rendered":"<h1><img loading=\"lazy\" decoding=\"async\" class=\"alignnone  wp-image-12583\" src=\"https:\/\/www.appyweb.es\/diccionario\/wp-content\/uploads\/2024\/03\/EnlaceTargetBlank-300x180.jpg\" alt=\"Enlace Target Blank\" width=\"973\" height=\"584\" srcset=\"https:\/\/www.appyweb.es\/diccionario\/wp-content\/uploads\/2024\/03\/EnlaceTargetBlank-300x180.jpg 300w, https:\/\/www.appyweb.es\/diccionario\/wp-content\/uploads\/2024\/03\/EnlaceTargetBlank-768x461.jpg 768w, https:\/\/www.appyweb.es\/diccionario\/wp-content\/uploads\/2024\/03\/EnlaceTargetBlank.jpg 1000w\" sizes=\"auto, (max-width: 973px) 100vw, 973px\" \/><\/h1>\n<p>Es una etiqueta o atributo que se a\u00f1ade en los links disponibles en una p\u00e1gina para que al momento de <strong>hacer clic sobre ellos \u00e9stos abran en una nueva pesta\u00f1a dentro del navegador<\/strong>. El <em>enlace target blank<\/em> se utiliza para evitar que el usuario salga de la p\u00e1gina donde est\u00e1.<\/p>\n<h2>\u00bfQu\u00e9 es un enlace target blank?<\/h2>\n<p>Estos links son b\u00e1sicamente los que se encargan de redirigir a una persona a otra p\u00e1gina. La diferencia con el resto es que<strong> abren el producto o la informaci\u00f3n en una pesta\u00f1a nueva<\/strong>, por lo cual se pueden tener ambos sitios disponibles en el mismo navegador. Este atributo suele ser <a href=\"https:\/\/www.appyweb.es\/link-building\/\">utilizado en las estrategias de linkbuilding<\/a> para evitar que el usuario salga de la p\u00e1gina que est\u00e1 navegando hacia un link externo, dentro de la misma pesta\u00f1a.<\/p>\n<p>De hecho, se utiliza con frecuencia porque es m\u00e1s c\u00f3modo para los usuarios al navegar, sobre todo los que est\u00e1n realizando recopilaci\u00f3n de datos de varias p\u00e1ginas y necesitan compararlos entre s\u00ed. As\u00ed que tendr\u00e1n ambas pesta\u00f1as disponibles sin tener que hacer clic de nuevo en el bot\u00f3n \u00abretroceder\u00bb.<\/p>\n<h2>\u00bfQu\u00e9 es el target en HTML?<\/h2>\n<p>Como se mencion\u00f3 anteriormente, es un atributo que indica d\u00f3nde se va a abrir el link, en este caso, el <em>target_blank<\/em> indica que se abrir\u00e1 en una pesta\u00f1a nueva. Pero tambi\u00e9n existen otras configuraciones aplicables, como el <em>_self<\/em>, que es la determinada, <strong>indica que la p\u00e1gina se abrir\u00e1 en la misma pesta\u00f1a<\/strong>. Seguidamente, un ejemplo del c\u00f3digo que se a\u00f1ade con la primera opci\u00f3n.<\/p>\n<ul>\n<li>&lt;a href=\u00bbpagina.\u00a0html\u00bb target=\u00bb_blank\u00bb&gt;www.aquivaelenlace.com&lt;\/a&gt;<\/li>\n<\/ul>\n<p>Por otro lado, esta acci\u00f3n tambi\u00e9n puede ser realizada de forma manual por el usuario, incluso si dicho link no contiene el atributo. Solo debe seleccionarlo con el bot\u00f3n derecho del mouse y elegir \u00ababrir en una pesta\u00f1a nueva\u00bb. La misma acci\u00f3n se puede realizar utilizando el teclado con <em>Ctrl + Clic<\/em> \u00f3 <em>Ctrl + Mayus + Clic<\/em>.<\/p>\n<h2>\u00bfPara qu\u00e9 sirve?<\/h2>\n<p>Esto permite que las p\u00e1ginas se configuren de manera tal, que al hacer clic abra en otra ventana, con la finalidad de que <strong>se muestre m\u00e1s informaci\u00f3n sin perder la de origen<\/strong>. En este caso, es importante se\u00f1alar que predeterminadamente, todos los links en un sitio tendr\u00e1n una configuraci\u00f3n para abrir en la misma pesta\u00f1a, as\u00ed que es <a href=\"https:\/\/www.appyweb.es\/diseno-web\/\">los especialistas en dise\u00f1o web<\/a> lo aplicar\u00e1n a la p\u00e1gina web s\u00f3lo en caso de que sus clientes as\u00ed lo soliciten.<\/p>\n<p>Asimismo, en ocasiones la mayor\u00eda de los usuarios prefiere la configuraci\u00f3n convencional, para que abran en la misma pesta\u00f1a. En cualquier caso, el <strong>enlace target blank puede ser aplicado \u00fanicamente en los links externos<\/strong>, pero se puede garantizar que los internos sigan predeterminados para facilitar la experiencia de navegaci\u00f3n del usuario.<\/p>\n<p>La finalidad de esto es que no se pierdan los potenciales clientes de la p\u00e1gina de origen, que es donde realmente interesa su abordaje.<\/p>\n<h2>\u00bfLos enlaces target blank afectan al SEO?<\/h2>\n<p>Cuando se trata de realizar estrategias de linkbuilding, el objetivo principal es garantizar que Google pueda indexar mejor al sitio, para posicionarlo mejor durante las b\u00fasquedas. En este sentido, <strong>aplicar esta configuraci\u00f3n puede ser muy relevante al momento de hacer SEO<\/strong>. En primer lugar, Google entiende la etiqueta como un atributo para mejorar la experiencia de navegaci\u00f3n, lo que significa un punto extra en la indexaci\u00f3n.<\/p>\n<p>En segundo lugar, permite aumentar el tiempo de permanencia del usuario en el sitio, lo que puede ayudar a mejorar la autoridad y relevancia del sitio web, un par de factores que son determinantes para mejorar el posicionamiento en buscadores.<\/p>\n<p><script type=\"application\/ld+json\">{\"@context\":\"https:\/\/schema.org\",\"@type\":\"FAQPage\",\"mainEntity\":[ \n{\"@type\":\"Question\",\"name\":\"\u00bfQu\u00e9 es un enlace target blank?\",\"acceptedAnswer\":{\"@type\":\"Answer\",\"text\":\"<\/p>\n<p>Estos links son b\u00e1sicamente los que se encargan de redirigir a una persona a otra p\u00e1gina. La diferencia con el resto es que<strong> abren el producto o la informaci\u00f3n en una pesta\u00f1a nueva<\/strong>, por lo cual se pueden tener ambos sitios disponibles en el mismo navegador. Este atributo suele ser <a href='https:\/\/www.appyweb.es\/link-building\/'>utilizado en las estrategias de linkbuilding<\/a> para evitar que el usuario salga de la p\u00e1gina que est\u00e1 navegando hacia un link externo, dentro de la misma pesta\u00f1a.<\/p>\n<p>De hecho, se utiliza con frecuencia porque es m\u00e1s c\u00f3modo para los usuarios al navegar, sobre todo los que est\u00e1n realizando recopilaci\u00f3n de datos de varias p\u00e1ginas y necesitan compararlos entre s\u00ed. As\u00ed que tendr\u00e1n ambas pesta\u00f1as disponibles sin tener que hacer clic de nuevo en el bot\u00f3n 'retroceder'.<\/p>\n<p>\"}},\n{\"@type\":\"Question\",\"name\":\"\u00bfQu\u00e9 es el target en HTML?\",\"acceptedAnswer\":{\"@type\":\"Answer\",\"text\":\"<\/p>\n<p>Como se mencion\u00f3 anteriormente, es un atributo que indica d\u00f3nde se va a abrir el link, en este caso, el <em>target_blank<\/em> indica que se abrir\u00e1 en una pesta\u00f1a nueva. Pero tambi\u00e9n existen otras configuraciones aplicables, como el <em>_self<\/em>, que es la determinada, <strong>indica que la p\u00e1gina se abrir\u00e1 en la misma pesta\u00f1a<\/strong>. Seguidamente, un ejemplo del c\u00f3digo que se a\u00f1ade con la primera opci\u00f3n.<\/p>\n<\/p>\n<\/p>\n<ul>\n<\/p>\n<\/p>\n<li><a href='pagina. html' target='_blank'>www.aquivaelenlace.com<\/a><\/li>\n<\/p>\n<\/ul>\n<\/p>\n<p>Por otro lado, esta acci\u00f3n tambi\u00e9n puede ser realizada de forma manual por el usuario, incluso si dicho link no contiene el atributo. Solo debe seleccionarlo con el bot\u00f3n derecho del mouse y elegir 'abrir en una pesta\u00f1a nueva'. La misma acci\u00f3n se puede realizar utilizando el teclado con <em>Ctrl + Clic<\/em> \u00f3 <em>Ctrl + Mayus + Clic<\/em>.<\/p>\n<p>\"}},\n{\"@type\":\"Question\",\"name\":\"\u00bfPara qu\u00e9 sirve?\",\"acceptedAnswer\":{\"@type\":\"Answer\",\"text\":\"<\/p>\n<p>Esto permite que las p\u00e1ginas se configuren de manera tal, que al hacer clic abra en otra ventana, con la finalidad de que <strong>se muestre m\u00e1s informaci\u00f3n sin perder la de origen<\/strong>. En este caso, es importante se\u00f1alar que predeterminadamente, todos los links en un sitio tendr\u00e1n una configuraci\u00f3n para abrir en la misma pesta\u00f1a, as\u00ed que es <a href='https:\/\/www.appyweb.es\/diseno-web\/'>los especialistas en dise\u00f1o web<\/a> lo aplicar\u00e1n a la p\u00e1gina web s\u00f3lo en caso de que sus clientes as\u00ed lo soliciten.<\/p>\n<p>Asimismo, en ocasiones la mayor\u00eda de los usuarios prefiere la configuraci\u00f3n convencional, para que abran en la misma pesta\u00f1a. En cualquier caso, el <strong>enlace target blank puede ser aplicado \u00fanicamente en los links externos<\/strong>, pero se puede garantizar que los internos sigan predeterminados para facilitar la experiencia de navegaci\u00f3n del usuario. <\/p>\n<p>La finalidad de esto es que no se pierdan los potenciales clientes de la p\u00e1gina de origen, que es donde realmente interesa su abordaje.<\/p>\n<p>\"}},\n{\"@type\":\"Question\",\"name\":\"\u00bfLos enlaces target blank afectan al SEO?\",\"acceptedAnswer\":{\"@type\":\"Answer\",\"text\":\"<\/p>\n<p>Cuando se trata de realizar estrategias de linkbuilding, el objetivo principal es garantizar que Google pueda indexar mejor al sitio, para posicionarlo mejor durante las b\u00fasquedas. En este sentido, <strong>aplicar esta configuraci\u00f3n puede ser muy relevante al momento de hacer SEO<\/strong>. En primer lugar, Google entiende la etiqueta como un atributo para mejorar la experiencia de navegaci\u00f3n, lo que significa un punto extra en la indexaci\u00f3n.<\/p>\n<p>En segundo lugar, permite aumentar el tiempo de permanencia del usuario en el sitio, lo que puede ayudar a mejorar la autoridad y relevancia del sitio web, un par de factores que son determinantes para mejorar el posicionamiento en buscadores.<\/p>\n<p>\"}}\n]}<\/script><\/p>\n<h2>M\u00e1s informaci\u00f3n sobre enlace target blank<\/h2>\n<p>\u00bfYa est\u00e1s implementando cambios en la configuraci\u00f3n de tus links? Entonces, la siguiente informaci\u00f3n tambi\u00e9n te servir\u00e1 de apoyo para que lo hagas correctamente y disfrutes de todos los beneficios SEO para tu sitio.<\/p>\n<ul>\n<li><a href=\"https:\/\/www.appyweb.es\/5-mitos-diseno-web-ignorar\/\"> 5 mitos sobre el dise\u00f1o web que debes ignorar<\/a><\/li>\n<li><a href=\"https:\/\/www.comocreartuweb.com\/curso-de-html\/curso-html-introducion\/los-enlaces\/el-target.html\" rel=\"nofollow noopener\" target=\"_blank\">Propiedad target de los enlaces o v\u00ednculos y su c\u00f3digo html5<\/a><\/li>\n<\/ul>\n<p>&nbsp;<\/p>\n","protected":false},"excerpt":{"rendered":"<p>Es una etiqueta o atributo que se a\u00f1ade en los links disponibles en una p\u00e1gina para que al momento de hacer clic sobre ellos \u00e9stos abran en una nueva pesta\u00f1a dentro del navegador. El enlace target blank se utiliza para evitar que el usuario salga de la p\u00e1gina donde est\u00e1. \u00bfQu\u00e9 es un enlace target [&hellip;]<\/p>\n","protected":false},"author":1,"featured_media":12583,"parent":0,"menu_order":0,"comment_status":"closed","ping_status":"closed","template":"","meta":{"inline_featured_image":false,"footnotes":""},"class_list":["post-1356","page","type-page","status-publish","has-post-thumbnail","hentry"],"_links":{"self":[{"href":"https:\/\/www.appyweb.es\/diccionario\/wp-json\/wp\/v2\/pages\/1356","targetHints":{"allow":["GET"]}}],"collection":[{"href":"https:\/\/www.appyweb.es\/diccionario\/wp-json\/wp\/v2\/pages"}],"about":[{"href":"https:\/\/www.appyweb.es\/diccionario\/wp-json\/wp\/v2\/types\/page"}],"author":[{"embeddable":true,"href":"https:\/\/www.appyweb.es\/diccionario\/wp-json\/wp\/v2\/users\/1"}],"replies":[{"embeddable":true,"href":"https:\/\/www.appyweb.es\/diccionario\/wp-json\/wp\/v2\/comments?post=1356"}],"version-history":[{"count":6,"href":"https:\/\/www.appyweb.es\/diccionario\/wp-json\/wp\/v2\/pages\/1356\/revisions"}],"predecessor-version":[{"id":12584,"href":"https:\/\/www.appyweb.es\/diccionario\/wp-json\/wp\/v2\/pages\/1356\/revisions\/12584"}],"wp:featuredmedia":[{"embeddable":true,"href":"https:\/\/www.appyweb.es\/diccionario\/wp-json\/wp\/v2\/media\/12583"}],"wp:attachment":[{"href":"https:\/\/www.appyweb.es\/diccionario\/wp-json\/wp\/v2\/media?parent=1356"}],"curies":[{"name":"wp","href":"https:\/\/api.w.org\/{rel}","templated":true}]}}