{"id":1369,"date":"2023-06-21T07:44:42","date_gmt":"2023-06-21T07:44:42","guid":{"rendered":"https:\/\/www.appyweb.es\/diccionario\/?page_id=1369"},"modified":"2024-03-28T08:36:27","modified_gmt":"2024-03-28T08:36:27","slug":"enlaces-rotos","status":"publish","type":"page","link":"https:\/\/www.appyweb.es\/diccionario\/enlaces-rotos\/","title":{"rendered":"Enlaces rotos"},"content":{"rendered":"<h1><img loading=\"lazy\" decoding=\"async\" class=\"alignnone wp-image-12589\" src=\"https:\/\/www.appyweb.es\/diccionario\/wp-content\/uploads\/2024\/03\/Enlacesrotos-300x180.jpg\" alt=\"Enlaces rotos\" width=\"972\" height=\"583\" srcset=\"https:\/\/www.appyweb.es\/diccionario\/wp-content\/uploads\/2024\/03\/Enlacesrotos-300x180.jpg 300w, https:\/\/www.appyweb.es\/diccionario\/wp-content\/uploads\/2024\/03\/Enlacesrotos-768x461.jpg 768w, https:\/\/www.appyweb.es\/diccionario\/wp-content\/uploads\/2024\/03\/Enlacesrotos.jpg 1000w\" sizes=\"auto, (max-width: 972px) 100vw, 972px\" \/><\/h1>\n<p>En ocasiones, cuando un usuario hace clic sobre un link puede que \u00e9ste no pueda abrir o lance un error de carga inmediatamente, la mayor\u00eda de las veces <strong>la raz\u00f3n principal es debido a que es un enlace roto<\/strong>. Esto puede representar un problema para las empresas, ya que con esto pierden clientes potenciales.<\/p>\n<h2>\u00bfQu\u00e9 son los enlaces rotos?<\/h2>\n<p>Los enlaces rotos <strong>son aquellas p\u00e1ginas a las cuales no se pueden acceder<\/strong>, bien sea porque la direcci\u00f3n est\u00e1 mal o simplemente el link no existe. Suelen generar un c\u00f3digo 404 en la pantalla del dispositivo que se est\u00e9 utilizando. Como se mencion\u00f3 al principio, esto puede ser problem\u00e1tico para las empresas, ya que no podr\u00e1n registrar tr\u00e1fico desde esos v\u00ednculos.<\/p>\n<p>Pero, tambi\u00e9n afectan <a href=\"https:\/\/www.appyweb.es\/posicionamiento-web\/\">significativamente al SEO y posicionamiento web<\/a>, principalmente porque el buscador suele rastrear todos los v\u00ednculos a los cuales conecta o est\u00e1 conectado dicho sitio. y si \u00e9stos no funcionan puede bajar el nivel de experiencia de navegaci\u00f3n, lo que afectar\u00e1 directamente al posicionamiento.<\/p>\n<h2>\u00bfC\u00f3mo se generan los enlaces rotos?<\/h2>\n<p>Este problema se puede presentar en el mismo dominio del sitio, como en links internos y externos. Pero, existen muchas razones de por qu\u00e9 se generan, para empezar, <strong>el error puede estar sujeto a la direcci\u00f3n URL anclada en el texto<\/strong>, puede estar escrita de forma err\u00f3nea impidiendo el v\u00ednculo.<\/p>\n<p>En segundo lugar, puede <strong>que la p\u00e1gina vinculada no exista o ya no est\u00e9 disponible<\/strong>, en este caso, la URL es correcta, pero no muestra ning\u00fan tipo de informaci\u00f3n. Igualmente, existen otros errores como p\u00e1ginas duplicadas, con etiquetas que bloquean al usuario, entre otros inconvenientes.<\/p>\n<p>En muchos casos, estos links se generan al momento de <a href=\"https:\/\/www.appyweb.es\/link-building\/\">realizar estrategias de linkbuilding<\/a>, ya que los v\u00ednculos de referidos o externos suelen ser eliminados en el sitio web de origen. Para esto tambi\u00e9n es \u00fatil implementar auditor\u00edas de forma continua.<\/p>\n<p>Este tipo de link son perjudiciales para el sitio donde se encuentren, ya que cuando los bots empiezan a realizar su trabajo y detectan que los v\u00ednculos no redirigen a ning\u00fan sitio, puede disminuir el ranking de la p\u00e1gina que los est\u00e9 publicando.<\/p>\n<h2>\u00bfC\u00f3mo los enlaces rotos perjudican al sitio?<\/h2>\n<p>Si lo que se est\u00e1 buscando es que el n\u00famero de visitas aumente, esto puede traer consigo un efecto realmente negativo. Ya que el usuario siente que no se le est\u00e1 ofreciendo una experiencia de calidad.<\/p>\n<ul>\n<li>Los usuarios <strong>pierden el inter\u00e9s de visitar links que pueden ser internos<\/strong> y que al no estar disponibles salen del sitio inmediatamente.<\/li>\n<li>Este tipo de errores se relaciona con falta de calidad, sino se puede garantizar que los links sean funcionales esto afectar\u00e1 la reputaci\u00f3n de la marca.<\/li>\n<li>La indexaci\u00f3n por parte de Google se dificulta, lo cual afecta directamente el tr\u00e1fico a la red.<\/li>\n<\/ul>\n<h2>\u00bfC\u00f3mo comprobar enlaces rotos?<\/h2>\n<p>Para los que utilizan herramientas de an\u00e1lisis como Google Analytics es f\u00e1cil determinar cu\u00e1ndo algo va mal con un v\u00ednculo, ya que se empieza a notar un descenso dr\u00e1stico en el tr\u00e1fico del mismo. De esta forma, es f\u00e1cil subsanarlos, pero en ocasiones es dif\u00edcil determinar si existen m\u00e1s casos de enlaces rotos, sobre todo cuando \u00e9stos han presentado problemas desde su publicaci\u00f3n. En estas circunstancias, <strong>se utilizan herramientas para detectarlos y posteriormente modificarlos<\/strong>, algunas m\u00e1s utilizadas son las siguientes.<\/p>\n<ul>\n<li>Online Broken Checker.<\/li>\n<li>Dead Link Checker.<\/li>\n<li>404 Buzz Broken Link Checker.<\/li>\n<\/ul>\n<p><script type=\"application\/ld+json\">{\"@context\":\"https:\/\/schema.org\",\"@type\":\"FAQPage\",\"mainEntity\":[ \n{\"@type\":\"Question\",\"name\":\"\u00bfQu\u00e9 son los enlaces rotos?\",\"acceptedAnswer\":{\"@type\":\"Answer\",\"text\":\"<\/p>\n<p>Los enlaces rotos <strong>son aquellas p\u00e1ginas a las cuales no se pueden acceder<\/strong>, bien sea porque la direcci\u00f3n est\u00e1 mal o simplemente el link no existe. Suelen generar un c\u00f3digo 404 en la pantalla del dispositivo que se est\u00e9 utilizando. Como se mencion\u00f3 al principio, esto puede ser problem\u00e1tico para las empresas, ya que no podr\u00e1n registrar tr\u00e1fico desde esos v\u00ednculos.<\/p>\n<p>Pero, tambi\u00e9n afectan <a href='https:\/\/www.appyweb.es\/posicionamiento-web\/'>significativamente al SEO y posicionamiento web<\/a>, principalmente porque el buscador suele rastrear todos los v\u00ednculos a los cuales conecta o est\u00e1 conectado dicho sitio. y si \u00e9stos no funcionan puede bajar el nivel de experiencia de navegaci\u00f3n, lo que afectar\u00e1 directamente al posicionamiento.<\/p>\n<p>\"}},\n{\"@type\":\"Question\",\"name\":\"\u00bfC\u00f3mo se generan los enlaces rotos?\",\"acceptedAnswer\":{\"@type\":\"Answer\",\"text\":\"<\/p>\n<p>Este problema se puede presentar en el mismo dominio del sitio, como en links internos y externos. Pero, existen muchas razones de por qu\u00e9 se generan, para empezar, <strong>el error puede estar sujeto a la direcci\u00f3n URL anclada en el texto<\/strong>, puede estar escrita de forma err\u00f3nea impidiendo el v\u00ednculo.<\/p>\n<p>En segundo lugar, puede <strong>que la p\u00e1gina vinculada no exista o ya no est\u00e9 disponible<\/strong>, en este caso, la URL es correcta, pero no muestra ning\u00fan tipo de informaci\u00f3n. Igualmente, existen otros errores como p\u00e1ginas duplicadas, con etiquetas que bloquean al usuario, entre otros inconvenientes.<\/p>\n<p>En muchos casos, estos links se generan al momento de <a href='https:\/\/www.appyweb.es\/link-building\/'>realizar estrategias de linkbuilding<\/a>, ya que los v\u00ednculos de referidos o externos suelen ser eliminados en el sitio web de origen. Para esto tambi\u00e9n es \u00fatil implementar auditor\u00edas de forma continua.<\/p>\n<p>Este tipo de link son perjudiciales para el sitio donde se encuentren, ya que cuando los bots empiezan a realizar su trabajo y detectan que los v\u00ednculos no redirigen a ning\u00fan sitio, puede disminuir el ranking de la p\u00e1gina que los est\u00e9 publicando. <\/p>\n<p>\"}},\n{\"@type\":\"Question\",\"name\":\"\u00bfC\u00f3mo los enlaces rotos perjudican al sitio?\",\"acceptedAnswer\":{\"@type\":\"Answer\",\"text\":\"<\/p>\n<p>Si lo que se est\u00e1 buscando es que el n\u00famero de visitas aumente, esto puede traer consigo un efecto realmente negativo. Ya que el usuario siente que no se le est\u00e1 ofreciendo una experiencia de calidad.<\/p>\n<\/p>\n<\/p>\n<\/p>\n<\/p>\n<ul>\n<\/p>\n<\/p>\n<\/p>\n<\/p>\n<li>Los usuarios <strong>pierden el inter\u00e9s de visitar links que pueden ser internos<\/strong> y que al no estar disponibles salen del sitio inmediatamente.<\/li>\n<\/p>\n<\/p>\n<\/p>\n<\/p>\n<\/p>\n<\/p>\n<\/p>\n<li>Este tipo de errores se relaciona con falta de calidad, sino se puede garantizar que los links sean funcionales esto afectar\u00e1 la reputaci\u00f3n de la marca.<\/li>\n<\/p>\n<\/p>\n<\/p>\n<\/p>\n<\/p>\n<\/p>\n<\/p>\n<li>La indexaci\u00f3n por parte de Google se dificulta, lo cual afecta directamente el tr\u00e1fico a la red.<\/li>\n<\/p>\n<\/p>\n<\/p>\n<\/ul>\n<\/p>\n<\/p>\n<\/p>\n<p>\"}},\n{\"@type\":\"Question\",\"name\":\"\u00bfC\u00f3mo comprobar enlaces rotos?\",\"acceptedAnswer\":{\"@type\":\"Answer\",\"text\":\"<\/p>\n<p>Para los que utilizan herramientas de an\u00e1lisis como Google Analytics es f\u00e1cil determinar cu\u00e1ndo algo va mal con un v\u00ednculo, ya que se empieza a notar un descenso dr\u00e1stico en el tr\u00e1fico del mismo. De esta forma, es f\u00e1cil subsanarlos, pero en ocasiones es dif\u00edcil determinar si existen m\u00e1s casos de enlaces rotos, sobre todo cuando \u00e9stos han presentado problemas desde su publicaci\u00f3n. En estas circunstancias, <strong>se utilizan herramientas para detectarlos y posteriormente modificarlos<\/strong>, algunas m\u00e1s utilizadas son las siguientes.<\/p>\n<\/p>\n<\/p>\n<\/p>\n<\/p>\n<ul>\n<\/p>\n<\/p>\n<\/p>\n<\/p>\n<li>Online Broken Checker.<\/li>\n<\/p>\n<\/p>\n<\/p>\n<\/p>\n<\/p>\n<\/p>\n<\/p>\n<li>Dead Link Checker.<\/li>\n<\/p>\n<\/p>\n<\/p>\n<\/p>\n<\/p>\n<\/p>\n<\/p>\n<li>404 Buzz Broken Link Checker.<\/li>\n<\/p>\n<\/p>\n<\/p>\n<\/ul>\n<\/p>\n<\/p>\n<\/p>\n<p>\"}}\n]}<\/script><\/p>\n<h2>M\u00e1s informaci\u00f3n sobre enlaces rotos<\/h2>\n<p>Puede que modificar estos links sea una tarea bastante tediosa, pero con solo volver a estar disponibles <strong>pueden empezar a generar mucho tr\u00e1fico a tu web<\/strong>, as\u00ed que vale la pena saber un poco m\u00e1s sobre este tema, por eso aqu\u00ed tienes m\u00e1s informaci\u00f3n que te puede interesar.<\/p>\n<ul>\n<li><a href=\"https:\/\/www.appyweb.es\/10-ejemplos-linkbuilding-posicionar-web\/\">10 ejemplos de Link Building para posicionar tu web<\/a><\/li>\n<li><a href=\"https:\/\/www.muyseguridad.net\/2020\/08\/03\/secuestro-enlaces-rotos\/\" rel=\"nofollow noopener\" target=\"_blank\">Secuestro de enlaces rotos: \u00bfHab\u00edas pensado en ellos?<\/a><\/li>\n<\/ul>\n<p>&nbsp;<\/p>\n","protected":false},"excerpt":{"rendered":"<p>En ocasiones, cuando un usuario hace clic sobre un link puede que \u00e9ste no pueda abrir o lance un error de carga inmediatamente, la mayor\u00eda de las veces la raz\u00f3n principal es debido a que es un enlace roto. Esto puede representar un problema para las empresas, ya que con esto pierden clientes potenciales. \u00bfQu\u00e9 [&hellip;]<\/p>\n","protected":false},"author":1,"featured_media":12589,"parent":0,"menu_order":0,"comment_status":"closed","ping_status":"closed","template":"","meta":{"inline_featured_image":false,"footnotes":""},"class_list":["post-1369","page","type-page","status-publish","has-post-thumbnail","hentry"],"_links":{"self":[{"href":"https:\/\/www.appyweb.es\/diccionario\/wp-json\/wp\/v2\/pages\/1369","targetHints":{"allow":["GET"]}}],"collection":[{"href":"https:\/\/www.appyweb.es\/diccionario\/wp-json\/wp\/v2\/pages"}],"about":[{"href":"https:\/\/www.appyweb.es\/diccionario\/wp-json\/wp\/v2\/types\/page"}],"author":[{"embeddable":true,"href":"https:\/\/www.appyweb.es\/diccionario\/wp-json\/wp\/v2\/users\/1"}],"replies":[{"embeddable":true,"href":"https:\/\/www.appyweb.es\/diccionario\/wp-json\/wp\/v2\/comments?post=1369"}],"version-history":[{"count":8,"href":"https:\/\/www.appyweb.es\/diccionario\/wp-json\/wp\/v2\/pages\/1369\/revisions"}],"predecessor-version":[{"id":12591,"href":"https:\/\/www.appyweb.es\/diccionario\/wp-json\/wp\/v2\/pages\/1369\/revisions\/12591"}],"wp:featuredmedia":[{"embeddable":true,"href":"https:\/\/www.appyweb.es\/diccionario\/wp-json\/wp\/v2\/media\/12589"}],"wp:attachment":[{"href":"https:\/\/www.appyweb.es\/diccionario\/wp-json\/wp\/v2\/media?parent=1369"}],"curies":[{"name":"wp","href":"https:\/\/api.w.org\/{rel}","templated":true}]}}