{"id":137,"date":"2023-06-19T13:29:00","date_gmt":"2023-06-19T13:29:00","guid":{"rendered":"https:\/\/www.appyweb.es\/diccionario\/?page_id=137"},"modified":"2024-02-16T11:36:06","modified_gmt":"2024-02-16T11:36:06","slug":"anuncio-de-imagen","status":"publish","type":"page","link":"https:\/\/www.appyweb.es\/diccionario\/anuncio-de-imagen\/","title":{"rendered":"Anuncio de imagen"},"content":{"rendered":"<p><img loading=\"lazy\" decoding=\"async\" class=\" wp-image-8292 aligncenter\" src=\"https:\/\/www.appyweb.es\/diccionario\/wp-content\/uploads\/2023\/08\/que-es-anuncio-de-imagen-300x300.jpg\" alt=\"\" width=\"609\" height=\"609\" srcset=\"https:\/\/www.appyweb.es\/diccionario\/wp-content\/uploads\/2023\/08\/que-es-anuncio-de-imagen-300x300.jpg 300w, https:\/\/www.appyweb.es\/diccionario\/wp-content\/uploads\/2023\/08\/que-es-anuncio-de-imagen-1024x1024.jpg 1024w, https:\/\/www.appyweb.es\/diccionario\/wp-content\/uploads\/2023\/08\/que-es-anuncio-de-imagen-150x150.jpg 150w, https:\/\/www.appyweb.es\/diccionario\/wp-content\/uploads\/2023\/08\/que-es-anuncio-de-imagen-768x768.jpg 768w, https:\/\/www.appyweb.es\/diccionario\/wp-content\/uploads\/2023\/08\/que-es-anuncio-de-imagen.jpg 1080w\" sizes=\"auto, (max-width: 609px) 100vw, 609px\" \/><\/p>\n<p>Despu\u00e9s de lanzamiento de Google Adwords en el a\u00f1o 2000, empezaron a surgir nuevos formatos y tendencias en lo que se refiere a publicidad en buscadores.<br \/>\nUno de ellos fue el anuncio de imagen, un combo que permiti\u00f3\u00a0<strong>fotograf\u00edas y un dise\u00f1o m\u00e1s llamativo para captar clientes<\/strong>.<\/p>\n<h2>\u00bfPara qu\u00e9 sirve un anuncio de imagen?<\/h2>\n<p>Este formato es uno de los m\u00e1s famosos cuando se trata de marketing digital, ya que es de gran utilidad para llamar la atenci\u00f3n de los clientes.<br \/>\nEn su estructura involucra texto y fotograf\u00edas, que bien puede ser una peque\u00f1a representaci\u00f3n de un producto en cat\u00e1logo.<\/p>\n<p>Tambi\u00e9n suele ser uno de los elementos m\u00e1s utilizados en <a href=\"https:\/\/www.appyweb.es\/diccionario\/google-adwords\/\">campa\u00f1as publicitarias de Google Adwords<\/a>, ya que los usuarios suelen demostrar mayor atenci\u00f3n cuando se trata de formatos gr\u00e1ficos y visuales.<\/p>\n<h2>\u00bfC\u00f3mo hacer un anuncio de imagen?<\/h2>\n<p>Para incorporar fotograf\u00edas en los elementos publicitarios desde Google Ads en necesario utilizar el editor.<br \/>\nTambi\u00e9n es importante contar con la autorizaci\u00f3n de la empresa, ya que debe ser fotos originales, sin derecho de autor y cumplir con el tama\u00f1o adecuado.<br \/>\nEstos son los pasos <strong>para hacer una publicidad gr\u00e1fica con esta herramienta publicitaria.<\/strong><\/p>\n<p>Ingresar al editor y hacer clic en el panel Gestionar dentro de la pesta\u00f1a Navegaci\u00f3n.<br \/>\nHacer clic en la opci\u00f3n anuncio de imagen.<br \/>\nDespu\u00e9s, se proceder\u00e1 a a\u00f1adir la foto seleccionada para la campa\u00f1a, esto se hace con un clic en el icono de imagen dentro del panel derecho.<br \/>\nSe seleccionar\u00e1 el formato en la biblioteca, asegur\u00e1ndose que cuenten con las dimensiones correctas seg\u00fan las pol\u00edticas de la empresa.<br \/>\nLuego se har\u00e1 clic en publicar, despu\u00e9s se pueden incluir los t\u00edtulos y cualquier otra descripci\u00f3n.<\/p>\n<h2>\u00bfPor qu\u00e9 usar anuncios de imagen?<\/h2>\n<p>Este formato de promoci\u00f3n tiene m\u00faltiples ventajas, entre las cuales se encuentran:<\/p>\n<p>&#8211; Es muy f\u00e1cil r\u00e1pido crearlos y se pueden utilizar plantillas, o hasta personalizarlas para hacerlas m\u00e1s atractivas y originales.<br \/>\n&#8211; Pueden ayudar a aumentar las visitas <a href=\"https:\/\/www.appyweb.es\/diccionario\/embudo\/\">en el embudo de ventas<\/a> y aumentar la popularidad de la marca.<br \/>\n&#8211; Permite atraer al p\u00fablico que s\u00ed interesa y as\u00ed poder segmentar mejor las campa\u00f1as publicitarias.<br \/>\n&#8211; Tambi\u00e9n est\u00e1n disponible para dispositivos m\u00f3viles, de adaptan a diferentes pantallas.<\/p>\n<p>Igualmente, este tipo de publicidad capta el inter\u00e9s en mayor medida que otros formatos publicitarios, debido a que los usuarios se sienten atra\u00eddos por la publicidad gr\u00e1fica.<br \/>\nEs por ese motivo que la mayor\u00eda de anunciantes prefieren la inclusi\u00f3n de fotos en sus campa\u00f1as, para as\u00ed atraer m\u00e1s visitantes a su p\u00e1gina online y por ende incrementar sus ventas.<\/p>\n<h2>Ejemplo de anuncio de imagen<\/h2>\n<p><strong>Estos elementos publicitarios aparecen en diferentes resultados de b\u00fasqueda<\/strong>, especialmente cuando se trata de un producto en espec\u00edfico.<br \/>\nPor ejemplo, los resultados al realizar una b\u00fasqueda de zapatillas de hombre, como se puede observar los enlaces patrocinados muestran una fotograf\u00eda de diferentes modelos de zapatillas junto al nombre de la marca y el precio del producto.<br \/>\n<script type=\"application\/ld+json\">{\"@context\":\"https:\/\/schema.org\",\"@type\":\"FAQPage\",\"mainEntity\":[ \n{\"@type\":\"Question\",\"name\":\"\u00bfPara qu\u00e9 sirve un anuncio de imagen?\",\"acceptedAnswer\":{\"@type\":\"Answer\",\"text\":\"Este formato es uno de los m\u00e1s famosos cuando se trata de marketing digital, ya que es de gran utilidad para llamar la atenci\u00f3n de los clientes.\nEn su estructura involucra texto y fotograf\u00edas, que bien puede ser una peque\u00f1a representaci\u00f3n de un producto en cat\u00e1logo.<\/p>\n<p>Tambi\u00e9n suele ser uno de los elementos m\u00e1s utilizados en campa\u00f1as publicitarias de Google Adwords, ya que los usuarios suelen demostrar mayor atenci\u00f3n cuando se trata de formatos gr\u00e1ficos y visuales.\"}},\n{\"@type\":\"Question\",\"name\":\"\u00bfC\u00f3mo hacer un anuncio de imagen?\",\"acceptedAnswer\":{\"@type\":\"Answer\",\"text\":\"Para incorporar fotograf\u00edas en los elementos publicitarios desde Google Ads en necesario utilizar el editor.\nTambi\u00e9n es importante contar con la autorizaci\u00f3n de la empresa, ya que debe ser fotos originales, sin derecho de autor y cumplir con el tama\u00f1o adecuado.\nEstos son los pasos para hacer una publicidad gr\u00e1fica con esta herramienta publicitaria.<\/p>\n<p>Ingresar al editor y hacer clic en el panel Gestionar dentro de la pesta\u00f1a Navegaci\u00f3n.\nHacer clic en la opci\u00f3n anuncio de imagen.\nDespu\u00e9s, se proceder\u00e1 a a\u00f1adir la foto seleccionada para la campa\u00f1a, esto se hace con un clic en el icono de imagen dentro del panel derecho.\nSe seleccionar\u00e1 el formato en la biblioteca, asegur\u00e1ndose que cuenten con las dimensiones correctas seg\u00fan las pol\u00edticas de la empresa.\nLuego se har\u00e1 clic en publicar, despu\u00e9s se pueden incluir los t\u00edtulos y cualquier otra descripci\u00f3n.\"}},\n{\"@type\":\"Question\",\"name\":\"\u00bfPor qu\u00e9 usar anuncios de imagen?\",\"acceptedAnswer\":{\"@type\":\"Answer\",\"text\":\"Este formato de promoci\u00f3n tiene m\u00faltiples ventajas, entre las cuales se encuentran:<\/p>\n<p>Es muy f\u00e1cil r\u00e1pido crearlos y se pueden utilizar plantillas, o hasta personalizarlas para hacerlas m\u00e1s atractivas y originales.\nPueden ayudar a aumentar las visitas en el embudo de ventas y aumentar la popularidad de la marca.\nPermite atraer al p\u00fablico que s\u00ed interesa y as\u00ed poder segmentar mejor las campa\u00f1as publicitarias.\nTambi\u00e9n est\u00e1n disponible para dispositivos m\u00f3viles, de adaptan a diferentes pantallas.\nIgualmente, este tipo de publicidad capta el inter\u00e9s en mayor medida que otros formatos publicitarios, debido a que los usuarios se sienten atra\u00eddos por la publicidad gr\u00e1fica.\nEs por ese motivo que la mayor\u00eda de anunciantes prefieren la inclusi\u00f3n de fotos en sus campa\u00f1as, para as\u00ed atraer m\u00e1s visitantes a su p\u00e1gina online y por ende incrementar sus ventas.\"}},\n{\"@type\":\"Question\",\"name\":\"Ejemplo de anuncio de imagen\",\"acceptedAnswer\":{\"@type\":\"Answer\",\"text\":\"Estos elementos publicitarios aparecen en diferentes resultados de b\u00fasqueda, especialmente cuando se trata de un producto en espec\u00edfico.\nPor ejemplo, los resultados al realizar una b\u00fasqueda de zapatillas de hombre, como se puede observar los enlaces patrocinados muestran una fotograf\u00eda de diferentes modelos de zapatillas junto al nombre de la marca y el precio del producto.\"}}\n]}<\/script><\/p>\n<p><img decoding=\"async\" src=\"data:image\/gif;base64,R0lGODlhAQABAIAAAAAAAP\/\/\/yH5BAEAAAAALAAAAAABAAEAAAIBRAA7\" \/><\/p>\n<p><img decoding=\"async\" src=\"https:\/\/www.appyweb.es\/wp-content\/uploads\/2020\/08\/ejemplo-anuncio-imagen.jpg\" alt=\"anuncio imagen google\" \/><\/p>\n<h2><span id=\"%F0%9F%93%8CMas_informacion_sobre_anuncio_de_imagen\" class=\"ez-toc-section\"><\/span>M\u00e1s informaci\u00f3n sobre anuncio de imagen<\/h2>\n<ul>\n<li><a href=\"https:\/\/www.appyweb.es\/diccionario\/formatos-de-anuncios\/\">\u00bfQu\u00e9 son los formatos de anuncios y para qu\u00e9 sirven?<\/a><\/li>\n<li><a href=\"https:\/\/support.google.com\/adspolicy\/answer\/6021546\" rel=\"nofollow noopener\" target=\"_blank\">Pol\u00edticas editoriales de Google\u00a0Ads<\/a><\/li>\n<\/ul>\n","protected":false},"excerpt":{"rendered":"<p>Despu\u00e9s de lanzamiento de Google Adwords en el a\u00f1o 2000, empezaron a surgir nuevos formatos y tendencias en lo que se refiere a publicidad en buscadores. Uno de ellos fue el anuncio de imagen, un combo que permiti\u00f3\u00a0fotograf\u00edas y un dise\u00f1o m\u00e1s llamativo para captar clientes. \u00bfPara qu\u00e9 sirve un anuncio de imagen? Este formato [&hellip;]<\/p>\n","protected":false},"author":1,"featured_media":8292,"parent":0,"menu_order":0,"comment_status":"closed","ping_status":"closed","template":"","meta":{"inline_featured_image":false,"footnotes":""},"class_list":["post-137","page","type-page","status-publish","has-post-thumbnail","hentry"],"_links":{"self":[{"href":"https:\/\/www.appyweb.es\/diccionario\/wp-json\/wp\/v2\/pages\/137","targetHints":{"allow":["GET"]}}],"collection":[{"href":"https:\/\/www.appyweb.es\/diccionario\/wp-json\/wp\/v2\/pages"}],"about":[{"href":"https:\/\/www.appyweb.es\/diccionario\/wp-json\/wp\/v2\/types\/page"}],"author":[{"embeddable":true,"href":"https:\/\/www.appyweb.es\/diccionario\/wp-json\/wp\/v2\/users\/1"}],"replies":[{"embeddable":true,"href":"https:\/\/www.appyweb.es\/diccionario\/wp-json\/wp\/v2\/comments?post=137"}],"version-history":[{"count":9,"href":"https:\/\/www.appyweb.es\/diccionario\/wp-json\/wp\/v2\/pages\/137\/revisions"}],"predecessor-version":[{"id":11239,"href":"https:\/\/www.appyweb.es\/diccionario\/wp-json\/wp\/v2\/pages\/137\/revisions\/11239"}],"wp:featuredmedia":[{"embeddable":true,"href":"https:\/\/www.appyweb.es\/diccionario\/wp-json\/wp\/v2\/media\/8292"}],"wp:attachment":[{"href":"https:\/\/www.appyweb.es\/diccionario\/wp-json\/wp\/v2\/media?parent=137"}],"curies":[{"name":"wp","href":"https:\/\/api.w.org\/{rel}","templated":true}]}}