{"id":1374,"date":"2023-06-21T07:47:33","date_gmt":"2023-06-21T07:47:33","guid":{"rendered":"https:\/\/www.appyweb.es\/diccionario\/?page_id=1374"},"modified":"2024-03-28T08:40:04","modified_gmt":"2024-03-28T08:40:04","slug":"enlazalia","status":"publish","type":"page","link":"https:\/\/www.appyweb.es\/diccionario\/enlazalia\/","title":{"rendered":"Enlazalia"},"content":{"rendered":"<h1><img loading=\"lazy\" decoding=\"async\" class=\"alignnone  wp-image-12593\" src=\"https:\/\/www.appyweb.es\/diccionario\/wp-content\/uploads\/2024\/03\/Enlazalia-300x180.jpg\" alt=\"Enlazalia\" width=\"988\" height=\"593\" srcset=\"https:\/\/www.appyweb.es\/diccionario\/wp-content\/uploads\/2024\/03\/Enlazalia-300x180.jpg 300w, https:\/\/www.appyweb.es\/diccionario\/wp-content\/uploads\/2024\/03\/Enlazalia-768x461.jpg 768w, https:\/\/www.appyweb.es\/diccionario\/wp-content\/uploads\/2024\/03\/Enlazalia.jpg 1000w\" sizes=\"auto, (max-width: 988px) 100vw, 988px\" \/><\/h1>\n<p>Para aumentar la popularidad de los sitios web, muchas empresas recurren a los enlaces referidos. Esto por supuesto es un trabajo poco sencillo, <strong>ya que deben ser enlaces de calidad<\/strong>. Para que Google los cuente de forma positiva, existen otras formas de m\u00e1s recomendadas de obtenerlos, como a trav\u00e9s de agencias como <em>Enlazalia<\/em>.<\/p>\n<h2>\u00bfQu\u00e9 es Enlazalia?<\/h2>\n<p>Es una empresa que se encarga de <strong>ofrecer servicios de ventas de enlaces<\/strong>, de esta forma, permite que el usuario no deba invertir horas en la creaci\u00f3n de diferentes <a href=\"https:\/\/www.appyweb.es\/link-building\/\">enlaces en su estrategia de linkbuilding<\/a>. Ellos ofrecen sus servicios acorde a las necesidades del comprador, teniendo en cuenta el sector al que se dirigen y la cantidad de links que van a necesitar al mes.<\/p>\n<p>Esta herramienta tambi\u00e9n es reconocida por su asociaci\u00f3n con <em>Dean Romero<\/em>, un popular experto en SEO y bloguero que organiza el famoso <em>Concurso SEO<\/em> anualmente. En ocasiones, ha servido como patrocinador, ofreciendo paquetes de premios para la creaci\u00f3n de proyectos de enlaces totalmente gratuitos para los ganadores.<\/p>\n<h2>\u00bfPara qu\u00e9 sirve?<\/h2>\n<p>Los enlaces permiten que una p\u00e1gina aumente su PageRank, esto no es una tarea sencilla ni que se pueda realizar al cabo de unas semanas. Existen empresas especializadas en acortar el tiempo de este proceso, como Enlazalia, este tipo de empresas ayuda a que el <a href=\"https:\/\/www.appyweb.es\/posicionamiento-web\/\">posicionamiento SEO sea m\u00e1s efectivo<\/a>.<\/p>\n<p>Esta agencia <strong>ofrece muchas ventajas en el mercado del linkbuilding<\/strong>, por lo cual cuenta con muy buena reputaci\u00f3n, ya que sus enlaces son de autoridad y por supuesto ofrece aquellos que se relacionen con el nicho de su cliente. Para esto organiza \u00abproyectos\u00bb que incluir\u00e1n la tem\u00e1tica de los enlaces, as\u00ed como la cantidad que se quieren generar al mes.<\/p>\n<h2>\u00bfC\u00f3mo empezar a utilizar Enlazalia?<\/h2>\n<p>Lo primero que se debe tener es una cuenta PayPal, ya que este servicio es de suscripci\u00f3n. Posterior a ello, se debe <strong>visitar el sitio para adquirir un pack de los enlaces que se requieran<\/strong>, este servicio es de suscripci\u00f3n mensual, pero una vez alcanzada la meta estimada puede dejar de utilizarse.<\/p>\n<p>Al realizarse la compra del servicio, se ingresan los datos para acceder a la plataforma y enseguida el sistema enviar\u00e1 un email a la direcci\u00f3n subministrada, para que se pueda acceder a la p\u00e1gina como cliente.<\/p>\n<p>Seguidamente, al ingresar de nuevo a la p\u00e1gina, se establece el tipo de enlace que se necesita, la tem\u00e1tica sugerida, la cantidad de links, las URL y anchor texts para enlazar. Una vez establecido esto no se puede modificar sino hasta el mes siguiente.<\/p>\n<h2>Opiniones sobre Enlazalia<\/h2>\n<p>Bien es cierto que los SEOs se pasan la vida recalcando que comprar enlaces es una mala inversi\u00f3n, despu\u00e9s de todo, Google puede darse cuenta f\u00e1cilmente cuando estas acciones no son org\u00e1nicas, lo que <strong>puede significar una grave penalizaci\u00f3n para el posicionamiento<\/strong>. Sin embargo, lo que hace Enlazalia es totalmente diferente.<\/p>\n<p>La empresa no solo busca que los clientes compren enlaces disponibles sin mirar, sino que \u00e9stos cumplan con todas las exigencias SEO para evitar las penalizaciones. Es por eso que se indican las tem\u00e1ticas, de forma que est\u00e9n relacionadas con el enlace a promocionar, al mismo tiempo, permite que tengan palabras clave relacionadas y los sitios web anclados sean de alta autoridad. Esto ha generado muchas opiniones positivas en el sector, donde ha ayudado a muchas empresas a posicionarse.<\/p>\n<p><script type=\"application\/ld+json\">{\"@context\":\"https:\/\/schema.org\",\"@type\":\"FAQPage\",\"mainEntity\":[ \n{\"@type\":\"Question\",\"name\":\"\u00bfQu\u00e9 es Enlazalia?\",\"acceptedAnswer\":{\"@type\":\"Answer\",\"text\":\"<\/p>\n<p>Es una empresa que se encarga de <strong>ofrecer servicios de ventas de enlaces<\/strong>, de esta forma, permite que el usuario no deba invertir horas en la creaci\u00f3n de diferentes <a href='https:\/\/www.appyweb.es\/link-building\/'>enlaces en su estrategia de linkbuilding<\/a>. Ellos ofrecen sus servicios acorde a las necesidades del comprador, teniendo en cuenta el sector al que se dirigen y la cantidad de links que van a necesitar al mes.<\/p>\n<p>Esta herramienta tambi\u00e9n es reconocida por su asociaci\u00f3n con <em>Dean Romero<\/em>, un popular experto en SEO y bloguero que organiza el famoso <em>Concurso SEO<\/em> anualmente. En ocasiones, ha servido como patrocinador, ofreciendo paquetes de premios para la creaci\u00f3n de proyectos de enlaces totalmente gratuitos para los ganadores.<\/p>\n<p>\"}},\n{\"@type\":\"Question\",\"name\":\"\u00bfPara qu\u00e9 sirve?\",\"acceptedAnswer\":{\"@type\":\"Answer\",\"text\":\"<\/p>\n<p>Los enlaces permiten que una p\u00e1gina aumente su PageRank, esto no es una tarea sencilla ni que se pueda realizar al cabo de unas semanas. Existen empresas especializadas en acortar el tiempo de este proceso, como Enlazalia, este tipo de empresas ayuda a que el <a href='https:\/\/www.appyweb.es\/posicionamiento-web\/'>posicionamiento SEO sea m\u00e1s efectivo<\/a>.<\/p>\n<p>Esta agencia <strong>ofrece muchas ventajas en el mercado del linkbuilding<\/strong>, por lo cual cuenta con muy buena reputaci\u00f3n, ya que sus enlaces son de autoridad y por supuesto ofrece aquellos que se relacionen con el nicho de su cliente. Para esto organiza 'proyectos' que incluir\u00e1n la tem\u00e1tica de los enlaces, as\u00ed como la cantidad que se quieren generar al mes.<\/p>\n<p>\"}},\n{\"@type\":\"Question\",\"name\":\"\u00bfC\u00f3mo empezar a utilizar Enlazalia?\",\"acceptedAnswer\":{\"@type\":\"Answer\",\"text\":\"<\/p>\n<p>Lo primero que se debe tener es una cuenta PayPal, ya que este servicio es de suscripci\u00f3n. Posterior a ello, se debe <strong>visitar el sitio para adquirir un pack de los enlaces que se requieran<\/strong>, este servicio es de suscripci\u00f3n mensual, pero una vez alcanzada la meta estimada puede dejar de utilizarse. <\/p>\n<p>Al realizarse la compra del servicio, se ingresan los datos para acceder a la plataforma y enseguida el sistema enviar\u00e1 un email a la direcci\u00f3n subministrada, para que se pueda acceder a la p\u00e1gina como cliente.<\/p>\n<p>Seguidamente, al ingresar de nuevo a la p\u00e1gina, se establece el tipo de enlace que se necesita, la tem\u00e1tica sugerida, la cantidad de links, las URL y anchor texts para enlazar. Una vez establecido esto no se puede modificar sino hasta el mes siguiente.<\/p>\n<p>\"}},\n{\"@type\":\"Question\",\"name\":\"Opiniones sobre Enlazalia\",\"acceptedAnswer\":{\"@type\":\"Answer\",\"text\":\"<\/p>\n<p>Bien es cierto que los SEOs se pasan la vida recalcando que comprar enlaces es una mala inversi\u00f3n, despu\u00e9s de todo, Google puede darse cuenta f\u00e1cilmente cuando estas acciones no son org\u00e1nicas, lo que <strong>puede significar una grave penalizaci\u00f3n para el posicionamiento<\/strong>. Sin embargo, lo que hace Enlazalia es totalmente diferente.<\/p>\n<p>La empresa no solo busca que los clientes compren enlaces disponibles sin mirar, sino que \u00e9stos cumplan con todas las exigencias SEO para evitar las penalizaciones. Es por eso que se indican las tem\u00e1ticas, de forma que est\u00e9n relacionadas con el enlace a promocionar, al mismo tiempo, permite que tengan palabras clave relacionadas y los sitios web anclados sean de alta autoridad. Esto ha generado muchas opiniones positivas en el sector, donde ha ayudado a muchas empresas a posicionarse.<\/p>\n<p>\"}}\n]}<\/script><\/p>\n<h2>M\u00e1s informaci\u00f3n sobre Enlazalia<\/h2>\n<p>\u00bfQuieres empezar a construir enlaces como un profesional? Entonces tienes que seguir <strong>aprendiendo m\u00e1s sobre linkbuilding y esta grandiosa herramienta<\/strong> para conseguirlos, aqu\u00ed tienes un par de links para ampliar tu informaci\u00f3n.<\/p>\n<ul>\n<li><a href=\"https:\/\/www.appyweb.es\/10-ejemplos-linkbuilding-posicionar-web\/\">10 Ejemplos de link building para posicionar tu web<\/a><\/li>\n<li><a href=\"https:\/\/enlazalia.com\/blog\/enlaces-vitaminados\/\" rel=\"nofollow noopener\" target=\"_blank\">\u00bfQu\u00e9 son los enlaces vitaminados de Enlazalia?<\/a><\/li>\n<\/ul>\n<p>&nbsp;<\/p>\n","protected":false},"excerpt":{"rendered":"<p>Para aumentar la popularidad de los sitios web, muchas empresas recurren a los enlaces referidos. Esto por supuesto es un trabajo poco sencillo, ya que deben ser enlaces de calidad. Para que Google los cuente de forma positiva, existen otras formas de m\u00e1s recomendadas de obtenerlos, como a trav\u00e9s de agencias como Enlazalia. \u00bfQu\u00e9 es [&hellip;]<\/p>\n","protected":false},"author":1,"featured_media":12593,"parent":0,"menu_order":0,"comment_status":"closed","ping_status":"closed","template":"","meta":{"inline_featured_image":false,"footnotes":""},"class_list":["post-1374","page","type-page","status-publish","has-post-thumbnail","hentry"],"_links":{"self":[{"href":"https:\/\/www.appyweb.es\/diccionario\/wp-json\/wp\/v2\/pages\/1374","targetHints":{"allow":["GET"]}}],"collection":[{"href":"https:\/\/www.appyweb.es\/diccionario\/wp-json\/wp\/v2\/pages"}],"about":[{"href":"https:\/\/www.appyweb.es\/diccionario\/wp-json\/wp\/v2\/types\/page"}],"author":[{"embeddable":true,"href":"https:\/\/www.appyweb.es\/diccionario\/wp-json\/wp\/v2\/users\/1"}],"replies":[{"embeddable":true,"href":"https:\/\/www.appyweb.es\/diccionario\/wp-json\/wp\/v2\/comments?post=1374"}],"version-history":[{"count":6,"href":"https:\/\/www.appyweb.es\/diccionario\/wp-json\/wp\/v2\/pages\/1374\/revisions"}],"predecessor-version":[{"id":12594,"href":"https:\/\/www.appyweb.es\/diccionario\/wp-json\/wp\/v2\/pages\/1374\/revisions\/12594"}],"wp:featuredmedia":[{"embeddable":true,"href":"https:\/\/www.appyweb.es\/diccionario\/wp-json\/wp\/v2\/media\/12593"}],"wp:attachment":[{"href":"https:\/\/www.appyweb.es\/diccionario\/wp-json\/wp\/v2\/media?parent=1374"}],"curies":[{"name":"wp","href":"https:\/\/api.w.org\/{rel}","templated":true}]}}