{"id":1390,"date":"2023-06-21T07:54:57","date_gmt":"2023-06-21T07:54:57","guid":{"rendered":"https:\/\/www.appyweb.es\/diccionario\/?page_id=1390"},"modified":"2024-03-28T10:06:44","modified_gmt":"2024-03-28T10:06:44","slug":"entorno-de-desarrollo","status":"publish","type":"page","link":"https:\/\/www.appyweb.es\/diccionario\/entorno-de-desarrollo\/","title":{"rendered":"Entorno de desarrollo"},"content":{"rendered":"<h1><img loading=\"lazy\" decoding=\"async\" class=\"alignnone  wp-image-12606\" src=\"https:\/\/www.appyweb.es\/diccionario\/wp-content\/uploads\/2024\/03\/Entornodedesarrollo-300x180.jpg\" alt=\"Entorno de desarrollo\" width=\"988\" height=\"593\" srcset=\"https:\/\/www.appyweb.es\/diccionario\/wp-content\/uploads\/2024\/03\/Entornodedesarrollo-300x180.jpg 300w, https:\/\/www.appyweb.es\/diccionario\/wp-content\/uploads\/2024\/03\/Entornodedesarrollo-768x461.jpg 768w, https:\/\/www.appyweb.es\/diccionario\/wp-content\/uploads\/2024\/03\/Entornodedesarrollo.jpg 1000w\" sizes=\"auto, (max-width: 988px) 100vw, 988px\" \/><\/h1>\n<p>Al realizar proyectos webs de p\u00e1gina o aplicaciones, es necesario contar con varias herramientas, una de las m\u00e1s importantes es el <em>entorno de desarrollo<\/em>. Se trata de un instrumento inform\u00e1tico que permite <strong>facilitar las tareas del programador con varios servicios integrados<\/strong>. Sigue leyendo y mira c\u00f3mo funciona.<\/p>\n<h2>\u00bfQu\u00e9 es un Entorno de desarrollo?<\/h2>\n<p>B\u00e1sicamente, el entorno de desarrollo hace referencia a todo aquello que se necesita <a href=\"https:\/\/www.appyweb.es\/desarrollo-app\/\">a la hora de desarrollar una app o un software<\/a>, bien sean las herramientas que se requieran para que el mismo se desenvuelva con total facilidad, as\u00ed como la participaci\u00f3n de los expertos m\u00e1s oportunos.<\/p>\n<p>Pero, su apreciaci\u00f3n t\u00e9cnica es m\u00e1s acertada, usualmente se denomina bajo las siglas <em>IDE<\/em> por el mismo nombre en ingl\u00e9s, consiste en un editor de c\u00f3digo integrado con herramientas de construcci\u00f3n y depuradores. En ocasiones, <strong>estos sistemas cuentan con muchas funcionalidades avanzadas<\/strong>, como un autocompletador de c\u00f3digo inteligente, lo que facilita de forma exponencial las tareas del desarrollador.<\/p>\n<h2>\u00bfPara qu\u00e9 sirve?<\/h2>\n<p>Su objetivo principal es <strong>maximizar el rendimiento del programador<\/strong>, ofreciendo servicios integrales en un solo programa. Esto es sumamente \u00fatil porque en ocasiones los desarrolladores deben utilizar distintas herramientas para <a href=\"https:\/\/www.appyweb.es\/diseno-web\/\">crear proyectos de p\u00e1ginas web<\/a>, para compilarlos o implementarlos y otras para depurarlos.<\/p>\n<p>Esto tambi\u00e9n reduce considerablemente la inversi\u00f3n del proyecto, sin embargo, es necesario considerar qu\u00e9 tan ambicioso es el proyecto y si necesitar\u00e1 de herramientas m\u00e1s especializadas. Por otro lado, muchos creadores de apps los prefieren porque <strong>cuentan con sistemas de aprendizaje muy intuitivos<\/strong>, esto permite que la brecha entre aprender c\u00f3mo utilizarlo y empezar el proyecto sea cada vez m\u00e1s corta, aumentando el tiempo de productividad.<\/p>\n<h2>Niveles del Entorno de desarrollo<\/h2>\n<p>El entorno de desarrollo cuenta con una serie de niveles, que son los que <strong>permiten que la aplicaci\u00f3n o el software que se est\u00e9 realizando sean de calidad<\/strong>. Estos son necesarios para que el proceso se desarrolle efectivamente. En total, son tres niveles, los cuales se encargan de acciones diferentes y de revisar puntos distintos, son los siguientes.<\/p>\n<ul>\n<li><strong>Desarrollo:<\/strong> En este punto lo que se busca es que se realice la prueba del c\u00f3digo, el cual debe funcionar sin ning\u00fan error, para poder asumir que el proceso se realiz\u00f3 exitosamente.<\/li>\n<li><strong>Integraci\u00f3n:<\/strong> Cuando se desarrolla una aplicaci\u00f3n, esta suele funcionar de forma sincronizada en el servidor ensayo, que es donde se est\u00e1 ensamblando. La prueba final utiliza el servidor de producci\u00f3n, que es al que se va a tener acceso cuando est\u00e9 lista.<\/li>\n<li><strong>Producci\u00f3n:<\/strong> Una vez se logren superar los pasos anteriores, se considera que no presenta ning\u00fan error y est\u00e1 lista para formar parte del servidor.<\/li>\n<\/ul>\n<h2>Caracter\u00edsticas de un IDE o entorno de desarrollo<\/h2>\n<ul>\n<li>Cuentan con u marco o frame de programaci\u00f3n visual, lo que permite una vista de movimientos, bloques y diagramas con mayor facilidad.<\/li>\n<li>Tiene una m\u00ednima curva de aprendizaje, lo que es <strong>muy \u00fatil para proyectos m\u00e1s flexibles y completos<\/strong>.<\/li>\n<li>Soportan diferentes lenguajes program\u00e1ticos, especialmente basados en Java, tales como GNU Emacs, C, Eclipse, NetBeans, entre otros.<\/li>\n<li>Para a\u00f1adir otros lenguajes <strong>es posible incrustar un plugin a trav\u00e9s de extensiones de archivos<\/strong>.<\/li>\n<li>Algunos IDE est\u00e1n disponibles en la nube, por lo que no es necesario contar con un ordenador con grandes capacidades.<\/li>\n<\/ul>\n<p><script type=\"application\/ld+json\">{\"@context\":\"https:\/\/schema.org\",\"@type\":\"FAQPage\",\"mainEntity\":[ \n{\"@type\":\"Question\",\"name\":\"\u00bfQu\u00e9 es un Entorno de desarrollo?\",\"acceptedAnswer\":{\"@type\":\"Answer\",\"text\":\"<\/p>\n<p>B\u00e1sicamente, el entorno de desarrollo hace referencia a todo aquello que se necesita <a href='https:\/\/www.appyweb.es\/desarrollo-app\/'>a la hora de desarrollar una app o un software<\/a>, bien sean las herramientas que se requieran para que el mismo se desenvuelva con total facilidad, as\u00ed como la participaci\u00f3n de los expertos m\u00e1s oportunos.<\/p>\n<p>Pero, su apreciaci\u00f3n t\u00e9cnica es m\u00e1s acertada, usualmente se denomina bajo las siglas <em>IDE<\/em> por el mismo nombre en ingl\u00e9s, consiste en un editor de c\u00f3digo integrado con herramientas de construcci\u00f3n y depuradores. En ocasiones, <strong>estos sistemas cuentan con muchas funcionalidades avanzadas<\/strong>, como un autocompletador de c\u00f3digo inteligente, lo que facilita de forma exponencial las tareas del desarrollador.<\/p>\n<p>\"}},\n{\"@type\":\"Question\",\"name\":\"\u00bfPara qu\u00e9 sirve?\",\"acceptedAnswer\":{\"@type\":\"Answer\",\"text\":\"<\/p>\n<p>Su objetivo principal es <strong>maximizar el rendimiento del programador<\/strong>, ofreciendo servicios integrales en un solo programa. Esto es sumamente \u00fatil porque en ocasiones los desarrolladores deben utilizar distintas herramientas para <a href='https:\/\/www.appyweb.es\/diseno-web\/'>crear proyectos de p\u00e1ginas web<\/a>, para compilarlos o implementarlos y otras para depurarlos.<\/p>\n<p>Esto tambi\u00e9n reduce considerablemente la inversi\u00f3n en el desarrollo del proyecto, sin embargo, es necesario considerar qu\u00e9 tan ambicioso es el desarrollo y si necesitar\u00e1 de herramientas m\u00e1s especializadas. Por otro lado, muchos creadores de apps los prefieren porque <strong>cuentan con sistemas de aprendizaje muy intuitivos<\/strong>, esto permite que la brecha entre aprender c\u00f3mo utilizarlo y empezar el proyecto sea cada vez m\u00e1s corta, aumentando el tiempo de productividad.<\/p>\n<p>\"}},\n{\"@type\":\"Question\",\"name\":\"Niveles del Entorno de desarrollo\",\"acceptedAnswer\":{\"@type\":\"Answer\",\"text\":\"<\/p>\n<p>El entorno de desarrollo cuenta con una serie de niveles, que son los que <strong>permiten que la aplicaci\u00f3n o el software que se est\u00e9 realizando sean de calidad<\/strong>. Estos son necesarios para que el proceso se desarrolle efectivamente. En total, son tres niveles, los cuales se encargan de acciones diferentes y de revisar puntos distintos, son los siguientes.<\/p>\n<\/p>\n<\/p>\n<ul>\n<\/p>\n<\/p>\n<li><strong>Desarrollo:<\/strong> En este punto lo que se busca es que se realice la prueba del c\u00f3digo, el cual debe funcionar sin ning\u00fan error, para poder asumir que el proceso se realiz\u00f3 exitosamente.<\/li>\n<\/p>\n<\/p>\n<\/p>\n<li><strong>Integraci\u00f3n:<\/strong> Cuando se desarrolla una aplicaci\u00f3n, esta suele funcionar de forma sincronizada en el servidor ensayo, que es donde se est\u00e1 ensamblando. La prueba final utiliza el servidor de producci\u00f3n, que es al que se va a tener acceso cuando est\u00e9 lista.<\/li>\n<\/p>\n<\/p>\n<\/p>\n<li><strong>Producci\u00f3n:<\/strong> Una vez se logren superar los pasos anteriores, se considera que no presenta ning\u00fan error y est\u00e1 lista para formar parte del servidor.<\/li>\n<\/p>\n<\/ul>\n<\/p>\n<p>\"}},\n{\"@type\":\"Question\",\"name\":\"Caracter\u00edsticas de un IDE o entorno de desarrollo\",\"acceptedAnswer\":{\"@type\":\"Answer\",\"text\":\"<\/p>\n<\/p>\n<\/p>\n<ul>\n<\/p>\n<\/p>\n<li>Cuentan con u marco o frame de programaci\u00f3n visual, lo que permite una vista de movimientos, bloques y diagramas con mayor facilidad.<\/li>\n<\/p>\n<\/p>\n<\/p>\n<li>Tiene una m\u00ednima curva de aprendizaje, lo que es <strong>muy \u00fatil para el desarrollo de proyectos m\u00e1s flexibles y completos<\/strong>.<\/li>\n<\/p>\n<\/p>\n<\/p>\n<li>Soportan diferentes lenguajes program\u00e1ticos, especialmente basados en Java, tales como GNU Emacs, C, Eclipse, NetBeans, entre otros.<\/li>\n<\/p>\n<\/p>\n<\/p>\n<li>Para a\u00f1adir otros lenguajes <strong>es posible incrustar un plugin a trav\u00e9s de extensiones de archivos<\/strong>.<\/li>\n<\/p>\n<\/p>\n<\/p>\n<li>Algunos IDE est\u00e1n disponibles en la nube, por lo que no es necesario contar con un ordenador con grandes capacidades.<\/li>\n<\/p>\n<\/ul>\n<\/p>\n<p>\"}}\n]}<\/script><\/p>\n<h2>M\u00e1s informaci\u00f3n sobre Entorno de desarrollo<\/h2>\n<p>Al principio puede ser dif\u00edcil de entender c\u00f3mo funcionan, pero es imprescindible que tengas <strong>m\u00e1s informaci\u00f3n si tienes planeado desarrollar tu propia app en el futuro<\/strong>, aqu\u00ed tienes algunos enlaces para que entiendas c\u00f3mo nacieron estos software y cu\u00e1les son las mejores empresas que los utilizan.<\/p>\n<ul>\n<li><a href=\"https:\/\/www.appyweb.es\/12-las-mejores-empresas-desarrollo-aplicaciones-espana\/\">12 de las mejores empresas de desarrollo de aplicaciones en Espa\u00f1a<\/a><\/li>\n<li><a href=\"https:\/\/es.wikipedia.org\/wiki\/Entorno_de_desarrollo_integrado#Rese%C3%B1a_hist%C3%B3rica\" rel=\"nofollow noopener\" target=\"_blank\">Historia y creaci\u00f3n de los entornos de desarrollo<\/a><\/li>\n<\/ul>\n<p>&nbsp;<\/p>\n","protected":false},"excerpt":{"rendered":"<p>Al realizar proyectos webs de p\u00e1gina o aplicaciones, es necesario contar con varias herramientas, una de las m\u00e1s importantes es el entorno de desarrollo. Se trata de un instrumento inform\u00e1tico que permite facilitar las tareas del programador con varios servicios integrados. Sigue leyendo y mira c\u00f3mo funciona. \u00bfQu\u00e9 es un Entorno de desarrollo? B\u00e1sicamente, el [&hellip;]<\/p>\n","protected":false},"author":1,"featured_media":12606,"parent":0,"menu_order":0,"comment_status":"closed","ping_status":"closed","template":"","meta":{"inline_featured_image":false,"footnotes":""},"class_list":["post-1390","page","type-page","status-publish","has-post-thumbnail","hentry"],"_links":{"self":[{"href":"https:\/\/www.appyweb.es\/diccionario\/wp-json\/wp\/v2\/pages\/1390","targetHints":{"allow":["GET"]}}],"collection":[{"href":"https:\/\/www.appyweb.es\/diccionario\/wp-json\/wp\/v2\/pages"}],"about":[{"href":"https:\/\/www.appyweb.es\/diccionario\/wp-json\/wp\/v2\/types\/page"}],"author":[{"embeddable":true,"href":"https:\/\/www.appyweb.es\/diccionario\/wp-json\/wp\/v2\/users\/1"}],"replies":[{"embeddable":true,"href":"https:\/\/www.appyweb.es\/diccionario\/wp-json\/wp\/v2\/comments?post=1390"}],"version-history":[{"count":6,"href":"https:\/\/www.appyweb.es\/diccionario\/wp-json\/wp\/v2\/pages\/1390\/revisions"}],"predecessor-version":[{"id":12607,"href":"https:\/\/www.appyweb.es\/diccionario\/wp-json\/wp\/v2\/pages\/1390\/revisions\/12607"}],"wp:featuredmedia":[{"embeddable":true,"href":"https:\/\/www.appyweb.es\/diccionario\/wp-json\/wp\/v2\/media\/12606"}],"wp:attachment":[{"href":"https:\/\/www.appyweb.es\/diccionario\/wp-json\/wp\/v2\/media?parent=1390"}],"curies":[{"name":"wp","href":"https:\/\/api.w.org\/{rel}","templated":true}]}}