{"id":1404,"date":"2023-06-21T08:02:01","date_gmt":"2023-06-21T08:02:01","guid":{"rendered":"https:\/\/www.appyweb.es\/diccionario\/?page_id=1404"},"modified":"2024-03-28T11:26:12","modified_gmt":"2024-03-28T11:26:12","slug":"errores-de-rastreo","status":"publish","type":"page","link":"https:\/\/www.appyweb.es\/diccionario\/errores-de-rastreo\/","title":{"rendered":"Errores de rastreo"},"content":{"rendered":"<h1><img loading=\"lazy\" decoding=\"async\" class=\"alignnone  wp-image-12645\" src=\"https:\/\/www.appyweb.es\/diccionario\/wp-content\/uploads\/2024\/03\/Erroresderastreo-300x180.jpg\" alt=\"Errores de rastreo\" width=\"967\" height=\"580\" srcset=\"https:\/\/www.appyweb.es\/diccionario\/wp-content\/uploads\/2024\/03\/Erroresderastreo-300x180.jpg 300w, https:\/\/www.appyweb.es\/diccionario\/wp-content\/uploads\/2024\/03\/Erroresderastreo-768x461.jpg 768w, https:\/\/www.appyweb.es\/diccionario\/wp-content\/uploads\/2024\/03\/Erroresderastreo.jpg 1000w\" sizes=\"auto, (max-width: 967px) 100vw, 967px\" \/><\/h1>\n<p>Los algoritmos de buscadores tienen la funci\u00f3n de evaluar los sitios web que se pretenden posicionar para cada b\u00fasqueda. Pero, <strong>cuando esta evaluaci\u00f3n no puede llevarse a cabo dentro de una plataforma<\/strong> se denomina como <em>errores de rastreo<\/em>. \u00bfSab\u00edas que pueden afectar tu SEO? Sigue leyendo.<\/p>\n<h2>\u00bfQu\u00e9 son los errores de rastreo?<\/h2>\n<p>Son inconvenientes que se generan cuando no se puede acceder a un sitio web en Internet o <strong>simplemente no se puede navegar dentro de un enlace con facilidad<\/strong>. Esto representa un problema para los due\u00f1os del sitio, ya que Google no puede indexarlo correctamente.<\/p>\n<p>Los errores de rastreo indican al algoritmo que se trata de un sitio web que no puede ofrecer un servicio de navegaci\u00f3n a los usuarios, de forma que puede llegar a afectar un <strong><a href=\"https:\/\/www.appyweb.es\/posicionamiento-web\/\">buen posicionamiento web.<\/a> <\/strong>Es por eso que es importante realizar monitorizaciones constantemente para detectarlos y solucionarlos a tiempo.<\/p>\n<h2>\u00bfQu\u00e9 tipos de errores de rastreo existen?<\/h2>\n<p>B\u00e1sicamente, cuando no hay acceso de manera sencilla al sitio Google procede simplemente a ignorar su posicionamiento, dej\u00e1ndolo por debajo de toda la competencia. Si <strong>los problemas son recurrentes el algoritmo dispara una penalizaci\u00f3n<\/strong>, evitando el posicionamiento del mismo por mucho tiempo, esto se puede dar en dos casos:<\/p>\n<h3>Problemas con el sitio<\/h3>\n<p>Esto <strong>b\u00e1sicamente no permite que los bots puedan entrar al sitio<\/strong>, por lo cual es como si la p\u00e1gina no existiera, es imposible obtener ventajas de ella si es se\u00f1alada como tal.<\/p>\n<ul>\n<li>Estos se pueden presentar si existe un error con el DNS, ya que es el encargado de solicitar la direcci\u00f3n IP de la red.<\/li>\n<li>El per\u00edodo de <strong>tiempo de espera puede ser muy prolongado<\/strong> y ocasiona que caiga la conexi\u00f3n a Internet.<\/li>\n<li>Si los encabezados se env\u00edan y la conexi\u00f3n ha terminado a mitad del proceso, no permite que exista un acceso.<\/li>\n<li>Ocurre cuando el acceso es denegado. Esto puede darse si existe alguna contrase\u00f1a que proteja la p\u00e1gina o el hosting bloquea a Googlebot.<\/li>\n<\/ul>\n<h3>Problemas en el URL<\/h3>\n<p>A diferencia de los de sitio, estos <strong>se generan cuando no se puede acceder a enlaces<\/strong> por problemas de escritura en la URL. Se puede presentar el t\u00edpico c\u00f3digo 404, ya que el link de ese sitio no est\u00e1 disponible o no existe, se ha modificado o ha sido movido dentro del fichero de archivos.<\/p>\n<h2>\u00bfC\u00f3mo solucionar los errores de rastreo?<\/h2>\n<p>Para empezar, es necesario identificar cu\u00e1les son las p\u00e1ginas que presentan los problemas o cu\u00e1l es el problema que est\u00e1 afectando al sitio en general. Para esto, se pueden utilizar diferentes herramientas, pero <strong>la m\u00e1s popular son los informes de rastreo de Google Search Console<\/strong>. Estos indican cuando existen inconvenientes en el DNS, en la conectividad con el servidor o en la informaci\u00f3n emitida por robots.txt. Las mejores formas de solucionarlos son con estas acciones.<\/p>\n<ul>\n<li>Contactar con el gestor de DNS para configurar la IP o resolver los problemas t\u00e9cnicos.<\/li>\n<li>Contratar un servicio de alojamiento m\u00e1s amplio, ya que <strong>puede que el host contratado no cumpla con las exigencias de la demanda de tr\u00e1fico<\/strong>, que puede afectar la conectividad con el servidor.<\/li>\n<li>Monitorizar y modificar los archivos en robots.txt, verificar que los enlaces est\u00e9n escritos correctamente y modificarlos de ser necesario.<\/li>\n<\/ul>\n<p><script type=\"application\/ld+json\">{\"@context\":\"https:\/\/schema.org\",\"@type\":\"FAQPage\",\"mainEntity\":[ \n{\"@type\":\"Question\",\"name\":\"\u00bfQu\u00e9 son los errores de rastreo?\",\"acceptedAnswer\":{\"@type\":\"Answer\",\"text\":\"<\/p>\n<p>Son inconvenientes que se generan cuando no se puede acceder a un sitio web en Internet o <strong>simplemente no se puede navegar dentro de un enlace con facilidad<\/strong>. Esto representa un problema para los due\u00f1os del sitio, ya que Google no puede indexarlo correctamente.<\/p>\n<p>Los errores de rastreo indican al algoritmo que se trata de un sitio web que no puede ofrecer un servicio de navegaci\u00f3n a los usuarios, de forma que puede llegar a afectar un <strong><a href='https:\/\/www.appyweb.es\/posicionamiento-web\/'>buen posicionamiento web.<\/a> <\/strong>Es por eso que es importante realizar monitorizaciones constantemente para detectarlos y solucionarlos a tiempo.<\/p>\n<p>\"}},\n{\"@type\":\"Question\",\"name\":\"\u00bfQu\u00e9 tipos de errores de rastreo existen?\",\"acceptedAnswer\":{\"@type\":\"Answer\",\"text\":\"<\/p>\n<p>B\u00e1sicamente, cuando no hay acceso de manera sencilla al sitio Google procede simplemente a ignorar su posicionamiento, dej\u00e1ndolo por debajo de toda la competencia. Si <strong>los problemas son recurrentes el algoritmo dispara una penalizaci\u00f3n<\/strong>, evitando el posicionamiento del mismo por mucho tiempo, esto se puede dar en dos casos:<\/p>\n<p>Problemas con el sitio<\/p>\n<p>Esto <strong>b\u00e1sicamente no permite que los bots puedan entrar al sitio<\/strong>, por lo cual es como si la p\u00e1gina no existiera, es imposible obtener ventajas de ella si es se\u00f1alada como tal.<\/p>\n<\/p>\n<\/p>\n<ul>\n<\/p>\n<\/p>\n<li>Estos se pueden presentar si existe un error con el DNS, ya que es el encargado de solicitar la direcci\u00f3n IP de la red.<\/li>\n<\/p>\n<\/p>\n<\/p>\n<li>El per\u00edodo de <strong>tiempo de espera puede ser muy prolongado<\/strong> y ocasiona que caiga la conexi\u00f3n a Internet.<\/li>\n<\/p>\n<\/p>\n<\/p>\n<li>Si los encabezados se env\u00edan y la conexi\u00f3n ha terminado a mitad del proceso, no permite que exista un acceso.<\/li>\n<\/p>\n<\/p>\n<\/p>\n<li>Ocurre cuando el acceso es denegado. Esto puede darse si existe alguna contrase\u00f1a que proteja la p\u00e1gina o el hosting bloquea a Googlebot.<\/li>\n<\/p>\n<\/ul>\n<\/p>\n<p>Problemas en el URL<\/p>\n<p>A diferencia de los de sitio, estos <strong>se generan cuando no se puede acceder a enlaces<\/strong> por problemas de escritura en la URL. Se puede presentar el t\u00edpico c\u00f3digo 404, ya que el link de ese sitio no est\u00e1 disponible o no existe, se ha modificado o ha sido movido dentro del fichero de archivos.<\/p>\n<p>\"}},\n{\"@type\":\"Question\",\"name\":\"\u00bfC\u00f3mo solucionar los errores de rastreo?\",\"acceptedAnswer\":{\"@type\":\"Answer\",\"text\":\"<\/p>\n<p>Para empezar, es necesario identificar cu\u00e1les son las p\u00e1ginas que presentan los problemas o cu\u00e1l es el problema que est\u00e1 afectando al sitio en general. Para esto, se pueden utilizar diferentes herramientas, pero <strong>la m\u00e1s popular son los informes de rastreo de Google Search Console<\/strong>. Estos indican cuando existen inconvenientes en el DNS, en la conectividad con el servidor o en la informaci\u00f3n emitida por robots.txt. Las mejores formas de solucionarlos son con estas acciones.<\/p>\n<\/p>\n<\/p>\n<ul>\n<\/p>\n<\/p>\n<li>Contactar con el gestor de DNS para configurar la IP o resolver los problemas t\u00e9cnicos.<\/li>\n<\/p>\n<\/p>\n<\/p>\n<li>Contratar un servicio de alojamiento m\u00e1s amplio, ya que <strong>puede que el host contratado no cumpla con las exigencias de la demanda de tr\u00e1fico<\/strong>, que puede afectar la conectividad con el servidor.<\/li>\n<\/p>\n<\/p>\n<\/p>\n<li>Monitorizar y modificar los archivos en robots.txt, verificar que los enlaces est\u00e9n escritos correctamente y modificarlos de ser necesario.<\/li>\n<\/p>\n<\/ul>\n<\/p>\n<p>\"}}\n]}<\/script><\/p>\n<h2>M\u00e1s informaci\u00f3n sobre Errores de rastreo<\/h2>\n<p>Estos problemas <strong>no suelen ser los \u00fanicos que pueden traer problemas a tu posicionamiento<\/strong>, es por eso que te dejamos una gu\u00eda para hacer frente a Google y conseguir el \u00e9xito con tu sitio. Pero tambi\u00e9n queremos que aprendas m\u00e1s sobre otros errores SEO que debes evitar, chequea el segundo link.<\/p>\n<ul>\n<li><a href=\"https:\/\/www.appyweb.es\/guia-dejar-perder-posicionamiento-google\/\">[Gu\u00eda] Deja de perder posiciones en Google<\/a><\/li>\n<li><a href=\"https:\/\/www.marketingdirecto.com\/marketing-general\/marketing\/los-diez-errores-de-seo-para-wordpress-que-hay-que-evitar-para-aparecer-en-google\" rel=\"nofollow noopener\" target=\"_blank\">Los diez errores de SEO para WordPress que hay que evitar para aparecer en Google<\/a><\/li>\n<\/ul>\n<p>&nbsp;<\/p>\n","protected":false},"excerpt":{"rendered":"<p>Los algoritmos de buscadores tienen la funci\u00f3n de evaluar los sitios web que se pretenden posicionar para cada b\u00fasqueda. Pero, cuando esta evaluaci\u00f3n no puede llevarse a cabo dentro de una plataforma se denomina como errores de rastreo. \u00bfSab\u00edas que pueden afectar tu SEO? Sigue leyendo. \u00bfQu\u00e9 son los errores de rastreo? Son inconvenientes que [&hellip;]<\/p>\n","protected":false},"author":1,"featured_media":12645,"parent":0,"menu_order":0,"comment_status":"closed","ping_status":"closed","template":"","meta":{"inline_featured_image":false,"footnotes":""},"class_list":["post-1404","page","type-page","status-publish","has-post-thumbnail","hentry"],"_links":{"self":[{"href":"https:\/\/www.appyweb.es\/diccionario\/wp-json\/wp\/v2\/pages\/1404","targetHints":{"allow":["GET"]}}],"collection":[{"href":"https:\/\/www.appyweb.es\/diccionario\/wp-json\/wp\/v2\/pages"}],"about":[{"href":"https:\/\/www.appyweb.es\/diccionario\/wp-json\/wp\/v2\/types\/page"}],"author":[{"embeddable":true,"href":"https:\/\/www.appyweb.es\/diccionario\/wp-json\/wp\/v2\/users\/1"}],"replies":[{"embeddable":true,"href":"https:\/\/www.appyweb.es\/diccionario\/wp-json\/wp\/v2\/comments?post=1404"}],"version-history":[{"count":6,"href":"https:\/\/www.appyweb.es\/diccionario\/wp-json\/wp\/v2\/pages\/1404\/revisions"}],"predecessor-version":[{"id":12646,"href":"https:\/\/www.appyweb.es\/diccionario\/wp-json\/wp\/v2\/pages\/1404\/revisions\/12646"}],"wp:featuredmedia":[{"embeddable":true,"href":"https:\/\/www.appyweb.es\/diccionario\/wp-json\/wp\/v2\/media\/12645"}],"wp:attachment":[{"href":"https:\/\/www.appyweb.es\/diccionario\/wp-json\/wp\/v2\/media?parent=1404"}],"curies":[{"name":"wp","href":"https:\/\/api.w.org\/{rel}","templated":true}]}}