{"id":1414,"date":"2023-06-21T08:06:50","date_gmt":"2023-06-21T08:06:50","guid":{"rendered":"https:\/\/www.appyweb.es\/diccionario\/?page_id=1414"},"modified":"2024-03-28T12:05:02","modified_gmt":"2024-03-28T12:05:02","slug":"eslogan-publicitario","status":"publish","type":"page","link":"https:\/\/www.appyweb.es\/diccionario\/eslogan-publicitario\/","title":{"rendered":"Eslogan publicitario"},"content":{"rendered":"<h1><img loading=\"lazy\" decoding=\"async\" class=\"alignnone  wp-image-12669\" src=\"https:\/\/www.appyweb.es\/diccionario\/wp-content\/uploads\/2024\/03\/Esloganpublicitario-300x180.jpg\" alt=\"Eslogan publicitario\" width=\"978\" height=\"587\" srcset=\"https:\/\/www.appyweb.es\/diccionario\/wp-content\/uploads\/2024\/03\/Esloganpublicitario-300x180.jpg 300w, https:\/\/www.appyweb.es\/diccionario\/wp-content\/uploads\/2024\/03\/Esloganpublicitario-768x461.jpg 768w, https:\/\/www.appyweb.es\/diccionario\/wp-content\/uploads\/2024\/03\/Esloganpublicitario.jpg 1000w\" sizes=\"auto, (max-width: 978px) 100vw, 978px\" \/><\/h1>\n<p>Para muchas marcas es importante tener algo pegajoso que decir, ya que la mayor\u00eda de <strong>las personas suelen relacionar las marcas con su logo o con alguna frase<\/strong> que los represente. Aparte, esto tiene un impacto en la mente que puede motivar a la compra.<\/p>\n<h2>\u00bfQu\u00e9 es un eslogan publicitario?<\/h2>\n<p>El eslogan <strong>es una frase corta que representa a la marca o producto<\/strong>, al mismo tiempo es llamativa, realza la publicidad e incentiva a las personas a querer adquirir el servicio o producto que se ofrece, permitiendo que se diferencien del mercado. Al mismo tiempo, \u00e9ste suele acompa\u00f1ar al logo de la empresa, es muy com\u00fan verlos en conjunto en diferentes tama\u00f1os, bien sea para promocionar un producto o <a href=\"https:\/\/www.appyweb.es\/gestion-newsletters\/\">hacer campa\u00f1as de env\u00edos de newsletters<\/a>.<\/p>\n<p>Uno de sus objetivos principales es activar el factor recuerdo en el cerebro de los consumidores, suelen aplicarse estrategias de repetici\u00f3n en anuncios a trav\u00e9s de diferentes canales, <strong>de forma que el usuario pueda captarlo de forma inconsciente<\/strong>. As\u00ed, en un escenario de posibles ventas, le dar\u00e1 prioridad al producto que ya conoce.<\/p>\n<h2>\u00bfPara qu\u00e9 sirve?<\/h2>\n<p>Usualmente, sirve para identificar a una marca o empresa, <strong>forma parte de su esencia en conjunto con la imagen visual<\/strong>. Normalmente, las empresas crean un eslogan publicitario de forma general, es decir, uno que se utilizar\u00e1 para todas las campa\u00f1as promocionales. Pero, ese lo pueden modificar para crear uno m\u00e1s atractivo dependiendo del tipo de producto o de las circunstancias.<\/p>\n<p>Igualmente, estos son de mucha utilidad <a href=\"https:\/\/www.appyweb.es\/posicionamiento-web\/\">cuando se trata de hacer posicionamiento web<\/a>, algunos son registrados por las marcas, de forma que cuando un usuario busque la frase en Google, \u00e9sta aparezca la empresa en los primeros resultados. Tal es el caso de Nike, su famosa frase \u00abJust do it\u00bb est\u00e1 registrada como un dominio bajo la direcci\u00f3n <em>justdoit.com<\/em>, cada vez que alguien ingresa all\u00ed se redirige a la p\u00e1gina de Nike.<\/p>\n<h2>\u00bfC\u00f3mo crear un eslogan publicitario?<\/h2>\n<p>Un eslogan publicitario no solo debe ser creativo o llamativo, es importante que represente \u00edntimamente a la empresa, que no sea netamente promocional, <strong>ya que en ocasiones tambi\u00e9n se utiliza como identidad corporativa<\/strong>, de forma que los empleados y la empresa en general deben sentirse identificados. Normalmente, es tarea del \u00e1rea de publicidad, pero tampoco se descartan m\u00e9todos menos formales o \u00abaccidentales\u00bb para obtener una frase promocional.<\/p>\n<p>Sin embargo, se recomienda que los creativos se apoyen en un <a href=\"https:\/\/www.appyweb.es\/diseno-grafico\/\">especialista en dise\u00f1o gr\u00e1fico<\/a>, que logre materializar de manera eficiente las ideas para el logo. En este caso, se debe tener en cuenta algunos puntos b\u00e1sicos, para la creaci\u00f3n de los mismos tales como:<\/p>\n<ul>\n<li>Se debe tener en claro cu\u00e1les son las ventajas del producto, as\u00ed como los valores de la empresa.<\/li>\n<li>Se deben anotar todas las ideas posibles y estudiar su impacto en el mercado.<\/li>\n<li>En ocasiones es necesario emplear estudios de posicionamiento <strong>para utilizar las palabras clave m\u00e1s oportunas<\/strong>.<\/li>\n<li>Tiene que trasmitir sentimientos positivos, se emplean estrategias de neuromarketing.<\/li>\n<li>Ser\u00e1n f\u00e1ciles de recordar, por eso se prefieren rimas o frases cotidianas.<\/li>\n<\/ul>\n<h2>Ejemplos de eslogan publicitario<\/h2>\n<p>Son muchas las empresas que han creado toda una filosof\u00eda de marca alrededor de sus frases promocionales, como ya se mencion\u00f3 anteriormente, Nike es una de ellas. \u00abJust do it\u00bb o \u00absolo hazlo\u00bb representa a una larga lista de deportistas incansables. Otros ejemplos importantes son los siguientes.<\/p>\n<ul>\n<li>\u201cThink different o <em>piensa diferente\u201d<\/em> de Apple.<\/li>\n<li>\u201cPorque t\u00fa lo vales\u201d de L\u2019Oreal.<\/li>\n<li>\u201cHay cosas que el dinero no puede comprar, para todo lo dem\u00e1s existe MasterCard\u201d.<\/li>\n<li>\u201cMe encanta\u201d de McDonald\u2019s.<\/li>\n<li>\u201cDestapa la felicidad\u201d de Coca-Cola.<\/li>\n<li>\u201cRedbull te da alas\u201d.<\/li>\n<li>\u201cNo te abandona\u201d de Rexona.<\/li>\n<\/ul>\n<p><script type=\"application\/ld+json\">{\"@context\":\"https:\/\/schema.org\",\"@type\":\"FAQPage\",\"mainEntity\":[ \n{\"@type\":\"Question\",\"name\":\"\u00bfQu\u00e9 es un eslogan publicitario?\",\"acceptedAnswer\":{\"@type\":\"Answer\",\"text\":\"<\/p>\n<p>El eslogan <strong>es una frase corta que representa a  la marca o producto<\/strong>, al mismo tiempo es llamativa, realza la publicidad e incentiva a las personas a querer adquirir el servicio o producto que se ofrece, permitiendo que se diferencien del mercado. Al mismo tiempo, \u00e9ste suele acompa\u00f1ar al logo de la empresa, es muy com\u00fan verlos en conjunto en diferentes tama\u00f1os, bien sea para promocionar un producto o <a href='https:\/\/www.appyweb.es\/gestion-newsletters\/'>hacer campa\u00f1as de env\u00edos de newsletters<\/a>.<\/p>\n<p>Uno de sus objetivos principales es activar el factor recuerdo en el cerebro de los consumidores, suelen aplicarse estrategias de repetici\u00f3n en anuncios a trav\u00e9s de diferentes canales, <strong>de forma que el usuario pueda captarlo de forma inconsciente<\/strong>. As\u00ed, en un escenario de posibles ventas, le dar\u00e1 prioridad al producto que ya conoce.<\/p>\n<p>\"}},\n{\"@type\":\"Question\",\"name\":\"\u00bfPara qu\u00e9 sirve?\",\"acceptedAnswer\":{\"@type\":\"Answer\",\"text\":\"<\/p>\n<p>Usualmente, sirve para identificar a una marca o empresa, <strong>forma parte de su esencia en conjunto con la imagen visual<\/strong>. Normalmente, las empresas crean un eslogan publicitario de forma general, es decir, uno que se utilizar\u00e1 para todas las campa\u00f1as promocionales. Pero, ese lo pueden modificar para crear uno m\u00e1s atractivo dependiendo del tipo de producto o de las circunstancias.<\/p>\n<p>Igualmente, estos son de mucha utilidad <a href='https:\/\/www.appyweb.es\/posicionamiento-web\/'>cuando se trata de hacer posicionamiento web<\/a>, algunos son registrados por las marcas, de forma que cuando un usuario busque la frase en Google, \u00e9sta aparezca la empresa en los primeros resultados. Tal es el caso de Nike, su famosa frase 'Just do it' est\u00e1 registrada como un dominio bajo la direcci\u00f3n <em>justdoit.com<\/em>, cada vez que alguien ingresa all\u00ed se redirige a la p\u00e1gina de Nike.<\/p>\n<p>\"}},\n{\"@type\":\"Question\",\"name\":\"\u00bfC\u00f3mo crear un eslogan publicitario?\",\"acceptedAnswer\":{\"@type\":\"Answer\",\"text\":\"<\/p>\n<p>Un eslogan publicitario no solo debe ser creativo o llamativo, es importante que represente \u00edntimamente a la empresa, que no sea netamente promocional, <strong>ya que en ocasiones tambi\u00e9n se utiliza como identidad corporativa<\/strong>, de forma que los empleados y la empresa en general deben sentirse identificados. Normalmente, es tarea del \u00e1rea de publicidad, pero tampoco se descartan m\u00e9todos menos formales o 'accidentales' para obtener una frase promocional.<\/p>\n<p>Sin embargo, se recomienda que los creativos se apoyen en un <a href='https:\/\/www.appyweb.es\/diseno-grafico\/'>especialista en dise\u00f1o gr\u00e1fico<\/a>, que logre materializar de manera eficiente las ideas para el logo. En este caso, se debe tener en cuenta algunos puntos b\u00e1sicos, para la creaci\u00f3n de los mismos tales como:<\/p>\n<\/p>\n<\/p>\n<ul>\n<\/p>\n<\/p>\n<li>Se debe tener en claro cu\u00e1les son las ventajas del producto, as\u00ed como los valores de la empresa.<\/li>\n<\/p>\n<\/p>\n<\/p>\n<li>Se deben anotar todas las ideas posibles y estudiar su impacto en el mercado.<\/li>\n<\/p>\n<\/p>\n<\/p>\n<li>En ocasiones es necesario emplear estudios de posicionamiento <strong>para utilizar las palabras clave m\u00e1s oportunas<\/strong>.<\/li>\n<\/p>\n<\/p>\n<\/p>\n<li>Tiene que trasmitir sentimientos positivos, se emplean estrategias de neuromarketing.<\/li>\n<\/p>\n<\/p>\n<\/p>\n<li>Ser\u00e1n f\u00e1ciles de recordar, por eso se prefieren rimas o frases cotidianas.<\/li>\n<\/p>\n<\/ul>\n<\/p>\n<p>\"}},\n{\"@type\":\"Question\",\"name\":\"Ejemplos de eslogan publicitario\",\"acceptedAnswer\":{\"@type\":\"Answer\",\"text\":\"<\/p>\n<p>Son muchas las empresas que han creado toda una filosof\u00eda de marca alrededor de sus frases promocionales, como ya se mencion\u00f3 anteriormente, Nike es una de ellas. 'Just do it' o 'solo hazlo' representa a una larga lista de deportistas incansables. Otros ejemplos importantes son los siguientes.<\/p>\n<\/p>\n<\/p>\n<ul>\n<\/p>\n<\/p>\n<li>\u201cThink different o <em>piensa diferente\u201d<\/em> de Apple.<\/li>\n<\/p>\n<\/p>\n<\/p>\n<li>\u201cPorque t\u00fa lo vales\u201d de L\u2019Oreal.<\/li>\n<\/p>\n<\/p>\n<\/p>\n<li>\u201cHay cosas que el dinero no puede comprar, para todo lo dem\u00e1s existe MasterCard\u201d.<\/li>\n<\/p>\n<\/p>\n<\/p>\n<li>\u201cMe encanta\u201d de McDonald\u2019s.<\/li>\n<\/p>\n<\/p>\n<\/p>\n<li>\u201cDestapa la felicidad\u201d de Coca-Cola.<\/li>\n<\/p>\n<\/p>\n<\/p>\n<li>\u201cRedbull te da alas\u201d.<\/li>\n<\/p>\n<\/p>\n<\/p>\n<li>\u201cNo te abandona\u201d de Rexona.<\/li>\n<\/p>\n<\/ul>\n<\/p>\n<p>\"}}\n]}<\/script><\/p>\n<h2>M\u00e1s informaci\u00f3n sobre eslogan publicitario<\/h2>\n<p>\u00bfNecesitas m\u00e1s informaci\u00f3n para crear la mejor frase promocional? Aqu\u00ed te dejamos un enlace que te ayudar\u00e1 a crear uno llamativo para tu marca, al mismo tiempo, tienes un ejemplo de por qu\u00e9 las grandes empresas suelen cambiar esa imagen, como lo hizo KitKat para su aniversario.<\/p>\n<ul>\n<li><a href=\"https:\/\/www.appyweb.es\/importancia-branding-visual-negocio\/\">La importancia del branding visual en tu negocio<\/a><\/li>\n<li><a href=\"https:\/\/www.merca20.com\/tras-85-anos-kitkat-cambiara-su-slogan-por-esta-razon\/\" rel=\"nofollow noopener\" target=\"_blank\"> Tras 85 a\u00f1os, KitKat cambiar\u00e1 su slogan por esta raz\u00f3n<\/a><\/li>\n<\/ul>\n<p>&nbsp;<\/p>\n","protected":false},"excerpt":{"rendered":"<p>Para muchas marcas es importante tener algo pegajoso que decir, ya que la mayor\u00eda de las personas suelen relacionar las marcas con su logo o con alguna frase que los represente. Aparte, esto tiene un impacto en la mente que puede motivar a la compra. \u00bfQu\u00e9 es un eslogan publicitario? El eslogan es una frase [&hellip;]<\/p>\n","protected":false},"author":1,"featured_media":12669,"parent":0,"menu_order":0,"comment_status":"closed","ping_status":"closed","template":"","meta":{"inline_featured_image":false,"footnotes":""},"class_list":["post-1414","page","type-page","status-publish","has-post-thumbnail","hentry"],"_links":{"self":[{"href":"https:\/\/www.appyweb.es\/diccionario\/wp-json\/wp\/v2\/pages\/1414","targetHints":{"allow":["GET"]}}],"collection":[{"href":"https:\/\/www.appyweb.es\/diccionario\/wp-json\/wp\/v2\/pages"}],"about":[{"href":"https:\/\/www.appyweb.es\/diccionario\/wp-json\/wp\/v2\/types\/page"}],"author":[{"embeddable":true,"href":"https:\/\/www.appyweb.es\/diccionario\/wp-json\/wp\/v2\/users\/1"}],"replies":[{"embeddable":true,"href":"https:\/\/www.appyweb.es\/diccionario\/wp-json\/wp\/v2\/comments?post=1414"}],"version-history":[{"count":6,"href":"https:\/\/www.appyweb.es\/diccionario\/wp-json\/wp\/v2\/pages\/1414\/revisions"}],"predecessor-version":[{"id":12670,"href":"https:\/\/www.appyweb.es\/diccionario\/wp-json\/wp\/v2\/pages\/1414\/revisions\/12670"}],"wp:featuredmedia":[{"embeddable":true,"href":"https:\/\/www.appyweb.es\/diccionario\/wp-json\/wp\/v2\/media\/12669"}],"wp:attachment":[{"href":"https:\/\/www.appyweb.es\/diccionario\/wp-json\/wp\/v2\/media?parent=1414"}],"curies":[{"name":"wp","href":"https:\/\/api.w.org\/{rel}","templated":true}]}}