{"id":1432,"date":"2023-06-21T08:15:41","date_gmt":"2023-06-21T08:15:41","guid":{"rendered":"https:\/\/www.appyweb.es\/diccionario\/?page_id=1432"},"modified":"2024-03-28T12:30:26","modified_gmt":"2024-03-28T12:30:26","slug":"especialista-en-seo","status":"publish","type":"page","link":"https:\/\/www.appyweb.es\/diccionario\/especialista-en-seo\/","title":{"rendered":"Especialista en SEO"},"content":{"rendered":"<h1><img loading=\"lazy\" decoding=\"async\" class=\"alignnone  wp-image-12686\" src=\"https:\/\/www.appyweb.es\/diccionario\/wp-content\/uploads\/2024\/03\/EspecialistaEnSEO-300x180.jpg\" alt=\"Especialista en SEO\" width=\"1018\" height=\"611\" srcset=\"https:\/\/www.appyweb.es\/diccionario\/wp-content\/uploads\/2024\/03\/EspecialistaEnSEO-300x180.jpg 300w, https:\/\/www.appyweb.es\/diccionario\/wp-content\/uploads\/2024\/03\/EspecialistaEnSEO-768x461.jpg 768w, https:\/\/www.appyweb.es\/diccionario\/wp-content\/uploads\/2024\/03\/EspecialistaEnSEO.jpg 1000w\" sizes=\"auto, (max-width: 1018px) 100vw, 1018px\" \/><\/h1>\n<p>Las estrategias SEO u optimizaci\u00f3n para buscadores son t\u00e9cnicas que requieren de la ayuda de un verdadero experto, <strong>es por eso que existen los especialistas en SEO<\/strong>. Estos profesionales saben c\u00f3mo interpretar el algoritmo de los buscadores para posicionar el sitio web de una empresa de forma org\u00e1nica.<\/p>\n<h2>\u00bfQu\u00e9 es un especialista en SEO?<\/h2>\n<p>Es aquella persona que es capaz de emplear una mezcla de conocimientos y habilidades a favor del marketing digital, con el objetivo de lograr que una<a href=\"https:\/\/www.appyweb.es\/posicionamiento-web\/\"> empresa o p\u00e1gina se posicione y aumente sus ventas<\/a>. Sus funciones se enfocan en entender las tendencias de posicionamiento que se generan a partir de los cambios del algoritmo, as\u00ed como evaluar los resultados de las estrategias org\u00e1nicas para mejorar las t\u00e9cnicas.<\/p>\n<p>A parte de sus habilidades en marketing, este profesional tambi\u00e9n debe tener algunos conocimientos inform\u00e1ticos, <strong>de forma que pueda llevar a cabo modificaciones t\u00e9cnicas en el sitio web<\/strong>, de forma que la indexaci\u00f3n o evaluaci\u00f3n de los algoritmos de buscadores cubra con las expectativas.<\/p>\n<h2>\u00bfPara qu\u00e9 sirve un especialista SEO?<\/h2>\n<p>Estos expertos tienen la funci\u00f3n de posicionar un sitio web de empresa, con el objetivo de aumentar el tr\u00e1fico, el decir, la cantidad de visitas que recibe al mes. Usualmente, este profesional trabaja de la mano con el especialista en <a href=\"https:\/\/www.appyweb.es\/marketing-de-atraccion\/\">inbound marketing para captar posibles clientes<\/a> desde ese nivel de tr\u00e1fico.<\/p>\n<p>En este sentido, utilizan estrategias <em>on page<\/em>, que consiste en mejorar el sitio web desde adentro, utilizando t\u00e9cnicas con palabras clave, contenidos, usabilidad y velocidad de carga. Tambi\u00e9n emplean <em>off page<\/em>, <strong>son todas esas t\u00e9cnicas que se emplean para el buscador<\/strong>, fuera de la p\u00e1gina, implementando meta-etiquetas y estrategias de linkbuilding.<\/p>\n<h2>\u00bfCu\u00e1les son las funciones del especialista en SEO?<\/h2>\n<p>Como todo en el mundo, nada es est\u00e1tico, al igual que las cualidades que se requieren en un SEO. Estas han ido cambiando y avanzando de forma apresurada, incluyendo incluso an\u00e1lisis de Big Data o implementaci\u00f3n de otras estrategias de Data Science para posicionar mejor. En este sentido, estas son algunas funciones de este experto.<\/p>\n<ul>\n<li>Se orientan a la creaci\u00f3n de contenido<strong>, que cumpla con todos los aspectos t\u00e9cnicos para su posicionamiento<\/strong>.<\/li>\n<li>Deben conocer la forma ideal de utilizar las palabras claves, seg\u00fan su nivel de b\u00fasqueda o tendencias en Internet.<\/li>\n<li>Se encargan de orientar la estrategia del marketing en conjunto con los expertos en publicidad.<\/li>\n<li>Tambi\u00e9n trabajan en conjunto con el dise\u00f1ador web para construir una p\u00e1gina orientada al posicionamiento.<\/li>\n<\/ul>\n<h2>Formaci\u00f3n del especialista SEO<\/h2>\n<p>Naturalmente, debe tener un pre-grado como base, puede estar dirigido a las telecomunicaciones, publicidad, periodismo o inform\u00e1tica, lo importante es que <strong>tenga una base tanto en marketing como en aspectos t\u00e9cnicos<\/strong>. Posteriormente, debe especializarse con alg\u00fan curso o m\u00e1ster en posicionamiento web.<\/p>\n<p>Tambi\u00e9n existen algunas variantes que consisten en marketing para buscadores, donde la optimizaci\u00f3n org\u00e1nica no es su \u00fanica funci\u00f3n. Tambi\u00e9n contar\u00e1 con conocimientos en SEM o anuncios de pago, tanto en buscadores como en otros escenarios digitales.<\/p>\n<p><script type=\"application\/ld+json\">{\"@context\":\"https:\/\/schema.org\",\"@type\":\"FAQPage\",\"mainEntity\":[ \n{\"@type\":\"Question\",\"name\":\"\u00bfQu\u00e9 es un especialista en SEO?\",\"acceptedAnswer\":{\"@type\":\"Answer\",\"text\":\"<\/p>\n<p>Es aquella persona que es capaz de emplear una mezcla de conocimientos y habilidades a favor del marketing digital, con el objetivo de lograr que una<a href='https:\/\/www.appyweb.es\/posicionamiento-web\/'> empresa o p\u00e1gina se posicione y aumente sus ventas<\/a>. Sus funciones se enfocan en entender las tendencias de posicionamiento que se generan a partir de los cambios del algoritmo, as\u00ed como evaluar los resultados de las estrategias org\u00e1nicas para mejorar las t\u00e9cnicas.<\/p>\n<p>A parte de sus habilidades en marketing, este profesional tambi\u00e9n debe tener algunos conocimientos inform\u00e1ticos, <strong>de forma que pueda llevar a cabo modificaciones t\u00e9cnicas en el sitio web<\/strong>, de forma que la indexaci\u00f3n o evaluaci\u00f3n de los algoritmos de buscadores cubra con las expectativas.<\/p>\n<p>\"}},\n{\"@type\":\"Question\",\"name\":\"\u00bfPara qu\u00e9 sirve un especialista SEO?\",\"acceptedAnswer\":{\"@type\":\"Answer\",\"text\":\"<\/p>\n<p>Estos expertos tienen la funci\u00f3n de posicionar un sitio web de empresa, con el objetivo de aumentar el tr\u00e1fico, el decir, la cantidad de visitas que recibe al mes. Usualmente, este profesional trabaja de la mano con el especialista en <a href='https:\/\/www.appyweb.es\/marketing-de-atraccion\/'>inbound marketing para captar posibles clientes<\/a> desde ese nivel de tr\u00e1fico.<\/p>\n<p>En este sentido, utilizan estrategias <em>on page<\/em>, que consiste en mejorar el sitio web desde adentro, utilizando t\u00e9cnicas con palabras clave, contenidos, usabilidad y velocidad de carga. Tambi\u00e9n emplean <em>off page<\/em>, <strong>son todas esas t\u00e9cnicas que se emplean para el buscador<\/strong>, fuera de la p\u00e1gina, implementando meta-etiquetas y estrategias de linkbuilding.<\/p>\n<p>\"}},\n{\"@type\":\"Question\",\"name\":\"\u00bfCu\u00e1les son las funciones del especialista en SEO?\",\"acceptedAnswer\":{\"@type\":\"Answer\",\"text\":\"<\/p>\n<p>Como todo en el mundo, nada es est\u00e1tico, al igual que las cualidades que se requieren en un SEO. Estas han ido cambiando y avanzando de forma apresurada, incluyendo incluso an\u00e1lisis de Big Data o implementaci\u00f3n de otras estrategias de Data Science para posicionar mejor. En este sentido, estas son algunas funciones de este experto.<\/p>\n<\/p>\n<\/p>\n<ul>\n<\/p>\n<\/p>\n<li>Se orientan a la creaci\u00f3n de contenido<strong>, que cumpla con todos los aspectos t\u00e9cnicos para su posicionamiento<\/strong>.<\/li>\n<\/p>\n<\/p>\n<\/p>\n<li>Deben conocer la forma ideal de utilizar las palabras claves, seg\u00fan su nivel de b\u00fasqueda o tendencias en Internet.<\/li>\n<\/p>\n<\/p>\n<\/p>\n<li>Se encargan de orientar la estrategia del marketing en conjunto con los expertos en publicidad.<\/li>\n<\/p>\n<\/p>\n<\/p>\n<li>Tambi\u00e9n trabajan en conjunto con el dise\u00f1ador web para construir una p\u00e1gina orientada al posicionamiento.<\/li>\n<\/p>\n<\/ul>\n<\/p>\n<p>\"}},\n{\"@type\":\"Question\",\"name\":\"Formaci\u00f3n del especialista SEO\",\"acceptedAnswer\":{\"@type\":\"Answer\",\"text\":\"<\/p>\n<p>Naturalmente, debe tener un pre-grado como base, puede estar dirigido a las telecomunicaciones, publicidad, periodismo o inform\u00e1tica, lo importante es que <strong>tenga una base tanto en marketing como en aspectos t\u00e9cnicos<\/strong>. Posteriormente, debe especializarse con alg\u00fan curso o m\u00e1ster en posicionamiento web.<\/p>\n<p>Tambi\u00e9n existen algunas variantes que consisten en marketing para buscadores, donde la optimizaci\u00f3n org\u00e1nica no es su \u00fanica funci\u00f3n. Tambi\u00e9n contar\u00e1 con conocimientos en SEM o anuncios de pago, tanto en buscadores como en otros escenarios digitales.<\/p>\n<p>\"}}\n]}<\/script><\/p>\n<h2>M\u00e1s informaci\u00f3n sobre especialista SEO<\/h2>\n<p>\u00bfTienes pensado contratar uno de estos para posicionar mejor? Entonces debes saber que <strong>se complementan muy bien con los expertos en SEM<\/strong>, aqu\u00ed tienes un link al t\u00e9rmino. En el segundo enlace puedes ver cu\u00e1les t\u00e9cnicas utilizan en off page.<\/p>\n<ul>\n<li><a href=\"https:\/\/www.appyweb.es\/diccionario\/especialistas-sem\/\">\u00bfQu\u00e9 son los especialistas SEM y para qu\u00e9 sirven?<\/a><\/li>\n<li><a href=\"https:\/\/www.puromarketing.com\/8\/34372\/especialistas-seo-creen-creacion-contenidos-mejor-tecnica-linkbuilding.html\" rel=\"nofollow noopener\" target=\"_blank\">Los especialistas en SEO creen que la creaci\u00f3n de contenidos es la mejor t\u00e9cnica de link-building<\/a><\/li>\n<\/ul>\n<p>&nbsp;<\/p>\n","protected":false},"excerpt":{"rendered":"<p>Las estrategias SEO u optimizaci\u00f3n para buscadores son t\u00e9cnicas que requieren de la ayuda de un verdadero experto, es por eso que existen los especialistas en SEO. Estos profesionales saben c\u00f3mo interpretar el algoritmo de los buscadores para posicionar el sitio web de una empresa de forma org\u00e1nica. \u00bfQu\u00e9 es un especialista en SEO? Es [&hellip;]<\/p>\n","protected":false},"author":1,"featured_media":12686,"parent":0,"menu_order":0,"comment_status":"closed","ping_status":"closed","template":"","meta":{"inline_featured_image":false,"footnotes":""},"class_list":["post-1432","page","type-page","status-publish","has-post-thumbnail","hentry"],"_links":{"self":[{"href":"https:\/\/www.appyweb.es\/diccionario\/wp-json\/wp\/v2\/pages\/1432","targetHints":{"allow":["GET"]}}],"collection":[{"href":"https:\/\/www.appyweb.es\/diccionario\/wp-json\/wp\/v2\/pages"}],"about":[{"href":"https:\/\/www.appyweb.es\/diccionario\/wp-json\/wp\/v2\/types\/page"}],"author":[{"embeddable":true,"href":"https:\/\/www.appyweb.es\/diccionario\/wp-json\/wp\/v2\/users\/1"}],"replies":[{"embeddable":true,"href":"https:\/\/www.appyweb.es\/diccionario\/wp-json\/wp\/v2\/comments?post=1432"}],"version-history":[{"count":6,"href":"https:\/\/www.appyweb.es\/diccionario\/wp-json\/wp\/v2\/pages\/1432\/revisions"}],"predecessor-version":[{"id":12687,"href":"https:\/\/www.appyweb.es\/diccionario\/wp-json\/wp\/v2\/pages\/1432\/revisions\/12687"}],"wp:featuredmedia":[{"embeddable":true,"href":"https:\/\/www.appyweb.es\/diccionario\/wp-json\/wp\/v2\/media\/12686"}],"wp:attachment":[{"href":"https:\/\/www.appyweb.es\/diccionario\/wp-json\/wp\/v2\/media?parent=1432"}],"curies":[{"name":"wp","href":"https:\/\/api.w.org\/{rel}","templated":true}]}}