{"id":144,"date":"2023-06-19T13:34:20","date_gmt":"2023-06-19T13:34:20","guid":{"rendered":"https:\/\/www.appyweb.es\/diccionario\/?page_id=144"},"modified":"2024-02-19T08:40:51","modified_gmt":"2024-02-19T08:40:51","slug":"anuncios-trueview","status":"publish","type":"page","link":"https:\/\/www.appyweb.es\/diccionario\/anuncios-trueview\/","title":{"rendered":"Anuncios Trueview"},"content":{"rendered":"<p><img loading=\"lazy\" decoding=\"async\" class=\"wp-image-11157 aligncenter\" src=\"https:\/\/www.appyweb.es\/diccionario\/wp-content\/uploads\/2024\/02\/16622057_5767415_11zon-300x300.jpg\" alt=\"Definici\u00f3n de Anuncio TrueView en el Diccionario Online\" width=\"600\" height=\"600\" srcset=\"https:\/\/www.appyweb.es\/diccionario\/wp-content\/uploads\/2024\/02\/16622057_5767415_11zon-300x300.jpg 300w, https:\/\/www.appyweb.es\/diccionario\/wp-content\/uploads\/2024\/02\/16622057_5767415_11zon-1024x1024.jpg 1024w, https:\/\/www.appyweb.es\/diccionario\/wp-content\/uploads\/2024\/02\/16622057_5767415_11zon-150x150.jpg 150w, https:\/\/www.appyweb.es\/diccionario\/wp-content\/uploads\/2024\/02\/16622057_5767415_11zon-768x768.jpg 768w, https:\/\/www.appyweb.es\/diccionario\/wp-content\/uploads\/2024\/02\/16622057_5767415_11zon-1536x1536.jpg 1536w, https:\/\/www.appyweb.es\/diccionario\/wp-content\/uploads\/2024\/02\/16622057_5767415_11zon.jpg 1560w\" sizes=\"auto, (max-width: 600px) 100vw, 600px\" \/><\/p>\n<p>No son m\u00e1s que\u00a0<strong>publicidades en forma de v\u00eddeo<\/strong>\u00a0donde se busca llamar la atenci\u00f3n de los usuarios en pocos segundos, principalmente para promocionar un producto o servicio.<br \/>\nEn el lenguaje de marketing digital esto se conoce como Anuncios Trueview.<\/p>\n<h2>\u00bfQu\u00e9 es un anuncio trueview?<\/h2>\n<p>Son un formato de <a href=\"https:\/\/www.appyweb.es\/youtube-ads\/\">v\u00eddeos publicitarios<\/a> que se muestran en YouTube o en aplicaciones en la red de display de Google, su principal caracter\u00edstica es que el consumidor o usuario puede elegir verlo o no despu\u00e9s de transcurridos 5 segundos.<\/p>\n<p>El contenido de la publicidad est\u00e1 enmarcado dentro de las preferencias del consumidor.<br \/>\nPor ejemplo, si el usuario realiz\u00f3 una b\u00fasqueda de un v\u00eddeo en YouTube sobre alimentos, hay una mayor probabilidad de que se muestre una publicidad con art\u00edculos o productos de cocina.<\/p>\n<p>Estos solo son pagados por el anunciante si el consumidor decide ver la publicidad pasado los 5 segundos. Esto hace que el rendimiento para el comerciante sea alto.<\/p>\n<p>El dise\u00f1o debe ser atractivo y que capte la atenci\u00f3n del usuario en los primeros segundos, para que el consumidor se enganche con la publicidad y vea completa la publicidad del producto o servicio.<br \/>\nAs\u00ed existen m\u00e1s probabilidades de conversi\u00f3n y se pueda lograr una venta.<\/p>\n<h2>\u00bfPara qu\u00e9 sirve un anuncio trueview?<\/h2>\n<p><strong>Son utilizados para posicionar una marca<\/strong>, servicio o producto.<br \/>\nComo es una publicidad donde el consumidor elige verla de forma voluntaria, asegura al comerciante que solo va a pagar por los <a href=\"https:\/\/www.appyweb.es\/social-media-manager\/\">consumidores que se interesen en el producto<\/a>, por lo que la inversi\u00f3n a nivel comercial es muy atractiva.<\/p>\n<p>En cuanto al beneficio para el p\u00fablico, aparte de que pueden ver de forma interactiva los productos o servicios que le interesan, evitan la publicidad invasiva que en oportunidades se vuelve repetitiva y molesta.<\/p>\n<h2>\u00bfCu\u00e1nto cuestan los anuncios trueview?<\/h2>\n<p>Para realizar una campa\u00f1a publicitaria en YouTube es necesario tener en cuenta el tipo de publicidad que se quiere contratar.<br \/>\nEn este caso existen dos alternativas, las opciones dentro de los videos, tambi\u00e9n conocida como in-display, y los sugeridos por b\u00fasqueda, tambi\u00e9n conocidos como in-search.<\/p>\n<p>Los primeros suelen tener un precio de hasta 0,30 $, dependiendo de la duraci\u00f3n de la publicidad y la frecuencia de aparici\u00f3n.<br \/>\nMientras que la segunda alternativa puede tener un precio m\u00e1s bajo, pero esto depender\u00e1 del valor del volumen de b\u00fasqueda de las palabras clave.<br \/>\nPor ejemplo, si se quiere posicionar un v\u00eddeo de \u201chelados de fruta\u201d se debe considerar cu\u00e1ntas veces es buscada esa frase al mes, seg\u00fan la audiencia y otras caracter\u00edsticas.<\/p>\n<h2>Ejemplo de anuncios trueview<\/h2>\n<p>Ver un ejemplo de este formato es muy f\u00e1cil, ya que con solo entrar a YouTube y abrir cualquier v\u00eddeo aparecer\u00e1 un v\u00eddeo publicitario.<br \/>\nSe entiende que se trata de una publicidad porque tiene un <strong>contador del 5 al 0 en la esquina inferior derecha del v\u00eddeo, que contabilizan los segundos que faltan para saltarlo.<\/strong><br \/>\nAlgunos formatos tambi\u00e9n cuentan con un aviso en el borde del v\u00eddeo que indica que se trata de una \u201cpromoci\u00f3n\u201d.<\/p>\n<p>En cuanto a los formatos in-search se pueden observar en la primera posici\u00f3n de los resultados de b\u00fasqueda, tambi\u00e9n con una etiqueta de \u201cpromocionado\u201d.<br \/>\nIgualmente, en la versi\u00f3n m\u00f3vil de YouTube tambi\u00e9n hay una secci\u00f3n especial en la p\u00e1gina de resultados que muestran v\u00eddeos sugeridos, que tambi\u00e9n pueden contener publicidad posicionada.<br \/>\nAqu\u00ed hay una imagen alusiva.<br \/>\n<script type=\"application\/ld+json\">{\"@context\":\"https:\/\/schema.org\",\"@type\":\"FAQPage\",\"mainEntity\":[ \n{\"@type\":\"Question\",\"name\":\"\u00bfQu\u00e9 es un anuncio trueview?\",\"acceptedAnswer\":{\"@type\":\"Answer\",\"text\":\"Son un formato de v\u00eddeos publicitarios que se muestran en YouTube o en aplicaciones en la red de display de Google, su principal caracter\u00edstica es que el consumidor o usuario puede elegir verlo o no despu\u00e9s de transcurridos 5 segundos.<\/p>\n<p>El contenido de la publicidad est\u00e1 enmarcado dentro de las preferencias del consumidor.\nPor ejemplo, si el usuario realiz\u00f3 una b\u00fasqueda de un v\u00eddeo en YouTube sobre alimentos, hay una mayor probabilidad de que se muestre una publicidad con art\u00edculos o productos de cocina.<\/p>\n<p>Estos solo son pagados por el anunciante si el consumidor decide ver la publicidad pasado los 5 segundos. Esto hace que el rendimiento para el comerciante sea alto.<\/p>\n<p>El dise\u00f1o debe ser atractivo y que capte la atenci\u00f3n del usuario en los primeros segundos, para que el consumidor se enganche con la publicidad y vea completa la publicidad del producto o servicio.\nAs\u00ed existen m\u00e1s probabilidades de conversi\u00f3n y se pueda lograr una venta.\"}},\n{\"@type\":\"Question\",\"name\":\"\u00bfPara qu\u00e9 sirve un anuncio trueview?\",\"acceptedAnswer\":{\"@type\":\"Answer\",\"text\":\"Son utilizados para posicionar una marca, servicio o producto.\nComo es una publicidad donde el consumidor elige verla de forma voluntaria, asegura al comerciante que solo va a pagar por los consumidores que se interesen en el producto, por lo que la inversi\u00f3n a nivel comercial es muy atractiva.<\/p>\n<p>En cuanto al beneficio para el p\u00fablico, aparte de que pueden ver de forma interactiva los productos o servicios que le interesan, evitan la publicidad invasiva que en oportunidades se vuelve repetitiva y molesta.\"}},\n{\"@type\":\"Question\",\"name\":\"\u00bfCu\u00e1nto cuestan los anuncios trueview?\",\"acceptedAnswer\":{\"@type\":\"Answer\",\"text\":\"Para realizar una campa\u00f1a publicitaria en YouTube es necesario tener en cuenta el tipo de publicidad que se quiere contratar.\nEn este caso existen dos alternativas, las opciones dentro de los videos, tambi\u00e9n conocida como in-display, y los sugeridos por b\u00fasqueda, tambi\u00e9n conocidos como in-search.<\/p>\n<p>Los primeros suelen tener un precio de hasta 0,30 $, dependiendo de la duraci\u00f3n de la publicidad y la frecuencia de aparici\u00f3n.\nMientras que la segunda alternativa puede tener un precio m\u00e1s bajo, pero esto depender\u00e1 del valor del volumen de b\u00fasqueda de las palabras clave.\nPor ejemplo, si se quiere posicionar un v\u00eddeo de \u201chelados de fruta\u201d se debe considerar cu\u00e1ntas veces es buscada esa frase al mes, seg\u00fan la audiencia y otras caracter\u00edsticas.\n\"}},\n{\"@type\":\"Question\",\"name\":\"Ejemplo de anuncios trueview\",\"acceptedAnswer\":{\"@type\":\"Answer\",\"text\":\"Ver un ejemplo de este formato es muy f\u00e1cil, ya que con solo entrar a YouTube y abrir cualquier v\u00eddeo aparecer\u00e1 un v\u00eddeo publicitario.\nSe entiende que se trata de una publicidad porque tiene un contador del 5 al 0 en la esquina inferior derecha del v\u00eddeo, que contabilizan los segundos que faltan para saltarlo.\nAlgunos formatos tambi\u00e9n cuentan con un aviso en el borde del v\u00eddeo que indica que se trata de una \u201cpromoci\u00f3n\u201d.<\/p>\n<p>En cuanto a los formatos in-search se pueden observar en la primera posici\u00f3n de los resultados de b\u00fasqueda, tambi\u00e9n con una etiqueta de \u201cpromocionado\u201d.\nIgualmente, en la versi\u00f3n m\u00f3vil de YouTube tambi\u00e9n hay una secci\u00f3n especial en la p\u00e1gina de resultados que muestran v\u00eddeos sugeridos, que tambi\u00e9n pueden contener publicidad posicionada.\nAqu\u00ed hay una imagen alusiva.\"}}\n]}<\/script><br \/>\n<img decoding=\"async\" src=\"https:\/\/www.appyweb.es\/wp-content\/uploads\/2020\/08\/anuncio-trueview.jpg\" alt=\"anuncio-trueview-youtube\" \/><\/p>\n<p>&nbsp;<\/p>\n<h2><span id=\"%F0%9F%93%8CMas_informacion_sobre_anuncios_trueview\" class=\"ez-toc-section\"><\/span>M\u00e1s informaci\u00f3n sobre anuncios trueview<\/h2>\n<ul>\n<li><a href=\"https:\/\/www.appyweb.es\/diccionario\/youtube\/\">\u00bfQu\u00e9 es YouTube y para qu\u00e9 sirve?<\/a><\/li>\n<li><a href=\"https:\/\/support.google.com\/google-ads\/answer\/9128498?hl=es-419&amp;ref_topic=3119118\" rel=\"nofollow noopener\" target=\"_blank\">Utilice videos cuadrados y verticales para atraer a los clientes que utilizan dispositivos m\u00f3viles<\/a>.<\/li>\n<\/ul>\n<p>&nbsp;<\/p>\n","protected":false},"excerpt":{"rendered":"<p>No son m\u00e1s que\u00a0publicidades en forma de v\u00eddeo\u00a0donde se busca llamar la atenci\u00f3n de los usuarios en pocos segundos, principalmente para promocionar un producto o servicio. En el lenguaje de marketing digital esto se conoce como Anuncios Trueview. \u00bfQu\u00e9 es un anuncio trueview? Son un formato de v\u00eddeos publicitarios que se muestran en YouTube o [&hellip;]<\/p>\n","protected":false},"author":1,"featured_media":11157,"parent":0,"menu_order":0,"comment_status":"closed","ping_status":"closed","template":"","meta":{"inline_featured_image":false,"footnotes":""},"class_list":["post-144","page","type-page","status-publish","has-post-thumbnail","hentry"],"_links":{"self":[{"href":"https:\/\/www.appyweb.es\/diccionario\/wp-json\/wp\/v2\/pages\/144","targetHints":{"allow":["GET"]}}],"collection":[{"href":"https:\/\/www.appyweb.es\/diccionario\/wp-json\/wp\/v2\/pages"}],"about":[{"href":"https:\/\/www.appyweb.es\/diccionario\/wp-json\/wp\/v2\/types\/page"}],"author":[{"embeddable":true,"href":"https:\/\/www.appyweb.es\/diccionario\/wp-json\/wp\/v2\/users\/1"}],"replies":[{"embeddable":true,"href":"https:\/\/www.appyweb.es\/diccionario\/wp-json\/wp\/v2\/comments?post=144"}],"version-history":[{"count":11,"href":"https:\/\/www.appyweb.es\/diccionario\/wp-json\/wp\/v2\/pages\/144\/revisions"}],"predecessor-version":[{"id":11242,"href":"https:\/\/www.appyweb.es\/diccionario\/wp-json\/wp\/v2\/pages\/144\/revisions\/11242"}],"wp:featuredmedia":[{"embeddable":true,"href":"https:\/\/www.appyweb.es\/diccionario\/wp-json\/wp\/v2\/media\/11157"}],"wp:attachment":[{"href":"https:\/\/www.appyweb.es\/diccionario\/wp-json\/wp\/v2\/media?parent=144"}],"curies":[{"name":"wp","href":"https:\/\/api.w.org\/{rel}","templated":true}]}}