{"id":1445,"date":"2023-06-21T08:20:53","date_gmt":"2023-06-21T08:20:53","guid":{"rendered":"https:\/\/www.appyweb.es\/diccionario\/?page_id=1445"},"modified":"2024-03-28T14:43:53","modified_gmt":"2024-03-28T14:43:53","slug":"estrategia-contenidos","status":"publish","type":"page","link":"https:\/\/www.appyweb.es\/diccionario\/estrategia-contenidos\/","title":{"rendered":"Estrategia de contenidos"},"content":{"rendered":"<h1><img loading=\"lazy\" decoding=\"async\" class=\"alignnone wp-image-12729\" src=\"https:\/\/www.appyweb.es\/diccionario\/wp-content\/uploads\/2024\/03\/Estrategiadecontenidos-300x180.jpg\" alt=\"Estrategia de contenidos\" width=\"980\" height=\"588\" srcset=\"https:\/\/www.appyweb.es\/diccionario\/wp-content\/uploads\/2024\/03\/Estrategiadecontenidos-300x180.jpg 300w, https:\/\/www.appyweb.es\/diccionario\/wp-content\/uploads\/2024\/03\/Estrategiadecontenidos-768x461.jpg 768w, https:\/\/www.appyweb.es\/diccionario\/wp-content\/uploads\/2024\/03\/Estrategiadecontenidos.jpg 1000w\" sizes=\"auto, (max-width: 980px) 100vw, 980px\" \/><\/h1>\n<p>Antes de lanzar una publicaci\u00f3n en un sitio web o en cualquier tipo de plataforma es importante panificar, crear y evaluar la efectividad de la propuesta, que bien puede ser un post escrito, un v\u00eddeo, infograf\u00eda o podcast. <strong>A este proceso se le conoce como estrategia de contenidos<\/strong> y forma parte importante de metodolog\u00edas como el inbound marketing.<\/p>\n<h2>\u00bfQu\u00e9 es la estrategia de contenidos?<\/h2>\n<p>Es la acci\u00f3n de planificar, desarrollar y gestionar los post o publicaciones de una marca en Internet, es un <a href=\"https:\/\/www.appyweb.es\/marketing-de-contenidos\/\">pilar b\u00e1sico del marketing de contenidos<\/a>. Se utiliza normalmente <strong>durante la planificaci\u00f3n de nuevas campa\u00f1as<\/strong> y abarca otras disciplinas como la utilizaci\u00f3n de herramientas de gesti\u00f3n, an\u00e1lisis y evaluaci\u00f3n de posicionamiento, etc.<\/p>\n<p>Asimismo, cuenta con gran importancia en metodolog\u00edas como el inbound marketing, ya que permite desarrollar t\u00e9cnicas de atracci\u00f3n que sean poco invasivas para el usuario, con el objetivo de convertirlo u obtener sus datos personales, para despu\u00e9s dar paso a una nueva etapa para la venta. Igualmente, <strong>esta planificaci\u00f3n se desarrolla en todo lo largo del embudo de ventas<\/strong>, de forma que la marca desarrolle un sistema de marketing digital m\u00ednimamente invasivo y que atraiga clientes de calidad.<\/p>\n<h2>\u00bfPara qu\u00e9 sirve?<\/h2>\n<p>Juega un papel importante al momento de producir formatos de alta calidad para el p\u00fablico, lo que permite que los usuarios no solo encuentren satisfacci\u00f3n al encontrar informaci\u00f3n que estaban buscando, sino que tambi\u00e9n se sientan interesados por la marca y den el siguiente paso por ellos mismos. <strong>Las estrategias de contenidos pueden planificarse tanto para posicionar en buscadores<\/strong>, como para desarrollar campa\u00f1as de atracci\u00f3n en redes sociales.<\/p>\n<p>Igualmente, sus ventajas no solo se aplican al usuario, sino tambi\u00e9n a los <a href=\"https:\/\/www.appyweb.es\/posicionamiento-web\/\">objetivos del posicionamiento web<\/a>, mientras m\u00e1s optimizados est\u00e9n dichos formatos, m\u00e1s probabilidades tienen de escalar posiciones en la p\u00e1gina de resultados. Esto permite captar un mayor nivel tr\u00e1fico que ser\u00e1 sustancial para desarrollar otras t\u00e9cnicas.<\/p>\n<h2>\u00bfC\u00f3mo crear una estrategia de contenidos?<\/h2>\n<ul>\n<li>Lo primero es investigar y llevar a cabo t\u00e9cnicas de an\u00e1lisis, especialmente para entender los intereses y h\u00e1bitos de los usuarios, as\u00ed como de la competencia.<\/li>\n<li>Despu\u00e9s se definen los objetivos, <strong>estos estar\u00e1n relacionados con la etapa o el nivel en el embudo<\/strong>.<\/li>\n<li>Seguidamente se segmenta la audiencia, es decir, cu\u00e1l es la audiencia espec\u00edfica al cual estar\u00e1 dirigido.<\/li>\n<li>Se seleccionan los formatos a utilizar, bien sea texto, v\u00eddeo o im\u00e1genes, depender\u00e1 de la plataformas e intereses de los usuarios.<\/li>\n<li>Al producir los formatos, se establece la t\u00e9cnica de difusi\u00f3n, es decir, <strong>la planificaci\u00f3n de horarios de lanzamiento<\/strong>, anuncios, entre otros.<\/li>\n<li>Finalmente, se monitorizan los resultados y se establecen qu\u00e9 tan efectiva fue la t\u00e9cnica seg\u00fan los objetivos planteados.<\/li>\n<li>Tambi\u00e9n se corrigen posibles errores para el futuro o se tienen en cuenta patrones positivos durante dichas campa\u00f1as.<\/li>\n<\/ul>\n<h2>Ejemplo de estrategias de contenidos<\/h2>\n<p>Actualmente, existe una t\u00e9cnica de marketing basado en podcast que le est\u00e1 dando muy buenos resultados a Netflix. La transmisi\u00f3n se llama \u00abNada que ver\u00bb y est\u00e1 disponible en Spotify. Consiste en una charla amena entre tres conductores reconocidos en Latinoam\u00e9rica, Luis Pablo Beauregard, Mariana Linares y Trino Camacho, donde hablan sobre nuevas series y pel\u00edculas disponibles en la plataforma.<\/p>\n<p>Este nuevo formato dirigido a los hispanohablantes que \u00abno tienen nada que ver\u00bb en Netflix cuenta con <strong>una t\u00e9cnica de engagement o fidelizaci\u00f3n muy importante para la marca<\/strong> en esta parte del mundo.<\/p>\n<p><script type=\"application\/ld+json\">{\"@context\":\"https:\/\/schema.org\",\"@type\":\"FAQPage\",\"mainEntity\":[ \n{\"@type\":\"Question\",\"name\":\"\u00bfQu\u00e9 es la estrategia de contenidos?\",\"acceptedAnswer\":{\"@type\":\"Answer\",\"text\":\"<\/p>\n<p>Es la acci\u00f3n de planificar, desarrollar y gestionar los post o publicaciones de una marca en Internet, es un <a href='https:\/\/www.appyweb.es\/marketing-de-contenidos\/'>pilar b\u00e1sico del marketing de contenidos<\/a>. Se utiliza normalmente <strong>durante la planificaci\u00f3n de nuevas campa\u00f1as<\/strong> y abarca otras disciplinas como la utilizaci\u00f3n de herramientas de gesti\u00f3n, an\u00e1lisis y evaluaci\u00f3n de posicionamiento, etc.<\/p>\n<p>Asimismo, cuenta con gran importancia en metodolog\u00edas como el inbound marketing, ya que permite desarrollar t\u00e9cnicas de atracci\u00f3n que sean poco invasivas para el usuario, con el objetivo de convertirlo u obtener sus datos personales, para despu\u00e9s dar paso a una nueva etapa para la venta. Igualmente, <strong>esta planificaci\u00f3n se desarrolla en todo lo largo del embudo de ventas<\/strong>, de forma que la marca desarrolle un sistema de marketing digital m\u00ednimamente invasivo y que atraiga clientes de calidad.<\/p>\n<p>\"}},\n{\"@type\":\"Question\",\"name\":\"\u00bfPara qu\u00e9 sirve?\",\"acceptedAnswer\":{\"@type\":\"Answer\",\"text\":\"<\/p>\n<p>Juega un papel importante al momento de producir formatos de alta calidad para el p\u00fablico, lo que permite que los usuarios no solo encuentren satisfacci\u00f3n al encontrar informaci\u00f3n que estaban buscando, sino que tambi\u00e9n se sientan interesados por la marca y den el siguiente paso por ellos mismos. <strong>Las estrategias de contenidos pueden planificarse tanto para posicionar en buscadores<\/strong>, como para desarrollar campa\u00f1as de atracci\u00f3n en redes sociales.<\/p>\n<p>Igualmente, sus ventajas no solo se aplican al usuario, sino tambi\u00e9n a los <a href='https:\/\/www.appyweb.es\/posicionamiento-web\/'>objetivos del posicionamiento web<\/a>, mientras m\u00e1s optimizados est\u00e9n dichos formatos, m\u00e1s probabilidades tienen de escalar posiciones en la p\u00e1gina de resultados. Esto permite captar un mayor nivel tr\u00e1fico que ser\u00e1 sustancial para desarrollar otras t\u00e9cnicas.<\/p>\n<p>\"}},\n{\"@type\":\"Question\",\"name\":\"\u00bfC\u00f3mo crear una estrategia de contenidos?\",\"acceptedAnswer\":{\"@type\":\"Answer\",\"text\":\"<\/p>\n<\/p>\n<\/p>\n<\/p>\n<\/p>\n<ul>\n<\/p>\n<\/p>\n<\/p>\n<\/p>\n<li>Lo primero es investigar y llevar a cabo t\u00e9cnicas de an\u00e1lisis, especialmente para entender los intereses y h\u00e1bitos de los usuarios, as\u00ed como de la competencia.<\/li>\n<\/p>\n<\/p>\n<\/p>\n<\/p>\n<\/p>\n<\/p>\n<\/p>\n<li>Despu\u00e9s se definen los objetivos, <strong>estos estar\u00e1n relacionados con la etapa o el nivel en el embudo<\/strong>.<\/li>\n<\/p>\n<\/p>\n<\/p>\n<\/p>\n<\/p>\n<\/p>\n<\/p>\n<li>Seguidamente se segmenta la audiencia, es decir, cu\u00e1l es la audiencia espec\u00edfica al cual estar\u00e1 dirigido.<\/li>\n<\/p>\n<\/p>\n<\/p>\n<\/p>\n<\/p>\n<\/p>\n<\/p>\n<li>Se seleccionan los formatos a utilizar, bien sea texto, v\u00eddeo o im\u00e1genes, depender\u00e1 de la plataformas e intereses de los usuarios.<\/li>\n<\/p>\n<\/p>\n<\/p>\n<\/p>\n<\/p>\n<\/p>\n<\/p>\n<li>Al producir los formatos, se establece la t\u00e9cnica de difusi\u00f3n, es decir, <strong>la planificaci\u00f3n de horarios de lanzamiento<\/strong>, anuncios, entre otros.<\/li>\n<\/p>\n<\/p>\n<\/p>\n<\/p>\n<\/p>\n<\/p>\n<\/p>\n<li>Finalmente, se monitorizan los resultados y se establecen qu\u00e9 tan efectiva fue la t\u00e9cnica seg\u00fan los objetivos planteados.<\/li>\n<\/p>\n<\/p>\n<\/p>\n<\/p>\n<\/p>\n<\/p>\n<\/p>\n<li>Tambi\u00e9n se corrigen posibles errores para el futuro o se tienen en cuenta patrones positivos durante dichas campa\u00f1as.<\/li>\n<\/p>\n<\/p>\n<\/p>\n<\/ul>\n<\/p>\n<\/p>\n<\/p>\n<p>\"}},\n{\"@type\":\"Question\",\"name\":\"Ejemplo de estrategias de contenidos\",\"acceptedAnswer\":{\"@type\":\"Answer\",\"text\":\"<\/p>\n<p>Actualmente, existe una t\u00e9cnica de marketing basado en podcast que le est\u00e1 dando muy buenos resultados a Netflix. La transmisi\u00f3n se llama 'Nada que ver' y est\u00e1 disponible en Spotify. Consiste en una charla amena entre tres conductores reconocidos en Latinoam\u00e9rica, Luis Pablo Beauregard, Mariana Linares y Trino Camacho, donde hablan sobre nuevas series y pel\u00edculas disponibles en la plataforma.<\/p>\n<p>Este nuevo formato dirigido a los hispanohablantes que 'no tienen nada que ver' en Netflix cuenta con <strong>una t\u00e9cnica de engagement o fidelizaci\u00f3n muy importante para la marca<\/strong> en esta parte del mundo.<\/p>\n<p>\"}}\n]}<\/script><\/p>\n<h2>M\u00e1s informaci\u00f3n sobre estrategias de contenidos<\/h2>\n<p>Al principio puede parecer dif\u00edcil planificar \u00e9stas t\u00e9cnicas, pero vale la pena tener m\u00e1s informaci\u00f3n al respecto porque recuerda que <em>el contenido es el rey<\/em>, as\u00ed que lo vas a necesitas as\u00ed no quieras. Aqu\u00ed te dejamos un par de enlaces que te ayudar\u00e1n durante esta planificaci\u00f3n.<\/p>\n<ul>\n<li><a href=\"https:\/\/www.appyweb.es\/7-estrategias-top-promocionar-blog\/\">7 estrategias top para promocionar tu blog<\/a><\/li>\n<li><a href=\"https:\/\/es.wikipedia.org\/wiki\/Estrategia_de_contenidos#Evoluci%C3%B3n_y_tendencias\" rel=\"nofollow noopener\" target=\"_blank\">Evoluci\u00f3n y tendencias de las estrategias de contenidos<\/a><\/li>\n<\/ul>\n<p>&nbsp;<\/p>\n","protected":false},"excerpt":{"rendered":"<p>Antes de lanzar una publicaci\u00f3n en un sitio web o en cualquier tipo de plataforma es importante panificar, crear y evaluar la efectividad de la propuesta, que bien puede ser un post escrito, un v\u00eddeo, infograf\u00eda o podcast. A este proceso se le conoce como estrategia de contenidos y forma parte importante de metodolog\u00edas como [&hellip;]<\/p>\n","protected":false},"author":1,"featured_media":12729,"parent":0,"menu_order":0,"comment_status":"closed","ping_status":"closed","template":"","meta":{"inline_featured_image":false,"footnotes":""},"class_list":["post-1445","page","type-page","status-publish","has-post-thumbnail","hentry"],"_links":{"self":[{"href":"https:\/\/www.appyweb.es\/diccionario\/wp-json\/wp\/v2\/pages\/1445","targetHints":{"allow":["GET"]}}],"collection":[{"href":"https:\/\/www.appyweb.es\/diccionario\/wp-json\/wp\/v2\/pages"}],"about":[{"href":"https:\/\/www.appyweb.es\/diccionario\/wp-json\/wp\/v2\/types\/page"}],"author":[{"embeddable":true,"href":"https:\/\/www.appyweb.es\/diccionario\/wp-json\/wp\/v2\/users\/1"}],"replies":[{"embeddable":true,"href":"https:\/\/www.appyweb.es\/diccionario\/wp-json\/wp\/v2\/comments?post=1445"}],"version-history":[{"count":7,"href":"https:\/\/www.appyweb.es\/diccionario\/wp-json\/wp\/v2\/pages\/1445\/revisions"}],"predecessor-version":[{"id":12731,"href":"https:\/\/www.appyweb.es\/diccionario\/wp-json\/wp\/v2\/pages\/1445\/revisions\/12731"}],"wp:featuredmedia":[{"embeddable":true,"href":"https:\/\/www.appyweb.es\/diccionario\/wp-json\/wp\/v2\/media\/12729"}],"wp:attachment":[{"href":"https:\/\/www.appyweb.es\/diccionario\/wp-json\/wp\/v2\/media?parent=1445"}],"curies":[{"name":"wp","href":"https:\/\/api.w.org\/{rel}","templated":true}]}}