{"id":1450,"date":"2023-06-21T08:23:29","date_gmt":"2023-06-21T08:23:29","guid":{"rendered":"https:\/\/www.appyweb.es\/diccionario\/?page_id=1450"},"modified":"2024-03-28T15:49:02","modified_gmt":"2024-03-28T15:49:02","slug":"etiqueta-canonical","status":"publish","type":"page","link":"https:\/\/www.appyweb.es\/diccionario\/etiqueta-canonical\/","title":{"rendered":"Etiqueta Canonical"},"content":{"rendered":"<h1><img loading=\"lazy\" decoding=\"async\" class=\"alignnone  wp-image-12769\" src=\"https:\/\/www.appyweb.es\/diccionario\/wp-content\/uploads\/2024\/03\/EtiquetaCanonical-300x180.jpg\" alt=\"Etiqueta Canonical\" width=\"968\" height=\"581\" srcset=\"https:\/\/www.appyweb.es\/diccionario\/wp-content\/uploads\/2024\/03\/EtiquetaCanonical-300x180.jpg 300w, https:\/\/www.appyweb.es\/diccionario\/wp-content\/uploads\/2024\/03\/EtiquetaCanonical-768x461.jpg 768w, https:\/\/www.appyweb.es\/diccionario\/wp-content\/uploads\/2024\/03\/EtiquetaCanonical.jpg 1000w\" sizes=\"auto, (max-width: 968px) 100vw, 968px\" \/><\/h1>\n<p>Se trata de un c\u00f3digo que puede <strong>mejorar los resultados de indexaci\u00f3n para los motores de b\u00fasqu<\/strong>eda, m\u00e1s espec\u00edficamente, una <em>etiqueta canonical<\/em> puede hacer que el algoritmo distinga m\u00e1s f\u00e1cilmente dos p\u00e1ginas que pueden parecer id\u00e9nticas, pero en realidad no lo son.<\/p>\n<h2>\u00bfQu\u00e9 es la etiqueta canonical?<\/h2>\n<p>El t\u00e9rmino etiqueta canonical es utilizado para hablar sobre c\u00f3digos o <strong>modificaciones que se a\u00f1aden en la configuraci\u00f3n de URL de un sitio web<\/strong>. Su principal objetivo es indicar a los buscadores que \u00e9ste es independiente de otros que puedan ser incre\u00edblemente similares (incluyendo contenidos en p\u00e1gina) y que no se trata de p\u00e1ginas duplicadas.<\/p>\n<p>Hacer esta distinci\u00f3n es importante porque de no hacerlo, el algoritmo de buscadores como Google <strong>puede entender que se trata de contenido duplicado<\/strong>, procediendo con una penalizaci\u00f3n y <a href=\"https:\/\/www.appyweb.es\/posicionamiento-web\/\">afectando el posicionamiento web<\/a> considerablemente.<\/p>\n<h2>\u00bfPara qu\u00e9 sirve?<\/h2>\n<p>Su funci\u00f3n principal es garantizar que el sitio web no deje de recibir visitas, ya que en caso de tener duplicados <strong>el algoritmo dejar\u00e1 de registrar ambas p\u00e1ginas en la p\u00e1gina de resultados<\/strong>. Al mismo tiempo, tambi\u00e9n permite tener un mejor orden de las p\u00e1ginas a\u00f1adi\u00e9ndoles una caracter\u00edstica que les da prioridad.<\/p>\n<p>Tambi\u00e9n puede utilizarse para entender que un contenido es el \u00aboriginal\u00bb de forma que se pueden modificar las dem\u00e1s copias sin alterar la esencia del sitio, aparte, le ofrece una mejor experiencia de navegaci\u00f3n al usuario y se mantiene la imagen de marca.<\/p>\n<h2>\u00bfCu\u00e1ndo utilizar etiquetas canonicales?<\/h2>\n<p>Estas no pueden utilizarse indiscriminadamente para mejorar el posicionamiento, solo cuando sea necesario <strong>indicar que dos o m\u00e1s p\u00e1ginas pueden parecer similares, pero no lo son<\/strong>. Este escenario se presenta mucho en las tiendas online o e-commerce, donde suelen tener p\u00e1ginas muy similares para cubrir la variaci\u00f3n de un producto, cuando hay una versi\u00f3n disponible solo para m\u00f3viles o existen subdominios regionales.<\/p>\n<p>Por ejemplo, https:\/\/zapatillas.com\/deportivas, https:\/\/zapatillas.es\/deportivas o https:\/\/www.zapatillas.com\/deportivas. Son variantes que deben distinguirse con etiquetas canonical. Algunas de las razones m\u00e1s relevantes para utilizarlas son las siguientes.<\/p>\n<ul>\n<li>Cuando los enlaces apuntan a diferentes dispositivos, por ejemplo, uno es exclusivo para m\u00f3viles y otro para ordenadores.<\/li>\n<li>Si existen identificadores de sesi\u00f3n, es decir, cuando est\u00e1 disponible seg\u00fan el tipo de usuario.<\/li>\n<li>En caso de que las URL se generan de forma autom\u00e1tica cuando se reparte el contenido en diferentes secciones.<\/li>\n<li><strong>Si el servidor realiza variantes entre enlaces http y https<\/strong>.<\/li>\n<li>Cuando hay p\u00e1ginas iguales pero una est\u00e1 disponible solo para empleados o para la empresa.<\/li>\n<li>Las <a href=\"https:\/\/www.appyweb.es\/diseno-landing-page\/\">landing pages se diferencian por localizaci\u00f3n<\/a>.<\/li>\n<\/ul>\n<h2>\u00bfC\u00f3mo insertar una etiqueta canonical?<\/h2>\n<p>Es muy f\u00e1cil, solo se debe implementar el c\u00f3digo \u00abrel\u00bb dentro del head del HTML, se debe hacer en las p\u00e1ginas que s\u00ed se interesan posicionar. Por ejemplo, si una empresa con sede principal es Espa\u00f1a tiene un dominio para Reino Unido, es natural que prefiera que el enlace con localizaci\u00f3n espa\u00f1ola tenga mayor prioridad. Entonces, se inserta el c\u00f3digo en ella y el algoritmo interpretar\u00e1 que esa es la que debe posicionar mejor. Para hacer la explicaci\u00f3n m\u00e1s gr\u00e1fica mira este ejemplo.<\/p>\n<p><em>&lt;head&gt;<\/em><\/p>\n<p><em>&lt;link rel= \u00abcanonical\u00bb href=\u00bbhttp:\/\/www.miempresa.ltda\/page.html\u00bb\/&gt;<\/em><\/p>\n<p><em>&lt;\/head&gt;<\/em><\/p>\n<p>Tambi\u00e9n existen otros m\u00e9todos como insertar un sitemap o a\u00f1adir redirecciones 301, pero con estos c\u00f3digos es m\u00e1s f\u00e1cil para Google distinguir tus prioridades.<\/p>\n<p><script type=\"application\/ld+json\">{\"@context\":\"https:\/\/schema.org\",\"@type\":\"FAQPage\",\"mainEntity\":[ \n{\"@type\":\"Question\",\"name\":\"\u00bfQu\u00e9 es la etiqueta canonical?\",\"acceptedAnswer\":{\"@type\":\"Answer\",\"text\":\"<\/p>\n<p>El t\u00e9rmino etiqueta canonical es utilizado para hablar sobre c\u00f3digos o <strong>modificaciones que se a\u00f1aden en la configuraci\u00f3n de URL de un sitio web<\/strong>. Su principal objetivo es indicar a los buscadores que \u00e9ste es independiente de otros que puedan ser incre\u00edblemente similares (incluyendo contenidos en p\u00e1gina) y que no se trata de p\u00e1ginas duplicadas.<\/p>\n<p>Hacer esta distinci\u00f3n es importante porque de no hacerlo, el algoritmo de buscadores como Google <strong>puede entender que se trata de contenido duplicado<\/strong>, procediendo con una penalizaci\u00f3n y <a href='https:\/\/www.appyweb.es\/posicionamiento-web\/'>afectando el posicionamiento web<\/a> considerablemente.<\/p>\n<p>\"}},\n{\"@type\":\"Question\",\"name\":\"\u00bfPara qu\u00e9 sirve?\",\"acceptedAnswer\":{\"@type\":\"Answer\",\"text\":\"<\/p>\n<p>Su funci\u00f3n principal es garantizar que el sitio web no deje de recibir visitas, ya que en caso de tener duplicados <strong>el algoritmo dejar\u00e1 de registrar ambas p\u00e1ginas en la p\u00e1gina de resultados<\/strong>. Al mismo tiempo, tambi\u00e9n permite tener un mejor orden de las p\u00e1ginas a\u00f1adi\u00e9ndoles una caracter\u00edstica que les da prioridad.<\/p>\n<p>Tambi\u00e9n puede utilizarse para entender que un contenido es el 'original' de forma que se pueden modificar las dem\u00e1s copias sin alterar la esencia del sitio, aparte, le ofrece una mejor experiencia de navegaci\u00f3n al usuario y se mantiene la imagen de marca.<\/p>\n<p>\"}},\n{\"@type\":\"Question\",\"name\":\"\u00bfCu\u00e1ndo utilizar etiquetas canonicales?\",\"acceptedAnswer\":{\"@type\":\"Answer\",\"text\":\"<\/p>\n<p>Estas no pueden utilizarse indiscriminadamente para mejorar el posicionamiento, solo cuando sea necesario <strong>indicar que dos o m\u00e1s p\u00e1ginas pueden parecer similares, pero no lo son<\/strong>. Este escenario se presenta mucho en las tiendas online o e-commerce, donde suelen tener p\u00e1ginas muy similares para cubrir la variaci\u00f3n de un producto, cuando hay una versi\u00f3n disponible solo para m\u00f3viles o existen subdominios regionales. <\/p>\n<p>Por ejemplo, https:\/\/zapatillas.com\/deportivas, https:\/\/zapatillas.es\/deportivas o https:\/\/www.zapatillas.com\/deportivas. Son variantes que deben distinguirse con etiquetas canonical. Algunas de las razones m\u00e1s relevantes para utilizarlas son las siguientes.<\/p>\n<\/p>\n<\/p>\n<ul>\n<\/p>\n<\/p>\n<li>Cuando los enlaces apuntan a diferentes dispositivos, por ejemplo, uno es exclusivo para m\u00f3viles y otro para ordenadores.<\/li>\n<\/p>\n<\/p>\n<\/p>\n<li>Si existen identificadores de sesi\u00f3n, es decir, cuando est\u00e1 disponible seg\u00fan el tipo de usuario.<\/li>\n<\/p>\n<\/p>\n<\/p>\n<li>En caso de que las URL se generan de forma autom\u00e1tica cuando se reparte el contenido en diferentes secciones.<\/li>\n<\/p>\n<\/p>\n<\/p>\n<li><strong>Si el servidor realiza variantes entre enlaces http y https<\/strong>.<\/li>\n<\/p>\n<\/p>\n<\/p>\n<li>Cuando hay p\u00e1ginas iguales pero una est\u00e1 disponible solo para empleados o para la empresa.<\/li>\n<\/p>\n<\/p>\n<\/p>\n<li>Las <a href='https:\/\/www.appyweb.es\/diseno-landing-page\/'>landing pages se diferencian por localizaci\u00f3n<\/a>.<\/li>\n<\/p>\n<\/ul>\n<\/p>\n<p>\"}},\n{\"@type\":\"Question\",\"name\":\"\u00bfC\u00f3mo insertar una etiqueta canonical?\",\"acceptedAnswer\":{\"@type\":\"Answer\",\"text\":\"<\/p>\n<p>Es muy f\u00e1cil, solo se debe implementar el c\u00f3digo 'rel' dentro del head del HTML, se debe hacer en las p\u00e1ginas que s\u00ed se interesan posicionar. Por ejemplo, si una empresa con sede principal es Espa\u00f1a tiene un dominio para Reino Unido, es natural que prefiera que el enlace con localizaci\u00f3n espa\u00f1ola tenga mayor prioridad. Entonces, se inserta el c\u00f3digo en ella y el algoritmo interpretar\u00e1 que esa es la que debe posicionar mejor. Para hacer la explicaci\u00f3n m\u00e1s gr\u00e1fica mira este ejemplo.<\/p>\n<p><em><head><\/em><\/p>\n<p><em>\t\t<link rel= 'canonical' href='http:\/\/www.miempresa.ltda\/page.html'\/><\/em><\/p>\n<p><em><\/head><\/em><\/p>\n<p>Tambi\u00e9n existen otros m\u00e9todos como insertar un sitemap o a\u00f1adir redirecciones 301, pero con estos c\u00f3digos es m\u00e1s f\u00e1cil para Google distinguir tus prioridades.<\/p>\n<p>\"}}\n]}<\/script><\/p>\n<h2>M\u00e1s informaci\u00f3n sobre la etiqueta canonical<\/h2>\n<p>Cuando se habla de etiquetas canonicales <strong>es necesario hacer referencia a los contenidos duplicados<\/strong>, para encontrarlos y hacer la debida jerarquizaci\u00f3n en la indexaci\u00f3n aqu\u00ed tienes un par de links con informaci\u00f3n extra.<\/p>\n<ul>\n<li><a href=\"https:\/\/www.appyweb.es\/diccionario\/contenido-duplicado\/\">\u00bfQu\u00e9 es el contenido duplicado y para qu\u00e9 sirve?<\/a><\/li>\n<li><a href=\"https:\/\/www.trecebits.com\/2020\/07\/27\/como-encontrar-contenido-duplicado-en-una-pagina-web\/\" rel=\"nofollow noopener\" target=\"_blank\">C\u00f3mo encontrar contenido duplicado en una p\u00e1gina web<\/a><\/li>\n<\/ul>\n<p>&nbsp;<\/p>\n","protected":false},"excerpt":{"rendered":"<p>Se trata de un c\u00f3digo que puede mejorar los resultados de indexaci\u00f3n para los motores de b\u00fasqueda, m\u00e1s espec\u00edficamente, una etiqueta canonical puede hacer que el algoritmo distinga m\u00e1s f\u00e1cilmente dos p\u00e1ginas que pueden parecer id\u00e9nticas, pero en realidad no lo son. \u00bfQu\u00e9 es la etiqueta canonical? El t\u00e9rmino etiqueta canonical es utilizado para hablar [&hellip;]<\/p>\n","protected":false},"author":1,"featured_media":12769,"parent":0,"menu_order":0,"comment_status":"closed","ping_status":"closed","template":"","meta":{"inline_featured_image":false,"footnotes":""},"class_list":["post-1450","page","type-page","status-publish","has-post-thumbnail","hentry"],"_links":{"self":[{"href":"https:\/\/www.appyweb.es\/diccionario\/wp-json\/wp\/v2\/pages\/1450","targetHints":{"allow":["GET"]}}],"collection":[{"href":"https:\/\/www.appyweb.es\/diccionario\/wp-json\/wp\/v2\/pages"}],"about":[{"href":"https:\/\/www.appyweb.es\/diccionario\/wp-json\/wp\/v2\/types\/page"}],"author":[{"embeddable":true,"href":"https:\/\/www.appyweb.es\/diccionario\/wp-json\/wp\/v2\/users\/1"}],"replies":[{"embeddable":true,"href":"https:\/\/www.appyweb.es\/diccionario\/wp-json\/wp\/v2\/comments?post=1450"}],"version-history":[{"count":6,"href":"https:\/\/www.appyweb.es\/diccionario\/wp-json\/wp\/v2\/pages\/1450\/revisions"}],"predecessor-version":[{"id":12771,"href":"https:\/\/www.appyweb.es\/diccionario\/wp-json\/wp\/v2\/pages\/1450\/revisions\/12771"}],"wp:featuredmedia":[{"embeddable":true,"href":"https:\/\/www.appyweb.es\/diccionario\/wp-json\/wp\/v2\/media\/12769"}],"wp:attachment":[{"href":"https:\/\/www.appyweb.es\/diccionario\/wp-json\/wp\/v2\/media?parent=1450"}],"curies":[{"name":"wp","href":"https:\/\/api.w.org\/{rel}","templated":true}]}}