{"id":1456,"date":"2023-06-21T08:25:45","date_gmt":"2023-06-21T08:25:45","guid":{"rendered":"https:\/\/www.appyweb.es\/diccionario\/?page_id=1456"},"modified":"2024-03-28T16:41:57","modified_gmt":"2024-03-28T16:41:57","slug":"etiqueta-robots","status":"publish","type":"page","link":"https:\/\/www.appyweb.es\/diccionario\/etiqueta-robots\/","title":{"rendered":"Etiqueta robots"},"content":{"rendered":"<h1><img loading=\"lazy\" decoding=\"async\" class=\"alignnone wp-image-12797\" src=\"https:\/\/www.appyweb.es\/diccionario\/wp-content\/uploads\/2024\/03\/Etiquetarobots-300x180.jpg\" alt=\"Etiqueta robots\" width=\"982\" height=\"589\" srcset=\"https:\/\/www.appyweb.es\/diccionario\/wp-content\/uploads\/2024\/03\/Etiquetarobots-300x180.jpg 300w, https:\/\/www.appyweb.es\/diccionario\/wp-content\/uploads\/2024\/03\/Etiquetarobots-768x461.jpg 768w, https:\/\/www.appyweb.es\/diccionario\/wp-content\/uploads\/2024\/03\/Etiquetarobots.jpg 1000w\" sizes=\"auto, (max-width: 982px) 100vw, 982px\" \/><\/h1>\n<p>Es una modificaci\u00f3n que se inserta en la cabecera del HTML para cambiar ajustes que pueden mejorar el posicionamiento de una URL o p\u00e1gina web. La <em>etiqueta robots<\/em> tiene una <strong>influencia importante en los rastreadores de los buscadores<\/strong> que se encargan de posicionar el contenido en la p\u00e1gina de resultados.<\/p>\n<h2>\u00bfQu\u00e9 es la etiqueta robots?<\/h2>\n<p>Son metaetiquetas que permiten que se controle de manera voluntaria cu\u00e1les p\u00e1ginas se deben indexar Google y cu\u00e1les no. Permite que los bots lean una serie de c\u00f3digos, <strong>que le indican que el enlace est\u00e1 preparado para posicionar<\/strong>. De esta forma, tambi\u00e9n se puede evitar que rastreen o posicionen p\u00e1ginas que no deber\u00edan estar disponibles para los usuarios.<\/p>\n<p>En este sentido, esta modificaci\u00f3n <a href=\"https:\/\/www.appyweb.es\/posicionamiento-web\/\">impacta positivamente en el posicionamiento web<\/a> ya que de esta forma se busca que s\u00f3lo las p\u00e1ginas indicadas por el propietario puedan ser indexadas, aprovechando todas beneficios de las estrategias de SEO.<\/p>\n<h2>\u00bfPara qu\u00e9 sirve?<\/h2>\n<p>Permite indicar <strong>cu\u00e1les son las p\u00e1ginas que ser\u00e1n indexadas a profundidad y cu\u00e1les no<\/strong>, aunque todas estar\u00e1n disponibles para los usuarios, en realidad tendr\u00e1n un nivel de prioridad diferente para los buscadores.<\/p>\n<p>Este tipo de herramientas se pueden utilizar, en el caso de estar <a href=\"https:\/\/www.appyweb.es\/diseno-web\/\">desarrollando una p\u00e1gina web<\/a> de prueba. Se a\u00f1ade la etiqueta y permite que no est\u00e9 visible en el buscador, ya que es posible que se est\u00e1 implementando cambios que no est\u00e9n a favor de la optimizaci\u00f3n org\u00e1nica y que por el contrario pueden afectar significativamente el posicionamiento.<\/p>\n<h2>\u00bfC\u00f3mo se utiliza la etiqueta robots?<\/h2>\n<p>Como se mencion\u00f3 anteriormente, esta se debe incluir en la cabecera HTML tambi\u00e9n conocida como <em>head<\/em>. De la siguiente forma.<\/p>\n<p><em>&lt;html&gt;&lt;head&gt;<\/em><\/p>\n<p><strong><em>&lt;meta name=\u00bbrobots\u00bb content=\u00bbnoindex\u00bb \/&gt;<\/em><\/strong><\/p>\n<p><em>(\u2026)<\/em><\/p>\n<p><em>&lt;\/head&gt;<\/em><\/p>\n<p><em>&lt;body&gt;(\u2026)&lt;\/body&gt;<\/em><\/p>\n<p><em>&lt;\/html&gt;<\/em><\/p>\n<p>Es importante se\u00f1alar que una vez llevadas a cabo las modificaciones para el posicionamiento, se debe retirar la etiqueta para <strong>garantizar que los rastreadores puedan analizarla<\/strong> y darle una buena posici\u00f3n en la p\u00e1gina de resultados.<\/p>\n<h2>Tipos de rastreadores de Google<\/h2>\n<p>Los rastreadores o los robots de los buscadores suelen estar separados por categor\u00edas, por ejemplo, Google utiliza un algoritmo para posicionar una lista de resultados org\u00e1nicos general, pero tambi\u00e9n puede organizar resultados indicado por im\u00e1genes, noticias, v\u00eddeos y mapas.<\/p>\n<p>Por ejemplo, para indicar que un sitio web no debe ser indexado para la p\u00e1gina de resultados de <strong>Google News se debe utilizar la meta etiqueta googlebot-news<\/strong> en el c\u00f3digo mostrado anteriormente.<\/p>\n<p>En este sentido, tambi\u00e9n vale la pena mencionar otras variaciones <strong>para evitar que las p\u00e1ginas sean indexadas,<\/strong> como la etiqueta <em>no follow<\/em>, aunque tambi\u00e9n se puede denominar como no index o none. Sin embargo, con estas \u00faltimas el algoritmo lo toma como una referencia y puede indexar la p\u00e1gina simplemente para tenerlo en cuenta durante la evaluaci\u00f3n.<\/p>\n<p><script type=\"application\/ld+json\">{\"@context\":\"https:\/\/schema.org\",\"@type\":\"FAQPage\",\"mainEntity\":[ \n{\"@type\":\"Question\",\"name\":\"\u00bfQu\u00e9 es la etiqueta robots?\",\"acceptedAnswer\":{\"@type\":\"Answer\",\"text\":\"<\/p>\n<p>Son metaetiquetas que permiten que se controle de manera voluntaria cu\u00e1les p\u00e1ginas se deben indexar Google y cu\u00e1les no. Permite que los bots lean una serie de c\u00f3digos, <strong>que le indican que el enlace est\u00e1 preparado para posicionar<\/strong>. De esta forma, tambi\u00e9n se puede evitar que rastreen o posicionen p\u00e1ginas que no deber\u00edan estar disponibles para los usuarios.<\/p>\n<p>En este sentido, esta modificaci\u00f3n <a href='https:\/\/www.appyweb.es\/posicionamiento-web\/'>impacta positivamente en el posicionamiento web<\/a> ya que de esta forma se busca que s\u00f3lo las p\u00e1ginas indicadas por el propietario puedan ser indexadas, aprovechando todas beneficios de las estrategias de SEO.<\/p>\n<p>\"}},\n{\"@type\":\"Question\",\"name\":\"\u00bfPara qu\u00e9 sirve?\",\"acceptedAnswer\":{\"@type\":\"Answer\",\"text\":\"<\/p>\n<p>Permite indicar <strong>cu\u00e1les son las p\u00e1ginas que ser\u00e1n indexadas a profundidad y cu\u00e1les no<\/strong>, aunque todas estar\u00e1n disponibles para los usuarios, en realidad tendr\u00e1n un nivel de prioridad diferente para los buscadores. <\/p>\n<p>Este tipo de herramientas se pueden utilizar, en el caso de estar <a href='https:\/\/www.appyweb.es\/diseno-web\/'>desarrollando una p\u00e1gina web<\/a> de prueba. Se a\u00f1ade la etiqueta y permite que no est\u00e9 visible en el buscador, ya que es posible que se est\u00e1 implementando cambios que no est\u00e9n a favor de la optimizaci\u00f3n org\u00e1nica y que por el contrario pueden afectar significativamente el posicionamiento.<\/p>\n<p>\"}},\n{\"@type\":\"Question\",\"name\":\"\u00bfC\u00f3mo se utiliza la etiqueta robots?\",\"acceptedAnswer\":{\"@type\":\"Answer\",\"text\":\"<\/p>\n<p>Como se mencion\u00f3 anteriormente, esta se debe incluir en la cabecera HTML tambi\u00e9n conocida como <em>head<\/em>. De la siguiente forma.<\/p>\n<p>Es importante se\u00f1alar que una vez llevadas a cabo las modificaciones para el posicionamiento, se debe retirar la etiqueta para <strong>garantizar que los rastreadores puedan analizarla<\/strong> y darle una buena posici\u00f3n en la p\u00e1gina de resultados.<\/p>\n<p>\"}},\n{\"@type\":\"Question\",\"name\":\"Tipos de rastreadores de Google\",\"acceptedAnswer\":{\"@type\":\"Answer\",\"text\":\"<\/p>\n<p>Los rastreadores o los robots de los buscadores suelen estar separados por categor\u00edas, por ejemplo, Google utiliza un algoritmo para posicionar una lista de resultados org\u00e1nicos general, pero tambi\u00e9n puede organizar resultados indicado por im\u00e1genes, noticias, v\u00eddeos y mapas.<\/p>\n<p>Por ejemplo, para indicar que un sitio web no debe ser indexado para la p\u00e1gina de resultados de <strong>Google News se debe utilizar la meta etiqueta googlebot-news<\/strong> en el c\u00f3digo mostrado anteriormente.<\/p>\n<p>En este sentido, tambi\u00e9n vale la pena mencionar otras variaciones <strong>para evitar que las p\u00e1ginas sean indexadas,<\/strong> como la etiqueta <em>no follow<\/em>, aunque tambi\u00e9n se puede denominar como no index o none. Sin embargo, con estas \u00faltimas el algoritmo lo toma como una referencia y puede indexar la p\u00e1gina simplemente para tenerlo en cuenta durante la evaluaci\u00f3n.<\/p>\n<p>\"}}\n]}<\/script><\/p>\n<h2>M\u00e1s informaci\u00f3n sobre la etiqueta robots<\/h2>\n<p>Al principio puede parecer dif\u00edcil aprender c\u00f3mo trabaja el algoritmo de Google, de hecho, muchos expertos en SEO <strong>todav\u00eda no han podido revelar algunos secretos de estos robots<\/strong>. Sin embargo, es necesario que entiendas algunas pautas b\u00e1sicas, en estos enlaces podr\u00e1 conseguir m\u00e1s informaci\u00f3n al respecto.<\/p>\n<ul>\n<li><a href=\"https:\/\/www.appyweb.es\/diccionario\/algoritmo-de-google\/\">\u00bfQu\u00e9 es el Algoritmo de Google y para qu\u00e9 sirve?<\/a><\/li>\n<li><a href=\"https:\/\/comunicacionmarketing.es\/seoysem\/28\/07\/2020\/es-posible-vencer-al-algoritmo-de-google\/15788.html\" rel=\"nofollow noopener\" target=\"_blank\">\u00bfEs posible vencer al algoritmo de Google?<\/a><\/li>\n<\/ul>\n<p>&nbsp;<\/p>\n","protected":false},"excerpt":{"rendered":"<p>Es una modificaci\u00f3n que se inserta en la cabecera del HTML para cambiar ajustes que pueden mejorar el posicionamiento de una URL o p\u00e1gina web. La etiqueta robots tiene una influencia importante en los rastreadores de los buscadores que se encargan de posicionar el contenido en la p\u00e1gina de resultados. \u00bfQu\u00e9 es la etiqueta robots? [&hellip;]<\/p>\n","protected":false},"author":1,"featured_media":12797,"parent":0,"menu_order":0,"comment_status":"closed","ping_status":"closed","template":"","meta":{"inline_featured_image":false,"footnotes":""},"class_list":["post-1456","page","type-page","status-publish","has-post-thumbnail","hentry"],"_links":{"self":[{"href":"https:\/\/www.appyweb.es\/diccionario\/wp-json\/wp\/v2\/pages\/1456","targetHints":{"allow":["GET"]}}],"collection":[{"href":"https:\/\/www.appyweb.es\/diccionario\/wp-json\/wp\/v2\/pages"}],"about":[{"href":"https:\/\/www.appyweb.es\/diccionario\/wp-json\/wp\/v2\/types\/page"}],"author":[{"embeddable":true,"href":"https:\/\/www.appyweb.es\/diccionario\/wp-json\/wp\/v2\/users\/1"}],"replies":[{"embeddable":true,"href":"https:\/\/www.appyweb.es\/diccionario\/wp-json\/wp\/v2\/comments?post=1456"}],"version-history":[{"count":7,"href":"https:\/\/www.appyweb.es\/diccionario\/wp-json\/wp\/v2\/pages\/1456\/revisions"}],"predecessor-version":[{"id":12799,"href":"https:\/\/www.appyweb.es\/diccionario\/wp-json\/wp\/v2\/pages\/1456\/revisions\/12799"}],"wp:featuredmedia":[{"embeddable":true,"href":"https:\/\/www.appyweb.es\/diccionario\/wp-json\/wp\/v2\/media\/12797"}],"wp:attachment":[{"href":"https:\/\/www.appyweb.es\/diccionario\/wp-json\/wp\/v2\/media?parent=1456"}],"curies":[{"name":"wp","href":"https:\/\/api.w.org\/{rel}","templated":true}]}}