{"id":1473,"date":"2023-06-21T08:31:54","date_gmt":"2023-06-21T08:31:54","guid":{"rendered":"https:\/\/www.appyweb.es\/diccionario\/?page_id=1473"},"modified":"2024-04-02T08:50:22","modified_gmt":"2024-04-02T08:50:22","slug":"event-marketing","status":"publish","type":"page","link":"https:\/\/www.appyweb.es\/diccionario\/event-marketing\/","title":{"rendered":"Event marketing"},"content":{"rendered":"<h1><img loading=\"lazy\" decoding=\"async\" class=\"alignnone wp-image-12867\" src=\"https:\/\/www.appyweb.es\/diccionario\/wp-content\/uploads\/2024\/04\/Eventmarketing-300x180.jpg\" alt=\"Event marketing\" width=\"973\" height=\"584\" srcset=\"https:\/\/www.appyweb.es\/diccionario\/wp-content\/uploads\/2024\/04\/Eventmarketing-300x180.jpg 300w, https:\/\/www.appyweb.es\/diccionario\/wp-content\/uploads\/2024\/04\/Eventmarketing-768x461.jpg 768w, https:\/\/www.appyweb.es\/diccionario\/wp-content\/uploads\/2024\/04\/Eventmarketing.jpg 1000w\" sizes=\"auto, (max-width: 973px) 100vw, 973px\" \/><\/h1>\n<p>Se trata de una nueva filosof\u00eda que incluye todas las estrategias y t\u00e9cnicas que tiene que ver con la promoci\u00f3n de un producto a trav\u00e9s de eventos. <em>Event marketing<\/em> intenta incentivar la conexi\u00f3n <strong>entre la marca y el cliente a trav\u00e9s de diferentes escenarios<\/strong>, tanto digitales como presenciales.<\/p>\n<h2>\u00bfQu\u00e9 es event marketing?<\/h2>\n<p>Consiste en poner en contacto al cliente con la marca a trav\u00e9s de la realizaci\u00f3n de eventos, el <strong>objetivo principal de esta estrategia es incentivar factores emocionales<\/strong>. Estos pueden hacer que la empresa empiece a tener un papel m\u00e1s importante en el aspecto comercial de sus clientes. Es decir, realizar una conexi\u00f3n o una fidelizaci\u00f3n m\u00e1s s\u00f3lida, ir m\u00e1s all\u00e1 de la relaci\u00f3n que tienen a trav\u00e9s de redes sociales.<\/p>\n<p>Esta estrategia tambi\u00e9n es muy importante <a href=\"https:\/\/www.appyweb.es\/posicionamiento-web\/\">cuando se trata de hacer posicionamiento web local<\/a>, de forma que todos los esfuerzos dirigidos a los eventos tambi\u00e9n puede ser emitidos en canales digitales, como sitios web, redes sociales y otras plataformas.<\/p>\n<h2>\u00bfPara qu\u00e9 sirve el event marketing?<\/h2>\n<p>En primer lugar, esta estrategia <strong>tiene como objetivo llamar la atenci\u00f3n de nuevas audiencias<\/strong>, bien puede ser a trav\u00e9s de la organizaci\u00f3n de eventos en escenarios que sean particularmente afines a ese tipo de p\u00fablico. Por otro lado, tambi\u00e9n tienen la finalidad de organizar actividades que generen un nuevo flujo de venta en una comunidad, as\u00ed como el fortalecimiento de las relaciones con nuevos y viejos clientes.<\/p>\n<p>Como se mencion\u00f3 anteriormente, estas estrategias tambi\u00e9n desarrollan t\u00e9cnicas digitales, bien sea para la organizaci\u00f3n o la promoci\u00f3n del evento, pueden utilizar <a href=\"https:\/\/www.appyweb.es\/gestion-newsletters\/\">estrategias como la gesti\u00f3n de newsletter<\/a>, anuncios en redes sociales, entre otros recursos.<\/p>\n<p>Pero su finalidad principal siempre ser\u00e1 permitir que los clientes tengan experiencias \u00fanicas, las cuales har\u00e1n que se sientan m\u00e1s conectados a las marcas. A la vez, trae consigo el efecto de querer compartir esta experiencia con el resto de sus conocidos o amigos, causando inter\u00e9s en ellos.<\/p>\n<h2>Tips para hacer event marketing<\/h2>\n<ul>\n<li>Establecer una serie de objetivos principales, pueden ser vender m\u00e1s, tener mayor difusi\u00f3n o mejorar el engagement con los clientes.<\/li>\n<li>Realizar estrategias de difusi\u00f3n y de promoci\u00f3n digital para garantizar una asistencia masiva.<\/li>\n<li><strong>Incluir seguimiento y monitorizaci\u00f3n en tiempo real<\/strong>, antes y durante el evento para garantizar el cumplimiento de los objetivos.<\/li>\n<\/ul>\n<h2>Event marketing ejemplos<\/h2>\n<p>Algunas de las actividades que se pueden realizar a trav\u00e9s de esta metodolog\u00eda son eventos deportivos, ferias nacionales e internacionales, desayunos o brunch de negocios, ponencias, lanzamientos de productos y dem\u00e1s. Uno de los eventos m\u00e1s reconocidos que podemos <strong>utilizar como ejemplo son las presentaciones de Apple<\/strong>, tambi\u00e9n conocidas como Apple Events.<\/p>\n<p>Se trata de un calendario que incluye todas las fechas de lanzamiento de sus nuevos productos, actualizaciones y dem\u00e1s anuncios de forma anual. Por ejemplo, enlazamiento de sus nuevos modelos de iPhone suelen realizarse a trav\u00e9s de ponencias en Silicon Valley y otras localizaciones, consiste en la exposici\u00f3n del producto y sus modificaciones m\u00e1s avanzadas.<\/p>\n<p>Asimismo, <strong>todos estos eventos suelen tener proyecci\u00f3n digital a trav\u00e9s de diferentes canales<\/strong> como, el sitio web oficial de la marca y redes sociales.<\/p>\n<p><script type=\"application\/ld+json\">{\"@context\":\"https:\/\/schema.org\",\"@type\":\"FAQPage\",\"mainEntity\":[ \n{\"@type\":\"Question\",\"name\":\"\u00bfQu\u00e9 es event marketing?\",\"acceptedAnswer\":{\"@type\":\"Answer\",\"text\":\"<\/p>\n<p>Consiste en poner en contacto al cliente con la marca a trav\u00e9s de la realizaci\u00f3n de eventos, el <strong>objetivo principal de esta estrategia es incentivar factores emocionales<\/strong>. Estos pueden hacer que la empresa empiece a tener un papel m\u00e1s importante en el aspecto comercial de sus clientes. Es decir, realizar una conexi\u00f3n o una fidelizaci\u00f3n m\u00e1s s\u00f3lida, ir m\u00e1s all\u00e1 de la relaci\u00f3n que tienen a trav\u00e9s de redes sociales.<\/p>\n<p>Esta estrategia tambi\u00e9n es muy importante <a href='https:\/\/www.appyweb.es\/posicionamiento-web\/'>cuando se trata de hacer posicionamiento web local<\/a>, de forma que todos los esfuerzos dirigidos a los eventos tambi\u00e9n puede ser emitidos en canales digitales, como sitios web, redes sociales y otras plataformas.<\/p>\n<p>\"}},\n{\"@type\":\"Question\",\"name\":\"\u00bfPara qu\u00e9 sirve el event marketing?\",\"acceptedAnswer\":{\"@type\":\"Answer\",\"text\":\"<\/p>\n<p>En primer lugar, esta estrategia <strong>tiene como objetivo llamar la atenci\u00f3n de nuevas audiencias<\/strong>, bien puede ser a trav\u00e9s de la organizaci\u00f3n de eventos en escenarios que sean particularmente afines a ese tipo de p\u00fablico. Por otro lado, tambi\u00e9n tienen la finalidad de organizar actividades que generen un nuevo flujo de venta en una comunidad, as\u00ed como el fortalecimiento de las relaciones con nuevos y viejos clientes.<\/p>\n<p>Como se mencion\u00f3 anteriormente, estas estrategias tambi\u00e9n desarrollan t\u00e9cnicas digitales, bien sea para la organizaci\u00f3n o la promoci\u00f3n del evento, pueden utilizar <a href='https:\/\/www.appyweb.es\/gestion-newsletters\/'>estrategias como la gesti\u00f3n de newsletter<\/a>, anuncios en redes sociales, entre otros recursos.<\/p>\n<p>Pero su finalidad principal siempre ser\u00e1 permitir que los clientes tengan experiencias \u00fanicas, las cuales har\u00e1n que se sientan m\u00e1s conectados a las marcas. A la vez, trae consigo el efecto de querer compartir esta experiencia con el resto de sus conocidos o amigos, causando inter\u00e9s en ellos.<\/p>\n<p>\"}},\n{\"@type\":\"Question\",\"name\":\"Tips para hacer event marketing\",\"acceptedAnswer\":{\"@type\":\"Answer\",\"text\":\"<\/p>\n<\/p>\n<\/p>\n<\/p>\n<\/p>\n<\/p>\n<\/p>\n<\/p>\n<\/p>\n<ul>\n<\/p>\n<\/p>\n<\/p>\n<\/p>\n<\/p>\n<\/p>\n<\/p>\n<\/p>\n<li>Establecer una serie de objetivos principales, pueden ser vender m\u00e1s, tener mayor difusi\u00f3n o mejorar el engagement con los clientes.<\/li>\n<\/p>\n<\/p>\n<\/p>\n<\/p>\n<\/p>\n<\/p>\n<\/p>\n<\/p>\n<\/p>\n<\/p>\n<\/p>\n<\/p>\n<\/p>\n<\/p>\n<\/p>\n<\/p>\n<\/p>\n<\/p>\n<\/p>\n<\/p>\n<\/p>\n<\/p>\n<\/p>\n<li> Realizar estrategias de difusi\u00f3n y de promoci\u00f3n digital para garantizar una asistencia masiva.<\/li>\n<\/p>\n<\/p>\n<\/p>\n<\/p>\n<\/p>\n<\/p>\n<\/p>\n<\/p>\n<\/p>\n<\/p>\n<\/p>\n<\/p>\n<\/p>\n<\/p>\n<\/p>\n<\/p>\n<\/p>\n<\/p>\n<\/p>\n<\/p>\n<\/p>\n<\/p>\n<\/p>\n<li> <strong>Incluir seguimiento y monitorizaci\u00f3n en tiempo real<\/strong>, antes y durante el evento para garantizar el cumplimiento de los objetivos.<\/li>\n<\/p>\n<\/p>\n<\/p>\n<\/p>\n<\/p>\n<\/p>\n<\/p>\n<\/p>\n<\/p>\n<\/p>\n<\/p>\n<\/p>\n<\/p>\n<\/p>\n<\/p>\n<\/ul>\n<\/p>\n<\/p>\n<\/p>\n<\/p>\n<\/p>\n<\/p>\n<\/p>\n<\/p>\n<\/p>\n<\/p>\n<\/p>\n<\/p>\n<\/p>\n<\/p>\n<\/p>\n<p>\"}},\n{\"@type\":\"Question\",\"name\":\"Event marketing ejemplos\",\"acceptedAnswer\":{\"@type\":\"Answer\",\"text\":\"<\/p>\n<p>Algunas de las actividades que se pueden realizar a trav\u00e9s de esta metodolog\u00eda son eventos deportivos, ferias nacionales e internacionales, desayunos o brunch de negocios, ponencias, lanzamientos de productos y dem\u00e1s. Uno de los eventos m\u00e1s reconocidos que podemos <strong>utilizar como ejemplo son las presentaciones de Apple<\/strong>, tambi\u00e9n conocidas como Apple Events.<\/p>\n<p>Se trata de un calendario que incluye todas las fechas de lanzamiento de sus nuevos productos, actualizaciones y dem\u00e1s anuncios de forma anual. Por ejemplo, enlazamiento de sus nuevos modelos de iPhone suelen realizarse a trav\u00e9s de ponencias en Silicon Valley y otras localizaciones, consiste en la exposici\u00f3n del producto y sus modificaciones m\u00e1s avanzadas.<\/p>\n<p>Asimismo, <strong>todos estos eventos suelen tener proyecci\u00f3n digital a trav\u00e9s de diferentes canales<\/strong> como, el sitio web oficial de la marca y redes sociales.<\/p>\n<p>\"}}\n]}<\/script><\/p>\n<h2>M\u00e1s informaci\u00f3n sobre events marketing<\/h2>\n<p>En este tipo de estrategias tambi\u00e9n se pueden involucrar otras t\u00e9cnicas como el <em>branding visual<\/em>, el ambient marketing y la digitalizaci\u00f3n de eventos. As\u00ed que estos enlaces con informaci\u00f3n adicional seguramente te ayudar\u00e1n a planificar mejor tus estrategias \u00a1no te los pierdas!<\/p>\n<ul>\n<li><a href=\"https:\/\/www.appyweb.es\/importancia-branding-visual-negocio\/\">La importancia del branding visual en tu negocio<\/a><\/li>\n<li><a href=\"https:\/\/www.eventoplus.com\/articulos\/que-es-la-digitalizacion-en-eventos\/\" rel=\"nofollow noopener\" target=\"_blank\">\u00bfQu\u00e9 es la digitalizaci\u00f3n en eventos?<\/a><\/li>\n<\/ul>\n<p>&nbsp;<\/p>\n","protected":false},"excerpt":{"rendered":"<p>Se trata de una nueva filosof\u00eda que incluye todas las estrategias y t\u00e9cnicas que tiene que ver con la promoci\u00f3n de un producto a trav\u00e9s de eventos. Event marketing intenta incentivar la conexi\u00f3n entre la marca y el cliente a trav\u00e9s de diferentes escenarios, tanto digitales como presenciales. \u00bfQu\u00e9 es event marketing? Consiste en poner [&hellip;]<\/p>\n","protected":false},"author":1,"featured_media":12867,"parent":0,"menu_order":0,"comment_status":"closed","ping_status":"closed","template":"","meta":{"inline_featured_image":false,"footnotes":""},"class_list":["post-1473","page","type-page","status-publish","has-post-thumbnail","hentry"],"_links":{"self":[{"href":"https:\/\/www.appyweb.es\/diccionario\/wp-json\/wp\/v2\/pages\/1473","targetHints":{"allow":["GET"]}}],"collection":[{"href":"https:\/\/www.appyweb.es\/diccionario\/wp-json\/wp\/v2\/pages"}],"about":[{"href":"https:\/\/www.appyweb.es\/diccionario\/wp-json\/wp\/v2\/types\/page"}],"author":[{"embeddable":true,"href":"https:\/\/www.appyweb.es\/diccionario\/wp-json\/wp\/v2\/users\/1"}],"replies":[{"embeddable":true,"href":"https:\/\/www.appyweb.es\/diccionario\/wp-json\/wp\/v2\/comments?post=1473"}],"version-history":[{"count":9,"href":"https:\/\/www.appyweb.es\/diccionario\/wp-json\/wp\/v2\/pages\/1473\/revisions"}],"predecessor-version":[{"id":12871,"href":"https:\/\/www.appyweb.es\/diccionario\/wp-json\/wp\/v2\/pages\/1473\/revisions\/12871"}],"wp:featuredmedia":[{"embeddable":true,"href":"https:\/\/www.appyweb.es\/diccionario\/wp-json\/wp\/v2\/media\/12867"}],"wp:attachment":[{"href":"https:\/\/www.appyweb.es\/diccionario\/wp-json\/wp\/v2\/media?parent=1473"}],"curies":[{"name":"wp","href":"https:\/\/api.w.org\/{rel}","templated":true}]}}