{"id":1479,"date":"2023-06-21T08:35:27","date_gmt":"2023-06-21T08:35:27","guid":{"rendered":"https:\/\/www.appyweb.es\/diccionario\/?page_id=1479"},"modified":"2024-04-02T09:12:26","modified_gmt":"2024-04-02T09:12:26","slug":"eventos","status":"publish","type":"page","link":"https:\/\/www.appyweb.es\/diccionario\/eventos\/","title":{"rendered":"Eventos"},"content":{"rendered":"<h1><img loading=\"lazy\" decoding=\"async\" class=\"alignnone  wp-image-12877\" src=\"https:\/\/www.appyweb.es\/diccionario\/wp-content\/uploads\/2024\/04\/Evento-300x180.jpg\" alt=\"Evento\" width=\"977\" height=\"586\" srcset=\"https:\/\/www.appyweb.es\/diccionario\/wp-content\/uploads\/2024\/04\/Evento-300x180.jpg 300w, https:\/\/www.appyweb.es\/diccionario\/wp-content\/uploads\/2024\/04\/Evento-768x461.jpg 768w, https:\/\/www.appyweb.es\/diccionario\/wp-content\/uploads\/2024\/04\/Evento.jpg 1000w\" sizes=\"auto, (max-width: 977px) 100vw, 977px\" \/><\/h1>\n<p>El t\u00e9rmino \u201cevento\u201d tiene muchos significados, los hay en el \u00e1mbito social, pol\u00edtico, cient\u00edfico, o circunstancial (ya sean naturales, matem\u00e1ticos o de cualquier tipo). Pero <strong>cuando se habla de eventos en marketing digital se refiere a una estrategia<\/strong> que permite promocionar una marca, generar ventas y aumentar la difusi\u00f3n de su imagen.<\/p>\n<h2>\u00bfQu\u00e9 es un evento en marketing?<\/h2>\n<p>Es una estrategia que consiste en la planificaci\u00f3n, difusi\u00f3n, desarrollo y an\u00e1lisis de actividades para la promoci\u00f3n de una empresa, as\u00ed como para entrar en contacto con una audiencia. Usualmente, <strong>estos eventos son organizados para promocionar nuevos productos<\/strong>, lanzar modelos nuevos al mercado, hacer conferencias formativas, celebrar aniversarios, hacer ferias, entre otras circunstancias.<\/p>\n<p>La finalidad principal de estas organizaciones es garantizar un mayor reconocimiento para la marca, que bien puede ser de forma tradicional y <a href=\"https:\/\/www.appyweb.es\/posicionamiento-web\/\">digital a trav\u00e9s de posicionamiento web<\/a>, as\u00ed como el incremento de las ventas y la fidelizaci\u00f3n con los clientes.<\/p>\n<h2>\u00bfPara qu\u00e9 sirve?<\/h2>\n<p>C\u00f3mo se mencion\u00f3 anteriormente, su funci\u00f3n principal es la de <strong>promocionar, vender o difundir la imagen de una marca<\/strong>. Pero, tambi\u00e9n se puede utilizar para otras finalidades, como puede ser la de estudiar un nuevo nicho de mercado, establecer un perfil de cliente y poner en pr\u00e1ctica nuevas estrategias de engagement.<\/p>\n<p>Esto es una oportunidad especial para fundir estrategias de marketing tradicional con estrategias digitales, y as\u00ed aumentar el rendimiento de estas t\u00e9cnicas, que supondr\u00e1 el \u00e9xito de la empresa en ambos escenarios.<\/p>\n<h2>\u00bfC\u00f3mo hacer un evento para marketing?<\/h2>\n<ol>\n<li>Lo principal es establecer una serie de objetivos para la empresa, que bien puede ser atraer nuevos clientes o generar m\u00e1s ventas.<\/li>\n<li>Lo segundo es organizar una planificaci\u00f3n, es decir, <strong>establecer cu\u00e1ndo ser\u00e1 el d\u00eda de desarrollo de la actividad<\/strong>, cu\u00e1les ser\u00e1n los d\u00edas de promoci\u00f3n previa, los canales de difusi\u00f3n m\u00e1s apropiados y el posterior an\u00e1lisis.<\/li>\n<li>Lo tercero, es llevar a cabo la actividad, que bien puede ser con la ayuda de una agencia de festejos.<\/li>\n<li>Tambi\u00e9n ser\u00e1 necesario desarrollar estrategias en tiempo real para cubrir el \u00e1mbito digital.<\/li>\n<li>Y por \u00faltimo, <strong>se analizan todos los datos obtenidos para verificar que los objetivos hayan sido cumplidos<\/strong>.<\/li>\n<\/ol>\n<h2>Ejemplos de eventos<\/h2>\n<p>La corporaci\u00f3n Pepsi realiza una presentaci\u00f3n conocida como Pepsi Music en varias zonas de Latinoam\u00e9rica, anualmente desde el 2003. <strong>Consiste en la promoci\u00f3n de la bebida a trav\u00e9s de diferentes personalidades de la m\u00fasica<\/strong> reconocidas en el continente. El show tambi\u00e9n incluye votaciones por parte de la audiencia para premiar distintos g\u00e9neros musicales.<\/p>\n<p>Se puede decir que es uno de los eventos de marketing promocional m\u00e1s reconocidos, ya que generan una difusi\u00f3n masiva en redes sociales y permite el desarrollo de m\u00faltiples estrategias de promoci\u00f3n.<\/p>\n<p><script type=\"application\/ld+json\">{\"@context\":\"https:\/\/schema.org\",\"@type\":\"FAQPage\",\"mainEntity\":[ \n{\"@type\":\"Question\",\"name\":\"\u00bfQu\u00e9 es un evento en marketing?\",\"acceptedAnswer\":{\"@type\":\"Answer\",\"text\":\"<\/p>\n<p>Es una estrategia que consiste en la planificaci\u00f3n, difusi\u00f3n, desarrollo y an\u00e1lisis de actividades para la promoci\u00f3n de una empresa, as\u00ed como para entrar en contacto con una audiencia. Usualmente, <strong>estos eventos son organizados para promocionar nuevos productos<\/strong>, lanzar modelos nuevos al mercado, hacer conferencias formativas, celebrar aniversarios, hacer ferias, entre otras circunstancias.<\/p>\n<p>La finalidad principal de estas organizaciones es garantizar un mayor reconocimiento para la marca, que bien puede ser de forma tradicional y <a href='https:\/\/www.appyweb.es\/posicionamiento-web\/'>digital a trav\u00e9s de posicionamiento web<\/a>, as\u00ed como el incremento de las ventas y la fidelizaci\u00f3n con los clientes.<\/p>\n<p>\"}},\n{\"@type\":\"Question\",\"name\":\"\u00bfPara qu\u00e9 sirve?\",\"acceptedAnswer\":{\"@type\":\"Answer\",\"text\":\"<\/p>\n<p>C\u00f3mo se mencion\u00f3 anteriormente, su funci\u00f3n principal es la de <strong>promocionar, vender o difundir la imagen de una marca<\/strong>. Pero, tambi\u00e9n se puede utilizar para otras finalidades, como puede ser la de estudiar un nuevo nicho de mercado, establecer un perfil de cliente y poner en pr\u00e1ctica nuevas estrategias de engagement.<\/p>\n<p>Esto es una oportunidad especial para fundir estrategias de marketing tradicional con estrategias digitales, y as\u00ed aumentar el rendimiento de estas t\u00e9cnicas, que supondr\u00e1 el \u00e9xito de la empresa en ambos escenarios.<\/p>\n<p>\"}},\n{\"@type\":\"Question\",\"name\":\"\u00bfC\u00f3mo hacer un evento para marketing?\",\"acceptedAnswer\":{\"@type\":\"Answer\",\"text\":\"<\/p>\n<\/p>\n<\/p>\n<ol>\n<\/p>\n<\/p>\n<li>Lo principal es establecer una serie de objetivos para la empresa, que bien puede ser atraer nuevos clientes o generar m\u00e1s ventas.<\/li>\n<\/p>\n<\/p>\n<\/p>\n<\/p>\n<\/p>\n<li>Lo segundo es organizar una planificaci\u00f3n, es decir, <strong>establecer cu\u00e1ndo ser\u00e1 el d\u00eda de desarrollo de la actividad<\/strong>, cu\u00e1les ser\u00e1n los d\u00edas de promoci\u00f3n previa, los canales de difusi\u00f3n m\u00e1s apropiados y el posterior an\u00e1lisis.<\/li>\n<\/p>\n<\/p>\n<\/p>\n<\/p>\n<\/p>\n<li>Lo tercero, es llevar a cabo la actividad, que bien puede ser con la ayuda de una agencia de festejos.<\/li>\n<\/p>\n<\/p>\n<\/p>\n<\/p>\n<\/p>\n<li>Tambi\u00e9n ser\u00e1 necesario desarrollar estrategias en tiempo real para cubrir el \u00e1mbito digital.<\/li>\n<\/p>\n<\/p>\n<\/p>\n<\/p>\n<\/p>\n<li>Y por \u00faltimo, <strong>se analizan todos los datos obtenidos para verificar que los objetivos hayan sido cumplidos<\/strong>.<\/li>\n<\/p>\n<\/p>\n<\/p>\n<\/ol>\n<\/p>\n<\/p>\n<\/p>\n<p>\"}},\n{\"@type\":\"Question\",\"name\":\"Ejemplos de eventos\",\"acceptedAnswer\":{\"@type\":\"Answer\",\"text\":\"<\/p>\n<p>La corporaci\u00f3n Pepsi realiza una presentaci\u00f3n conocida como Pepsi Music en varias zonas de Latinoam\u00e9rica, anualmente desde el 2003. <strong>Consiste en la promoci\u00f3n de la bebida a trav\u00e9s de diferentes personalidades de la m\u00fasica<\/strong> reconocidas en el continente. El show tambi\u00e9n incluye votaciones por parte de la audiencia para premiar distintos g\u00e9neros musicales.<\/p>\n<p>Se puede decir que es uno de los eventos de marketing promocional m\u00e1s reconocidos, ya que generan una difusi\u00f3n masiva en redes sociales y permite el desarrollo de m\u00faltiples estrategias de promoci\u00f3n.<\/p>\n<p>\"}}\n]}<\/script><\/p>\n<h2>M\u00e1s informaci\u00f3n sobre eventos<\/h2>\n<p>Estas actividades incluyen diferentes elementos de marketing digital, es importante que los tengas en cuenta al momento de organizarlas. Aqu\u00ed te dejamos un par de enlaces que <strong>pueden ayudarte durante la planificaci\u00f3n de tu pr\u00f3xima estrategia de promoci\u00f3n<\/strong>.<\/p>\n<ul>\n<li><a href=\"https:\/\/www.appyweb.es\/diccionario\/brand-streaming\/\">\u00bfQu\u00e9 es Brand Streaming y para qu\u00e9 sirve?<\/a><\/li>\n<li><a href=\"https:\/\/www.puromarketing.com\/31\/34398\/eventos-virtuales-transformacion-digital-sector-llegado-quedarse.html\" rel=\"nofollow noopener\" target=\"_blank\">Eventos virtuales: La transformaci\u00f3n digital de un sector que ha llegado para quedarse<\/a><\/li>\n<\/ul>\n<p>&nbsp;<\/p>\n","protected":false},"excerpt":{"rendered":"<p>El t\u00e9rmino \u201cevento\u201d tiene muchos significados, los hay en el \u00e1mbito social, pol\u00edtico, cient\u00edfico, o circunstancial (ya sean naturales, matem\u00e1ticos o de cualquier tipo). Pero cuando se habla de eventos en marketing digital se refiere a una estrategia que permite promocionar una marca, generar ventas y aumentar la difusi\u00f3n de su imagen. \u00bfQu\u00e9 es un [&hellip;]<\/p>\n","protected":false},"author":1,"featured_media":12877,"parent":0,"menu_order":0,"comment_status":"closed","ping_status":"closed","template":"","meta":{"inline_featured_image":false,"footnotes":""},"class_list":["post-1479","page","type-page","status-publish","has-post-thumbnail","hentry"],"_links":{"self":[{"href":"https:\/\/www.appyweb.es\/diccionario\/wp-json\/wp\/v2\/pages\/1479","targetHints":{"allow":["GET"]}}],"collection":[{"href":"https:\/\/www.appyweb.es\/diccionario\/wp-json\/wp\/v2\/pages"}],"about":[{"href":"https:\/\/www.appyweb.es\/diccionario\/wp-json\/wp\/v2\/types\/page"}],"author":[{"embeddable":true,"href":"https:\/\/www.appyweb.es\/diccionario\/wp-json\/wp\/v2\/users\/1"}],"replies":[{"embeddable":true,"href":"https:\/\/www.appyweb.es\/diccionario\/wp-json\/wp\/v2\/comments?post=1479"}],"version-history":[{"count":7,"href":"https:\/\/www.appyweb.es\/diccionario\/wp-json\/wp\/v2\/pages\/1479\/revisions"}],"predecessor-version":[{"id":12879,"href":"https:\/\/www.appyweb.es\/diccionario\/wp-json\/wp\/v2\/pages\/1479\/revisions\/12879"}],"wp:featuredmedia":[{"embeddable":true,"href":"https:\/\/www.appyweb.es\/diccionario\/wp-json\/wp\/v2\/media\/12877"}],"wp:attachment":[{"href":"https:\/\/www.appyweb.es\/diccionario\/wp-json\/wp\/v2\/media?parent=1479"}],"curies":[{"name":"wp","href":"https:\/\/api.w.org\/{rel}","templated":true}]}}