{"id":148,"date":"2023-06-19T13:35:17","date_gmt":"2023-06-19T13:35:17","guid":{"rendered":"https:\/\/www.appyweb.es\/diccionario\/?page_id=148"},"modified":"2024-02-19T09:07:05","modified_gmt":"2024-02-19T09:07:05","slug":"apache","status":"publish","type":"page","link":"https:\/\/www.appyweb.es\/diccionario\/apache\/","title":{"rendered":"Apache"},"content":{"rendered":"<p><img loading=\"lazy\" decoding=\"async\" class=\" wp-image-8304 aligncenter\" src=\"https:\/\/www.appyweb.es\/diccionario\/wp-content\/uploads\/2023\/08\/que-es-Apache-HTTP-300x109.png\" alt=\"\" width=\"894\" height=\"325\" srcset=\"https:\/\/www.appyweb.es\/diccionario\/wp-content\/uploads\/2023\/08\/que-es-Apache-HTTP-300x109.png 300w, https:\/\/www.appyweb.es\/diccionario\/wp-content\/uploads\/2023\/08\/que-es-Apache-HTTP-1024x371.png 1024w, https:\/\/www.appyweb.es\/diccionario\/wp-content\/uploads\/2023\/08\/que-es-Apache-HTTP-768x278.png 768w, https:\/\/www.appyweb.es\/diccionario\/wp-content\/uploads\/2023\/08\/que-es-Apache-HTTP.png 1200w\" sizes=\"auto, (max-width: 894px) 100vw, 894px\" \/><\/p>\n<p>Es un software dise\u00f1ado para ofrecer servicios de servidor completamente gratuito.\u00a0<strong>Apache es muy vers\u00e1til y ligero<\/strong>, es importante destacar que es de c\u00f3digo abierto. Utilizado en plataformas Windows, Unix y Macintosh. Se considera que est\u00e1 presente en la mayor\u00eda de los sitios del mundo.<\/p>\n<h2>\u00bfQu\u00e9 es Apache?<\/h2>\n<p>Apache HTTP Server es un software que funciona como servidor digital, puede ser utilizado <a href=\"https:\/\/www.appyweb.es\/diseno-web\/\">en cualquier proyecto de dise\u00f1o web<\/a> y en cualquier parte del mundo completamente gratis. Tambi\u00e9n puede ser modificado al libre albedrio, ya que es de c\u00f3digo abierto. Esta caracter\u00edstica tambi\u00e9n le <strong>da la ventaja de que los posibles errores sean atendidos de inmediato y sus avances tecnol\u00f3gicos suelen ser m\u00e1s constantes<\/strong>.<\/p>\n<p>Es importante destacar que este software, permite que el due\u00f1o de la p\u00e1gina pueda gestionar y publicar contenido desde una interfaz muy intuitiva. Igualmente, puede realizar cambios y gestionar ficheros de la forma m\u00e1s f\u00e1cil y sencilla. <strong>Este software es el m\u00e1s f\u00e1cil de utilizar y se considera que alrededor del 50% de los sitios que existen en el mundo lo utiliza.<\/strong><\/p>\n<p>Se mantiene en constante mejora, gracias a una comunidad de usuarios y desarrolladores que se dedican a atribuir en el proyecto. Asimismo, es importante mencionar que este software es el responsable del libre acceso de la mayor\u00eda de las p\u00e1ginas que se visitan.<\/p>\n<h2>Origen de Apache<\/h2>\n<p>Se encuentra activo para cualquier usuario y propietario de sitios desde el a\u00f1o 1995. A trav\u00e9s de los a\u00f1os ha ido mejorando, lo cual ha permitido que alcance una buena reputaci\u00f3n en el sector inform\u00e1tico. Hoy es d\u00eda es alabado por sus sistemas de seguridad y sofisticaci\u00f3n digital.<\/p>\n<h2>\u00bfPara qu\u00e9 sirve?<\/h2>\n<p>Sirve para mostrar toda la informaci\u00f3n en pantalla cuando un usuario realiza una b\u00fasqueda en Internet. Es el encargado de acceder a todos los ficheros de los sitios digitales, para que el contenido pueda ser visualizado. Navegar con libertad en Internet es posible gracias a este software, ya que decodifica todos los ficheros para que no aparezcan contenidos bloqueados, ni problemas en las b\u00fasquedas de informaci\u00f3n.<\/p>\n<p>Otra de sus funciones es hacer que una p\u00e1gina pueda desenvolverse por completo y sea visitada sin problemas de conexi\u00f3n con el contenido, evitando bloqueos por parte del servidor. De esta forma, se puede definir como el factor esencial y principal para que una compa\u00f1\u00eda pueda contar con una buena presencia en Internet, ya que as\u00ed lograr\u00e1 captar la mayor audiencia digital posible.<\/p>\n<h2>\u00bfC\u00f3mo descargar Apache?<\/h2>\n<p>La \u00fanica forma en la que se puede ejecutar es utilizando un paquete de software, este se puede encontrar f\u00e1cilmente en las p\u00e1ginas de la marca conocidas como Lounge y Haus.<\/p>\n<p>Dentro de estos sitios se debe localizar la versi\u00f3n de Windows o Linux compatible con el ordenador y proceder con la descarga de la versi\u00f3n m\u00e1s actual. El archivo se descargar\u00e1 en formato ZIP, por lo que se debe proceder de la siguiente forma.<\/p>\n<p>1. Se debe guardar el archivo ZIP en una carpeta del ordenador local.<\/p>\n<p>2. Despu\u00e9s, descomprimir el archivo haciendo doble clic sobre \u00e9l.<\/p>\n<p>3. Al visualizar el contenido de sebe localizar la carpeta Apache24 o la versi\u00f3n descargada, despu\u00e9s, copiar en el portapapeles.<\/p>\n<p>4. Seguidamente, se debe pegar en el sistema C:\\\\\\\\\\\\\\\\. Y ya est\u00e1 listo para usar, solo se debe escribir localhost en cualquier navegador para acceder al sitio web desde el servidor.<\/p>\n<h2>M\u00e1s informaci\u00f3n sobre Apache<\/h2>\n<ul>\n<li><a href=\"https:\/\/www.appyweb.es\/diccionario\/servidor-dedicado\/\">\u00bfQu\u00e9 es el Servidor Dedicado y para qu\u00e9 sirve?<\/a><\/li>\n<li><a href=\"https:\/\/es.wikipedia.org\/wiki\/Servidor_HTTP_Apache#Uso\" rel=\"nofollow noopener\" target=\"_blank\">Uso del servidor HTTP Apache<\/a>.<\/li>\n<\/ul>\n","protected":false},"excerpt":{"rendered":"<p>Es un software dise\u00f1ado para ofrecer servicios de servidor completamente gratuito.\u00a0Apache es muy vers\u00e1til y ligero, es importante destacar que es de c\u00f3digo abierto. Utilizado en plataformas Windows, Unix y Macintosh. Se considera que est\u00e1 presente en la mayor\u00eda de los sitios del mundo. \u00bfQu\u00e9 es Apache? Apache HTTP Server es un software que funciona [&hellip;]<\/p>\n","protected":false},"author":1,"featured_media":8304,"parent":0,"menu_order":0,"comment_status":"closed","ping_status":"closed","template":"","meta":{"inline_featured_image":false,"footnotes":""},"class_list":["post-148","page","type-page","status-publish","has-post-thumbnail","hentry"],"_links":{"self":[{"href":"https:\/\/www.appyweb.es\/diccionario\/wp-json\/wp\/v2\/pages\/148","targetHints":{"allow":["GET"]}}],"collection":[{"href":"https:\/\/www.appyweb.es\/diccionario\/wp-json\/wp\/v2\/pages"}],"about":[{"href":"https:\/\/www.appyweb.es\/diccionario\/wp-json\/wp\/v2\/types\/page"}],"author":[{"embeddable":true,"href":"https:\/\/www.appyweb.es\/diccionario\/wp-json\/wp\/v2\/users\/1"}],"replies":[{"embeddable":true,"href":"https:\/\/www.appyweb.es\/diccionario\/wp-json\/wp\/v2\/comments?post=148"}],"version-history":[{"count":9,"href":"https:\/\/www.appyweb.es\/diccionario\/wp-json\/wp\/v2\/pages\/148\/revisions"}],"predecessor-version":[{"id":11243,"href":"https:\/\/www.appyweb.es\/diccionario\/wp-json\/wp\/v2\/pages\/148\/revisions\/11243"}],"wp:featuredmedia":[{"embeddable":true,"href":"https:\/\/www.appyweb.es\/diccionario\/wp-json\/wp\/v2\/media\/8304"}],"wp:attachment":[{"href":"https:\/\/www.appyweb.es\/diccionario\/wp-json\/wp\/v2\/media?parent=148"}],"curies":[{"name":"wp","href":"https:\/\/api.w.org\/{rel}","templated":true}]}}